{"id":75202,"date":"2023-02-03T11:42:05","date_gmt":"2023-02-03T10:42:05","guid":{"rendered":"https:\/\/www.elpro.si\/izdelek\/brush-m-wohler\/"},"modified":"2023-02-03T11:42:05","modified_gmt":"2023-02-03T10:42:05","slug":"viper-m-wohler","status":"publish","type":"product","link":"https:\/\/www.arhivelpro.dev-acenta.si\/en\/izdelek\/viper-m-wohler\/","title":{"rendered":"Brush M W\u00f6hler"},"content":{"rendered":"<p>The <strong>W\u00f6hler M Brush <\/strong>is the perfect tool for cleaning flue systems, chimneys up to 250 mm \u00d8, ducts and pipelines.<\/p>\n<p>&nbsp;<\/p>\n<h2>Main features<\/h2>\n<ul>\n<li>GRP rod; with robust jacket<\/li>\n<li>adjustable brake; DGBM patented<\/li>\n<li>Digital counter (only W\u00f6hler Viper M-plus and Viper H 420)<\/li>\n<li>integrated holder; for up to 2 stars<\/li>\n<\/ul>\n<p>&nbsp;<\/p>\n<p><strong>W\u00f6hler&#8217;s VIPER M<\/strong> is available in different versions and can therefore offer the perfect solution for many applications:<\/p>\n<ul>\n<li>Viper M; 7649, 15 m, without digital counter; GRP rod fi 7 mm (without stars): <a href=\"https:\/\/www.woehler-international.com\/shop\/viper-m.html\" target=\"_blank\" rel=\"noopener\">7649 more<\/a><\/li>\n<li>Viper M; 7648, 20 m, without digital counter; GRP rod fi 7 mm (without stars): <a href=\"https:\/\/www.woehler-international.com\/shop\/viper-m-3587.html\" target=\"_blank\" rel=\"noopener\">7648 more<\/a><\/li>\n<li>Viper M plus; 3770, 15 m, with digital counter; GRP rod fi 7 mm &#8211; 15 m with M10 stainless steel end pieces, quick-change star-shaped holder for holding: <a href=\"https:\/\/www.woehler-international.com\/shop\/3770\" target=\"_blank\" rel=\"noopener\">3770 more<\/a><\/li>\n<li>Viper M plus; 3790, 20 m, with digital counter; GRP rod fi 7 mm &#8211; 20 m with M10 stainless steel end pieces, quick-change star holder and GRP push-head for star mounting (without stars): <a href=\"https:\/\/www.woehler-international.com\/shop\/3790\" target=\"_blank\" rel=\"noopener\">3790 more<\/a><\/li>\n<\/ul>\n<p>&nbsp;<\/p>\n<p>The <strong>VIPER H 420 W\u00f6hler<\/strong> is available in different versions and can therefore offer the perfect solution for many applications:<\/p>\n<ul>\n<li>Viper H 420; 3798, 20 m, with digital counter; GRP rod fi 6 mm: <a href=\"https:\/\/www.woehler-international.com\/shop\/h-420-viper-4512.html\" target=\"_blank\" rel=\"noopener\">3798 more<\/a><\/li>\n<li>Viper H 420; 4274, 30 m, with digital counter; GRP rod fi 6 mm: <a href=\"https:\/\/www.woehler.de\/shop\/h-420-handkehrhaspel-o-6.html\" target=\"_blank\" rel=\"noopener\">4274 more<\/a><\/li>\n<\/ul>\n<p>&nbsp;<\/p>\n<p><em>Other names: brush M_W\u00f6hler, brush M, Viper M, H420, H 420, H_420<\/em><\/p>\n","protected":false},"excerpt":{"rendered":"<p>The perfect tool for cleaning flue systems, chimneys up to 250 mm \u00d8, ducts and pipelines<\/p>\n","protected":false},"featured_media":0,"template":"","meta":[],"pwb-brand":[43],"product_cat":[8568,8837,9914,18449,18451,18452,18453,18454,18455,18456,18457,21514],"product_tag":[1647],"class_list":{"0":"post-75202","1":"product","2":"type-product","3":"status-publish","5":"pwb-brand-wohler","6":"product_cat-flue-gas-analysers-video-inspection-cameras-equipment-for-chimney-sweeps","7":"product_cat-cameras-endoscopes-cleaning-equipment","8":"product_cat-equipment-for-cleaning-chimneys-ventilation-systems-etc","9":"product_cat-snap-sweep-brushes-rotary-brushes-vipers-and-sets","10":"product_cat-applications","11":"product_cat-chimney-sweeps","12":"product_cat-ventilation-systems","13":"product_cat-heating","14":"product_cat-renovation-and-construction","15":"product_cat-indoor-air-quality","16":"product_cat-facilities-management","17":"product_cat-brushes-vipers","18":"product_tag-portable","19":"pa_dobavni_rok-approximately-3-4-weeks","21":"first","22":"onbackorder","23":"taxable","24":"shipping-taxable","25":"product-type-simple","26":"add-to-wishlist-after_add_to_cart"},"yoast_head":"<!-- This site is optimized with the Yoast SEO Premium plugin v23.4 (Yoast SEO v23.4) - https:\/\/yoast.com\/wordpress\/plugins\/seo\/ -->\n<title>Brush M W\u00f6hler -<\/title>\n<meta name=\"description\" content=\"The W\u00f6hler M Brush is the perfect tool for cleaning flue systems, chimneys up to 250 mm \u00d8, ducts and pipelines. Free brake: fine adjustable.\" \/>\n<meta name=\"robots\" content=\"noindex, follow, max-snippet:-1, max-image-preview:large, max-video-preview:-1\" \/>\n<meta property=\"og:locale\" content=\"en_US\" \/>\n<meta property=\"og:type\" content=\"article\" \/>\n<meta property=\"og:title\" content=\"Brush M W\u00f6hler\" \/>\n<meta property=\"og:description\" content=\"The W\u00f6hler M Brush is the perfect tool for cleaning flue systems, chimneys up to 250 mm \u00d8, ducts and pipelines. Free brake: fine adjustable.\" \/>\n<meta property=\"og:url\" content=\"https:\/\/www.arhivelpro.dev-acenta.si\/en\/izdelek\/viper-m-wohler\/\" \/>\n<meta property=\"article:publisher\" content=\"https:\/\/www.facebook.com\/elprolepenik\/\" \/>\n<meta name=\"twitter:card\" content=\"summary_large_image\" \/>\n<meta name=\"twitter:label1\" content=\"Price\" \/>\n\t<meta name=\"twitter:data1\" content=\"\" \/>\n\t<meta name=\"twitter:label2\" content=\"Availability\" \/>\n\t<meta name=\"twitter:data2\" content=\"On backorder\" \/>\n<script type=\"application\/ld+json\" class=\"yoast-schema-graph\">{\"@context\":\"https:\/\/schema.org\",\"@graph\":[{\"@type\":\"WebPage\",\"@id\":\"https:\/\/www.arhivelpro.dev-acenta.si\/en\/izdelek\/viper-m-wohler\/\",\"url\":\"https:\/\/www.arhivelpro.dev-acenta.si\/en\/izdelek\/viper-m-wohler\/\",\"name\":\"Brush M W\u00f6hler -\",\"isPartOf\":{\"@id\":\"https:\/\/www.arhivelpro.dev-acenta.si\/en\/#website\"},\"datePublished\":\"2023-02-03T10:42:05+00:00\",\"dateModified\":\"2023-02-03T10:42:05+00:00\",\"description\":\"The W\u00f6hler M Brush is the perfect tool for cleaning flue systems, chimneys up to 250 mm \u00d8, ducts and pipelines. Free brake: fine adjustable.\",\"breadcrumb\":{\"@id\":\"https:\/\/www.arhivelpro.dev-acenta.si\/en\/izdelek\/viper-m-wohler\/#breadcrumb\"},\"inLanguage\":\"en-US\",\"potentialAction\":[{\"@type\":\"ReadAction\",\"target\":[\"https:\/\/www.arhivelpro.dev-acenta.si\/en\/izdelek\/viper-m-wohler\/\"]}]},{\"@type\":\"BreadcrumbList\",\"@id\":\"https:\/\/www.arhivelpro.dev-acenta.si\/en\/izdelek\/viper-m-wohler\/#breadcrumb\",\"itemListElement\":[{\"@type\":\"ListItem\",\"position\":1,\"name\":\"Elpro\",\"item\":\"https:\/\/www.arhivelpro.dev-acenta.si\/en\/\"},{\"@type\":\"ListItem\",\"position\":2,\"name\":\"Products\",\"item\":\"https:\/\/www.arhivelpro.dev-acenta.si\/en\/products\/\"},{\"@type\":\"ListItem\",\"position\":3,\"name\":\"Flue gas analysers, video inspection cameras, equipment for chimney sweeps\",\"item\":\"https:\/\/www.arhivelpro.dev-acenta.si\/en\/product-category\/flue-gas-analysers-video-inspection-cameras-equipment-for-chimney-sweeps\/\"},{\"@type\":\"ListItem\",\"position\":4,\"name\":\"Brush M W\u00f6hler\"}]},{\"@type\":\"WebSite\",\"@id\":\"https:\/\/www.arhivelpro.dev-acenta.si\/en\/#website\",\"url\":\"https:\/\/www.arhivelpro.dev-acenta.si\/en\/\",\"name\":\"\",\"description\":\"ELPRO \u2013 Elpro Lepenik proizvodnja temperaturnih tipal in merilno regulacijska tehnika\",\"publisher\":{\"@id\":\"https:\/\/www.arhivelpro.dev-acenta.si\/en\/#organization\"},\"potentialAction\":[{\"@type\":\"SearchAction\",\"target\":{\"@type\":\"EntryPoint\",\"urlTemplate\":\"https:\/\/www.arhivelpro.dev-acenta.si\/en\/?s={search_term_string}\"},\"query-input\":{\"@type\":\"PropertyValueSpecification\",\"valueRequired\":true,\"valueName\":\"search_term_string\"}}],\"inLanguage\":\"en-US\"},{\"@type\":[\"Organization\",\"Place\"],\"@id\":\"https:\/\/www.arhivelpro.dev-acenta.si\/en\/#organization\",\"name\":\"ELPRO\",\"url\":\"https:\/\/www.arhivelpro.dev-acenta.si\/en\/\",\"logo\":{\"@id\":\"https:\/\/www.arhivelpro.dev-acenta.si\/en\/izdelek\/viper-m-wohler\/#local-main-organization-logo\"},\"image\":{\"@id\":\"https:\/\/www.arhivelpro.dev-acenta.si\/en\/izdelek\/viper-m-wohler\/#local-main-organization-logo\"},\"sameAs\":[\"https:\/\/www.facebook.com\/elprolepenik\/\",\"https:\/\/www.linkedin.com\/company\/elpro-lepenik\/about\/\"],\"address\":{\"@id\":\"https:\/\/www.arhivelpro.dev-acenta.si\/en\/izdelek\/viper-m-wohler\/#local-main-place-address\"},\"telephone\":[\"02 62 96 720\",\"041 626 771\"],\"openingHoursSpecification\":[{\"@type\":\"OpeningHoursSpecification\",\"dayOfWeek\":[\"Monday\",\"Tuesday\",\"Wednesday\",\"Thursday\",\"Friday\"],\"opens\":\"07:00\",\"closes\":\"16:00\"},{\"@type\":\"OpeningHoursSpecification\",\"dayOfWeek\":[\"Saturday\",\"Sunday\"],\"opens\":\"00:00\",\"closes\":\"00:00\"}],\"email\":\"info@elpro.si\",\"vatID\":\"41479220\",\"taxID\":\"SI41479220\"},{\"@type\":\"PostalAddress\",\"@id\":\"https:\/\/www.arhivelpro.dev-acenta.si\/en\/izdelek\/viper-m-wohler\/#local-main-place-address\",\"streetAddress\":\"ELPRO LEPENIK & CO. d.o.o., Ob gozdu 7c, Rogoza\",\"addressLocality\":\"Miklav\u017e na Dravskem polju\",\"postalCode\":\"2204\",\"addressRegion\":\"Podravska\",\"addressCountry\":\"SI\"},{\"@type\":\"ImageObject\",\"inLanguage\":\"en-US\",\"@id\":\"https:\/\/www.arhivelpro.dev-acenta.si\/en\/izdelek\/viper-m-wohler\/#local-main-organization-logo\",\"url\":\"https:\/\/www.arhivelpro.dev-acenta.si\/wp-content\/uploads\/2020\/02\/LOGO-Header.svg\",\"contentUrl\":\"https:\/\/www.arhivelpro.dev-acenta.si\/wp-content\/uploads\/2020\/02\/LOGO-Header.svg\",\"caption\":\"ELPRO\"}]}<\/script>\n<meta property=\"product:price:amount\" content=\"0.00\" \/>\n<meta property=\"product:price:currency\" content=\"EUR\" \/>\n<meta property=\"og:availability\" content=\"backorder\" \/>\n<meta property=\"product:availability\" content=\"available for order\" \/>\n<meta property=\"product:retailer_item_id\" content=\"\u0160\u010detka M W\u00f6hler\" \/>\n<meta property=\"product:condition\" content=\"new\" \/>\n<meta name=\"geo.placename\" content=\"Miklav\u017e na Dravskem polju\" \/>\n<meta name=\"geo.region\" content=\"Slovenia\" \/>\n<!-- \/ Yoast SEO Premium plugin. -->","yoast_head_json":{"title":"Brush M W\u00f6hler -","description":"The W\u00f6hler M Brush is the perfect tool for cleaning flue systems, chimneys up to 250 mm \u00d8, ducts and pipelines. Free brake: fine adjustable.","robots":{"index":"noindex","follow":"follow","max-snippet":"max-snippet:-1","max-image-preview":"max-image-preview:large","max-video-preview":"max-video-preview:-1"},"og_locale":"en_US","og_type":"article","og_title":"Brush M W\u00f6hler","og_description":"The W\u00f6hler M Brush is the perfect tool for cleaning flue systems, chimneys up to 250 mm \u00d8, ducts and pipelines. Free brake: fine adjustable.","og_url":"https:\/\/www.arhivelpro.dev-acenta.si\/en\/izdelek\/viper-m-wohler\/","article_publisher":"https:\/\/www.facebook.com\/elprolepenik\/","twitter_card":"summary_large_image","twitter_misc":{"Price":"","Availability":"On backorder"},"schema":{"@context":"https:\/\/schema.org","@graph":[{"@type":"WebPage","@id":"https:\/\/www.arhivelpro.dev-acenta.si\/en\/izdelek\/viper-m-wohler\/","url":"https:\/\/www.arhivelpro.dev-acenta.si\/en\/izdelek\/viper-m-wohler\/","name":"Brush M W\u00f6hler -","isPartOf":{"@id":"https:\/\/www.arhivelpro.dev-acenta.si\/en\/#website"},"datePublished":"2023-02-03T10:42:05+00:00","dateModified":"2023-02-03T10:42:05+00:00","description":"The W\u00f6hler M Brush is the perfect tool for cleaning flue systems, chimneys up to 250 mm \u00d8, ducts and pipelines. Free brake: fine adjustable.","breadcrumb":{"@id":"https:\/\/www.arhivelpro.dev-acenta.si\/en\/izdelek\/viper-m-wohler\/#breadcrumb"},"inLanguage":"en-US","potentialAction":[{"@type":"ReadAction","target":["https:\/\/www.arhivelpro.dev-acenta.si\/en\/izdelek\/viper-m-wohler\/"]}]},{"@type":"BreadcrumbList","@id":"https:\/\/www.arhivelpro.dev-acenta.si\/en\/izdelek\/viper-m-wohler\/#breadcrumb","itemListElement":[{"@type":"ListItem","position":1,"name":"Elpro","item":"https:\/\/www.arhivelpro.dev-acenta.si\/en\/"},{"@type":"ListItem","position":2,"name":"Products","item":"https:\/\/www.arhivelpro.dev-acenta.si\/en\/products\/"},{"@type":"ListItem","position":3,"name":"Flue gas analysers, video inspection cameras, equipment for chimney sweeps","item":"https:\/\/www.arhivelpro.dev-acenta.si\/en\/product-category\/flue-gas-analysers-video-inspection-cameras-equipment-for-chimney-sweeps\/"},{"@type":"ListItem","position":4,"name":"Brush M W\u00f6hler"}]},{"@type":"WebSite","@id":"https:\/\/www.arhivelpro.dev-acenta.si\/en\/#website","url":"https:\/\/www.arhivelpro.dev-acenta.si\/en\/","name":"","description":"ELPRO \u2013 Elpro Lepenik proizvodnja temperaturnih tipal in merilno regulacijska tehnika","publisher":{"@id":"https:\/\/www.arhivelpro.dev-acenta.si\/en\/#organization"},"potentialAction":[{"@type":"SearchAction","target":{"@type":"EntryPoint","urlTemplate":"https:\/\/www.arhivelpro.dev-acenta.si\/en\/?s={search_term_string}"},"query-input":{"@type":"PropertyValueSpecification","valueRequired":true,"valueName":"search_term_string"}}],"inLanguage":"en-US"},{"@type":["Organization","Place"],"@id":"https:\/\/www.arhivelpro.dev-acenta.si\/en\/#organization","name":"ELPRO","url":"https:\/\/www.arhivelpro.dev-acenta.si\/en\/","logo":{"@id":"https:\/\/www.arhivelpro.dev-acenta.si\/en\/izdelek\/viper-m-wohler\/#local-main-organization-logo"},"image":{"@id":"https:\/\/www.arhivelpro.dev-acenta.si\/en\/izdelek\/viper-m-wohler\/#local-main-organization-logo"},"sameAs":["https:\/\/www.facebook.com\/elprolepenik\/","https:\/\/www.linkedin.com\/company\/elpro-lepenik\/about\/"],"address":{"@id":"https:\/\/www.arhivelpro.dev-acenta.si\/en\/izdelek\/viper-m-wohler\/#local-main-place-address"},"telephone":["02 62 96 720","041 626 771"],"openingHoursSpecification":[{"@type":"OpeningHoursSpecification","dayOfWeek":["Monday","Tuesday","Wednesday","Thursday","Friday"],"opens":"07:00","closes":"16:00"},{"@type":"OpeningHoursSpecification","dayOfWeek":["Saturday","Sunday"],"opens":"00:00","closes":"00:00"}],"email":"info@elpro.si","vatID":"41479220","taxID":"SI41479220"},{"@type":"PostalAddress","@id":"https:\/\/www.arhivelpro.dev-acenta.si\/en\/izdelek\/viper-m-wohler\/#local-main-place-address","streetAddress":"ELPRO LEPENIK & CO. d.o.o., Ob gozdu 7c, Rogoza","addressLocality":"Miklav\u017e na Dravskem polju","postalCode":"2204","addressRegion":"Podravska","addressCountry":"SI"},{"@type":"ImageObject","inLanguage":"en-US","@id":"https:\/\/www.arhivelpro.dev-acenta.si\/en\/izdelek\/viper-m-wohler\/#local-main-organization-logo","url":"https:\/\/www.arhivelpro.dev-acenta.si\/wp-content\/uploads\/2020\/02\/LOGO-Header.svg","contentUrl":"https:\/\/www.arhivelpro.dev-acenta.si\/wp-content\/uploads\/2020\/02\/LOGO-Header.svg","caption":"ELPRO"}]},"product_price_amount":"0.00","product_price_currency":"EUR","og_availability":"backorder","product_availability":"available for order","product_retailer_item_id":"\u0160\u010detka M W\u00f6hler","product_condition":"new","geo.placename":"Miklav\u017e na Dravskem polju","geo.region":"Slovenia"},"brands":[{"id":43,"name":"W\u00f6hler","slug":"wohler"}],"_links":{"self":[{"href":"https:\/\/www.arhivelpro.dev-acenta.si\/en\/wp-json\/wp\/v2\/product\/75202"}],"collection":[{"href":"https:\/\/www.arhivelpro.dev-acenta.si\/en\/wp-json\/wp\/v2\/product"}],"about":[{"href":"https:\/\/www.arhivelpro.dev-acenta.si\/en\/wp-json\/wp\/v2\/types\/product"}],"wp:attachment":[{"href":"https:\/\/www.arhivelpro.dev-acenta.si\/en\/wp-json\/wp\/v2\/media?parent=75202"}],"wp:term":[{"taxonomy":"pwb-brand","embeddable":true,"href":"https:\/\/www.arhivelpro.dev-acenta.si\/en\/wp-json\/wp\/v2\/pwb-brand?post=75202"},{"taxonomy":"product_cat","embeddable":true,"href":"https:\/\/www.arhivelpro.dev-acenta.si\/en\/wp-json\/wp\/v2\/product_cat?post=75202"},{"taxonomy":"product_tag","embeddable":true,"href":"https:\/\/www.arhivelpro.dev-acenta.si\/en\/wp-json\/wp\/v2\/product_tag?post=75202"}],"curies":[{"name":"wp","href":"https:\/\/api.w.org\/{rel}","templated":true}]}}