{"id":75188,"date":"2023-02-03T11:26:14","date_gmt":"2023-02-03T10:26:14","guid":{"rendered":"https:\/\/www.elpro.si\/izdelek\/brush-l-wohler\/"},"modified":"2023-02-03T11:26:14","modified_gmt":"2023-02-03T10:26:14","slug":"scetka-l-wohler","status":"publish","type":"product","link":"https:\/\/www.arhivelpro.dev-acenta.si\/en\/izdelek\/scetka-l-wohler\/","title":{"rendered":"Brush L W\u00f6hler"},"content":{"rendered":"<p>The <strong>L W\u00f6hler brush <\/strong>is used for sweeping chimneys, ventilation systems or pipes.<\/p>\n<p>&nbsp;<\/p>\n<h2>Main features<\/h2>\n<ul>\n<li><strong>GRP PALICA<\/strong>\n<ul>\n<li>With resistant jacket and length marking.<\/li>\n<\/ul>\n<\/li>\n<li><strong>ADJUSTABLE BRAKE AND SAFETY LOCK<\/strong><\/li>\n<\/ul>\n<p>&nbsp;<\/p>\n<h2>Technical features<\/h2>\n<ul>\n<li>Cage diameter: 59 cm<\/li>\n<li>weight:\n<ul>\n<li>4.3 kg incl. 15 m GRP stick (9412)<\/li>\n<li>5.3 kg incl. 20 m GRP stick (9413)<\/li>\n<\/ul>\n<\/li>\n<li>brake: adjustable, additional transport lock<\/li>\n<\/ul>\n<p>&nbsp;<\/p>\n<p><em>Other designations: brush_L, brush-L, brush\/L, VIPER L, 9412, 9413<\/em><\/p>\n","protected":false},"excerpt":{"rendered":"<ul>\n<li>Cage diameter: 59 cm<\/li>\n<li>weight:\n<ul>\n<li>4.3 kg incl. 15 m GRP stick<\/li>\n<li>5.3 kg incl. 20 m GRP stick<\/li>\n<\/ul>\n<\/li>\n<li>brake: adjustable, additional transport lock<\/li>\n<\/ul>\n","protected":false},"featured_media":0,"template":"","meta":[],"pwb-brand":[43],"product_cat":[18454,18455,18456,18457,21514,8568,8837,9914,18449,18451,18452,18453],"product_tag":[1647],"class_list":{"0":"post-75188","1":"product","2":"type-product","3":"status-publish","5":"pwb-brand-wohler","6":"product_cat-heating","7":"product_cat-renovation-and-construction","8":"product_cat-indoor-air-quality","9":"product_cat-facilities-management","10":"product_cat-brushes-vipers","11":"product_cat-flue-gas-analysers-video-inspection-cameras-equipment-for-chimney-sweeps","12":"product_cat-cameras-endoscopes-cleaning-equipment","13":"product_cat-equipment-for-cleaning-chimneys-ventilation-systems-etc","14":"product_cat-snap-sweep-brushes-rotary-brushes-vipers-and-sets","15":"product_cat-applications","16":"product_cat-chimney-sweeps","17":"product_cat-ventilation-systems","18":"product_tag-portable","19":"pa_dobavni_rok-approximately-3-4-weeks","21":"first","22":"onbackorder","23":"taxable","24":"shipping-taxable","25":"product-type-simple","26":"add-to-wishlist-after_add_to_cart"},"yoast_head":"<!-- This site is optimized with the Yoast SEO Premium plugin v23.4 (Yoast SEO v23.4) - https:\/\/yoast.com\/wordpress\/plugins\/seo\/ -->\n<title>Brush L W\u00f6hler -<\/title>\n<meta name=\"description\" content=\"The L W\u00f6hler brush is used for sweeping chimneys, ventilation systems or pipes. Brake: adjustable, additional transport lock.\" \/>\n<meta name=\"robots\" content=\"noindex, follow, max-snippet:-1, max-image-preview:large, max-video-preview:-1\" \/>\n<meta property=\"og:locale\" content=\"en_US\" \/>\n<meta property=\"og:type\" content=\"article\" \/>\n<meta property=\"og:title\" content=\"Brush L W\u00f6hler\" \/>\n<meta property=\"og:description\" content=\"The L W\u00f6hler brush is used for sweeping chimneys, ventilation systems or pipes. Brake: adjustable, additional transport lock.\" \/>\n<meta property=\"og:url\" content=\"https:\/\/www.arhivelpro.dev-acenta.si\/en\/izdelek\/scetka-l-wohler\/\" \/>\n<meta property=\"article:publisher\" content=\"https:\/\/www.facebook.com\/elprolepenik\/\" \/>\n<meta name=\"twitter:card\" content=\"summary_large_image\" \/>\n<meta name=\"twitter:label1\" content=\"Price\" \/>\n\t<meta name=\"twitter:data1\" content=\"\" \/>\n\t<meta name=\"twitter:label2\" content=\"Availability\" \/>\n\t<meta name=\"twitter:data2\" content=\"On backorder\" \/>\n<script type=\"application\/ld+json\" class=\"yoast-schema-graph\">{\"@context\":\"https:\/\/schema.org\",\"@graph\":[{\"@type\":\"WebPage\",\"@id\":\"https:\/\/www.arhivelpro.dev-acenta.si\/en\/izdelek\/scetka-l-wohler\/\",\"url\":\"https:\/\/www.arhivelpro.dev-acenta.si\/en\/izdelek\/scetka-l-wohler\/\",\"name\":\"Brush L W\u00f6hler -\",\"isPartOf\":{\"@id\":\"https:\/\/www.arhivelpro.dev-acenta.si\/en\/#website\"},\"datePublished\":\"2023-02-03T10:26:14+00:00\",\"dateModified\":\"2023-02-03T10:26:14+00:00\",\"description\":\"The L W\u00f6hler brush is used for sweeping chimneys, ventilation systems or pipes. Brake: adjustable, additional transport lock.\",\"breadcrumb\":{\"@id\":\"https:\/\/www.arhivelpro.dev-acenta.si\/en\/izdelek\/scetka-l-wohler\/#breadcrumb\"},\"inLanguage\":\"en-US\",\"potentialAction\":[{\"@type\":\"ReadAction\",\"target\":[\"https:\/\/www.arhivelpro.dev-acenta.si\/en\/izdelek\/scetka-l-wohler\/\"]}]},{\"@type\":\"BreadcrumbList\",\"@id\":\"https:\/\/www.arhivelpro.dev-acenta.si\/en\/izdelek\/scetka-l-wohler\/#breadcrumb\",\"itemListElement\":[{\"@type\":\"ListItem\",\"position\":1,\"name\":\"Elpro\",\"item\":\"https:\/\/www.arhivelpro.dev-acenta.si\/en\/\"},{\"@type\":\"ListItem\",\"position\":2,\"name\":\"Products\",\"item\":\"https:\/\/www.arhivelpro.dev-acenta.si\/en\/products\/\"},{\"@type\":\"ListItem\",\"position\":3,\"name\":\"Flue gas analysers, video inspection cameras, equipment for chimney sweeps\",\"item\":\"https:\/\/www.arhivelpro.dev-acenta.si\/en\/product-category\/flue-gas-analysers-video-inspection-cameras-equipment-for-chimney-sweeps\/\"},{\"@type\":\"ListItem\",\"position\":4,\"name\":\"Brush L W\u00f6hler\"}]},{\"@type\":\"WebSite\",\"@id\":\"https:\/\/www.arhivelpro.dev-acenta.si\/en\/#website\",\"url\":\"https:\/\/www.arhivelpro.dev-acenta.si\/en\/\",\"name\":\"\",\"description\":\"ELPRO \u2013 Elpro Lepenik proizvodnja temperaturnih tipal in merilno regulacijska tehnika\",\"publisher\":{\"@id\":\"https:\/\/www.arhivelpro.dev-acenta.si\/en\/#organization\"},\"potentialAction\":[{\"@type\":\"SearchAction\",\"target\":{\"@type\":\"EntryPoint\",\"urlTemplate\":\"https:\/\/www.arhivelpro.dev-acenta.si\/en\/?s={search_term_string}\"},\"query-input\":{\"@type\":\"PropertyValueSpecification\",\"valueRequired\":true,\"valueName\":\"search_term_string\"}}],\"inLanguage\":\"en-US\"},{\"@type\":[\"Organization\",\"Place\"],\"@id\":\"https:\/\/www.arhivelpro.dev-acenta.si\/en\/#organization\",\"name\":\"ELPRO\",\"url\":\"https:\/\/www.arhivelpro.dev-acenta.si\/en\/\",\"logo\":{\"@id\":\"https:\/\/www.arhivelpro.dev-acenta.si\/en\/izdelek\/scetka-l-wohler\/#local-main-organization-logo\"},\"image\":{\"@id\":\"https:\/\/www.arhivelpro.dev-acenta.si\/en\/izdelek\/scetka-l-wohler\/#local-main-organization-logo\"},\"sameAs\":[\"https:\/\/www.facebook.com\/elprolepenik\/\",\"https:\/\/www.linkedin.com\/company\/elpro-lepenik\/about\/\"],\"address\":{\"@id\":\"https:\/\/www.arhivelpro.dev-acenta.si\/en\/izdelek\/scetka-l-wohler\/#local-main-place-address\"},\"telephone\":[\"02 62 96 720\",\"041 626 771\"],\"openingHoursSpecification\":[{\"@type\":\"OpeningHoursSpecification\",\"dayOfWeek\":[\"Monday\",\"Tuesday\",\"Wednesday\",\"Thursday\",\"Friday\"],\"opens\":\"07:00\",\"closes\":\"16:00\"},{\"@type\":\"OpeningHoursSpecification\",\"dayOfWeek\":[\"Saturday\",\"Sunday\"],\"opens\":\"00:00\",\"closes\":\"00:00\"}],\"email\":\"info@elpro.si\",\"vatID\":\"41479220\",\"taxID\":\"SI41479220\"},{\"@type\":\"PostalAddress\",\"@id\":\"https:\/\/www.arhivelpro.dev-acenta.si\/en\/izdelek\/scetka-l-wohler\/#local-main-place-address\",\"streetAddress\":\"ELPRO LEPENIK & CO. d.o.o., Ob gozdu 7c, Rogoza\",\"addressLocality\":\"Miklav\u017e na Dravskem polju\",\"postalCode\":\"2204\",\"addressRegion\":\"Podravska\",\"addressCountry\":\"SI\"},{\"@type\":\"ImageObject\",\"inLanguage\":\"en-US\",\"@id\":\"https:\/\/www.arhivelpro.dev-acenta.si\/en\/izdelek\/scetka-l-wohler\/#local-main-organization-logo\",\"url\":\"https:\/\/www.arhivelpro.dev-acenta.si\/wp-content\/uploads\/2020\/02\/LOGO-Header.svg\",\"contentUrl\":\"https:\/\/www.arhivelpro.dev-acenta.si\/wp-content\/uploads\/2020\/02\/LOGO-Header.svg\",\"caption\":\"ELPRO\"}]}<\/script>\n<meta property=\"product:price:amount\" content=\"0.00\" \/>\n<meta property=\"product:price:currency\" content=\"EUR\" \/>\n<meta property=\"og:availability\" content=\"backorder\" \/>\n<meta property=\"product:availability\" content=\"available for order\" \/>\n<meta property=\"product:retailer_item_id\" content=\"\u0160\u010detka L\" \/>\n<meta property=\"product:condition\" content=\"new\" \/>\n<meta name=\"geo.placename\" content=\"Miklav\u017e na Dravskem polju\" \/>\n<meta name=\"geo.region\" content=\"Slovenia\" \/>\n<!-- \/ Yoast SEO Premium plugin. -->","yoast_head_json":{"title":"Brush L W\u00f6hler -","description":"The L W\u00f6hler brush is used for sweeping chimneys, ventilation systems or pipes. Brake: adjustable, additional transport lock.","robots":{"index":"noindex","follow":"follow","max-snippet":"max-snippet:-1","max-image-preview":"max-image-preview:large","max-video-preview":"max-video-preview:-1"},"og_locale":"en_US","og_type":"article","og_title":"Brush L W\u00f6hler","og_description":"The L W\u00f6hler brush is used for sweeping chimneys, ventilation systems or pipes. Brake: adjustable, additional transport lock.","og_url":"https:\/\/www.arhivelpro.dev-acenta.si\/en\/izdelek\/scetka-l-wohler\/","article_publisher":"https:\/\/www.facebook.com\/elprolepenik\/","twitter_card":"summary_large_image","twitter_misc":{"Price":"","Availability":"On backorder"},"schema":{"@context":"https:\/\/schema.org","@graph":[{"@type":"WebPage","@id":"https:\/\/www.arhivelpro.dev-acenta.si\/en\/izdelek\/scetka-l-wohler\/","url":"https:\/\/www.arhivelpro.dev-acenta.si\/en\/izdelek\/scetka-l-wohler\/","name":"Brush L W\u00f6hler -","isPartOf":{"@id":"https:\/\/www.arhivelpro.dev-acenta.si\/en\/#website"},"datePublished":"2023-02-03T10:26:14+00:00","dateModified":"2023-02-03T10:26:14+00:00","description":"The L W\u00f6hler brush is used for sweeping chimneys, ventilation systems or pipes. Brake: adjustable, additional transport lock.","breadcrumb":{"@id":"https:\/\/www.arhivelpro.dev-acenta.si\/en\/izdelek\/scetka-l-wohler\/#breadcrumb"},"inLanguage":"en-US","potentialAction":[{"@type":"ReadAction","target":["https:\/\/www.arhivelpro.dev-acenta.si\/en\/izdelek\/scetka-l-wohler\/"]}]},{"@type":"BreadcrumbList","@id":"https:\/\/www.arhivelpro.dev-acenta.si\/en\/izdelek\/scetka-l-wohler\/#breadcrumb","itemListElement":[{"@type":"ListItem","position":1,"name":"Elpro","item":"https:\/\/www.arhivelpro.dev-acenta.si\/en\/"},{"@type":"ListItem","position":2,"name":"Products","item":"https:\/\/www.arhivelpro.dev-acenta.si\/en\/products\/"},{"@type":"ListItem","position":3,"name":"Flue gas analysers, video inspection cameras, equipment for chimney sweeps","item":"https:\/\/www.arhivelpro.dev-acenta.si\/en\/product-category\/flue-gas-analysers-video-inspection-cameras-equipment-for-chimney-sweeps\/"},{"@type":"ListItem","position":4,"name":"Brush L W\u00f6hler"}]},{"@type":"WebSite","@id":"https:\/\/www.arhivelpro.dev-acenta.si\/en\/#website","url":"https:\/\/www.arhivelpro.dev-acenta.si\/en\/","name":"","description":"ELPRO \u2013 Elpro Lepenik proizvodnja temperaturnih tipal in merilno regulacijska tehnika","publisher":{"@id":"https:\/\/www.arhivelpro.dev-acenta.si\/en\/#organization"},"potentialAction":[{"@type":"SearchAction","target":{"@type":"EntryPoint","urlTemplate":"https:\/\/www.arhivelpro.dev-acenta.si\/en\/?s={search_term_string}"},"query-input":{"@type":"PropertyValueSpecification","valueRequired":true,"valueName":"search_term_string"}}],"inLanguage":"en-US"},{"@type":["Organization","Place"],"@id":"https:\/\/www.arhivelpro.dev-acenta.si\/en\/#organization","name":"ELPRO","url":"https:\/\/www.arhivelpro.dev-acenta.si\/en\/","logo":{"@id":"https:\/\/www.arhivelpro.dev-acenta.si\/en\/izdelek\/scetka-l-wohler\/#local-main-organization-logo"},"image":{"@id":"https:\/\/www.arhivelpro.dev-acenta.si\/en\/izdelek\/scetka-l-wohler\/#local-main-organization-logo"},"sameAs":["https:\/\/www.facebook.com\/elprolepenik\/","https:\/\/www.linkedin.com\/company\/elpro-lepenik\/about\/"],"address":{"@id":"https:\/\/www.arhivelpro.dev-acenta.si\/en\/izdelek\/scetka-l-wohler\/#local-main-place-address"},"telephone":["02 62 96 720","041 626 771"],"openingHoursSpecification":[{"@type":"OpeningHoursSpecification","dayOfWeek":["Monday","Tuesday","Wednesday","Thursday","Friday"],"opens":"07:00","closes":"16:00"},{"@type":"OpeningHoursSpecification","dayOfWeek":["Saturday","Sunday"],"opens":"00:00","closes":"00:00"}],"email":"info@elpro.si","vatID":"41479220","taxID":"SI41479220"},{"@type":"PostalAddress","@id":"https:\/\/www.arhivelpro.dev-acenta.si\/en\/izdelek\/scetka-l-wohler\/#local-main-place-address","streetAddress":"ELPRO LEPENIK & CO. d.o.o., Ob gozdu 7c, Rogoza","addressLocality":"Miklav\u017e na Dravskem polju","postalCode":"2204","addressRegion":"Podravska","addressCountry":"SI"},{"@type":"ImageObject","inLanguage":"en-US","@id":"https:\/\/www.arhivelpro.dev-acenta.si\/en\/izdelek\/scetka-l-wohler\/#local-main-organization-logo","url":"https:\/\/www.arhivelpro.dev-acenta.si\/wp-content\/uploads\/2020\/02\/LOGO-Header.svg","contentUrl":"https:\/\/www.arhivelpro.dev-acenta.si\/wp-content\/uploads\/2020\/02\/LOGO-Header.svg","caption":"ELPRO"}]},"product_price_amount":"0.00","product_price_currency":"EUR","og_availability":"backorder","product_availability":"available for order","product_retailer_item_id":"\u0160\u010detka L","product_condition":"new","geo.placename":"Miklav\u017e na Dravskem polju","geo.region":"Slovenia"},"brands":[{"id":43,"name":"W\u00f6hler","slug":"wohler"}],"_links":{"self":[{"href":"https:\/\/www.arhivelpro.dev-acenta.si\/en\/wp-json\/wp\/v2\/product\/75188"}],"collection":[{"href":"https:\/\/www.arhivelpro.dev-acenta.si\/en\/wp-json\/wp\/v2\/product"}],"about":[{"href":"https:\/\/www.arhivelpro.dev-acenta.si\/en\/wp-json\/wp\/v2\/types\/product"}],"wp:attachment":[{"href":"https:\/\/www.arhivelpro.dev-acenta.si\/en\/wp-json\/wp\/v2\/media?parent=75188"}],"wp:term":[{"taxonomy":"pwb-brand","embeddable":true,"href":"https:\/\/www.arhivelpro.dev-acenta.si\/en\/wp-json\/wp\/v2\/pwb-brand?post=75188"},{"taxonomy":"product_cat","embeddable":true,"href":"https:\/\/www.arhivelpro.dev-acenta.si\/en\/wp-json\/wp\/v2\/product_cat?post=75188"},{"taxonomy":"product_tag","embeddable":true,"href":"https:\/\/www.arhivelpro.dev-acenta.si\/en\/wp-json\/wp\/v2\/product_tag?post=75188"}],"curies":[{"name":"wp","href":"https:\/\/api.w.org\/{rel}","templated":true}]}}