{"id":49155,"date":"2021-04-16T10:00:56","date_gmt":"2021-04-16T08:00:56","guid":{"rendered":"https:\/\/www.elpro.si\/izdelek\/ibf3-monobloc-stop-and-vent-valve-with-flange-and-wika-threaded-connection\/"},"modified":"2022-07-17T23:10:56","modified_gmt":"2022-07-17T21:10:56","slug":"ibf3-stop-and-return-valve-monoblock-with-fittings-and-threaded-connector-wika","status":"publish","type":"product","link":"https:\/\/www.arhivelpro.dev-acenta.si\/en\/izdelek\/ibf3-stop-and-return-valve-monoblock-with-fittings-and-threaded-connector-wika\/","title":{"rendered":"IBF3 monobloc stop and vent valve with flange and WIKA threaded connection"},"content":{"rendered":"<p>The <strong>IBF3 monobloc shut-off and vent valve with flange and threaded connection from WIKA <\/strong><span id=\"[9,11]\" class=\"word\">is<\/span> <span id=\"[12,20]\" class=\"word\">designed<\/span> <span id=\"[27,29]\" class=\"word\">to<\/span> <span id=\"[30,40]\" class=\"word\">meet the<\/span> <span id=\"[41,48]\" class=\"word\">requirements<\/span> of <span id=\"[49,57]\" class=\"word\">the process<\/span> <span id=\"[58,68]\" class=\"word\">industry<\/span>, <span id=\"[70,76]\" class=\"word\">especially<\/span> when using <span id=\"[80,89]\" class=\"word\">natural gas<\/span> <span id=\"[95,97]\" class=\"word\">and<\/span> <span id=\"[98,107]\" class=\"word\">aggressive<\/span> <span id=\"[108,116]\" class=\"word\">liquids<\/span>.<\/p>\n<p>The compact design includes one or two isolation valves separating the process from the instrument side and a vent valve. The modular monobloc design allows the use of ball valves and\/or needle valves. For use with liquid or dirty media, ball valves are recommended due to the ease of cleaning the internal bore.<\/p>\n<p>The seat design and redundant valve body seals ensure high durability and tightness. In the event of failure of the soft seat, the hard seat (metal-to-metal) will ensure that the valve can still be operated in a safe position. The connection between the process and the measuring instrument and the atmosphere is sealed.<\/p>\n<p>The efficient machining of the internal parts of the IBF3 shut-off and vent valve allows very smooth and precise operation, even at high pressures, after long periods of inactivity. Surface treatment with aggressive media also reduces corrosion and facilitates cleaning.<\/p>\n<p>&nbsp;<\/p>\n<h2>Scope, applications <strong>IBF3<\/strong><\/h2>\n<ul>\n<li>oil and gas, chemical and petrochemical, power plants<\/li>\n<li>attached to level indicators or differential pressure instruments for level measurement<\/li>\n<li>shut-off valve with drain or vent function as an instrumentation outlet<\/li>\n<li>for gaseous and liquid aggressive agents that are highly viscous or crystallising, even in aggressive environments<\/li>\n<li>direct connection of pressure measuring instruments to flanged piping or vessels without intermediate valves<\/li>\n<\/ul>\n","protected":false},"excerpt":{"rendered":"<ul>\n<li>flexible arrangement with ball and needle valves<\/li>\n<li>Increased safety with metal-enclosed seats and double sealing<\/li>\n<li>leak tested to BS6755\/ISO 5208, leakage rate A<\/li>\n<li>combination of valves and instruments adapted to the user&#8217;s requirements (connection)<\/li>\n<li>quality machining ensures smooth operation with low torque and low wear<\/li>\n<\/ul>\n","protected":false},"featured_media":23681,"template":"","meta":[],"pwb-brand":[1391],"product_cat":[8562,8842],"product_tag":[6636],"class_list":{"0":"post-49155","1":"product","2":"type-product","3":"status-publish","4":"has-post-thumbnail","6":"pwb-brand-wika","7":"product_cat-pressure-gauges","8":"product_cat-valves-and-protective-devices-for-pressure-gauges","9":"product_tag-pressure","11":"first","12":"onbackorder","13":"taxable","14":"shipping-taxable","15":"product-type-simple","16":"add-to-wishlist-after_add_to_cart"},"yoast_head":"<!-- This site is optimized with the Yoast SEO Premium plugin v23.4 (Yoast SEO v23.4) - https:\/\/yoast.com\/wordpress\/plugins\/seo\/ -->\n<title>IBF3 monobloc stop and vent valve with flange and WIKA threaded connection -<\/title>\n<meta name=\"description\" content=\"The IBF3 monobloc shut-off and vent valve with flange and threaded connection meets the requirements of the process industry. Separating the process from the instrument.\" \/>\n<meta name=\"robots\" content=\"noindex, follow, max-snippet:-1, max-image-preview:large, max-video-preview:-1\" \/>\n<meta property=\"og:locale\" content=\"en_US\" \/>\n<meta property=\"og:type\" content=\"article\" \/>\n<meta property=\"og:title\" content=\"IBF3 monobloc stop and vent valve with flange and WIKA threaded connection\" \/>\n<meta property=\"og:description\" content=\"The IBF3 monobloc shut-off and vent valve with flange and threaded connection meets the requirements of the process industry. Separating the process from the instrument.\" \/>\n<meta property=\"og:url\" content=\"https:\/\/www.arhivelpro.dev-acenta.si\/en\/izdelek\/ibf3-stop-and-return-valve-monoblock-with-fittings-and-threaded-connector-wika\/\" \/>\n<meta property=\"article:publisher\" content=\"https:\/\/www.facebook.com\/elprolepenik\/\" \/>\n<meta property=\"article:modified_time\" content=\"2022-07-17T21:10:56+00:00\" \/>\n<meta property=\"og:image\" content=\"https:\/\/www.arhivelpro.dev-acenta.si\/wp-content\/uploads\/2021\/04\/IBF3.jpg\" \/>\n\t<meta property=\"og:image:width\" content=\"669\" \/>\n\t<meta property=\"og:image:height\" content=\"686\" \/>\n\t<meta property=\"og:image:type\" content=\"image\/jpeg\" \/>\n<meta name=\"twitter:card\" content=\"summary_large_image\" \/>\n<meta name=\"twitter:label1\" content=\"Price\" \/>\n\t<meta name=\"twitter:data1\" content=\"\" \/>\n\t<meta name=\"twitter:label2\" content=\"Availability\" \/>\n\t<meta name=\"twitter:data2\" content=\"On backorder\" \/>\n<script type=\"application\/ld+json\" class=\"yoast-schema-graph\">{\"@context\":\"https:\/\/schema.org\",\"@graph\":[{\"@type\":\"WebPage\",\"@id\":\"https:\/\/www.arhivelpro.dev-acenta.si\/en\/izdelek\/ibf3-stop-and-return-valve-monoblock-with-fittings-and-threaded-connector-wika\/\",\"url\":\"https:\/\/www.arhivelpro.dev-acenta.si\/en\/izdelek\/ibf3-stop-and-return-valve-monoblock-with-fittings-and-threaded-connector-wika\/\",\"name\":\"IBF3 monobloc stop and vent valve with flange and WIKA threaded connection -\",\"isPartOf\":{\"@id\":\"https:\/\/www.arhivelpro.dev-acenta.si\/en\/#website\"},\"primaryImageOfPage\":{\"@id\":\"https:\/\/www.arhivelpro.dev-acenta.si\/en\/izdelek\/ibf3-stop-and-return-valve-monoblock-with-fittings-and-threaded-connector-wika\/#primaryimage\"},\"image\":{\"@id\":\"https:\/\/www.arhivelpro.dev-acenta.si\/en\/izdelek\/ibf3-stop-and-return-valve-monoblock-with-fittings-and-threaded-connector-wika\/#primaryimage\"},\"thumbnailUrl\":\"https:\/\/www.arhivelpro.dev-acenta.si\/wp-content\/uploads\/2021\/04\/IBF3.jpg\",\"datePublished\":\"2021-04-16T08:00:56+00:00\",\"dateModified\":\"2022-07-17T21:10:56+00:00\",\"description\":\"The IBF3 monobloc shut-off and vent valve with flange and threaded connection meets the requirements of the process industry. Separating the process from the instrument.\",\"breadcrumb\":{\"@id\":\"https:\/\/www.arhivelpro.dev-acenta.si\/en\/izdelek\/ibf3-stop-and-return-valve-monoblock-with-fittings-and-threaded-connector-wika\/#breadcrumb\"},\"inLanguage\":\"en-US\",\"potentialAction\":[{\"@type\":\"ReadAction\",\"target\":[\"https:\/\/www.arhivelpro.dev-acenta.si\/en\/izdelek\/ibf3-stop-and-return-valve-monoblock-with-fittings-and-threaded-connector-wika\/\"]}]},{\"@type\":\"ImageObject\",\"inLanguage\":\"en-US\",\"@id\":\"https:\/\/www.arhivelpro.dev-acenta.si\/en\/izdelek\/ibf3-stop-and-return-valve-monoblock-with-fittings-and-threaded-connector-wika\/#primaryimage\",\"url\":\"https:\/\/www.arhivelpro.dev-acenta.si\/wp-content\/uploads\/2021\/04\/IBF3.jpg\",\"contentUrl\":\"https:\/\/www.arhivelpro.dev-acenta.si\/wp-content\/uploads\/2021\/04\/IBF3.jpg\",\"width\":669,\"height\":686,\"caption\":\"IBF 3, IBF-3, ventil za tlak, zaklopka za tlak, zaklopnik za tlak, zaklopka za merilnike tlaka, zaklopnik za merilnike tlaka, lo\u010devanje tlaka in medija, odstranjevanje merilnika tlaka, odstranjevanje manometra, odstranjevanje tla\u010dnega pretvornika, zaklopka za manometer, zaklopnik za manometer, visoka varnost nad tlakom, krogelni ventil, okrogli ventil, \u017eogasti ventil, ball ventil, ball valve, ventil za zahtevne medije, ventil z ro\u010dico, monoblok, monoblock, za nadzorne plo\u0161\u010de, agresivna sredstva, visok tlak, industrija, za\u0161\u010ditna naprava, za\u0161\u010ditna naprava za merilnike tlaka, zaporni ventil, s prirobnico, odzra\u010devanje, navojni priklju\u010dek\"},{\"@type\":\"BreadcrumbList\",\"@id\":\"https:\/\/www.arhivelpro.dev-acenta.si\/en\/izdelek\/ibf3-stop-and-return-valve-monoblock-with-fittings-and-threaded-connector-wika\/#breadcrumb\",\"itemListElement\":[{\"@type\":\"ListItem\",\"position\":1,\"name\":\"Elpro\",\"item\":\"https:\/\/www.arhivelpro.dev-acenta.si\/en\/\"},{\"@type\":\"ListItem\",\"position\":2,\"name\":\"Products\",\"item\":\"https:\/\/www.arhivelpro.dev-acenta.si\/en\/products\/\"},{\"@type\":\"ListItem\",\"position\":3,\"name\":\"Pressure gauges\",\"item\":\"https:\/\/www.arhivelpro.dev-acenta.si\/en\/product-category\/pressure-gauges\/\"},{\"@type\":\"ListItem\",\"position\":4,\"name\":\"IBF3 monobloc stop and vent valve with flange and WIKA threaded connection\"}]},{\"@type\":\"WebSite\",\"@id\":\"https:\/\/www.arhivelpro.dev-acenta.si\/en\/#website\",\"url\":\"https:\/\/www.arhivelpro.dev-acenta.si\/en\/\",\"name\":\"\",\"description\":\"ELPRO \u2013 Elpro Lepenik proizvodnja temperaturnih tipal in merilno regulacijska tehnika\",\"publisher\":{\"@id\":\"https:\/\/www.arhivelpro.dev-acenta.si\/en\/#organization\"},\"potentialAction\":[{\"@type\":\"SearchAction\",\"target\":{\"@type\":\"EntryPoint\",\"urlTemplate\":\"https:\/\/www.arhivelpro.dev-acenta.si\/en\/?s={search_term_string}\"},\"query-input\":{\"@type\":\"PropertyValueSpecification\",\"valueRequired\":true,\"valueName\":\"search_term_string\"}}],\"inLanguage\":\"en-US\"},{\"@type\":[\"Organization\",\"Place\"],\"@id\":\"https:\/\/www.arhivelpro.dev-acenta.si\/en\/#organization\",\"name\":\"ELPRO\",\"url\":\"https:\/\/www.arhivelpro.dev-acenta.si\/en\/\",\"logo\":{\"@id\":\"https:\/\/www.arhivelpro.dev-acenta.si\/en\/izdelek\/ibf3-stop-and-return-valve-monoblock-with-fittings-and-threaded-connector-wika\/#local-main-organization-logo\"},\"image\":{\"@id\":\"https:\/\/www.arhivelpro.dev-acenta.si\/en\/izdelek\/ibf3-stop-and-return-valve-monoblock-with-fittings-and-threaded-connector-wika\/#local-main-organization-logo\"},\"sameAs\":[\"https:\/\/www.facebook.com\/elprolepenik\/\",\"https:\/\/www.linkedin.com\/company\/elpro-lepenik\/about\/\"],\"address\":{\"@id\":\"https:\/\/www.arhivelpro.dev-acenta.si\/en\/izdelek\/ibf3-stop-and-return-valve-monoblock-with-fittings-and-threaded-connector-wika\/#local-main-place-address\"},\"telephone\":[\"02 62 96 720\",\"041 626 771\"],\"openingHoursSpecification\":[{\"@type\":\"OpeningHoursSpecification\",\"dayOfWeek\":[\"Monday\",\"Tuesday\",\"Wednesday\",\"Thursday\",\"Friday\"],\"opens\":\"07:00\",\"closes\":\"16:00\"},{\"@type\":\"OpeningHoursSpecification\",\"dayOfWeek\":[\"Saturday\",\"Sunday\"],\"opens\":\"00:00\",\"closes\":\"00:00\"}],\"email\":\"info@elpro.si\",\"vatID\":\"41479220\",\"taxID\":\"SI41479220\"},{\"@type\":\"PostalAddress\",\"@id\":\"https:\/\/www.arhivelpro.dev-acenta.si\/en\/izdelek\/ibf3-stop-and-return-valve-monoblock-with-fittings-and-threaded-connector-wika\/#local-main-place-address\",\"streetAddress\":\"ELPRO LEPENIK & CO. d.o.o., Ob gozdu 7c, Rogoza\",\"addressLocality\":\"Miklav\u017e na Dravskem polju\",\"postalCode\":\"2204\",\"addressRegion\":\"Podravska\",\"addressCountry\":\"SI\"},{\"@type\":\"ImageObject\",\"inLanguage\":\"en-US\",\"@id\":\"https:\/\/www.arhivelpro.dev-acenta.si\/en\/izdelek\/ibf3-stop-and-return-valve-monoblock-with-fittings-and-threaded-connector-wika\/#local-main-organization-logo\",\"url\":\"https:\/\/www.arhivelpro.dev-acenta.si\/wp-content\/uploads\/2020\/02\/LOGO-Header.svg\",\"contentUrl\":\"https:\/\/www.arhivelpro.dev-acenta.si\/wp-content\/uploads\/2020\/02\/LOGO-Header.svg\",\"caption\":\"ELPRO\"}]}<\/script>\n<meta property=\"product:price:amount\" content=\"0.00\" \/>\n<meta property=\"product:price:currency\" content=\"EUR\" \/>\n<meta property=\"og:availability\" content=\"backorder\" \/>\n<meta property=\"product:availability\" content=\"available for order\" \/>\n<meta property=\"product:retailer_item_id\" content=\"IBF3\" \/>\n<meta property=\"product:condition\" content=\"new\" \/>\n<meta name=\"geo.placename\" content=\"Miklav\u017e na Dravskem polju\" \/>\n<meta name=\"geo.region\" content=\"Slovenia\" \/>\n<!-- \/ Yoast SEO Premium plugin. -->","yoast_head_json":{"title":"IBF3 monobloc stop and vent valve with flange and WIKA threaded connection -","description":"The IBF3 monobloc shut-off and vent valve with flange and threaded connection meets the requirements of the process industry. Separating the process from the instrument.","robots":{"index":"noindex","follow":"follow","max-snippet":"max-snippet:-1","max-image-preview":"max-image-preview:large","max-video-preview":"max-video-preview:-1"},"og_locale":"en_US","og_type":"article","og_title":"IBF3 monobloc stop and vent valve with flange and WIKA threaded connection","og_description":"The IBF3 monobloc shut-off and vent valve with flange and threaded connection meets the requirements of the process industry. Separating the process from the instrument.","og_url":"https:\/\/www.arhivelpro.dev-acenta.si\/en\/izdelek\/ibf3-stop-and-return-valve-monoblock-with-fittings-and-threaded-connector-wika\/","article_publisher":"https:\/\/www.facebook.com\/elprolepenik\/","article_modified_time":"2022-07-17T21:10:56+00:00","og_image":[{"width":669,"height":686,"url":"https:\/\/www.arhivelpro.dev-acenta.si\/wp-content\/uploads\/2021\/04\/IBF3.jpg","type":"image\/jpeg"}],"twitter_card":"summary_large_image","twitter_misc":{"Price":"","Availability":"On backorder"},"schema":{"@context":"https:\/\/schema.org","@graph":[{"@type":"WebPage","@id":"https:\/\/www.arhivelpro.dev-acenta.si\/en\/izdelek\/ibf3-stop-and-return-valve-monoblock-with-fittings-and-threaded-connector-wika\/","url":"https:\/\/www.arhivelpro.dev-acenta.si\/en\/izdelek\/ibf3-stop-and-return-valve-monoblock-with-fittings-and-threaded-connector-wika\/","name":"IBF3 monobloc stop and vent valve with flange and WIKA threaded connection -","isPartOf":{"@id":"https:\/\/www.arhivelpro.dev-acenta.si\/en\/#website"},"primaryImageOfPage":{"@id":"https:\/\/www.arhivelpro.dev-acenta.si\/en\/izdelek\/ibf3-stop-and-return-valve-monoblock-with-fittings-and-threaded-connector-wika\/#primaryimage"},"image":{"@id":"https:\/\/www.arhivelpro.dev-acenta.si\/en\/izdelek\/ibf3-stop-and-return-valve-monoblock-with-fittings-and-threaded-connector-wika\/#primaryimage"},"thumbnailUrl":"https:\/\/www.arhivelpro.dev-acenta.si\/wp-content\/uploads\/2021\/04\/IBF3.jpg","datePublished":"2021-04-16T08:00:56+00:00","dateModified":"2022-07-17T21:10:56+00:00","description":"The IBF3 monobloc shut-off and vent valve with flange and threaded connection meets the requirements of the process industry. Separating the process from the instrument.","breadcrumb":{"@id":"https:\/\/www.arhivelpro.dev-acenta.si\/en\/izdelek\/ibf3-stop-and-return-valve-monoblock-with-fittings-and-threaded-connector-wika\/#breadcrumb"},"inLanguage":"en-US","potentialAction":[{"@type":"ReadAction","target":["https:\/\/www.arhivelpro.dev-acenta.si\/en\/izdelek\/ibf3-stop-and-return-valve-monoblock-with-fittings-and-threaded-connector-wika\/"]}]},{"@type":"ImageObject","inLanguage":"en-US","@id":"https:\/\/www.arhivelpro.dev-acenta.si\/en\/izdelek\/ibf3-stop-and-return-valve-monoblock-with-fittings-and-threaded-connector-wika\/#primaryimage","url":"https:\/\/www.arhivelpro.dev-acenta.si\/wp-content\/uploads\/2021\/04\/IBF3.jpg","contentUrl":"https:\/\/www.arhivelpro.dev-acenta.si\/wp-content\/uploads\/2021\/04\/IBF3.jpg","width":669,"height":686,"caption":"IBF 3, IBF-3, ventil za tlak, zaklopka za tlak, zaklopnik za tlak, zaklopka za merilnike tlaka, zaklopnik za merilnike tlaka, lo\u010devanje tlaka in medija, odstranjevanje merilnika tlaka, odstranjevanje manometra, odstranjevanje tla\u010dnega pretvornika, zaklopka za manometer, zaklopnik za manometer, visoka varnost nad tlakom, krogelni ventil, okrogli ventil, \u017eogasti ventil, ball ventil, ball valve, ventil za zahtevne medije, ventil z ro\u010dico, monoblok, monoblock, za nadzorne plo\u0161\u010de, agresivna sredstva, visok tlak, industrija, za\u0161\u010ditna naprava, za\u0161\u010ditna naprava za merilnike tlaka, zaporni ventil, s prirobnico, odzra\u010devanje, navojni priklju\u010dek"},{"@type":"BreadcrumbList","@id":"https:\/\/www.arhivelpro.dev-acenta.si\/en\/izdelek\/ibf3-stop-and-return-valve-monoblock-with-fittings-and-threaded-connector-wika\/#breadcrumb","itemListElement":[{"@type":"ListItem","position":1,"name":"Elpro","item":"https:\/\/www.arhivelpro.dev-acenta.si\/en\/"},{"@type":"ListItem","position":2,"name":"Products","item":"https:\/\/www.arhivelpro.dev-acenta.si\/en\/products\/"},{"@type":"ListItem","position":3,"name":"Pressure gauges","item":"https:\/\/www.arhivelpro.dev-acenta.si\/en\/product-category\/pressure-gauges\/"},{"@type":"ListItem","position":4,"name":"IBF3 monobloc stop and vent valve with flange and WIKA threaded connection"}]},{"@type":"WebSite","@id":"https:\/\/www.arhivelpro.dev-acenta.si\/en\/#website","url":"https:\/\/www.arhivelpro.dev-acenta.si\/en\/","name":"","description":"ELPRO \u2013 Elpro Lepenik proizvodnja temperaturnih tipal in merilno regulacijska tehnika","publisher":{"@id":"https:\/\/www.arhivelpro.dev-acenta.si\/en\/#organization"},"potentialAction":[{"@type":"SearchAction","target":{"@type":"EntryPoint","urlTemplate":"https:\/\/www.arhivelpro.dev-acenta.si\/en\/?s={search_term_string}"},"query-input":{"@type":"PropertyValueSpecification","valueRequired":true,"valueName":"search_term_string"}}],"inLanguage":"en-US"},{"@type":["Organization","Place"],"@id":"https:\/\/www.arhivelpro.dev-acenta.si\/en\/#organization","name":"ELPRO","url":"https:\/\/www.arhivelpro.dev-acenta.si\/en\/","logo":{"@id":"https:\/\/www.arhivelpro.dev-acenta.si\/en\/izdelek\/ibf3-stop-and-return-valve-monoblock-with-fittings-and-threaded-connector-wika\/#local-main-organization-logo"},"image":{"@id":"https:\/\/www.arhivelpro.dev-acenta.si\/en\/izdelek\/ibf3-stop-and-return-valve-monoblock-with-fittings-and-threaded-connector-wika\/#local-main-organization-logo"},"sameAs":["https:\/\/www.facebook.com\/elprolepenik\/","https:\/\/www.linkedin.com\/company\/elpro-lepenik\/about\/"],"address":{"@id":"https:\/\/www.arhivelpro.dev-acenta.si\/en\/izdelek\/ibf3-stop-and-return-valve-monoblock-with-fittings-and-threaded-connector-wika\/#local-main-place-address"},"telephone":["02 62 96 720","041 626 771"],"openingHoursSpecification":[{"@type":"OpeningHoursSpecification","dayOfWeek":["Monday","Tuesday","Wednesday","Thursday","Friday"],"opens":"07:00","closes":"16:00"},{"@type":"OpeningHoursSpecification","dayOfWeek":["Saturday","Sunday"],"opens":"00:00","closes":"00:00"}],"email":"info@elpro.si","vatID":"41479220","taxID":"SI41479220"},{"@type":"PostalAddress","@id":"https:\/\/www.arhivelpro.dev-acenta.si\/en\/izdelek\/ibf3-stop-and-return-valve-monoblock-with-fittings-and-threaded-connector-wika\/#local-main-place-address","streetAddress":"ELPRO LEPENIK & CO. d.o.o., Ob gozdu 7c, Rogoza","addressLocality":"Miklav\u017e na Dravskem polju","postalCode":"2204","addressRegion":"Podravska","addressCountry":"SI"},{"@type":"ImageObject","inLanguage":"en-US","@id":"https:\/\/www.arhivelpro.dev-acenta.si\/en\/izdelek\/ibf3-stop-and-return-valve-monoblock-with-fittings-and-threaded-connector-wika\/#local-main-organization-logo","url":"https:\/\/www.arhivelpro.dev-acenta.si\/wp-content\/uploads\/2020\/02\/LOGO-Header.svg","contentUrl":"https:\/\/www.arhivelpro.dev-acenta.si\/wp-content\/uploads\/2020\/02\/LOGO-Header.svg","caption":"ELPRO"}]},"product_price_amount":"0.00","product_price_currency":"EUR","og_availability":"backorder","product_availability":"available for order","product_retailer_item_id":"IBF3","product_condition":"new","geo.placename":"Miklav\u017e na Dravskem polju","geo.region":"Slovenia"},"brands":[{"id":1391,"name":"Wika","slug":"wika"}],"_links":{"self":[{"href":"https:\/\/www.arhivelpro.dev-acenta.si\/en\/wp-json\/wp\/v2\/product\/49155"}],"collection":[{"href":"https:\/\/www.arhivelpro.dev-acenta.si\/en\/wp-json\/wp\/v2\/product"}],"about":[{"href":"https:\/\/www.arhivelpro.dev-acenta.si\/en\/wp-json\/wp\/v2\/types\/product"}],"wp:featuredmedia":[{"embeddable":true,"href":"https:\/\/www.arhivelpro.dev-acenta.si\/en\/wp-json\/wp\/v2\/media\/23681"}],"wp:attachment":[{"href":"https:\/\/www.arhivelpro.dev-acenta.si\/en\/wp-json\/wp\/v2\/media?parent=49155"}],"wp:term":[{"taxonomy":"pwb-brand","embeddable":true,"href":"https:\/\/www.arhivelpro.dev-acenta.si\/en\/wp-json\/wp\/v2\/pwb-brand?post=49155"},{"taxonomy":"product_cat","embeddable":true,"href":"https:\/\/www.arhivelpro.dev-acenta.si\/en\/wp-json\/wp\/v2\/product_cat?post=49155"},{"taxonomy":"product_tag","embeddable":true,"href":"https:\/\/www.arhivelpro.dev-acenta.si\/en\/wp-json\/wp\/v2\/product_tag?post=49155"}],"curies":[{"name":"wp","href":"https:\/\/api.w.org\/{rel}","templated":true}]}}