{"id":49098,"date":"2021-03-15T10:44:06","date_gmt":"2021-03-15T09:44:06","guid":{"rendered":"https:\/\/www.elpro.si\/izdelek\/990-22-pressure-interface-with-wika-hygiene-connector\/"},"modified":"2022-07-17T22:54:48","modified_gmt":"2022-07-17T20:54:48","slug":"990-22-interface-press-connector-with-hygienic-connector-wika","status":"publish","type":"product","link":"https:\/\/www.arhivelpro.dev-acenta.si\/en\/izdelek\/990-22-interface-press-connector-with-hygienic-connector-wika\/","title":{"rendered":"990.22 Pressure interface with WIKA hygiene connector"},"content":{"rendered":"<p><strong>990.22 pressure interface with hygienic connection (diaphragm separator)<\/strong> protects pressure measuring instruments in applications with difficult media. The pressure interface affects the separation of instrument and medium.<\/p>\n<p>By combining measuring instruments and pressure interfaces, even the most difficult measurement requirements can be met. The pressure is transmitted to the measuring instrument via a filling fluid system within the pressure interface system. A wide range of designs, materials and system fillers are available to meet customer requirements. The type of process connection (threaded, flanged or hygienic) and the basic manufacturing method are important criteria for product differentiation.<\/p>\n<p>The 990.22 is designed for use in sterile processes and is integrated into the process using a clamp connector. This ensures a high cleaning capacity of the pressure interface. Pressure interface systems are resistant to the cleaning vapour temperatures encountered in SIP (sterilisation-in-place) processes, thus ensuring a hygienic connection between the pressure interface and the medium. The pressure interface can be attached to the measuring instrument by direct connection, or at high temperatures via a cooling element or flexible hose.<\/p>\n<p>WIKA offers different solutions in the choice of material, with the top and the membrane made of the same materials. Stainless steel is the standard material, other special materials are available on request.<\/p>\n<p>Also available in 990.52 and 990.53, which differ in dimensions from 990.22. These can be found on the datasheet.<\/p>\n<p>Pressure interfaces are used in conjunction with <a href=\"https:\/\/www.elpro.si\/kategorija-izdelka\/merilniki-tlaka\/\" target=\"_blank\" rel=\"noopener\">pressure gauges<\/a>. Read more about pressure interfaces <a href=\"https:\/\/www.wika.com\/media\/30__technical_information\/english_5\/ds_in0006_en_co.pdf\" target=\"_blank\" rel=\"noopener\">here<\/a>.<\/p>\n<p>&nbsp;<\/p>\n<h2>Fields of application, applications 990.22<\/h2>\n<ul>\n<li>food and drink production<\/li>\n<li>Biotechnology and pharmaceutical industry, production of active pharmaceutical ingredients<\/li>\n<li>painting finishing systems<\/li>\n<li>for gases, compressed air, vapours; for liquid, crystallising, pasty or particulate media<\/li>\n<li>installation on pipelines and pressure vessels<\/li>\n<li>pressure\/vacuum monitoring<\/li>\n<li>ultra-clean steam systems<\/li>\n<li>sanitary applications<\/li>\n<\/ul>\n<p>&nbsp;<\/p>\n<h4><strong>Software<\/strong><\/h4>\n<p>All functions of the 990.22 can be controlled with the <a href=\"https:\/\/www.wika.com\/en-en\/software.WIKA?productline=Diaphragm+seals\" target=\"_blank\" rel=\"noopener\">Diaphragm Seal Calculation<\/a> Software.<\/p>\n","protected":false},"excerpt":{"rendered":"<ul>\n<li>pressure range: 0 bar &#8230; 0.6 bar to 0 bar &#8230; 40 bar<\/li>\n<li>TRI-CLAMP\u00ae clamp connector<\/li>\n<li>welded flushing membrane<\/li>\n<li>fast cleaning of the measuring point, without residues<\/li>\n<li>suitable for SIP (sterilisation in place) and CIP (cleaning in place)<\/li>\n<li>EHEDG certification and 3-A hygiene standard<\/li>\n<\/ul>\n","protected":false},"featured_media":66191,"template":"","meta":[],"pwb-brand":[1391],"product_cat":[8562,9337],"product_tag":[6636],"class_list":{"0":"post-49098","1":"product","2":"type-product","3":"status-publish","4":"has-post-thumbnail","6":"pwb-brand-wika","7":"product_cat-pressure-gauges","8":"product_cat-pressure-interfaces","9":"product_tag-pressure","10":"pa_dobavni_rok-approximately-3-4-weeks","11":"pa_funkcija-measured-pressure","12":"pa_izvedba-industrial","13":"pa_merilno-nacelo-membrane-element","14":"pa_merilno-obmocje-0-0-6-bar-en","15":"pa_merilno-obmocje-0-40-bar-en","16":"pa_merjene-velicine-pressure","17":"pa_uporaba-compressed-air-systems","18":"pa_uporaba-food-processing-industry","19":"pa_uporaba-hygienic-applications","21":"first","22":"onbackorder","23":"taxable","24":"shipping-taxable","25":"product-type-simple","26":"add-to-wishlist-after_add_to_cart"},"yoast_head":"<!-- This site is optimized with the Yoast SEO Premium plugin v23.4 (Yoast SEO v23.4) - https:\/\/yoast.com\/wordpress\/plugins\/seo\/ -->\n<title>990.22 Pressure interface with WIKA hygiene connector -<\/title>\n<meta name=\"description\" content=\"990.22 pressure interface with hygienic connection protects pressure measuring instruments. TRI-CLAMP\u00ae. EHEDG and 3-A certificate. Up to 40 bar.\" \/>\n<meta name=\"robots\" content=\"noindex, follow, max-snippet:-1, max-image-preview:large, max-video-preview:-1\" \/>\n<meta property=\"og:locale\" content=\"en_US\" \/>\n<meta property=\"og:type\" content=\"article\" \/>\n<meta property=\"og:title\" content=\"990.22 Pressure interface with WIKA hygiene connector\" \/>\n<meta property=\"og:description\" content=\"990.22 pressure interface with hygienic connection protects pressure measuring instruments. TRI-CLAMP\u00ae. EHEDG and 3-A certificate. Up to 40 bar.\" \/>\n<meta property=\"og:url\" content=\"https:\/\/www.arhivelpro.dev-acenta.si\/en\/izdelek\/990-22-interface-press-connector-with-hygienic-connector-wika\/\" \/>\n<meta property=\"article:publisher\" content=\"https:\/\/www.facebook.com\/elprolepenik\/\" \/>\n<meta property=\"article:modified_time\" content=\"2022-07-17T20:54:48+00:00\" \/>\n<meta property=\"og:image\" content=\"https:\/\/www.arhivelpro.dev-acenta.si\/wp-content\/uploads\/2021\/03\/Posnetek-zaslona-2023-03-22-081248.jpg\" \/>\n\t<meta property=\"og:image:width\" content=\"587\" \/>\n\t<meta property=\"og:image:height\" content=\"446\" \/>\n\t<meta property=\"og:image:type\" content=\"image\/jpeg\" \/>\n<meta name=\"twitter:card\" content=\"summary_large_image\" \/>\n<meta name=\"twitter:label1\" content=\"Price\" \/>\n\t<meta name=\"twitter:data1\" content=\"\" \/>\n\t<meta name=\"twitter:label2\" content=\"Availability\" \/>\n\t<meta name=\"twitter:data2\" content=\"On backorder\" \/>\n<script type=\"application\/ld+json\" class=\"yoast-schema-graph\">{\"@context\":\"https:\/\/schema.org\",\"@graph\":[{\"@type\":\"WebPage\",\"@id\":\"https:\/\/www.arhivelpro.dev-acenta.si\/en\/izdelek\/990-22-interface-press-connector-with-hygienic-connector-wika\/\",\"url\":\"https:\/\/www.arhivelpro.dev-acenta.si\/en\/izdelek\/990-22-interface-press-connector-with-hygienic-connector-wika\/\",\"name\":\"990.22 Pressure interface with WIKA hygiene connector -\",\"isPartOf\":{\"@id\":\"https:\/\/www.arhivelpro.dev-acenta.si\/en\/#website\"},\"primaryImageOfPage\":{\"@id\":\"https:\/\/www.arhivelpro.dev-acenta.si\/en\/izdelek\/990-22-interface-press-connector-with-hygienic-connector-wika\/#primaryimage\"},\"image\":{\"@id\":\"https:\/\/www.arhivelpro.dev-acenta.si\/en\/izdelek\/990-22-interface-press-connector-with-hygienic-connector-wika\/#primaryimage\"},\"thumbnailUrl\":\"https:\/\/www.arhivelpro.dev-acenta.si\/wp-content\/uploads\/2021\/03\/Posnetek-zaslona-2023-03-22-081248.jpg\",\"datePublished\":\"2021-03-15T09:44:06+00:00\",\"dateModified\":\"2022-07-17T20:54:48+00:00\",\"description\":\"990.22 pressure interface with hygienic connection protects pressure measuring instruments. TRI-CLAMP\u00ae. EHEDG and 3-A certificate. Up to 40 bar.\",\"breadcrumb\":{\"@id\":\"https:\/\/www.arhivelpro.dev-acenta.si\/en\/izdelek\/990-22-interface-press-connector-with-hygienic-connector-wika\/#breadcrumb\"},\"inLanguage\":\"en-US\",\"potentialAction\":[{\"@type\":\"ReadAction\",\"target\":[\"https:\/\/www.arhivelpro.dev-acenta.si\/en\/izdelek\/990-22-interface-press-connector-with-hygienic-connector-wika\/\"]}]},{\"@type\":\"ImageObject\",\"inLanguage\":\"en-US\",\"@id\":\"https:\/\/www.arhivelpro.dev-acenta.si\/en\/izdelek\/990-22-interface-press-connector-with-hygienic-connector-wika\/#primaryimage\",\"url\":\"https:\/\/www.arhivelpro.dev-acenta.si\/wp-content\/uploads\/2021\/03\/Posnetek-zaslona-2023-03-22-081248.jpg\",\"contentUrl\":\"https:\/\/www.arhivelpro.dev-acenta.si\/wp-content\/uploads\/2021\/03\/Posnetek-zaslona-2023-03-22-081248.jpg\",\"width\":587,\"height\":446,\"caption\":\"990.22, 99022, 990-22, 990 22, 990.52, 99052, 990-52, 990 52, 990.53, 99053, 990-53, 990 53, merjenje tlaka, pomo\u010d pri merjenju tlaka, za\u0161\u010dita pri merjenju tlaka, nevarnost merjenja tlaka, nevarnost pri merjenju tlaka, polnjenje vmesnika, membranski separator, membranski seperator, membranski vmesnik, tla\u010dni seperator, merjenje pritiska, vmesnik za tlak, membrana za tlak, separacija tlaka, membrana za separiranje tlaka, lo\u010devanje tlaka, lo\u010devalna membrana, merjenje in lo\u010devanje tlaka, vmes merjenje tlaka, lo\u010devanje medija, lo\u010devanje pri tlaku, higienski membranski separator, higienski tla\u010dni vmesnik, sanitarni tla\u010dni vmesnik, sanitarni membranski separator, sterilni tla\u010dni vmesnik, sterilni membranski separator, 3-A tla\u010dni vmesnik, 3-A membranski separator, clamp merilnik tlaka, clamp merilnik tlaka, Tri-clamp tla\u010dni vmesnik, Tri-clamp membranski separator; EHEDG tla\u010dni vmesnik, EHEDG membranski separator\"},{\"@type\":\"BreadcrumbList\",\"@id\":\"https:\/\/www.arhivelpro.dev-acenta.si\/en\/izdelek\/990-22-interface-press-connector-with-hygienic-connector-wika\/#breadcrumb\",\"itemListElement\":[{\"@type\":\"ListItem\",\"position\":1,\"name\":\"Elpro\",\"item\":\"https:\/\/www.arhivelpro.dev-acenta.si\/en\/\"},{\"@type\":\"ListItem\",\"position\":2,\"name\":\"Products\",\"item\":\"https:\/\/www.arhivelpro.dev-acenta.si\/en\/products\/\"},{\"@type\":\"ListItem\",\"position\":3,\"name\":\"Pressure gauges\",\"item\":\"https:\/\/www.arhivelpro.dev-acenta.si\/en\/product-category\/pressure-gauges\/\"},{\"@type\":\"ListItem\",\"position\":4,\"name\":\"990.22 Pressure interface with WIKA hygiene connector\"}]},{\"@type\":\"WebSite\",\"@id\":\"https:\/\/www.arhivelpro.dev-acenta.si\/en\/#website\",\"url\":\"https:\/\/www.arhivelpro.dev-acenta.si\/en\/\",\"name\":\"\",\"description\":\"ELPRO \u2013 Elpro Lepenik proizvodnja temperaturnih tipal in merilno regulacijska tehnika\",\"publisher\":{\"@id\":\"https:\/\/www.arhivelpro.dev-acenta.si\/en\/#organization\"},\"potentialAction\":[{\"@type\":\"SearchAction\",\"target\":{\"@type\":\"EntryPoint\",\"urlTemplate\":\"https:\/\/www.arhivelpro.dev-acenta.si\/en\/?s={search_term_string}\"},\"query-input\":{\"@type\":\"PropertyValueSpecification\",\"valueRequired\":true,\"valueName\":\"search_term_string\"}}],\"inLanguage\":\"en-US\"},{\"@type\":[\"Organization\",\"Place\"],\"@id\":\"https:\/\/www.arhivelpro.dev-acenta.si\/en\/#organization\",\"name\":\"ELPRO\",\"url\":\"https:\/\/www.arhivelpro.dev-acenta.si\/en\/\",\"logo\":{\"@id\":\"https:\/\/www.arhivelpro.dev-acenta.si\/en\/izdelek\/990-22-interface-press-connector-with-hygienic-connector-wika\/#local-main-organization-logo\"},\"image\":{\"@id\":\"https:\/\/www.arhivelpro.dev-acenta.si\/en\/izdelek\/990-22-interface-press-connector-with-hygienic-connector-wika\/#local-main-organization-logo\"},\"sameAs\":[\"https:\/\/www.facebook.com\/elprolepenik\/\",\"https:\/\/www.linkedin.com\/company\/elpro-lepenik\/about\/\"],\"address\":{\"@id\":\"https:\/\/www.arhivelpro.dev-acenta.si\/en\/izdelek\/990-22-interface-press-connector-with-hygienic-connector-wika\/#local-main-place-address\"},\"telephone\":[\"02 62 96 720\",\"041 626 771\"],\"openingHoursSpecification\":[{\"@type\":\"OpeningHoursSpecification\",\"dayOfWeek\":[\"Monday\",\"Tuesday\",\"Wednesday\",\"Thursday\",\"Friday\"],\"opens\":\"07:00\",\"closes\":\"16:00\"},{\"@type\":\"OpeningHoursSpecification\",\"dayOfWeek\":[\"Saturday\",\"Sunday\"],\"opens\":\"00:00\",\"closes\":\"00:00\"}],\"email\":\"info@elpro.si\",\"vatID\":\"41479220\",\"taxID\":\"SI41479220\"},{\"@type\":\"PostalAddress\",\"@id\":\"https:\/\/www.arhivelpro.dev-acenta.si\/en\/izdelek\/990-22-interface-press-connector-with-hygienic-connector-wika\/#local-main-place-address\",\"streetAddress\":\"ELPRO LEPENIK & CO. d.o.o., Ob gozdu 7c, Rogoza\",\"addressLocality\":\"Miklav\u017e na Dravskem polju\",\"postalCode\":\"2204\",\"addressRegion\":\"Podravska\",\"addressCountry\":\"SI\"},{\"@type\":\"ImageObject\",\"inLanguage\":\"en-US\",\"@id\":\"https:\/\/www.arhivelpro.dev-acenta.si\/en\/izdelek\/990-22-interface-press-connector-with-hygienic-connector-wika\/#local-main-organization-logo\",\"url\":\"https:\/\/www.arhivelpro.dev-acenta.si\/wp-content\/uploads\/2020\/02\/LOGO-Header.svg\",\"contentUrl\":\"https:\/\/www.arhivelpro.dev-acenta.si\/wp-content\/uploads\/2020\/02\/LOGO-Header.svg\",\"caption\":\"ELPRO\"}]}<\/script>\n<meta property=\"product:price:amount\" content=\"0.00\" \/>\n<meta property=\"product:price:currency\" content=\"EUR\" \/>\n<meta property=\"og:availability\" content=\"backorder\" \/>\n<meta property=\"product:availability\" content=\"available for order\" \/>\n<meta property=\"product:retailer_item_id\" content=\"990.22 tla\u010dni vmesnik\" \/>\n<meta property=\"product:condition\" content=\"new\" \/>\n<meta name=\"geo.placename\" content=\"Miklav\u017e na Dravskem polju\" \/>\n<meta name=\"geo.region\" content=\"Slovenia\" \/>\n<!-- \/ Yoast SEO Premium plugin. -->","yoast_head_json":{"title":"990.22 Pressure interface with WIKA hygiene connector -","description":"990.22 pressure interface with hygienic connection protects pressure measuring instruments. TRI-CLAMP\u00ae. EHEDG and 3-A certificate. Up to 40 bar.","robots":{"index":"noindex","follow":"follow","max-snippet":"max-snippet:-1","max-image-preview":"max-image-preview:large","max-video-preview":"max-video-preview:-1"},"og_locale":"en_US","og_type":"article","og_title":"990.22 Pressure interface with WIKA hygiene connector","og_description":"990.22 pressure interface with hygienic connection protects pressure measuring instruments. TRI-CLAMP\u00ae. EHEDG and 3-A certificate. Up to 40 bar.","og_url":"https:\/\/www.arhivelpro.dev-acenta.si\/en\/izdelek\/990-22-interface-press-connector-with-hygienic-connector-wika\/","article_publisher":"https:\/\/www.facebook.com\/elprolepenik\/","article_modified_time":"2022-07-17T20:54:48+00:00","og_image":[{"width":587,"height":446,"url":"https:\/\/www.arhivelpro.dev-acenta.si\/wp-content\/uploads\/2021\/03\/Posnetek-zaslona-2023-03-22-081248.jpg","type":"image\/jpeg"}],"twitter_card":"summary_large_image","twitter_misc":{"Price":"","Availability":"On backorder"},"schema":{"@context":"https:\/\/schema.org","@graph":[{"@type":"WebPage","@id":"https:\/\/www.arhivelpro.dev-acenta.si\/en\/izdelek\/990-22-interface-press-connector-with-hygienic-connector-wika\/","url":"https:\/\/www.arhivelpro.dev-acenta.si\/en\/izdelek\/990-22-interface-press-connector-with-hygienic-connector-wika\/","name":"990.22 Pressure interface with WIKA hygiene connector -","isPartOf":{"@id":"https:\/\/www.arhivelpro.dev-acenta.si\/en\/#website"},"primaryImageOfPage":{"@id":"https:\/\/www.arhivelpro.dev-acenta.si\/en\/izdelek\/990-22-interface-press-connector-with-hygienic-connector-wika\/#primaryimage"},"image":{"@id":"https:\/\/www.arhivelpro.dev-acenta.si\/en\/izdelek\/990-22-interface-press-connector-with-hygienic-connector-wika\/#primaryimage"},"thumbnailUrl":"https:\/\/www.arhivelpro.dev-acenta.si\/wp-content\/uploads\/2021\/03\/Posnetek-zaslona-2023-03-22-081248.jpg","datePublished":"2021-03-15T09:44:06+00:00","dateModified":"2022-07-17T20:54:48+00:00","description":"990.22 pressure interface with hygienic connection protects pressure measuring instruments. TRI-CLAMP\u00ae. EHEDG and 3-A certificate. Up to 40 bar.","breadcrumb":{"@id":"https:\/\/www.arhivelpro.dev-acenta.si\/en\/izdelek\/990-22-interface-press-connector-with-hygienic-connector-wika\/#breadcrumb"},"inLanguage":"en-US","potentialAction":[{"@type":"ReadAction","target":["https:\/\/www.arhivelpro.dev-acenta.si\/en\/izdelek\/990-22-interface-press-connector-with-hygienic-connector-wika\/"]}]},{"@type":"ImageObject","inLanguage":"en-US","@id":"https:\/\/www.arhivelpro.dev-acenta.si\/en\/izdelek\/990-22-interface-press-connector-with-hygienic-connector-wika\/#primaryimage","url":"https:\/\/www.arhivelpro.dev-acenta.si\/wp-content\/uploads\/2021\/03\/Posnetek-zaslona-2023-03-22-081248.jpg","contentUrl":"https:\/\/www.arhivelpro.dev-acenta.si\/wp-content\/uploads\/2021\/03\/Posnetek-zaslona-2023-03-22-081248.jpg","width":587,"height":446,"caption":"990.22, 99022, 990-22, 990 22, 990.52, 99052, 990-52, 990 52, 990.53, 99053, 990-53, 990 53, merjenje tlaka, pomo\u010d pri merjenju tlaka, za\u0161\u010dita pri merjenju tlaka, nevarnost merjenja tlaka, nevarnost pri merjenju tlaka, polnjenje vmesnika, membranski separator, membranski seperator, membranski vmesnik, tla\u010dni seperator, merjenje pritiska, vmesnik za tlak, membrana za tlak, separacija tlaka, membrana za separiranje tlaka, lo\u010devanje tlaka, lo\u010devalna membrana, merjenje in lo\u010devanje tlaka, vmes merjenje tlaka, lo\u010devanje medija, lo\u010devanje pri tlaku, higienski membranski separator, higienski tla\u010dni vmesnik, sanitarni tla\u010dni vmesnik, sanitarni membranski separator, sterilni tla\u010dni vmesnik, sterilni membranski separator, 3-A tla\u010dni vmesnik, 3-A membranski separator, clamp merilnik tlaka, clamp merilnik tlaka, Tri-clamp tla\u010dni vmesnik, Tri-clamp membranski separator; EHEDG tla\u010dni vmesnik, EHEDG membranski separator"},{"@type":"BreadcrumbList","@id":"https:\/\/www.arhivelpro.dev-acenta.si\/en\/izdelek\/990-22-interface-press-connector-with-hygienic-connector-wika\/#breadcrumb","itemListElement":[{"@type":"ListItem","position":1,"name":"Elpro","item":"https:\/\/www.arhivelpro.dev-acenta.si\/en\/"},{"@type":"ListItem","position":2,"name":"Products","item":"https:\/\/www.arhivelpro.dev-acenta.si\/en\/products\/"},{"@type":"ListItem","position":3,"name":"Pressure gauges","item":"https:\/\/www.arhivelpro.dev-acenta.si\/en\/product-category\/pressure-gauges\/"},{"@type":"ListItem","position":4,"name":"990.22 Pressure interface with WIKA hygiene connector"}]},{"@type":"WebSite","@id":"https:\/\/www.arhivelpro.dev-acenta.si\/en\/#website","url":"https:\/\/www.arhivelpro.dev-acenta.si\/en\/","name":"","description":"ELPRO \u2013 Elpro Lepenik proizvodnja temperaturnih tipal in merilno regulacijska tehnika","publisher":{"@id":"https:\/\/www.arhivelpro.dev-acenta.si\/en\/#organization"},"potentialAction":[{"@type":"SearchAction","target":{"@type":"EntryPoint","urlTemplate":"https:\/\/www.arhivelpro.dev-acenta.si\/en\/?s={search_term_string}"},"query-input":{"@type":"PropertyValueSpecification","valueRequired":true,"valueName":"search_term_string"}}],"inLanguage":"en-US"},{"@type":["Organization","Place"],"@id":"https:\/\/www.arhivelpro.dev-acenta.si\/en\/#organization","name":"ELPRO","url":"https:\/\/www.arhivelpro.dev-acenta.si\/en\/","logo":{"@id":"https:\/\/www.arhivelpro.dev-acenta.si\/en\/izdelek\/990-22-interface-press-connector-with-hygienic-connector-wika\/#local-main-organization-logo"},"image":{"@id":"https:\/\/www.arhivelpro.dev-acenta.si\/en\/izdelek\/990-22-interface-press-connector-with-hygienic-connector-wika\/#local-main-organization-logo"},"sameAs":["https:\/\/www.facebook.com\/elprolepenik\/","https:\/\/www.linkedin.com\/company\/elpro-lepenik\/about\/"],"address":{"@id":"https:\/\/www.arhivelpro.dev-acenta.si\/en\/izdelek\/990-22-interface-press-connector-with-hygienic-connector-wika\/#local-main-place-address"},"telephone":["02 62 96 720","041 626 771"],"openingHoursSpecification":[{"@type":"OpeningHoursSpecification","dayOfWeek":["Monday","Tuesday","Wednesday","Thursday","Friday"],"opens":"07:00","closes":"16:00"},{"@type":"OpeningHoursSpecification","dayOfWeek":["Saturday","Sunday"],"opens":"00:00","closes":"00:00"}],"email":"info@elpro.si","vatID":"41479220","taxID":"SI41479220"},{"@type":"PostalAddress","@id":"https:\/\/www.arhivelpro.dev-acenta.si\/en\/izdelek\/990-22-interface-press-connector-with-hygienic-connector-wika\/#local-main-place-address","streetAddress":"ELPRO LEPENIK & CO. d.o.o., Ob gozdu 7c, Rogoza","addressLocality":"Miklav\u017e na Dravskem polju","postalCode":"2204","addressRegion":"Podravska","addressCountry":"SI"},{"@type":"ImageObject","inLanguage":"en-US","@id":"https:\/\/www.arhivelpro.dev-acenta.si\/en\/izdelek\/990-22-interface-press-connector-with-hygienic-connector-wika\/#local-main-organization-logo","url":"https:\/\/www.arhivelpro.dev-acenta.si\/wp-content\/uploads\/2020\/02\/LOGO-Header.svg","contentUrl":"https:\/\/www.arhivelpro.dev-acenta.si\/wp-content\/uploads\/2020\/02\/LOGO-Header.svg","caption":"ELPRO"}]},"product_price_amount":"0.00","product_price_currency":"EUR","og_availability":"backorder","product_availability":"available for order","product_retailer_item_id":"990.22 tla\u010dni vmesnik","product_condition":"new","geo.placename":"Miklav\u017e na Dravskem polju","geo.region":"Slovenia"},"brands":[{"id":1391,"name":"Wika","slug":"wika"}],"_links":{"self":[{"href":"https:\/\/www.arhivelpro.dev-acenta.si\/en\/wp-json\/wp\/v2\/product\/49098"}],"collection":[{"href":"https:\/\/www.arhivelpro.dev-acenta.si\/en\/wp-json\/wp\/v2\/product"}],"about":[{"href":"https:\/\/www.arhivelpro.dev-acenta.si\/en\/wp-json\/wp\/v2\/types\/product"}],"wp:featuredmedia":[{"embeddable":true,"href":"https:\/\/www.arhivelpro.dev-acenta.si\/en\/wp-json\/wp\/v2\/media\/66191"}],"wp:attachment":[{"href":"https:\/\/www.arhivelpro.dev-acenta.si\/en\/wp-json\/wp\/v2\/media?parent=49098"}],"wp:term":[{"taxonomy":"pwb-brand","embeddable":true,"href":"https:\/\/www.arhivelpro.dev-acenta.si\/en\/wp-json\/wp\/v2\/pwb-brand?post=49098"},{"taxonomy":"product_cat","embeddable":true,"href":"https:\/\/www.arhivelpro.dev-acenta.si\/en\/wp-json\/wp\/v2\/product_cat?post=49098"},{"taxonomy":"product_tag","embeddable":true,"href":"https:\/\/www.arhivelpro.dev-acenta.si\/en\/wp-json\/wp\/v2\/product_tag?post=49098"}],"curies":[{"name":"wp","href":"https:\/\/api.w.org\/{rel}","templated":true}]}}