{"id":48653,"date":"2020-02-06T14:47:21","date_gmt":"2020-02-06T13:47:21","guid":{"rendered":"https:\/\/www.elpro.si\/izdelek\/tlc-750i-ebro-combined-ir-bore-thermometer\/"},"modified":"2022-07-17T15:45:56","modified_gmt":"2022-07-17T13:45:56","slug":"tlc-750i-combined-and-in-pinhole-thermometer-ebro","status":"publish","type":"product","link":"https:\/\/www.arhivelpro.dev-acenta.si\/en\/izdelek\/tlc-750i-combined-and-in-pinhole-thermometer-ebro\/","title":{"rendered":"TLC 750i, EBRO combined IR\/bore thermometer"},"content":{"rendered":"<p>The <strong>TLC 750i<\/strong> is the perfect choice for temperature measurements when you need to measure both contact (with a sensor) and non-contact (IR) in your workflow. It is most commonly used in <a href=\"https:\/\/www.nijz.si\/sl\/oznake\/haccp\" target=\"_blank\" rel=\"noopener noreferrer\">HACCP<\/a> systems, e.g. when collecting foodstuffs. Compliant with <a href=\"https:\/\/en.wikipedia.org\/wiki\/ISO_13485\" target=\"_blank\" rel=\"noopener noreferrer\">EN 13485<\/a>.<\/p>\n<p>Its very interesting advantage is the illuminated rotating display that adjusts to the direction you are measuring in.<\/p>\n<h3><strong>In addition to selecting the measurement mode and a rotating display, the thermometer also gives you<\/strong><\/h3>\n<ul>\n<li>save MIN\/MAX value<\/li>\n<li>selectable units \u00b0C or \u00b0F<\/li>\n<li>automatic switch-off after 10 min<\/li>\n<li>the laser points show the exact location of the measurement<\/li>\n<li>possibility to set the emission value<\/li>\n<li>autohold automatically &#8220;freezes&#8221; your stabilised value<\/li>\n<li>the display is illuminated<\/li>\n<\/ul>\n<p><strong>How to use the IR meter correctly?<\/strong> Read more: <a href=\"https:\/\/www.elpro.si\/wp-content\/uploads\/2020\/02\/pomocnik-pri-uporabi-IR-merilnikov.pdf\">how to use IR meters<\/a><\/p>\n<h2><strong>Areas of application, applications TLC 750i<\/strong><\/h2>\n<p>Food surface temperature measurement, food core temperature measurement, ambient conditions measurement, food industry, HACCP, gastronomy, transport, storage&#8230;<\/p>\n<p><strong>Special feature:<\/strong> because the laser can be switched off, the meter is also <strong>suitable for human temperature measurements<\/strong> (for COVID, Coronavirus, SARS-CoV-2 prevention purposes) &#8211; be sure to follow the instructions of <a href=\"https:\/\/www.elpro.si\/wp-content\/uploads\/2020\/02\/dodatek-Covid-19.pdf\">the Covid-19 supplement<\/a><\/p>\n<h3> <strong style=\"font-size: 16px\">TLC 750i<\/strong> articles<\/h3>\n<p>You are invited to read the article <a href=\"https:\/\/www.elpro.si\/en\/termometri-za-merjenje-telesne-temperature\/\" target=\"_blank\" rel=\"noopener noreferrer\">&#8220;Thermometers for measuring body temperature&#8221;<\/a><\/p>\n<p><em>Similar names: TLC750i, TLC-750, TLC750i, TLC750-i, TLC-750i, TLC 750<\/em><\/p>\n","protected":false},"excerpt":{"rendered":"<ul>\n<li>operating temperature range: -50 &#8230; +250 \u00b0C<\/li>\n<li>probe accuracy: \u00b10.5 &#8230; 1.0 \u00b0C<\/li>\n<li>IR accuracy: \u00b11.0 &#8230; 4.0 \u00b0C<\/li>\n<li>distance: point = 8:1<\/li>\n<li>EN 13485 compliant<\/li>\n<li>factory certificate enclosed<\/li>\n<li>IP65<\/li>\n<\/ul>\n","protected":false},"featured_media":68821,"template":"","meta":[],"pwb-brand":[32],"product_cat":[8967,8976,8565,8982,8599,8987,8601,8993,8604,8996,8606,8999,8712,9002,8714,9006,8717,9014,8718,9016,8846,23974,8847,8852,8884,8920],"product_tag":[1608,1647],"class_list":{"0":"post-48653","1":"product","2":"type-product","3":"status-publish","4":"has-post-thumbnail","6":"pwb-brand-ebro","7":"product_cat-food-food","8":"product_cat-ir-non-contact-thermometers","9":"product_cat-infrared-ir-meters","10":"product_cat-haccp-en","11":"product_cat-other-industry","12":"product_cat-food-production","13":"product_cat-breakdown-by-sector","14":"product_cat-shops","15":"product_cat-vehicles-transport","16":"product_cat-transport-storage","17":"product_cat-ebro-xylem-temperature-humidity-ph-conductivity-monitoring","18":"product_cat-catering-restaurants","19":"product_cat-thermometers-dataloggers-ex","20":"product_cat-beverage-production","21":"product_cat-thermometers","22":"product_cat-transport-en","23":"product_cat-digital-thermometers","24":"product_cat-ir-thermometers","25":"product_cat-basic-thermometers","26":"product_cat-butchers-bakeries","27":"product_cat-portable-handheld-meters","28":"product_cat-ifs-food-standard-en","29":"product_cat-handheld-infrared-ir-temperature-gauges","30":"product_cat-portable-thermometers","31":"product_cat-pharmacy","32":"product_cat-breakdown-by-standard-directive","33":"product_tag-temperature","34":"product_tag-portable","35":"pa_dobavni_rok-in-stock","36":"pa_funkcija-temperature-measurement","37":"pa_izvedba-industrial","38":"pa_izvedba-precision-reference","39":"pa_lastnosti-naprav-portable","40":"pa_merilno-obmocje-50-250-c-en","41":"pa_merjene-velicine-temperature","42":"pa_napajanje-battery-operated","43":"pa_podrocje-food-industry","44":"pa_podrocje-food-industry-en","45":"pa_podrocje-gastronomy","46":"pa_podrocje-haccp-en","47":"pa_podrocje-transport","48":"pa_standardizacija-en-13485-en","49":"pa_standardizacija-ip65-en","50":"pa_uporaba-measuring-centre-temperatures","51":"pa_uporaba-storage","52":"pa_zapisovalnik-podatkov-no","54":"first","55":"instock","56":"taxable","57":"shipping-taxable","58":"purchasable","59":"product-type-simple","60":"add-to-wishlist-after_add_to_cart"},"yoast_head":"<!-- This site is optimized with the Yoast SEO Premium plugin v23.4 (Yoast SEO v23.4) - https:\/\/yoast.com\/wordpress\/plugins\/seo\/ -->\n<title>TLC 750i, EBRO combined IR\/bore thermometer -<\/title>\n<meta name=\"description\" content=\"TLC 750i temperature meter for measuring surface\/centre temperatures of foodstuffs. Contact\/non-contact measurement. -50 ... +250 \u00b0C. IP65.\" \/>\n<meta name=\"robots\" content=\"noindex, follow, max-snippet:-1, max-image-preview:large, max-video-preview:-1\" \/>\n<meta property=\"og:locale\" content=\"en_US\" \/>\n<meta property=\"og:type\" content=\"article\" \/>\n<meta property=\"og:title\" content=\"TLC 750i, EBRO combined IR\/bore thermometer\" \/>\n<meta property=\"og:description\" content=\"TLC 750i temperature meter for measuring surface\/centre temperatures of foodstuffs. Contact\/non-contact measurement. -50 ... +250 \u00b0C. IP65.\" \/>\n<meta property=\"og:url\" content=\"https:\/\/www.arhivelpro.dev-acenta.si\/en\/izdelek\/tlc-750i-combined-and-in-pinhole-thermometer-ebro\/\" \/>\n<meta property=\"article:publisher\" content=\"https:\/\/www.facebook.com\/elprolepenik\/\" \/>\n<meta property=\"article:modified_time\" content=\"2022-07-17T13:45:56+00:00\" \/>\n<meta property=\"og:image\" content=\"https:\/\/www.arhivelpro.dev-acenta.si\/wp-content\/uploads\/2020\/02\/ebi-12-12.png\" \/>\n\t<meta property=\"og:image:width\" content=\"940\" \/>\n\t<meta property=\"og:image:height\" content=\"788\" \/>\n\t<meta property=\"og:image:type\" content=\"image\/png\" \/>\n<meta name=\"twitter:card\" content=\"summary_large_image\" \/>\n<meta name=\"twitter:label1\" content=\"Price\" \/>\n\t<meta name=\"twitter:data1\" content=\"&euro;200.08\" \/>\n\t<meta name=\"twitter:label2\" content=\"Availability\" \/>\n\t<meta name=\"twitter:data2\" content=\"In stock\" \/>\n<script type=\"application\/ld+json\" class=\"yoast-schema-graph\">{\"@context\":\"https:\/\/schema.org\",\"@graph\":[{\"@type\":\"WebPage\",\"@id\":\"https:\/\/www.arhivelpro.dev-acenta.si\/en\/izdelek\/tlc-750i-combined-and-in-pinhole-thermometer-ebro\/\",\"url\":\"https:\/\/www.arhivelpro.dev-acenta.si\/en\/izdelek\/tlc-750i-combined-and-in-pinhole-thermometer-ebro\/\",\"name\":\"TLC 750i, EBRO combined IR\/bore thermometer -\",\"isPartOf\":{\"@id\":\"https:\/\/www.arhivelpro.dev-acenta.si\/en\/#website\"},\"primaryImageOfPage\":{\"@id\":\"https:\/\/www.arhivelpro.dev-acenta.si\/en\/izdelek\/tlc-750i-combined-and-in-pinhole-thermometer-ebro\/#primaryimage\"},\"image\":{\"@id\":\"https:\/\/www.arhivelpro.dev-acenta.si\/en\/izdelek\/tlc-750i-combined-and-in-pinhole-thermometer-ebro\/#primaryimage\"},\"thumbnailUrl\":\"https:\/\/www.arhivelpro.dev-acenta.si\/wp-content\/uploads\/2020\/02\/ebi-12-12.png\",\"datePublished\":\"2020-02-06T13:47:21+00:00\",\"dateModified\":\"2022-07-17T13:45:56+00:00\",\"description\":\"TLC 750i temperature meter for measuring surface\/centre temperatures of foodstuffs. Contact\/non-contact measurement. -50 ... +250 \u00b0C. IP65.\",\"breadcrumb\":{\"@id\":\"https:\/\/www.arhivelpro.dev-acenta.si\/en\/izdelek\/tlc-750i-combined-and-in-pinhole-thermometer-ebro\/#breadcrumb\"},\"inLanguage\":\"en-US\",\"potentialAction\":[{\"@type\":\"ReadAction\",\"target\":[\"https:\/\/www.arhivelpro.dev-acenta.si\/en\/izdelek\/tlc-750i-combined-and-in-pinhole-thermometer-ebro\/\"]}]},{\"@type\":\"ImageObject\",\"inLanguage\":\"en-US\",\"@id\":\"https:\/\/www.arhivelpro.dev-acenta.si\/en\/izdelek\/tlc-750i-combined-and-in-pinhole-thermometer-ebro\/#primaryimage\",\"url\":\"https:\/\/www.arhivelpro.dev-acenta.si\/wp-content\/uploads\/2020\/02\/ebi-12-12.png\",\"contentUrl\":\"https:\/\/www.arhivelpro.dev-acenta.si\/wp-content\/uploads\/2020\/02\/ebi-12-12.png\",\"width\":940,\"height\":788,\"caption\":\"TLC 750i_V2, TLC-750i-V2, TLC 750i V2, TLC_750i_V2, kombiniran infrarde\u010di \/ zlo\u017eljivi termometer EBRO, EBRO, TLC 750i-V2 kombiniran infrarde\u010di \/ zlo\u017eljivi termometer EBRO, vbodni termometer, brezkontaktnem pregledu vhodnega blaga, pregled vhodnega blaga, prebojna sonda, merjenje sredi\u0161\u010dne temperature, sredi\u0161\u010dna temperatura, HACCP, EN 13485, vodotesno ohi\u0161je, infrarde\u010di termometer, zlo\u017eljivi termometer, merilnik temperature, ,merilec temperature, merjenje temperature v skladi\u0161\u010dih, merjenje temperature v hladilnicah, dvojni laser, vrtljivi zaslon, IP65, nadzor hladne verige, hladna veriga, termometri za gostinstvo, termometri za \u017eivilsko industrijo, COVID, korona, toplomer, toplomer za korono, toplomer za \u017eivila, termometer za \u017eivilaTLC 750, prenosni termometer, TLC 750 IR termometer, infrarde\u010di in vbodni termometer, IR termometer, brezkontaktni termometer, laserski termometer, HACCP termometer, TLC 720, TLC 730, TLC720, TLC730, TLC750, vbodno termometer, merjenje temperature, meritev temperature, merilec temperature, temperaturni merilnik, sevalni termometer\"},{\"@type\":\"BreadcrumbList\",\"@id\":\"https:\/\/www.arhivelpro.dev-acenta.si\/en\/izdelek\/tlc-750i-combined-and-in-pinhole-thermometer-ebro\/#breadcrumb\",\"itemListElement\":[{\"@type\":\"ListItem\",\"position\":1,\"name\":\"Elpro\",\"item\":\"https:\/\/www.arhivelpro.dev-acenta.si\/en\/\"},{\"@type\":\"ListItem\",\"position\":2,\"name\":\"Products\",\"item\":\"https:\/\/www.arhivelpro.dev-acenta.si\/en\/products\/\"},{\"@type\":\"ListItem\",\"position\":3,\"name\":\"Thermometers, dataloggers, Ex\",\"item\":\"https:\/\/www.arhivelpro.dev-acenta.si\/en\/product-category\/thermometers-dataloggers-ex\/\"},{\"@type\":\"ListItem\",\"position\":4,\"name\":\"TLC 750i, EBRO combined IR\/bore thermometer\"}]},{\"@type\":\"WebSite\",\"@id\":\"https:\/\/www.arhivelpro.dev-acenta.si\/en\/#website\",\"url\":\"https:\/\/www.arhivelpro.dev-acenta.si\/en\/\",\"name\":\"\",\"description\":\"ELPRO \u2013 Elpro Lepenik proizvodnja temperaturnih tipal in merilno regulacijska tehnika\",\"publisher\":{\"@id\":\"https:\/\/www.arhivelpro.dev-acenta.si\/en\/#organization\"},\"potentialAction\":[{\"@type\":\"SearchAction\",\"target\":{\"@type\":\"EntryPoint\",\"urlTemplate\":\"https:\/\/www.arhivelpro.dev-acenta.si\/en\/?s={search_term_string}\"},\"query-input\":{\"@type\":\"PropertyValueSpecification\",\"valueRequired\":true,\"valueName\":\"search_term_string\"}}],\"inLanguage\":\"en-US\"},{\"@type\":[\"Organization\",\"Place\"],\"@id\":\"https:\/\/www.arhivelpro.dev-acenta.si\/en\/#organization\",\"name\":\"ELPRO\",\"url\":\"https:\/\/www.arhivelpro.dev-acenta.si\/en\/\",\"logo\":{\"@id\":\"https:\/\/www.arhivelpro.dev-acenta.si\/en\/izdelek\/tlc-750i-combined-and-in-pinhole-thermometer-ebro\/#local-main-organization-logo\"},\"image\":{\"@id\":\"https:\/\/www.arhivelpro.dev-acenta.si\/en\/izdelek\/tlc-750i-combined-and-in-pinhole-thermometer-ebro\/#local-main-organization-logo\"},\"sameAs\":[\"https:\/\/www.facebook.com\/elprolepenik\/\",\"https:\/\/www.linkedin.com\/company\/elpro-lepenik\/about\/\"],\"address\":{\"@id\":\"https:\/\/www.arhivelpro.dev-acenta.si\/en\/izdelek\/tlc-750i-combined-and-in-pinhole-thermometer-ebro\/#local-main-place-address\"},\"telephone\":[\"02 62 96 720\",\"041 626 771\"],\"openingHoursSpecification\":[{\"@type\":\"OpeningHoursSpecification\",\"dayOfWeek\":[\"Monday\",\"Tuesday\",\"Wednesday\",\"Thursday\",\"Friday\"],\"opens\":\"07:00\",\"closes\":\"16:00\"},{\"@type\":\"OpeningHoursSpecification\",\"dayOfWeek\":[\"Saturday\",\"Sunday\"],\"opens\":\"00:00\",\"closes\":\"00:00\"}],\"email\":\"info@elpro.si\",\"vatID\":\"41479220\",\"taxID\":\"SI41479220\"},{\"@type\":\"PostalAddress\",\"@id\":\"https:\/\/www.arhivelpro.dev-acenta.si\/en\/izdelek\/tlc-750i-combined-and-in-pinhole-thermometer-ebro\/#local-main-place-address\",\"streetAddress\":\"ELPRO LEPENIK & CO. d.o.o., Ob gozdu 7c, Rogoza\",\"addressLocality\":\"Miklav\u017e na Dravskem polju\",\"postalCode\":\"2204\",\"addressRegion\":\"Podravska\",\"addressCountry\":\"SI\"},{\"@type\":\"ImageObject\",\"inLanguage\":\"en-US\",\"@id\":\"https:\/\/www.arhivelpro.dev-acenta.si\/en\/izdelek\/tlc-750i-combined-and-in-pinhole-thermometer-ebro\/#local-main-organization-logo\",\"url\":\"https:\/\/www.arhivelpro.dev-acenta.si\/wp-content\/uploads\/2020\/02\/LOGO-Header.svg\",\"contentUrl\":\"https:\/\/www.arhivelpro.dev-acenta.si\/wp-content\/uploads\/2020\/02\/LOGO-Header.svg\",\"caption\":\"ELPRO\"}]}<\/script>\n<meta property=\"product:price:amount\" content=\"200.08\" \/>\n<meta property=\"product:price:currency\" content=\"EUR\" \/>\n<meta property=\"og:availability\" content=\"instock\" \/>\n<meta property=\"product:availability\" content=\"instock\" \/>\n<meta property=\"product:retailer_item_id\" content=\"TLC 750i\" \/>\n<meta property=\"product:condition\" content=\"new\" \/>\n<meta name=\"geo.placename\" content=\"Miklav\u017e na Dravskem polju\" \/>\n<meta name=\"geo.region\" content=\"Slovenia\" \/>\n<!-- \/ Yoast SEO Premium plugin. -->","yoast_head_json":{"title":"TLC 750i, EBRO combined IR\/bore thermometer -","description":"TLC 750i temperature meter for measuring surface\/centre temperatures of foodstuffs. Contact\/non-contact measurement. -50 ... +250 \u00b0C. IP65.","robots":{"index":"noindex","follow":"follow","max-snippet":"max-snippet:-1","max-image-preview":"max-image-preview:large","max-video-preview":"max-video-preview:-1"},"og_locale":"en_US","og_type":"article","og_title":"TLC 750i, EBRO combined IR\/bore thermometer","og_description":"TLC 750i temperature meter for measuring surface\/centre temperatures of foodstuffs. Contact\/non-contact measurement. -50 ... +250 \u00b0C. IP65.","og_url":"https:\/\/www.arhivelpro.dev-acenta.si\/en\/izdelek\/tlc-750i-combined-and-in-pinhole-thermometer-ebro\/","article_publisher":"https:\/\/www.facebook.com\/elprolepenik\/","article_modified_time":"2022-07-17T13:45:56+00:00","og_image":[{"width":940,"height":788,"url":"https:\/\/www.arhivelpro.dev-acenta.si\/wp-content\/uploads\/2020\/02\/ebi-12-12.png","type":"image\/png"}],"twitter_card":"summary_large_image","twitter_misc":{"Price":"&euro;200.08","Availability":"In stock"},"schema":{"@context":"https:\/\/schema.org","@graph":[{"@type":"WebPage","@id":"https:\/\/www.arhivelpro.dev-acenta.si\/en\/izdelek\/tlc-750i-combined-and-in-pinhole-thermometer-ebro\/","url":"https:\/\/www.arhivelpro.dev-acenta.si\/en\/izdelek\/tlc-750i-combined-and-in-pinhole-thermometer-ebro\/","name":"TLC 750i, EBRO combined IR\/bore thermometer -","isPartOf":{"@id":"https:\/\/www.arhivelpro.dev-acenta.si\/en\/#website"},"primaryImageOfPage":{"@id":"https:\/\/www.arhivelpro.dev-acenta.si\/en\/izdelek\/tlc-750i-combined-and-in-pinhole-thermometer-ebro\/#primaryimage"},"image":{"@id":"https:\/\/www.arhivelpro.dev-acenta.si\/en\/izdelek\/tlc-750i-combined-and-in-pinhole-thermometer-ebro\/#primaryimage"},"thumbnailUrl":"https:\/\/www.arhivelpro.dev-acenta.si\/wp-content\/uploads\/2020\/02\/ebi-12-12.png","datePublished":"2020-02-06T13:47:21+00:00","dateModified":"2022-07-17T13:45:56+00:00","description":"TLC 750i temperature meter for measuring surface\/centre temperatures of foodstuffs. Contact\/non-contact measurement. -50 ... +250 \u00b0C. IP65.","breadcrumb":{"@id":"https:\/\/www.arhivelpro.dev-acenta.si\/en\/izdelek\/tlc-750i-combined-and-in-pinhole-thermometer-ebro\/#breadcrumb"},"inLanguage":"en-US","potentialAction":[{"@type":"ReadAction","target":["https:\/\/www.arhivelpro.dev-acenta.si\/en\/izdelek\/tlc-750i-combined-and-in-pinhole-thermometer-ebro\/"]}]},{"@type":"ImageObject","inLanguage":"en-US","@id":"https:\/\/www.arhivelpro.dev-acenta.si\/en\/izdelek\/tlc-750i-combined-and-in-pinhole-thermometer-ebro\/#primaryimage","url":"https:\/\/www.arhivelpro.dev-acenta.si\/wp-content\/uploads\/2020\/02\/ebi-12-12.png","contentUrl":"https:\/\/www.arhivelpro.dev-acenta.si\/wp-content\/uploads\/2020\/02\/ebi-12-12.png","width":940,"height":788,"caption":"TLC 750i_V2, TLC-750i-V2, TLC 750i V2, TLC_750i_V2, kombiniran infrarde\u010di \/ zlo\u017eljivi termometer EBRO, EBRO, TLC 750i-V2 kombiniran infrarde\u010di \/ zlo\u017eljivi termometer EBRO, vbodni termometer, brezkontaktnem pregledu vhodnega blaga, pregled vhodnega blaga, prebojna sonda, merjenje sredi\u0161\u010dne temperature, sredi\u0161\u010dna temperatura, HACCP, EN 13485, vodotesno ohi\u0161je, infrarde\u010di termometer, zlo\u017eljivi termometer, merilnik temperature, ,merilec temperature, merjenje temperature v skladi\u0161\u010dih, merjenje temperature v hladilnicah, dvojni laser, vrtljivi zaslon, IP65, nadzor hladne verige, hladna veriga, termometri za gostinstvo, termometri za \u017eivilsko industrijo, COVID, korona, toplomer, toplomer za korono, toplomer za \u017eivila, termometer za \u017eivilaTLC 750, prenosni termometer, TLC 750 IR termometer, infrarde\u010di in vbodni termometer, IR termometer, brezkontaktni termometer, laserski termometer, HACCP termometer, TLC 720, TLC 730, TLC720, TLC730, TLC750, vbodno termometer, merjenje temperature, meritev temperature, merilec temperature, temperaturni merilnik, sevalni termometer"},{"@type":"BreadcrumbList","@id":"https:\/\/www.arhivelpro.dev-acenta.si\/en\/izdelek\/tlc-750i-combined-and-in-pinhole-thermometer-ebro\/#breadcrumb","itemListElement":[{"@type":"ListItem","position":1,"name":"Elpro","item":"https:\/\/www.arhivelpro.dev-acenta.si\/en\/"},{"@type":"ListItem","position":2,"name":"Products","item":"https:\/\/www.arhivelpro.dev-acenta.si\/en\/products\/"},{"@type":"ListItem","position":3,"name":"Thermometers, dataloggers, Ex","item":"https:\/\/www.arhivelpro.dev-acenta.si\/en\/product-category\/thermometers-dataloggers-ex\/"},{"@type":"ListItem","position":4,"name":"TLC 750i, EBRO combined IR\/bore thermometer"}]},{"@type":"WebSite","@id":"https:\/\/www.arhivelpro.dev-acenta.si\/en\/#website","url":"https:\/\/www.arhivelpro.dev-acenta.si\/en\/","name":"","description":"ELPRO \u2013 Elpro Lepenik proizvodnja temperaturnih tipal in merilno regulacijska tehnika","publisher":{"@id":"https:\/\/www.arhivelpro.dev-acenta.si\/en\/#organization"},"potentialAction":[{"@type":"SearchAction","target":{"@type":"EntryPoint","urlTemplate":"https:\/\/www.arhivelpro.dev-acenta.si\/en\/?s={search_term_string}"},"query-input":{"@type":"PropertyValueSpecification","valueRequired":true,"valueName":"search_term_string"}}],"inLanguage":"en-US"},{"@type":["Organization","Place"],"@id":"https:\/\/www.arhivelpro.dev-acenta.si\/en\/#organization","name":"ELPRO","url":"https:\/\/www.arhivelpro.dev-acenta.si\/en\/","logo":{"@id":"https:\/\/www.arhivelpro.dev-acenta.si\/en\/izdelek\/tlc-750i-combined-and-in-pinhole-thermometer-ebro\/#local-main-organization-logo"},"image":{"@id":"https:\/\/www.arhivelpro.dev-acenta.si\/en\/izdelek\/tlc-750i-combined-and-in-pinhole-thermometer-ebro\/#local-main-organization-logo"},"sameAs":["https:\/\/www.facebook.com\/elprolepenik\/","https:\/\/www.linkedin.com\/company\/elpro-lepenik\/about\/"],"address":{"@id":"https:\/\/www.arhivelpro.dev-acenta.si\/en\/izdelek\/tlc-750i-combined-and-in-pinhole-thermometer-ebro\/#local-main-place-address"},"telephone":["02 62 96 720","041 626 771"],"openingHoursSpecification":[{"@type":"OpeningHoursSpecification","dayOfWeek":["Monday","Tuesday","Wednesday","Thursday","Friday"],"opens":"07:00","closes":"16:00"},{"@type":"OpeningHoursSpecification","dayOfWeek":["Saturday","Sunday"],"opens":"00:00","closes":"00:00"}],"email":"info@elpro.si","vatID":"41479220","taxID":"SI41479220"},{"@type":"PostalAddress","@id":"https:\/\/www.arhivelpro.dev-acenta.si\/en\/izdelek\/tlc-750i-combined-and-in-pinhole-thermometer-ebro\/#local-main-place-address","streetAddress":"ELPRO LEPENIK & CO. d.o.o., Ob gozdu 7c, Rogoza","addressLocality":"Miklav\u017e na Dravskem polju","postalCode":"2204","addressRegion":"Podravska","addressCountry":"SI"},{"@type":"ImageObject","inLanguage":"en-US","@id":"https:\/\/www.arhivelpro.dev-acenta.si\/en\/izdelek\/tlc-750i-combined-and-in-pinhole-thermometer-ebro\/#local-main-organization-logo","url":"https:\/\/www.arhivelpro.dev-acenta.si\/wp-content\/uploads\/2020\/02\/LOGO-Header.svg","contentUrl":"https:\/\/www.arhivelpro.dev-acenta.si\/wp-content\/uploads\/2020\/02\/LOGO-Header.svg","caption":"ELPRO"}]},"product_price_amount":"200.08","product_price_currency":"EUR","og_availability":"instock","product_availability":"instock","product_retailer_item_id":"TLC 750i","product_condition":"new","geo.placename":"Miklav\u017e na Dravskem polju","geo.region":"Slovenia"},"brands":[{"id":32,"name":"Ebro","slug":"ebro"}],"_links":{"self":[{"href":"https:\/\/www.arhivelpro.dev-acenta.si\/en\/wp-json\/wp\/v2\/product\/48653"}],"collection":[{"href":"https:\/\/www.arhivelpro.dev-acenta.si\/en\/wp-json\/wp\/v2\/product"}],"about":[{"href":"https:\/\/www.arhivelpro.dev-acenta.si\/en\/wp-json\/wp\/v2\/types\/product"}],"wp:featuredmedia":[{"embeddable":true,"href":"https:\/\/www.arhivelpro.dev-acenta.si\/en\/wp-json\/wp\/v2\/media\/68821"}],"wp:attachment":[{"href":"https:\/\/www.arhivelpro.dev-acenta.si\/en\/wp-json\/wp\/v2\/media?parent=48653"}],"wp:term":[{"taxonomy":"pwb-brand","embeddable":true,"href":"https:\/\/www.arhivelpro.dev-acenta.si\/en\/wp-json\/wp\/v2\/pwb-brand?post=48653"},{"taxonomy":"product_cat","embeddable":true,"href":"https:\/\/www.arhivelpro.dev-acenta.si\/en\/wp-json\/wp\/v2\/product_cat?post=48653"},{"taxonomy":"product_tag","embeddable":true,"href":"https:\/\/www.arhivelpro.dev-acenta.si\/en\/wp-json\/wp\/v2\/product_tag?post=48653"}],"curies":[{"name":"wp","href":"https:\/\/api.w.org\/{rel}","templated":true}]}}