{"id":48475,"date":"2020-02-06T14:44:31","date_gmt":"2020-02-06T13:44:31","guid":{"rendered":"https:\/\/www.elpro.si\/izdelek\/el-marsh-casting-thermometer-professional-set-for-aluminium-copper-and-copper-alloy-melts\/"},"modified":"2023-10-20T09:53:44","modified_gmt":"2023-10-20T07:53:44","slug":"el-marsh-livar-thermometer-professional-set","status":"publish","type":"product","link":"https:\/\/www.arhivelpro.dev-acenta.si\/en\/izdelek\/el-marsh-livar-thermometer-professional-set\/","title":{"rendered":"EL-MARSH casting thermometer, professional set for aluminium, copper and copper alloy melts"},"content":{"rendered":"<p>The <strong>EL-MARSH casting thermometer, professional set for aluminium, copper and copper alloy melts<\/strong> consists of professional components for fast and efficient temperature measurement.<\/p>\n<p>The <strong>patented Marshall measuring tip<\/strong> is user-replaceable and has an extended lifetime of between 300 and 500 measurements on average.<\/p>\n<p>Careful users can easily achieve <strong>up to 1000 measurements<\/strong> with a single tip.<\/p>\n<p>The kit is made up entirely of top-quality components that are sustainable.<\/p>\n<p>&nbsp;<\/p>\n<h2>Contents of the EL-MARSH kit<\/h2>\n<p><a href=\"https:\/\/www.elpro.si\/izdelek\/tfn-520-smp-tehnoloski-prenosni-termometer-za-priklop-termoelementov\/\" target=\"_blank\" rel=\"noopener\"><strong>TFN 520-SMP thermometer<\/strong><\/a><\/p>\n<ul>\n<li>universal multi-purpose thermometer for use in industrial processes<\/li>\n<li>with protective silicone sleeve<\/li>\n<\/ul>\n<p><strong>T640 7000\/YEAR\/new<\/strong><\/p>\n<ul>\n<li>carrier pipe fi 15 mm l: 1000 mm with thread for thermocouple mounting<\/li>\n<li>sturdy handle in black plastic<\/li>\n<li>spiral connecting cable l: 1000 mm with miniature plug for connection to the TFN thermometer<\/li>\n<\/ul>\n<p><a href=\"https:\/\/www.elpro.si\/izdelek\/merilna-konica-za-prenosni-termoelement-za-taline-el-marsh\/\" target=\"_blank\" rel=\"noopener\"><strong>Marshall measuring tip = T640 7000\/MK\/nov  <\/strong><\/a><\/p>\n<ul>\n<li>NiCr-Ni thermocouple, type &#8220;K&#8221;, class 1 l: 381 mm immersion length l: 350 mm<\/li>\n<li>duration of measuring tip 300 &#8230; 500 measurements, depending on the melt temperature, Tmax.: 1260 \u00b0C<\/li>\n<\/ul>\n<p>&nbsp;<\/p>\n<p><strong><a href=\"info@elpro.si\" target=\"_blank\" rel=\"noopener\">PLEASE REQUEST<\/a> <\/strong>for other lengths of carrier tubes and measuring tips.<\/p>\n<p>&nbsp;<\/p>\n<h2><strong><span style=\"text-decoration: underline;\">Options (extra charge)<\/span><\/strong><\/h2>\n<ul>\n<li>Spare measuring tip for T640 7000\/MK\/nov portable thermocouple for melts<\/li>\n<li>Wall thermometer holder with silicone protection<\/li>\n<li>accredited calibration of the thermometer or the complete set in <strong><br \/>\n  <a href=\"https:\/\/www.elpro.si\/elpro-laboratorij-za-kalibracije\/\" target=\"_blank\" rel=\"noopener\">ELPRO Calibration Laboratory.<\/a><br \/>\n<\/strong><\/li>\n<\/ul>\n<p>&nbsp;<\/p>\n<h3>You are invited to read<\/h3>\n<ul>\n<li><a href=\"https:\/\/www.elpro.si\/elpro-lepenik-clanstvo-v-aiag\/\" target=\"_blank\" rel=\"noopener\">ELPRO LEPENIK membership of AIAG<\/a><\/li>\n<li><a href=\"https:\/\/www.elpro.si\/pomen-pravilne-montaze-termoelementov-na-talilnih-peceh\/\" target=\"_blank\" rel=\"noopener\">The importance of correct installation of thermocouples in melting furnaces<\/a><\/li>\n<li><a href=\"https:\/\/www.elpro.si\/total-cost-of-ownership-elpro-lepenik-co-d-o-o\/\" target=\"_blank\" rel=\"noopener\">Total cost of ownership &#8211; ELPRO LEPENIK &amp; CO. d.o.o.<\/a><\/li>\n<\/ul>\n<p>&nbsp;<\/p>\n<p><em>Other designations: EL MARSH, ELMARSH, EL_MARSH<\/em><\/p>\n","protected":false},"excerpt":{"rendered":"<p>The set consists of:<\/p>\n<ul>\n<li><a href=\"https:\/\/www.elpro.si\/izdelek\/tfn-520-smp-tehnoloski-prenosni-termometer-za-priklop-termoelementov\/\" target=\"_blank\" rel=\"noopener\">of the thermometer <strong>TFN 520-SMP<\/strong><\/a><\/li>\n<li><strong>Handle with carrying tube<\/strong> for measuring tip<\/li>\n<li><a href=\"https:\/\/www.elpro.si\/izdelek\/merilna-konica-za-prenosni-termoelement-za-taline-el-marsh\/\" target=\"_blank\" rel=\"noopener\"><strong>measuring tips<\/strong><\/a><\/li>\n<li><strong>silicone ther<\/strong> mometer <strong>protectors<\/strong> <\/li>\n<\/ul>\n","protected":false},"featured_media":90718,"template":"","meta":[],"pwb-brand":[31,1365,32],"product_cat":[1570,8712,8714,8717,8766,8827,8975,10287],"product_tag":[1608,1647],"class_list":{"0":"post-48475","1":"product","2":"type-product","3":"status-publish","4":"has-post-thumbnail","6":"pwb-brand-elpro-lepenik-prodaja-in-servis-merilno-regulacijske-tehnike","7":"pwb-brand-elpro-lepenik-proizvodnja-temperaturnih-tipal","8":"pwb-brand-ebro","9":"product_cat-uncategorized","10":"product_cat-thermometers-dataloggers-ex","11":"product_cat-thermometers","12":"product_cat-digital-thermometers","13":"product_cat-temperature-sensors","14":"product_cat-industry-temperature-sensors","15":"product_cat-portable-temperature-sensors","16":"product_cat-foundry-thermometer-professional-set-for-aluminium-copper-and-copper-alloy-melts","17":"product_tag-temperature","18":"product_tag-portable","19":"pa_dobavni_rok-3-5-days","20":"pa_funkcija-temperature-measurement","21":"pa_funkcija-thermometer-protection","22":"pa_merilno-obmocje-up-to-1260-c","23":"pa_merjene-velicine-temperature","24":"pa_uporaba-temperature-control-en","26":"first","27":"onbackorder","28":"taxable","29":"shipping-taxable","30":"product-type-simple","31":"add-to-wishlist-after_add_to_cart"},"yoast_head":"<!-- This site is optimized with the Yoast SEO Premium plugin v23.4 (Yoast SEO v23.4) - https:\/\/yoast.com\/wordpress\/plugins\/seo\/ -->\n<title>EL-MARSH casting thermometer, professional set for aluminium, copper and copper alloy melts -<\/title>\n<meta name=\"description\" content=\"EL-MARSH is a casting thermometer, made of robust professional components, for efficient temperature measurement of aluminium and other cast materials.\" \/>\n<meta name=\"robots\" content=\"noindex, follow, max-snippet:-1, max-image-preview:large, max-video-preview:-1\" \/>\n<meta property=\"og:locale\" content=\"en_US\" \/>\n<meta property=\"og:type\" content=\"article\" \/>\n<meta property=\"og:title\" content=\"EL-MARSH casting thermometer, professional set for aluminium, copper and copper alloy melts\" \/>\n<meta property=\"og:description\" content=\"EL-MARSH is a casting thermometer, made of robust professional components, for efficient temperature measurement of aluminium and other cast materials.\" \/>\n<meta property=\"og:url\" content=\"https:\/\/www.arhivelpro.dev-acenta.si\/en\/izdelek\/el-marsh-livar-thermometer-professional-set\/\" \/>\n<meta property=\"article:publisher\" content=\"https:\/\/www.facebook.com\/elprolepenik\/\" \/>\n<meta property=\"article:modified_time\" content=\"2023-10-20T07:53:44+00:00\" \/>\n<meta property=\"og:image\" content=\"https:\/\/www.arhivelpro.dev-acenta.si\/wp-content\/uploads\/2025\/04\/EL-MARSH.png\" \/>\n\t<meta property=\"og:image:width\" content=\"1018\" \/>\n\t<meta property=\"og:image:height\" content=\"810\" \/>\n\t<meta property=\"og:image:type\" content=\"image\/png\" \/>\n<meta name=\"twitter:card\" content=\"summary_large_image\" \/>\n<meta name=\"twitter:label1\" content=\"Price\" \/>\n\t<meta name=\"twitter:data1\" content=\"\" \/>\n\t<meta name=\"twitter:label2\" content=\"Availability\" \/>\n\t<meta name=\"twitter:data2\" content=\"On backorder\" \/>\n<script type=\"application\/ld+json\" class=\"yoast-schema-graph\">{\"@context\":\"https:\/\/schema.org\",\"@graph\":[{\"@type\":\"WebPage\",\"@id\":\"https:\/\/www.arhivelpro.dev-acenta.si\/en\/izdelek\/el-marsh-livar-thermometer-professional-set\/\",\"url\":\"https:\/\/www.arhivelpro.dev-acenta.si\/en\/izdelek\/el-marsh-livar-thermometer-professional-set\/\",\"name\":\"EL-MARSH casting thermometer, professional set for aluminium, copper and copper alloy melts -\",\"isPartOf\":{\"@id\":\"https:\/\/www.arhivelpro.dev-acenta.si\/en\/#website\"},\"primaryImageOfPage\":{\"@id\":\"https:\/\/www.arhivelpro.dev-acenta.si\/en\/izdelek\/el-marsh-livar-thermometer-professional-set\/#primaryimage\"},\"image\":{\"@id\":\"https:\/\/www.arhivelpro.dev-acenta.si\/en\/izdelek\/el-marsh-livar-thermometer-professional-set\/#primaryimage\"},\"thumbnailUrl\":\"https:\/\/www.arhivelpro.dev-acenta.si\/wp-content\/uploads\/2025\/04\/EL-MARSH.png\",\"datePublished\":\"2020-02-06T13:44:31+00:00\",\"dateModified\":\"2023-10-20T07:53:44+00:00\",\"description\":\"EL-MARSH is a casting thermometer, made of robust professional components, for efficient temperature measurement of aluminium and other cast materials.\",\"breadcrumb\":{\"@id\":\"https:\/\/www.arhivelpro.dev-acenta.si\/en\/izdelek\/el-marsh-livar-thermometer-professional-set\/#breadcrumb\"},\"inLanguage\":\"en-US\",\"potentialAction\":[{\"@type\":\"ReadAction\",\"target\":[\"https:\/\/www.arhivelpro.dev-acenta.si\/en\/izdelek\/el-marsh-livar-thermometer-professional-set\/\"]}]},{\"@type\":\"ImageObject\",\"inLanguage\":\"en-US\",\"@id\":\"https:\/\/www.arhivelpro.dev-acenta.si\/en\/izdelek\/el-marsh-livar-thermometer-professional-set\/#primaryimage\",\"url\":\"https:\/\/www.arhivelpro.dev-acenta.si\/wp-content\/uploads\/2025\/04\/EL-MARSH.png\",\"contentUrl\":\"https:\/\/www.arhivelpro.dev-acenta.si\/wp-content\/uploads\/2025\/04\/EL-MARSH.png\",\"width\":1018,\"height\":810,\"caption\":\"EL-MARSH livarski termometer, profesionalni set za taline aluminija, bakra in bakrovih litin, EL-MARSH, livarski termometer, termometer merile, merilec temperature, set za taline aluminija, set za taline bakra, set za taline bakrovih litin, merilna konica, Marshall, TERMOMETER TFN 520-SMP, silikonski ovoj, industrijski procesi, T640 7000\/RO\u010cAJ\/nov, MERILNA KONICA Marshall, T640 7000\/MK\/nov, termopar, kalibracija, akreditirana kalibracija, thermometer, merilnik, merilec, temperaturni merilnik, temperaturni merilec, merilnik temperature, merilec temperature, senzor, tipalo, sonda, ERILNA KONICA Marshall, EL MARSH, ELMARSH, EL_MARSH, ro\u010daja z nosilno cevjo za merilno konico, merilne konice, silikonske za\u0161\u010dite termometra\"},{\"@type\":\"BreadcrumbList\",\"@id\":\"https:\/\/www.arhivelpro.dev-acenta.si\/en\/izdelek\/el-marsh-livar-thermometer-professional-set\/#breadcrumb\",\"itemListElement\":[{\"@type\":\"ListItem\",\"position\":1,\"name\":\"Elpro\",\"item\":\"https:\/\/www.arhivelpro.dev-acenta.si\/en\/\"},{\"@type\":\"ListItem\",\"position\":2,\"name\":\"Products\",\"item\":\"https:\/\/www.arhivelpro.dev-acenta.si\/en\/products\/\"},{\"@type\":\"ListItem\",\"position\":3,\"name\":\"Uncategorized\",\"item\":\"https:\/\/www.arhivelpro.dev-acenta.si\/en\/product-category\/uncategorized\/\"},{\"@type\":\"ListItem\",\"position\":4,\"name\":\"EL-MARSH casting thermometer, professional set for aluminium, copper and copper alloy melts\"}]},{\"@type\":\"WebSite\",\"@id\":\"https:\/\/www.arhivelpro.dev-acenta.si\/en\/#website\",\"url\":\"https:\/\/www.arhivelpro.dev-acenta.si\/en\/\",\"name\":\"\",\"description\":\"ELPRO \u2013 Elpro Lepenik proizvodnja temperaturnih tipal in merilno regulacijska tehnika\",\"publisher\":{\"@id\":\"https:\/\/www.arhivelpro.dev-acenta.si\/en\/#organization\"},\"potentialAction\":[{\"@type\":\"SearchAction\",\"target\":{\"@type\":\"EntryPoint\",\"urlTemplate\":\"https:\/\/www.arhivelpro.dev-acenta.si\/en\/?s={search_term_string}\"},\"query-input\":{\"@type\":\"PropertyValueSpecification\",\"valueRequired\":true,\"valueName\":\"search_term_string\"}}],\"inLanguage\":\"en-US\"},{\"@type\":[\"Organization\",\"Place\"],\"@id\":\"https:\/\/www.arhivelpro.dev-acenta.si\/en\/#organization\",\"name\":\"ELPRO\",\"url\":\"https:\/\/www.arhivelpro.dev-acenta.si\/en\/\",\"logo\":{\"@id\":\"https:\/\/www.arhivelpro.dev-acenta.si\/en\/izdelek\/el-marsh-livar-thermometer-professional-set\/#local-main-organization-logo\"},\"image\":{\"@id\":\"https:\/\/www.arhivelpro.dev-acenta.si\/en\/izdelek\/el-marsh-livar-thermometer-professional-set\/#local-main-organization-logo\"},\"sameAs\":[\"https:\/\/www.facebook.com\/elprolepenik\/\",\"https:\/\/www.linkedin.com\/company\/elpro-lepenik\/about\/\"],\"address\":{\"@id\":\"https:\/\/www.arhivelpro.dev-acenta.si\/en\/izdelek\/el-marsh-livar-thermometer-professional-set\/#local-main-place-address\"},\"telephone\":[\"02 62 96 720\",\"041 626 771\"],\"openingHoursSpecification\":[{\"@type\":\"OpeningHoursSpecification\",\"dayOfWeek\":[\"Monday\",\"Tuesday\",\"Wednesday\",\"Thursday\",\"Friday\"],\"opens\":\"07:00\",\"closes\":\"16:00\"},{\"@type\":\"OpeningHoursSpecification\",\"dayOfWeek\":[\"Saturday\",\"Sunday\"],\"opens\":\"00:00\",\"closes\":\"00:00\"}],\"email\":\"info@elpro.si\",\"vatID\":\"41479220\",\"taxID\":\"SI41479220\"},{\"@type\":\"PostalAddress\",\"@id\":\"https:\/\/www.arhivelpro.dev-acenta.si\/en\/izdelek\/el-marsh-livar-thermometer-professional-set\/#local-main-place-address\",\"streetAddress\":\"ELPRO LEPENIK & CO. d.o.o., Ob gozdu 7c, Rogoza\",\"addressLocality\":\"Miklav\u017e na Dravskem polju\",\"postalCode\":\"2204\",\"addressRegion\":\"Podravska\",\"addressCountry\":\"SI\"},{\"@type\":\"ImageObject\",\"inLanguage\":\"en-US\",\"@id\":\"https:\/\/www.arhivelpro.dev-acenta.si\/en\/izdelek\/el-marsh-livar-thermometer-professional-set\/#local-main-organization-logo\",\"url\":\"https:\/\/www.arhivelpro.dev-acenta.si\/wp-content\/uploads\/2020\/02\/LOGO-Header.svg\",\"contentUrl\":\"https:\/\/www.arhivelpro.dev-acenta.si\/wp-content\/uploads\/2020\/02\/LOGO-Header.svg\",\"caption\":\"ELPRO\"}]}<\/script>\n<meta property=\"product:price:amount\" content=\"0.00\" \/>\n<meta property=\"product:price:currency\" content=\"EUR\" \/>\n<meta property=\"og:availability\" content=\"backorder\" \/>\n<meta property=\"product:availability\" content=\"available for order\" \/>\n<meta property=\"product:retailer_item_id\" content=\"EL-MARSH\" \/>\n<meta property=\"product:condition\" content=\"new\" \/>\n<meta name=\"geo.placename\" content=\"Miklav\u017e na Dravskem polju\" \/>\n<meta name=\"geo.region\" content=\"Slovenia\" \/>\n<!-- \/ Yoast SEO Premium plugin. -->","yoast_head_json":{"title":"EL-MARSH casting thermometer, professional set for aluminium, copper and copper alloy melts -","description":"EL-MARSH is a casting thermometer, made of robust professional components, for efficient temperature measurement of aluminium and other cast materials.","robots":{"index":"noindex","follow":"follow","max-snippet":"max-snippet:-1","max-image-preview":"max-image-preview:large","max-video-preview":"max-video-preview:-1"},"og_locale":"en_US","og_type":"article","og_title":"EL-MARSH casting thermometer, professional set for aluminium, copper and copper alloy melts","og_description":"EL-MARSH is a casting thermometer, made of robust professional components, for efficient temperature measurement of aluminium and other cast materials.","og_url":"https:\/\/www.arhivelpro.dev-acenta.si\/en\/izdelek\/el-marsh-livar-thermometer-professional-set\/","article_publisher":"https:\/\/www.facebook.com\/elprolepenik\/","article_modified_time":"2023-10-20T07:53:44+00:00","og_image":[{"width":1018,"height":810,"url":"https:\/\/www.arhivelpro.dev-acenta.si\/wp-content\/uploads\/2025\/04\/EL-MARSH.png","type":"image\/png"}],"twitter_card":"summary_large_image","twitter_misc":{"Price":"","Availability":"On backorder"},"schema":{"@context":"https:\/\/schema.org","@graph":[{"@type":"WebPage","@id":"https:\/\/www.arhivelpro.dev-acenta.si\/en\/izdelek\/el-marsh-livar-thermometer-professional-set\/","url":"https:\/\/www.arhivelpro.dev-acenta.si\/en\/izdelek\/el-marsh-livar-thermometer-professional-set\/","name":"EL-MARSH casting thermometer, professional set for aluminium, copper and copper alloy melts -","isPartOf":{"@id":"https:\/\/www.arhivelpro.dev-acenta.si\/en\/#website"},"primaryImageOfPage":{"@id":"https:\/\/www.arhivelpro.dev-acenta.si\/en\/izdelek\/el-marsh-livar-thermometer-professional-set\/#primaryimage"},"image":{"@id":"https:\/\/www.arhivelpro.dev-acenta.si\/en\/izdelek\/el-marsh-livar-thermometer-professional-set\/#primaryimage"},"thumbnailUrl":"https:\/\/www.arhivelpro.dev-acenta.si\/wp-content\/uploads\/2025\/04\/EL-MARSH.png","datePublished":"2020-02-06T13:44:31+00:00","dateModified":"2023-10-20T07:53:44+00:00","description":"EL-MARSH is a casting thermometer, made of robust professional components, for efficient temperature measurement of aluminium and other cast materials.","breadcrumb":{"@id":"https:\/\/www.arhivelpro.dev-acenta.si\/en\/izdelek\/el-marsh-livar-thermometer-professional-set\/#breadcrumb"},"inLanguage":"en-US","potentialAction":[{"@type":"ReadAction","target":["https:\/\/www.arhivelpro.dev-acenta.si\/en\/izdelek\/el-marsh-livar-thermometer-professional-set\/"]}]},{"@type":"ImageObject","inLanguage":"en-US","@id":"https:\/\/www.arhivelpro.dev-acenta.si\/en\/izdelek\/el-marsh-livar-thermometer-professional-set\/#primaryimage","url":"https:\/\/www.arhivelpro.dev-acenta.si\/wp-content\/uploads\/2025\/04\/EL-MARSH.png","contentUrl":"https:\/\/www.arhivelpro.dev-acenta.si\/wp-content\/uploads\/2025\/04\/EL-MARSH.png","width":1018,"height":810,"caption":"EL-MARSH livarski termometer, profesionalni set za taline aluminija, bakra in bakrovih litin, EL-MARSH, livarski termometer, termometer merile, merilec temperature, set za taline aluminija, set za taline bakra, set za taline bakrovih litin, merilna konica, Marshall, TERMOMETER TFN 520-SMP, silikonski ovoj, industrijski procesi, T640 7000\/RO\u010cAJ\/nov, MERILNA KONICA Marshall, T640 7000\/MK\/nov, termopar, kalibracija, akreditirana kalibracija, thermometer, merilnik, merilec, temperaturni merilnik, temperaturni merilec, merilnik temperature, merilec temperature, senzor, tipalo, sonda, ERILNA KONICA Marshall, EL MARSH, ELMARSH, EL_MARSH, ro\u010daja z nosilno cevjo za merilno konico, merilne konice, silikonske za\u0161\u010dite termometra"},{"@type":"BreadcrumbList","@id":"https:\/\/www.arhivelpro.dev-acenta.si\/en\/izdelek\/el-marsh-livar-thermometer-professional-set\/#breadcrumb","itemListElement":[{"@type":"ListItem","position":1,"name":"Elpro","item":"https:\/\/www.arhivelpro.dev-acenta.si\/en\/"},{"@type":"ListItem","position":2,"name":"Products","item":"https:\/\/www.arhivelpro.dev-acenta.si\/en\/products\/"},{"@type":"ListItem","position":3,"name":"Uncategorized","item":"https:\/\/www.arhivelpro.dev-acenta.si\/en\/product-category\/uncategorized\/"},{"@type":"ListItem","position":4,"name":"EL-MARSH casting thermometer, professional set for aluminium, copper and copper alloy melts"}]},{"@type":"WebSite","@id":"https:\/\/www.arhivelpro.dev-acenta.si\/en\/#website","url":"https:\/\/www.arhivelpro.dev-acenta.si\/en\/","name":"","description":"ELPRO \u2013 Elpro Lepenik proizvodnja temperaturnih tipal in merilno regulacijska tehnika","publisher":{"@id":"https:\/\/www.arhivelpro.dev-acenta.si\/en\/#organization"},"potentialAction":[{"@type":"SearchAction","target":{"@type":"EntryPoint","urlTemplate":"https:\/\/www.arhivelpro.dev-acenta.si\/en\/?s={search_term_string}"},"query-input":{"@type":"PropertyValueSpecification","valueRequired":true,"valueName":"search_term_string"}}],"inLanguage":"en-US"},{"@type":["Organization","Place"],"@id":"https:\/\/www.arhivelpro.dev-acenta.si\/en\/#organization","name":"ELPRO","url":"https:\/\/www.arhivelpro.dev-acenta.si\/en\/","logo":{"@id":"https:\/\/www.arhivelpro.dev-acenta.si\/en\/izdelek\/el-marsh-livar-thermometer-professional-set\/#local-main-organization-logo"},"image":{"@id":"https:\/\/www.arhivelpro.dev-acenta.si\/en\/izdelek\/el-marsh-livar-thermometer-professional-set\/#local-main-organization-logo"},"sameAs":["https:\/\/www.facebook.com\/elprolepenik\/","https:\/\/www.linkedin.com\/company\/elpro-lepenik\/about\/"],"address":{"@id":"https:\/\/www.arhivelpro.dev-acenta.si\/en\/izdelek\/el-marsh-livar-thermometer-professional-set\/#local-main-place-address"},"telephone":["02 62 96 720","041 626 771"],"openingHoursSpecification":[{"@type":"OpeningHoursSpecification","dayOfWeek":["Monday","Tuesday","Wednesday","Thursday","Friday"],"opens":"07:00","closes":"16:00"},{"@type":"OpeningHoursSpecification","dayOfWeek":["Saturday","Sunday"],"opens":"00:00","closes":"00:00"}],"email":"info@elpro.si","vatID":"41479220","taxID":"SI41479220"},{"@type":"PostalAddress","@id":"https:\/\/www.arhivelpro.dev-acenta.si\/en\/izdelek\/el-marsh-livar-thermometer-professional-set\/#local-main-place-address","streetAddress":"ELPRO LEPENIK & CO. d.o.o., Ob gozdu 7c, Rogoza","addressLocality":"Miklav\u017e na Dravskem polju","postalCode":"2204","addressRegion":"Podravska","addressCountry":"SI"},{"@type":"ImageObject","inLanguage":"en-US","@id":"https:\/\/www.arhivelpro.dev-acenta.si\/en\/izdelek\/el-marsh-livar-thermometer-professional-set\/#local-main-organization-logo","url":"https:\/\/www.arhivelpro.dev-acenta.si\/wp-content\/uploads\/2020\/02\/LOGO-Header.svg","contentUrl":"https:\/\/www.arhivelpro.dev-acenta.si\/wp-content\/uploads\/2020\/02\/LOGO-Header.svg","caption":"ELPRO"}]},"product_price_amount":"0.00","product_price_currency":"EUR","og_availability":"backorder","product_availability":"available for order","product_retailer_item_id":"EL-MARSH","product_condition":"new","geo.placename":"Miklav\u017e na Dravskem polju","geo.region":"Slovenia"},"brands":[{"id":31,"name":"ELPRO LEPENIK prodaja in servis merilno-regulacijske tehnike","slug":"elpro-lepenik-prodaja-in-servis-merilno-regulacijske-tehnike"},{"id":1365,"name":"ELPRO LEPENIK proizvodnja temperaturnih tipal","slug":"elpro-lepenik-proizvodnja-temperaturnih-tipal"},{"id":32,"name":"Ebro","slug":"ebro"}],"_links":{"self":[{"href":"https:\/\/www.arhivelpro.dev-acenta.si\/en\/wp-json\/wp\/v2\/product\/48475"}],"collection":[{"href":"https:\/\/www.arhivelpro.dev-acenta.si\/en\/wp-json\/wp\/v2\/product"}],"about":[{"href":"https:\/\/www.arhivelpro.dev-acenta.si\/en\/wp-json\/wp\/v2\/types\/product"}],"wp:featuredmedia":[{"embeddable":true,"href":"https:\/\/www.arhivelpro.dev-acenta.si\/en\/wp-json\/wp\/v2\/media\/90718"}],"wp:attachment":[{"href":"https:\/\/www.arhivelpro.dev-acenta.si\/en\/wp-json\/wp\/v2\/media?parent=48475"}],"wp:term":[{"taxonomy":"pwb-brand","embeddable":true,"href":"https:\/\/www.arhivelpro.dev-acenta.si\/en\/wp-json\/wp\/v2\/pwb-brand?post=48475"},{"taxonomy":"product_cat","embeddable":true,"href":"https:\/\/www.arhivelpro.dev-acenta.si\/en\/wp-json\/wp\/v2\/product_cat?post=48475"},{"taxonomy":"product_tag","embeddable":true,"href":"https:\/\/www.arhivelpro.dev-acenta.si\/en\/wp-json\/wp\/v2\/product_tag?post=48475"}],"curies":[{"name":"wp","href":"https:\/\/api.w.org\/{rel}","templated":true}]}}