{"id":48469,"date":"2020-02-06T14:44:13","date_gmt":"2020-02-06T13:44:13","guid":{"rendered":"https:\/\/www.elpro.si\/izdelek\/pyrocube-g-infrared-ir-temperature-sensor-for-glass-temperature-measurement-calex\/"},"modified":"2022-07-16T22:18:21","modified_gmt":"2022-07-16T20:18:21","slug":"pyrocube-g-high-response-infrared-and-temperature-sensor-calex","status":"publish","type":"product","link":"https:\/\/www.arhivelpro.dev-acenta.si\/en\/izdelek\/pyrocube-g-high-response-infrared-and-temperature-sensor-calex\/","title":{"rendered":"PyroCube G infrared (IR) temperature sensor for glass temperature measurement CALEX"},"content":{"rendered":"<p>The <strong>PyroCube G<\/strong> <strong>fast-response infrared (IR) temperature sensor<\/strong> from CALEX has a very small measuring point and an additional LED spot illumination of the measuring point.<\/p>\n<p>The response time of the infrared temperature sensor is 10 ms. PyroCube G is supplied in combination with the PM030 touchscreen display (optional). The infrared temperature sensor is designed to measure the temperature of glass.<\/p>\n<p>&nbsp;<\/p>\n<h2>Benefits<\/h2>\n<ul>\n<li>measuring range: 100 &#8230; 2400 \u00b0C<\/li>\n<li>t90 response time: 50 ms (G model); 10 ms (GH model)<\/li>\n<li>LED illumination during the reading shows the position and size of the measured point<\/li>\n<li>extremely small measuring point: 2.2 mm<\/li>\n<\/ul>\n<p>&nbsp;<\/p>\n<h2> <strong>PyroCube G<\/strong> features<\/h2>\n<ul>\n<li>multilingual touchscreen display with configuration and data logger (optional)<\/li>\n<li>not intended for measuring body temperature<\/li>\n<li>outputs: current, voltage and alarm<\/li>\n<li>RS232C Modbus RTU<\/li>\n<li>Accuracy: \u00b13 \u00b0C (G and GH models); 2% of reading (GH model)<\/li>\n<li>repeatability: \u00b11 \u00b0C reading (G model); \u00b10.2 \u00b0C reading (GH model)<\/li>\n<li>spectral range: 5 \u00b5m<\/li>\n<li>supply voltage: 5 to 27 V DC, 100 mA max<\/li>\n<li>IP 67 protection<\/li>\n<li>Weight: 85 g (G model); 190 g (GH model)<\/li>\n<\/ul>\n<p>&nbsp;<\/p>\n<p>For installation instructions, accessories and to order, please follow <a href=\"https:\/\/www.calex.co.uk\/product\/temperature-measurement\/infrared-temperature-sensors\/pyrocube-g\/\" target=\"_blank\" rel=\"noopener noreferrer\">this link<\/a>.<\/p>\n<p><strong><em>You can find much more useful information in the Documentation tab. Please refer to the technical documentation for options, add-ons and accessories.<\/em><\/strong><\/p>\n","protected":false},"excerpt":{"rendered":"<ul>\n<li>operating temperature range: 100 &#8230; 2400 \u00b0C<\/li>\n<li>t90 response time: 50 ms (G model); 10 ms (GH model)<\/li>\n<li>RS232C Modbus RTU<\/li>\n<li>Accuracy: \u00b13 \u00b0C (G and GH models); 2% of reading (GH model)<\/li>\n<li>repeatability: \u00b11 \u00b0C reading (G model); \u00b10.2 \u00b0C reading (GH model)<\/li>\n<li>spectral range: 5 \u00b5m<\/li>\n<li>supply voltage: 5 to 27 V DC, 100 mA max<\/li>\n<li>IP 67 protection<\/li>\n<li>Weight: 85 g (G model); 190 g (GH model)<\/li>\n<\/ul>\n<p><!-- &nbsp; &nbsp; &nbsp; - temperaturno obmo\u010dje: 50&deg;C ... 2400&deg;C - dol\u017eina kabla: 2 m, 5 m ali 10 m - odzivni \u010das: 50 ms (G model), 10 ms (GH model) - rde\u010da LED lu\u010dka prika\u017ee pozicijo in velikost merilnega obmo\u010dja - to\u010dnost: &plusmn; 3&deg;C - ponovljivost: &plusmn;0.5&deg;C - stopnja IP za&scaron;\u010dite: IP67 - temperatura delovnega okolja: 0&deg;C ... 50&deg;C \/\/--><\/p>\n","protected":false},"featured_media":22534,"template":"","meta":[],"pwb-brand":[38],"product_cat":[8565,8712,8714,8717,9694],"product_tag":[1608,1648,6639],"class_list":{"0":"post-48469","1":"product","2":"type-product","3":"status-publish","4":"has-post-thumbnail","6":"pwb-brand-calex","7":"product_cat-infrared-ir-meters","8":"product_cat-thermometers-dataloggers-ex","9":"product_cat-thermometers","10":"product_cat-digital-thermometers","11":"product_cat-calex-fixed-infrared-ir-temperature-meters","12":"product_tag-temperature","13":"product_tag-monitoring-en","14":"product_tag-regulation-automation","15":"pa_izhod-komunikacija-4-20-ma-en","16":"pa_izhod-komunikacija-rs232c-modbus-rtu-en","17":"pa_izvedba-industrial","18":"pa_merilno-obmocje-100-2400-c-en","19":"pa_merjene-velicine-temperature","20":"pa_napajanje-100-ma-en","21":"pa_napajanje-5-27-v-dc-en","22":"pa_standardizacija-ip67-en","23":"pa_zapisovalnik-podatkov-no","25":"first","26":"onbackorder","27":"taxable","28":"shipping-taxable","29":"product-type-simple","30":"add-to-wishlist-after_add_to_cart"},"yoast_head":"<!-- This site is optimized with the Yoast SEO Premium plugin v23.4 (Yoast SEO v23.4) - https:\/\/yoast.com\/wordpress\/plugins\/seo\/ -->\n<title>PyroCube G infrared (IR) temperature sensor for glass temperature measurement CALEX -<\/title>\n<meta name=\"description\" content=\"PyroCube G IR temperature sensor with additional LED spot illumination of the measuring point, for glass temperature measurement. Response time 10 ms.\" \/>\n<meta name=\"robots\" content=\"noindex, follow, max-snippet:-1, max-image-preview:large, max-video-preview:-1\" \/>\n<meta property=\"og:locale\" content=\"en_US\" \/>\n<meta property=\"og:type\" content=\"article\" \/>\n<meta property=\"og:title\" content=\"PyroCube G infrared (IR) temperature sensor for glass temperature measurement CALEX\" \/>\n<meta property=\"og:description\" content=\"PyroCube G IR temperature sensor with additional LED spot illumination of the measuring point, for glass temperature measurement. Response time 10 ms.\" \/>\n<meta property=\"og:url\" content=\"https:\/\/www.arhivelpro.dev-acenta.si\/en\/izdelek\/pyrocube-g-high-response-infrared-and-temperature-sensor-calex\/\" \/>\n<meta property=\"article:publisher\" content=\"https:\/\/www.facebook.com\/elprolepenik\/\" \/>\n<meta property=\"article:modified_time\" content=\"2022-07-16T20:18:21+00:00\" \/>\n<meta property=\"og:image\" content=\"https:\/\/www.arhivelpro.dev-acenta.si\/wp-content\/uploads\/2020\/02\/PYROCUBE-G-1.jpg\" \/>\n\t<meta property=\"og:image:width\" content=\"513\" \/>\n\t<meta property=\"og:image:height\" content=\"559\" \/>\n\t<meta property=\"og:image:type\" content=\"image\/jpeg\" \/>\n<meta name=\"twitter:card\" content=\"summary_large_image\" \/>\n<meta name=\"twitter:label1\" content=\"Price\" \/>\n\t<meta name=\"twitter:data1\" content=\"\" \/>\n\t<meta name=\"twitter:label2\" content=\"Availability\" \/>\n\t<meta name=\"twitter:data2\" content=\"On backorder\" \/>\n<script type=\"application\/ld+json\" class=\"yoast-schema-graph\">{\"@context\":\"https:\/\/schema.org\",\"@graph\":[{\"@type\":\"WebPage\",\"@id\":\"https:\/\/www.arhivelpro.dev-acenta.si\/en\/izdelek\/pyrocube-g-high-response-infrared-and-temperature-sensor-calex\/\",\"url\":\"https:\/\/www.arhivelpro.dev-acenta.si\/en\/izdelek\/pyrocube-g-high-response-infrared-and-temperature-sensor-calex\/\",\"name\":\"PyroCube G infrared (IR) temperature sensor for glass temperature measurement CALEX -\",\"isPartOf\":{\"@id\":\"https:\/\/www.arhivelpro.dev-acenta.si\/en\/#website\"},\"primaryImageOfPage\":{\"@id\":\"https:\/\/www.arhivelpro.dev-acenta.si\/en\/izdelek\/pyrocube-g-high-response-infrared-and-temperature-sensor-calex\/#primaryimage\"},\"image\":{\"@id\":\"https:\/\/www.arhivelpro.dev-acenta.si\/en\/izdelek\/pyrocube-g-high-response-infrared-and-temperature-sensor-calex\/#primaryimage\"},\"thumbnailUrl\":\"https:\/\/www.arhivelpro.dev-acenta.si\/wp-content\/uploads\/2020\/02\/PYROCUBE-G-1.jpg\",\"datePublished\":\"2020-02-06T13:44:13+00:00\",\"dateModified\":\"2022-07-16T20:18:21+00:00\",\"description\":\"PyroCube G IR temperature sensor with additional LED spot illumination of the measuring point, for glass temperature measurement. Response time 10 ms.\",\"breadcrumb\":{\"@id\":\"https:\/\/www.arhivelpro.dev-acenta.si\/en\/izdelek\/pyrocube-g-high-response-infrared-and-temperature-sensor-calex\/#breadcrumb\"},\"inLanguage\":\"en-US\",\"potentialAction\":[{\"@type\":\"ReadAction\",\"target\":[\"https:\/\/www.arhivelpro.dev-acenta.si\/en\/izdelek\/pyrocube-g-high-response-infrared-and-temperature-sensor-calex\/\"]}]},{\"@type\":\"ImageObject\",\"inLanguage\":\"en-US\",\"@id\":\"https:\/\/www.arhivelpro.dev-acenta.si\/en\/izdelek\/pyrocube-g-high-response-infrared-and-temperature-sensor-calex\/#primaryimage\",\"url\":\"https:\/\/www.arhivelpro.dev-acenta.si\/wp-content\/uploads\/2020\/02\/PYROCUBE-G-1.jpg\",\"contentUrl\":\"https:\/\/www.arhivelpro.dev-acenta.si\/wp-content\/uploads\/2020\/02\/PYROCUBE-G-1.jpg\",\"width\":513,\"height\":559,\"caption\":\"Pyro Cube G, IR sensor, temperature sensor, sensor with transducer, miniature sensor, IR sensor, detector, fast response time, radiant thermometer, meter, gauge, gauge, temperature gauge, temperature meter, temperature gauge, temperature meter, temperature gauge, Modbus RTU, IP 67\"},{\"@type\":\"BreadcrumbList\",\"@id\":\"https:\/\/www.arhivelpro.dev-acenta.si\/en\/izdelek\/pyrocube-g-high-response-infrared-and-temperature-sensor-calex\/#breadcrumb\",\"itemListElement\":[{\"@type\":\"ListItem\",\"position\":1,\"name\":\"Elpro\",\"item\":\"https:\/\/www.arhivelpro.dev-acenta.si\/en\/\"},{\"@type\":\"ListItem\",\"position\":2,\"name\":\"Products\",\"item\":\"https:\/\/www.arhivelpro.dev-acenta.si\/en\/products\/\"},{\"@type\":\"ListItem\",\"position\":3,\"name\":\"Infrared (IR) meters\",\"item\":\"https:\/\/www.arhivelpro.dev-acenta.si\/en\/product-category\/infrared-ir-meters\/\"},{\"@type\":\"ListItem\",\"position\":4,\"name\":\"PyroCube G infrared (IR) temperature sensor for glass temperature measurement CALEX\"}]},{\"@type\":\"WebSite\",\"@id\":\"https:\/\/www.arhivelpro.dev-acenta.si\/en\/#website\",\"url\":\"https:\/\/www.arhivelpro.dev-acenta.si\/en\/\",\"name\":\"\",\"description\":\"ELPRO \u2013 Elpro Lepenik proizvodnja temperaturnih tipal in merilno regulacijska tehnika\",\"publisher\":{\"@id\":\"https:\/\/www.arhivelpro.dev-acenta.si\/en\/#organization\"},\"potentialAction\":[{\"@type\":\"SearchAction\",\"target\":{\"@type\":\"EntryPoint\",\"urlTemplate\":\"https:\/\/www.arhivelpro.dev-acenta.si\/en\/?s={search_term_string}\"},\"query-input\":{\"@type\":\"PropertyValueSpecification\",\"valueRequired\":true,\"valueName\":\"search_term_string\"}}],\"inLanguage\":\"en-US\"},{\"@type\":[\"Organization\",\"Place\"],\"@id\":\"https:\/\/www.arhivelpro.dev-acenta.si\/en\/#organization\",\"name\":\"ELPRO\",\"url\":\"https:\/\/www.arhivelpro.dev-acenta.si\/en\/\",\"logo\":{\"@id\":\"https:\/\/www.arhivelpro.dev-acenta.si\/en\/izdelek\/pyrocube-g-high-response-infrared-and-temperature-sensor-calex\/#local-main-organization-logo\"},\"image\":{\"@id\":\"https:\/\/www.arhivelpro.dev-acenta.si\/en\/izdelek\/pyrocube-g-high-response-infrared-and-temperature-sensor-calex\/#local-main-organization-logo\"},\"sameAs\":[\"https:\/\/www.facebook.com\/elprolepenik\/\",\"https:\/\/www.linkedin.com\/company\/elpro-lepenik\/about\/\"],\"address\":{\"@id\":\"https:\/\/www.arhivelpro.dev-acenta.si\/en\/izdelek\/pyrocube-g-high-response-infrared-and-temperature-sensor-calex\/#local-main-place-address\"},\"telephone\":[\"02 62 96 720\",\"041 626 771\"],\"openingHoursSpecification\":[{\"@type\":\"OpeningHoursSpecification\",\"dayOfWeek\":[\"Monday\",\"Tuesday\",\"Wednesday\",\"Thursday\",\"Friday\"],\"opens\":\"07:00\",\"closes\":\"16:00\"},{\"@type\":\"OpeningHoursSpecification\",\"dayOfWeek\":[\"Saturday\",\"Sunday\"],\"opens\":\"00:00\",\"closes\":\"00:00\"}],\"email\":\"info@elpro.si\",\"vatID\":\"41479220\",\"taxID\":\"SI41479220\"},{\"@type\":\"PostalAddress\",\"@id\":\"https:\/\/www.arhivelpro.dev-acenta.si\/en\/izdelek\/pyrocube-g-high-response-infrared-and-temperature-sensor-calex\/#local-main-place-address\",\"streetAddress\":\"ELPRO LEPENIK & CO. d.o.o., Ob gozdu 7c, Rogoza\",\"addressLocality\":\"Miklav\u017e na Dravskem polju\",\"postalCode\":\"2204\",\"addressRegion\":\"Podravska\",\"addressCountry\":\"SI\"},{\"@type\":\"ImageObject\",\"inLanguage\":\"en-US\",\"@id\":\"https:\/\/www.arhivelpro.dev-acenta.si\/en\/izdelek\/pyrocube-g-high-response-infrared-and-temperature-sensor-calex\/#local-main-organization-logo\",\"url\":\"https:\/\/www.arhivelpro.dev-acenta.si\/wp-content\/uploads\/2020\/02\/LOGO-Header.svg\",\"contentUrl\":\"https:\/\/www.arhivelpro.dev-acenta.si\/wp-content\/uploads\/2020\/02\/LOGO-Header.svg\",\"caption\":\"ELPRO\"}]}<\/script>\n<meta property=\"product:price:amount\" content=\"0.00\" \/>\n<meta property=\"product:price:currency\" content=\"EUR\" \/>\n<meta property=\"og:availability\" content=\"backorder\" \/>\n<meta property=\"product:availability\" content=\"available for order\" \/>\n<meta property=\"product:retailer_item_id\" content=\"PyroCube G\" \/>\n<meta property=\"product:condition\" content=\"new\" \/>\n<meta name=\"geo.placename\" content=\"Miklav\u017e na Dravskem polju\" \/>\n<meta name=\"geo.region\" content=\"Slovenia\" \/>\n<!-- \/ Yoast SEO Premium plugin. -->","yoast_head_json":{"title":"PyroCube G infrared (IR) temperature sensor for glass temperature measurement CALEX -","description":"PyroCube G IR temperature sensor with additional LED spot illumination of the measuring point, for glass temperature measurement. Response time 10 ms.","robots":{"index":"noindex","follow":"follow","max-snippet":"max-snippet:-1","max-image-preview":"max-image-preview:large","max-video-preview":"max-video-preview:-1"},"og_locale":"en_US","og_type":"article","og_title":"PyroCube G infrared (IR) temperature sensor for glass temperature measurement CALEX","og_description":"PyroCube G IR temperature sensor with additional LED spot illumination of the measuring point, for glass temperature measurement. Response time 10 ms.","og_url":"https:\/\/www.arhivelpro.dev-acenta.si\/en\/izdelek\/pyrocube-g-high-response-infrared-and-temperature-sensor-calex\/","article_publisher":"https:\/\/www.facebook.com\/elprolepenik\/","article_modified_time":"2022-07-16T20:18:21+00:00","og_image":[{"width":513,"height":559,"url":"https:\/\/www.arhivelpro.dev-acenta.si\/wp-content\/uploads\/2020\/02\/PYROCUBE-G-1.jpg","type":"image\/jpeg"}],"twitter_card":"summary_large_image","twitter_misc":{"Price":"","Availability":"On backorder"},"schema":{"@context":"https:\/\/schema.org","@graph":[{"@type":"WebPage","@id":"https:\/\/www.arhivelpro.dev-acenta.si\/en\/izdelek\/pyrocube-g-high-response-infrared-and-temperature-sensor-calex\/","url":"https:\/\/www.arhivelpro.dev-acenta.si\/en\/izdelek\/pyrocube-g-high-response-infrared-and-temperature-sensor-calex\/","name":"PyroCube G infrared (IR) temperature sensor for glass temperature measurement CALEX -","isPartOf":{"@id":"https:\/\/www.arhivelpro.dev-acenta.si\/en\/#website"},"primaryImageOfPage":{"@id":"https:\/\/www.arhivelpro.dev-acenta.si\/en\/izdelek\/pyrocube-g-high-response-infrared-and-temperature-sensor-calex\/#primaryimage"},"image":{"@id":"https:\/\/www.arhivelpro.dev-acenta.si\/en\/izdelek\/pyrocube-g-high-response-infrared-and-temperature-sensor-calex\/#primaryimage"},"thumbnailUrl":"https:\/\/www.arhivelpro.dev-acenta.si\/wp-content\/uploads\/2020\/02\/PYROCUBE-G-1.jpg","datePublished":"2020-02-06T13:44:13+00:00","dateModified":"2022-07-16T20:18:21+00:00","description":"PyroCube G IR temperature sensor with additional LED spot illumination of the measuring point, for glass temperature measurement. Response time 10 ms.","breadcrumb":{"@id":"https:\/\/www.arhivelpro.dev-acenta.si\/en\/izdelek\/pyrocube-g-high-response-infrared-and-temperature-sensor-calex\/#breadcrumb"},"inLanguage":"en-US","potentialAction":[{"@type":"ReadAction","target":["https:\/\/www.arhivelpro.dev-acenta.si\/en\/izdelek\/pyrocube-g-high-response-infrared-and-temperature-sensor-calex\/"]}]},{"@type":"ImageObject","inLanguage":"en-US","@id":"https:\/\/www.arhivelpro.dev-acenta.si\/en\/izdelek\/pyrocube-g-high-response-infrared-and-temperature-sensor-calex\/#primaryimage","url":"https:\/\/www.arhivelpro.dev-acenta.si\/wp-content\/uploads\/2020\/02\/PYROCUBE-G-1.jpg","contentUrl":"https:\/\/www.arhivelpro.dev-acenta.si\/wp-content\/uploads\/2020\/02\/PYROCUBE-G-1.jpg","width":513,"height":559,"caption":"Pyro Cube G, IR sensor, temperature sensor, sensor with transducer, miniature sensor, IR sensor, detector, fast response time, radiant thermometer, meter, gauge, gauge, temperature gauge, temperature meter, temperature gauge, temperature meter, temperature gauge, Modbus RTU, IP 67"},{"@type":"BreadcrumbList","@id":"https:\/\/www.arhivelpro.dev-acenta.si\/en\/izdelek\/pyrocube-g-high-response-infrared-and-temperature-sensor-calex\/#breadcrumb","itemListElement":[{"@type":"ListItem","position":1,"name":"Elpro","item":"https:\/\/www.arhivelpro.dev-acenta.si\/en\/"},{"@type":"ListItem","position":2,"name":"Products","item":"https:\/\/www.arhivelpro.dev-acenta.si\/en\/products\/"},{"@type":"ListItem","position":3,"name":"Infrared (IR) meters","item":"https:\/\/www.arhivelpro.dev-acenta.si\/en\/product-category\/infrared-ir-meters\/"},{"@type":"ListItem","position":4,"name":"PyroCube G infrared (IR) temperature sensor for glass temperature measurement CALEX"}]},{"@type":"WebSite","@id":"https:\/\/www.arhivelpro.dev-acenta.si\/en\/#website","url":"https:\/\/www.arhivelpro.dev-acenta.si\/en\/","name":"","description":"ELPRO \u2013 Elpro Lepenik proizvodnja temperaturnih tipal in merilno regulacijska tehnika","publisher":{"@id":"https:\/\/www.arhivelpro.dev-acenta.si\/en\/#organization"},"potentialAction":[{"@type":"SearchAction","target":{"@type":"EntryPoint","urlTemplate":"https:\/\/www.arhivelpro.dev-acenta.si\/en\/?s={search_term_string}"},"query-input":{"@type":"PropertyValueSpecification","valueRequired":true,"valueName":"search_term_string"}}],"inLanguage":"en-US"},{"@type":["Organization","Place"],"@id":"https:\/\/www.arhivelpro.dev-acenta.si\/en\/#organization","name":"ELPRO","url":"https:\/\/www.arhivelpro.dev-acenta.si\/en\/","logo":{"@id":"https:\/\/www.arhivelpro.dev-acenta.si\/en\/izdelek\/pyrocube-g-high-response-infrared-and-temperature-sensor-calex\/#local-main-organization-logo"},"image":{"@id":"https:\/\/www.arhivelpro.dev-acenta.si\/en\/izdelek\/pyrocube-g-high-response-infrared-and-temperature-sensor-calex\/#local-main-organization-logo"},"sameAs":["https:\/\/www.facebook.com\/elprolepenik\/","https:\/\/www.linkedin.com\/company\/elpro-lepenik\/about\/"],"address":{"@id":"https:\/\/www.arhivelpro.dev-acenta.si\/en\/izdelek\/pyrocube-g-high-response-infrared-and-temperature-sensor-calex\/#local-main-place-address"},"telephone":["02 62 96 720","041 626 771"],"openingHoursSpecification":[{"@type":"OpeningHoursSpecification","dayOfWeek":["Monday","Tuesday","Wednesday","Thursday","Friday"],"opens":"07:00","closes":"16:00"},{"@type":"OpeningHoursSpecification","dayOfWeek":["Saturday","Sunday"],"opens":"00:00","closes":"00:00"}],"email":"info@elpro.si","vatID":"41479220","taxID":"SI41479220"},{"@type":"PostalAddress","@id":"https:\/\/www.arhivelpro.dev-acenta.si\/en\/izdelek\/pyrocube-g-high-response-infrared-and-temperature-sensor-calex\/#local-main-place-address","streetAddress":"ELPRO LEPENIK & CO. d.o.o., Ob gozdu 7c, Rogoza","addressLocality":"Miklav\u017e na Dravskem polju","postalCode":"2204","addressRegion":"Podravska","addressCountry":"SI"},{"@type":"ImageObject","inLanguage":"en-US","@id":"https:\/\/www.arhivelpro.dev-acenta.si\/en\/izdelek\/pyrocube-g-high-response-infrared-and-temperature-sensor-calex\/#local-main-organization-logo","url":"https:\/\/www.arhivelpro.dev-acenta.si\/wp-content\/uploads\/2020\/02\/LOGO-Header.svg","contentUrl":"https:\/\/www.arhivelpro.dev-acenta.si\/wp-content\/uploads\/2020\/02\/LOGO-Header.svg","caption":"ELPRO"}]},"product_price_amount":"0.00","product_price_currency":"EUR","og_availability":"backorder","product_availability":"available for order","product_retailer_item_id":"PyroCube G","product_condition":"new","geo.placename":"Miklav\u017e na Dravskem polju","geo.region":"Slovenia"},"brands":[{"id":38,"name":"Calex","slug":"calex"}],"_links":{"self":[{"href":"https:\/\/www.arhivelpro.dev-acenta.si\/en\/wp-json\/wp\/v2\/product\/48469"}],"collection":[{"href":"https:\/\/www.arhivelpro.dev-acenta.si\/en\/wp-json\/wp\/v2\/product"}],"about":[{"href":"https:\/\/www.arhivelpro.dev-acenta.si\/en\/wp-json\/wp\/v2\/types\/product"}],"wp:featuredmedia":[{"embeddable":true,"href":"https:\/\/www.arhivelpro.dev-acenta.si\/en\/wp-json\/wp\/v2\/media\/22534"}],"wp:attachment":[{"href":"https:\/\/www.arhivelpro.dev-acenta.si\/en\/wp-json\/wp\/v2\/media?parent=48469"}],"wp:term":[{"taxonomy":"pwb-brand","embeddable":true,"href":"https:\/\/www.arhivelpro.dev-acenta.si\/en\/wp-json\/wp\/v2\/pwb-brand?post=48469"},{"taxonomy":"product_cat","embeddable":true,"href":"https:\/\/www.arhivelpro.dev-acenta.si\/en\/wp-json\/wp\/v2\/product_cat?post=48469"},{"taxonomy":"product_tag","embeddable":true,"href":"https:\/\/www.arhivelpro.dev-acenta.si\/en\/wp-json\/wp\/v2\/product_tag?post=48469"}],"curies":[{"name":"wp","href":"https:\/\/api.w.org\/{rel}","templated":true}]}}