{"id":48338,"date":"2020-02-06T14:43:33","date_gmt":"2020-02-06T13:43:33","guid":{"rendered":"https:\/\/www.elpro.si\/izdelek\/el-z6v2-wdx-ex-1g-jola-floor-electrode-in-ex-version\/"},"modified":"2022-07-16T17:49:59","modified_gmt":"2022-07-16T15:49:59","slug":"el-z6v2-wdx-ex-1g-socket-electrode-joint-in-ex-performance","status":"publish","type":"product","link":"https:\/\/www.arhivelpro.dev-acenta.si\/en\/izdelek\/el-z6v2-wdx-ex-1g-socket-electrode-joint-in-ex-performance\/","title":{"rendered":"EL\/Z6V2\/WDX\/Ex-1G JOLA floor electrode in Ex version"},"content":{"rendered":"<p>The <strong>EL\/Z6V2\/WDX\/Ex-1G JOLA floor electrode in the Ex version<\/strong> is designed to detect leakage of an electrically conductive liquid in a pipe channel, e.g. due to a burst pipe.<\/p>\n<p>The Ex conductive electrode is equipped with two plates as sensing elements: 1 control electrode and 1 earth electrode.<\/p>\n<p>If the two electrode plates of the Ex conductive electrode come into contact with an electrically conductive liquid (e.g. water, acid, etc.), an electrical contact is established and an alarm signal is given via the connected Ex conductive electrode relay.<\/p>\n<p><strong>Before use, we recommend viewing the attached pdf documents under the Documentation tab.<\/strong><\/p>\n<h2>EL\/Z6V2\/WDX\/Ex-1G features<\/h2>\n<ul>\n<li>design: 1 control electrode and 1 earth electrode<\/li>\n<li>Sensitive element: 2 electrode plates of 316 Ti stainless steel, each 25 mm in diameter<\/li>\n<li>Housing: PP and cast resin<\/li>\n<li>Electrode weight: approx. 630 g<\/li>\n<li>electrical connection: connecting cable 2 x 0.75, length 2 m, on request: longer, halogen-free<\/li>\n<li>mounting orientation: vertical<\/li>\n<li>temperature range: -20 \u00b0C to +60 \u00b0C (higher temperatures on request)<\/li>\n<li>cable break monitoring: with built-in Z6V2 cable break monitoring unit<\/li>\n<li>length of connecting cable: see technical data sheet<\/li>\n<li>installation accessories: 316 Ti stainless steel stand<\/li>\n<\/ul>\n<p>For more information, please see the attached pdf documents under the Documentation tab.<\/p>\n<h2>Examples of use<\/h2>\n<ul>\n<li>Using the Ex floor electrode to detect conductive fluid leaks in a pipe channel<\/li>\n<\/ul>\n<p><a href=\"https:\/\/www.elpro.si\/wp-content\/uploads\/2020\/02\/PEK_uporaba.png\"><img loading=\"lazy\" decoding=\"async\" class=\"alignnone size-full wp-image-14281\" src=\"https:\/\/www.elpro.si\/wp-content\/uploads\/2020\/02\/PEK_uporaba.png\" alt=\"\" width=\"536\" height=\"460\" srcset=\"https:\/\/www.arhivelpro.dev-acenta.si\/wp-content\/uploads\/2020\/02\/PEK_uporaba.png 536w, https:\/\/www.arhivelpro.dev-acenta.si\/wp-content\/uploads\/2020\/02\/PEK_uporaba-64x55.png 64w, https:\/\/www.arhivelpro.dev-acenta.si\/wp-content\/uploads\/2020\/02\/PEK_uporaba-450x386.png 450w\" sizes=\"(max-width: 536px) 100vw, 536px\" \/><\/a><\/p>\n<p>Welcome to the article <a href=\"https:\/\/www.elpro.si\/en\/conductive-measurement-of-liquids\/\">&#8221;Conductive Measurement of Liquids&#8221;<\/a><\/p>\n","protected":false},"excerpt":{"rendered":"<ul>\n<li>design: 1 control electrode and 1 earth electrode<\/li>\n<li>Housing: PP and cast resin<\/li>\n<li>temperature range: -20 \u00b0C to +60 \u00b0C (higher temperatures on request)<\/li>\n<li>cable break monitoring: with built-in Z6v2 cable break monitoring unit<\/li>\n<li>Sensitive element: 2 electrode plates of 316 Ti stainless steel, each 25 mm in diameter<\/li>\n<\/ul>\n","protected":false},"featured_media":61771,"template":"","meta":[],"pwb-brand":[42],"product_cat":[8696,10154,10209,10247,10251],"product_tag":[6769,8695],"class_list":{"0":"post-48338","1":"product","2":"type-product","3":"status-publish","4":"has-post-thumbnail","6":"pwb-brand-jola","7":"product_cat-level-gauges","8":"product_cat-jola-fluid-level-en","9":"product_cat-leakage-detectors","10":"product_cat-jola-leckstar-conductive-leak-detectors-in-ex-version","11":"product_cat-jola-floor-electrodes-in-ex-version","12":"product_tag-ex-en","13":"product_tag-level","14":"pa_dobavni_rok-okvirno-2-tedna-en","16":"first","17":"onbackorder","18":"taxable","19":"shipping-taxable","20":"product-type-simple","21":"add-to-wishlist-after_add_to_cart"},"yoast_head":"<!-- This site is optimized with the Yoast SEO Premium plugin v23.4 (Yoast SEO v23.4) - https:\/\/yoast.com\/wordpress\/plugins\/seo\/ -->\n<title>EL\/Z6V2\/WDX\/Ex-1G JOLA floor electrode in Ex version -<\/title>\n<meta name=\"description\" content=\"The EL\/Z6V2\/WDX\/Ex-1G JOLA floor electrode in Ex version is designed for the detection of leaks of electrically conductive liquid in a pipe channel.\" \/>\n<meta name=\"robots\" content=\"noindex, follow, max-snippet:-1, max-image-preview:large, max-video-preview:-1\" \/>\n<meta property=\"og:locale\" content=\"en_US\" \/>\n<meta property=\"og:type\" content=\"article\" \/>\n<meta property=\"og:title\" content=\"EL\/Z6V2\/WDX\/Ex-1G JOLA floor electrode in Ex version\" \/>\n<meta property=\"og:description\" content=\"The EL\/Z6V2\/WDX\/Ex-1G JOLA floor electrode in Ex version is designed for the detection of leaks of electrically conductive liquid in a pipe channel.\" \/>\n<meta property=\"og:url\" content=\"https:\/\/www.arhivelpro.dev-acenta.si\/en\/izdelek\/el-z6v2-wdx-ex-1g-socket-electrode-joint-in-ex-performance\/\" \/>\n<meta property=\"article:publisher\" content=\"https:\/\/www.facebook.com\/elprolepenik\/\" \/>\n<meta property=\"article:modified_time\" content=\"2022-07-16T15:49:59+00:00\" \/>\n<meta property=\"og:image\" content=\"https:\/\/www.arhivelpro.dev-acenta.si\/wp-content\/uploads\/2020\/02\/el-z6wdx.jpg\" \/>\n\t<meta property=\"og:image:width\" content=\"486\" \/>\n\t<meta property=\"og:image:height\" content=\"491\" \/>\n\t<meta property=\"og:image:type\" content=\"image\/jpeg\" \/>\n<meta name=\"twitter:card\" content=\"summary_large_image\" \/>\n<meta name=\"twitter:label1\" content=\"Price\" \/>\n\t<meta name=\"twitter:data1\" content=\"\" \/>\n\t<meta name=\"twitter:label2\" content=\"Availability\" \/>\n\t<meta name=\"twitter:data2\" content=\"On backorder\" \/>\n<script type=\"application\/ld+json\" class=\"yoast-schema-graph\">{\"@context\":\"https:\/\/schema.org\",\"@graph\":[{\"@type\":\"WebPage\",\"@id\":\"https:\/\/www.arhivelpro.dev-acenta.si\/en\/izdelek\/el-z6v2-wdx-ex-1g-socket-electrode-joint-in-ex-performance\/\",\"url\":\"https:\/\/www.arhivelpro.dev-acenta.si\/en\/izdelek\/el-z6v2-wdx-ex-1g-socket-electrode-joint-in-ex-performance\/\",\"name\":\"EL\/Z6V2\/WDX\/Ex-1G JOLA floor electrode in Ex version -\",\"isPartOf\":{\"@id\":\"https:\/\/www.arhivelpro.dev-acenta.si\/en\/#website\"},\"primaryImageOfPage\":{\"@id\":\"https:\/\/www.arhivelpro.dev-acenta.si\/en\/izdelek\/el-z6v2-wdx-ex-1g-socket-electrode-joint-in-ex-performance\/#primaryimage\"},\"image\":{\"@id\":\"https:\/\/www.arhivelpro.dev-acenta.si\/en\/izdelek\/el-z6v2-wdx-ex-1g-socket-electrode-joint-in-ex-performance\/#primaryimage\"},\"thumbnailUrl\":\"https:\/\/www.arhivelpro.dev-acenta.si\/wp-content\/uploads\/2020\/02\/el-z6wdx.jpg\",\"datePublished\":\"2020-02-06T13:43:33+00:00\",\"dateModified\":\"2022-07-16T15:49:59+00:00\",\"description\":\"The EL\/Z6V2\/WDX\/Ex-1G JOLA floor electrode in Ex version is designed for the detection of leaks of electrically conductive liquid in a pipe channel.\",\"breadcrumb\":{\"@id\":\"https:\/\/www.arhivelpro.dev-acenta.si\/en\/izdelek\/el-z6v2-wdx-ex-1g-socket-electrode-joint-in-ex-performance\/#breadcrumb\"},\"inLanguage\":\"en-US\",\"potentialAction\":[{\"@type\":\"ReadAction\",\"target\":[\"https:\/\/www.arhivelpro.dev-acenta.si\/en\/izdelek\/el-z6v2-wdx-ex-1g-socket-electrode-joint-in-ex-performance\/\"]}]},{\"@type\":\"ImageObject\",\"inLanguage\":\"en-US\",\"@id\":\"https:\/\/www.arhivelpro.dev-acenta.si\/en\/izdelek\/el-z6v2-wdx-ex-1g-socket-electrode-joint-in-ex-performance\/#primaryimage\",\"url\":\"https:\/\/www.arhivelpro.dev-acenta.si\/wp-content\/uploads\/2020\/02\/el-z6wdx.jpg\",\"contentUrl\":\"https:\/\/www.arhivelpro.dev-acenta.si\/wp-content\/uploads\/2020\/02\/el-z6wdx.jpg\",\"width\":486,\"height\":491,\"caption\":\"EL_Z6V2_WDX_Ex-1G, EL-Z6V2-WDX-Ex-1G, EL Z6V2 WDX Ex-1G, talna elektroda, prevodna elektroda, nadziranje uhajanj, pu\u0161\u010danje vode, pu\u0161\u010danje teko\u010dine,uhajanju, teko\u010dina, elektrode, signalizirajo, prekinitve kabla, PP, lita smola\"},{\"@type\":\"BreadcrumbList\",\"@id\":\"https:\/\/www.arhivelpro.dev-acenta.si\/en\/izdelek\/el-z6v2-wdx-ex-1g-socket-electrode-joint-in-ex-performance\/#breadcrumb\",\"itemListElement\":[{\"@type\":\"ListItem\",\"position\":1,\"name\":\"Elpro\",\"item\":\"https:\/\/www.arhivelpro.dev-acenta.si\/en\/\"},{\"@type\":\"ListItem\",\"position\":2,\"name\":\"Products\",\"item\":\"https:\/\/www.arhivelpro.dev-acenta.si\/en\/products\/\"},{\"@type\":\"ListItem\",\"position\":3,\"name\":\"Level gauges\",\"item\":\"https:\/\/www.arhivelpro.dev-acenta.si\/en\/product-category\/level-gauges\/\"},{\"@type\":\"ListItem\",\"position\":4,\"name\":\"EL\/Z6V2\/WDX\/Ex-1G JOLA floor electrode in Ex version\"}]},{\"@type\":\"WebSite\",\"@id\":\"https:\/\/www.arhivelpro.dev-acenta.si\/en\/#website\",\"url\":\"https:\/\/www.arhivelpro.dev-acenta.si\/en\/\",\"name\":\"\",\"description\":\"ELPRO \u2013 Elpro Lepenik proizvodnja temperaturnih tipal in merilno regulacijska tehnika\",\"publisher\":{\"@id\":\"https:\/\/www.arhivelpro.dev-acenta.si\/en\/#organization\"},\"potentialAction\":[{\"@type\":\"SearchAction\",\"target\":{\"@type\":\"EntryPoint\",\"urlTemplate\":\"https:\/\/www.arhivelpro.dev-acenta.si\/en\/?s={search_term_string}\"},\"query-input\":{\"@type\":\"PropertyValueSpecification\",\"valueRequired\":true,\"valueName\":\"search_term_string\"}}],\"inLanguage\":\"en-US\"},{\"@type\":[\"Organization\",\"Place\"],\"@id\":\"https:\/\/www.arhivelpro.dev-acenta.si\/en\/#organization\",\"name\":\"ELPRO\",\"url\":\"https:\/\/www.arhivelpro.dev-acenta.si\/en\/\",\"logo\":{\"@id\":\"https:\/\/www.arhivelpro.dev-acenta.si\/en\/izdelek\/el-z6v2-wdx-ex-1g-socket-electrode-joint-in-ex-performance\/#local-main-organization-logo\"},\"image\":{\"@id\":\"https:\/\/www.arhivelpro.dev-acenta.si\/en\/izdelek\/el-z6v2-wdx-ex-1g-socket-electrode-joint-in-ex-performance\/#local-main-organization-logo\"},\"sameAs\":[\"https:\/\/www.facebook.com\/elprolepenik\/\",\"https:\/\/www.linkedin.com\/company\/elpro-lepenik\/about\/\"],\"address\":{\"@id\":\"https:\/\/www.arhivelpro.dev-acenta.si\/en\/izdelek\/el-z6v2-wdx-ex-1g-socket-electrode-joint-in-ex-performance\/#local-main-place-address\"},\"telephone\":[\"02 62 96 720\",\"041 626 771\"],\"openingHoursSpecification\":[{\"@type\":\"OpeningHoursSpecification\",\"dayOfWeek\":[\"Monday\",\"Tuesday\",\"Wednesday\",\"Thursday\",\"Friday\"],\"opens\":\"07:00\",\"closes\":\"16:00\"},{\"@type\":\"OpeningHoursSpecification\",\"dayOfWeek\":[\"Saturday\",\"Sunday\"],\"opens\":\"00:00\",\"closes\":\"00:00\"}],\"email\":\"info@elpro.si\",\"vatID\":\"41479220\",\"taxID\":\"SI41479220\"},{\"@type\":\"PostalAddress\",\"@id\":\"https:\/\/www.arhivelpro.dev-acenta.si\/en\/izdelek\/el-z6v2-wdx-ex-1g-socket-electrode-joint-in-ex-performance\/#local-main-place-address\",\"streetAddress\":\"ELPRO LEPENIK & CO. d.o.o., Ob gozdu 7c, Rogoza\",\"addressLocality\":\"Miklav\u017e na Dravskem polju\",\"postalCode\":\"2204\",\"addressRegion\":\"Podravska\",\"addressCountry\":\"SI\"},{\"@type\":\"ImageObject\",\"inLanguage\":\"en-US\",\"@id\":\"https:\/\/www.arhivelpro.dev-acenta.si\/en\/izdelek\/el-z6v2-wdx-ex-1g-socket-electrode-joint-in-ex-performance\/#local-main-organization-logo\",\"url\":\"https:\/\/www.arhivelpro.dev-acenta.si\/wp-content\/uploads\/2020\/02\/LOGO-Header.svg\",\"contentUrl\":\"https:\/\/www.arhivelpro.dev-acenta.si\/wp-content\/uploads\/2020\/02\/LOGO-Header.svg\",\"caption\":\"ELPRO\"}]}<\/script>\n<meta property=\"product:price:amount\" content=\"0.00\" \/>\n<meta property=\"product:price:currency\" content=\"EUR\" \/>\n<meta property=\"og:availability\" content=\"backorder\" \/>\n<meta property=\"product:availability\" content=\"available for order\" \/>\n<meta property=\"product:retailer_item_id\" content=\"EL\/Z6V2\/WDX\/Ex-1G\" \/>\n<meta property=\"product:condition\" content=\"new\" \/>\n<meta name=\"geo.placename\" content=\"Miklav\u017e na Dravskem polju\" \/>\n<meta name=\"geo.region\" content=\"Slovenia\" \/>\n<!-- \/ Yoast SEO Premium plugin. -->","yoast_head_json":{"title":"EL\/Z6V2\/WDX\/Ex-1G JOLA floor electrode in Ex version -","description":"The EL\/Z6V2\/WDX\/Ex-1G JOLA floor electrode in Ex version is designed for the detection of leaks of electrically conductive liquid in a pipe channel.","robots":{"index":"noindex","follow":"follow","max-snippet":"max-snippet:-1","max-image-preview":"max-image-preview:large","max-video-preview":"max-video-preview:-1"},"og_locale":"en_US","og_type":"article","og_title":"EL\/Z6V2\/WDX\/Ex-1G JOLA floor electrode in Ex version","og_description":"The EL\/Z6V2\/WDX\/Ex-1G JOLA floor electrode in Ex version is designed for the detection of leaks of electrically conductive liquid in a pipe channel.","og_url":"https:\/\/www.arhivelpro.dev-acenta.si\/en\/izdelek\/el-z6v2-wdx-ex-1g-socket-electrode-joint-in-ex-performance\/","article_publisher":"https:\/\/www.facebook.com\/elprolepenik\/","article_modified_time":"2022-07-16T15:49:59+00:00","og_image":[{"width":486,"height":491,"url":"https:\/\/www.arhivelpro.dev-acenta.si\/wp-content\/uploads\/2020\/02\/el-z6wdx.jpg","type":"image\/jpeg"}],"twitter_card":"summary_large_image","twitter_misc":{"Price":"","Availability":"On backorder"},"schema":{"@context":"https:\/\/schema.org","@graph":[{"@type":"WebPage","@id":"https:\/\/www.arhivelpro.dev-acenta.si\/en\/izdelek\/el-z6v2-wdx-ex-1g-socket-electrode-joint-in-ex-performance\/","url":"https:\/\/www.arhivelpro.dev-acenta.si\/en\/izdelek\/el-z6v2-wdx-ex-1g-socket-electrode-joint-in-ex-performance\/","name":"EL\/Z6V2\/WDX\/Ex-1G JOLA floor electrode in Ex version -","isPartOf":{"@id":"https:\/\/www.arhivelpro.dev-acenta.si\/en\/#website"},"primaryImageOfPage":{"@id":"https:\/\/www.arhivelpro.dev-acenta.si\/en\/izdelek\/el-z6v2-wdx-ex-1g-socket-electrode-joint-in-ex-performance\/#primaryimage"},"image":{"@id":"https:\/\/www.arhivelpro.dev-acenta.si\/en\/izdelek\/el-z6v2-wdx-ex-1g-socket-electrode-joint-in-ex-performance\/#primaryimage"},"thumbnailUrl":"https:\/\/www.arhivelpro.dev-acenta.si\/wp-content\/uploads\/2020\/02\/el-z6wdx.jpg","datePublished":"2020-02-06T13:43:33+00:00","dateModified":"2022-07-16T15:49:59+00:00","description":"The EL\/Z6V2\/WDX\/Ex-1G JOLA floor electrode in Ex version is designed for the detection of leaks of electrically conductive liquid in a pipe channel.","breadcrumb":{"@id":"https:\/\/www.arhivelpro.dev-acenta.si\/en\/izdelek\/el-z6v2-wdx-ex-1g-socket-electrode-joint-in-ex-performance\/#breadcrumb"},"inLanguage":"en-US","potentialAction":[{"@type":"ReadAction","target":["https:\/\/www.arhivelpro.dev-acenta.si\/en\/izdelek\/el-z6v2-wdx-ex-1g-socket-electrode-joint-in-ex-performance\/"]}]},{"@type":"ImageObject","inLanguage":"en-US","@id":"https:\/\/www.arhivelpro.dev-acenta.si\/en\/izdelek\/el-z6v2-wdx-ex-1g-socket-electrode-joint-in-ex-performance\/#primaryimage","url":"https:\/\/www.arhivelpro.dev-acenta.si\/wp-content\/uploads\/2020\/02\/el-z6wdx.jpg","contentUrl":"https:\/\/www.arhivelpro.dev-acenta.si\/wp-content\/uploads\/2020\/02\/el-z6wdx.jpg","width":486,"height":491,"caption":"EL_Z6V2_WDX_Ex-1G, EL-Z6V2-WDX-Ex-1G, EL Z6V2 WDX Ex-1G, talna elektroda, prevodna elektroda, nadziranje uhajanj, pu\u0161\u010danje vode, pu\u0161\u010danje teko\u010dine,uhajanju, teko\u010dina, elektrode, signalizirajo, prekinitve kabla, PP, lita smola"},{"@type":"BreadcrumbList","@id":"https:\/\/www.arhivelpro.dev-acenta.si\/en\/izdelek\/el-z6v2-wdx-ex-1g-socket-electrode-joint-in-ex-performance\/#breadcrumb","itemListElement":[{"@type":"ListItem","position":1,"name":"Elpro","item":"https:\/\/www.arhivelpro.dev-acenta.si\/en\/"},{"@type":"ListItem","position":2,"name":"Products","item":"https:\/\/www.arhivelpro.dev-acenta.si\/en\/products\/"},{"@type":"ListItem","position":3,"name":"Level gauges","item":"https:\/\/www.arhivelpro.dev-acenta.si\/en\/product-category\/level-gauges\/"},{"@type":"ListItem","position":4,"name":"EL\/Z6V2\/WDX\/Ex-1G JOLA floor electrode in Ex version"}]},{"@type":"WebSite","@id":"https:\/\/www.arhivelpro.dev-acenta.si\/en\/#website","url":"https:\/\/www.arhivelpro.dev-acenta.si\/en\/","name":"","description":"ELPRO \u2013 Elpro Lepenik proizvodnja temperaturnih tipal in merilno regulacijska tehnika","publisher":{"@id":"https:\/\/www.arhivelpro.dev-acenta.si\/en\/#organization"},"potentialAction":[{"@type":"SearchAction","target":{"@type":"EntryPoint","urlTemplate":"https:\/\/www.arhivelpro.dev-acenta.si\/en\/?s={search_term_string}"},"query-input":{"@type":"PropertyValueSpecification","valueRequired":true,"valueName":"search_term_string"}}],"inLanguage":"en-US"},{"@type":["Organization","Place"],"@id":"https:\/\/www.arhivelpro.dev-acenta.si\/en\/#organization","name":"ELPRO","url":"https:\/\/www.arhivelpro.dev-acenta.si\/en\/","logo":{"@id":"https:\/\/www.arhivelpro.dev-acenta.si\/en\/izdelek\/el-z6v2-wdx-ex-1g-socket-electrode-joint-in-ex-performance\/#local-main-organization-logo"},"image":{"@id":"https:\/\/www.arhivelpro.dev-acenta.si\/en\/izdelek\/el-z6v2-wdx-ex-1g-socket-electrode-joint-in-ex-performance\/#local-main-organization-logo"},"sameAs":["https:\/\/www.facebook.com\/elprolepenik\/","https:\/\/www.linkedin.com\/company\/elpro-lepenik\/about\/"],"address":{"@id":"https:\/\/www.arhivelpro.dev-acenta.si\/en\/izdelek\/el-z6v2-wdx-ex-1g-socket-electrode-joint-in-ex-performance\/#local-main-place-address"},"telephone":["02 62 96 720","041 626 771"],"openingHoursSpecification":[{"@type":"OpeningHoursSpecification","dayOfWeek":["Monday","Tuesday","Wednesday","Thursday","Friday"],"opens":"07:00","closes":"16:00"},{"@type":"OpeningHoursSpecification","dayOfWeek":["Saturday","Sunday"],"opens":"00:00","closes":"00:00"}],"email":"info@elpro.si","vatID":"41479220","taxID":"SI41479220"},{"@type":"PostalAddress","@id":"https:\/\/www.arhivelpro.dev-acenta.si\/en\/izdelek\/el-z6v2-wdx-ex-1g-socket-electrode-joint-in-ex-performance\/#local-main-place-address","streetAddress":"ELPRO LEPENIK & CO. d.o.o., Ob gozdu 7c, Rogoza","addressLocality":"Miklav\u017e na Dravskem polju","postalCode":"2204","addressRegion":"Podravska","addressCountry":"SI"},{"@type":"ImageObject","inLanguage":"en-US","@id":"https:\/\/www.arhivelpro.dev-acenta.si\/en\/izdelek\/el-z6v2-wdx-ex-1g-socket-electrode-joint-in-ex-performance\/#local-main-organization-logo","url":"https:\/\/www.arhivelpro.dev-acenta.si\/wp-content\/uploads\/2020\/02\/LOGO-Header.svg","contentUrl":"https:\/\/www.arhivelpro.dev-acenta.si\/wp-content\/uploads\/2020\/02\/LOGO-Header.svg","caption":"ELPRO"}]},"product_price_amount":"0.00","product_price_currency":"EUR","og_availability":"backorder","product_availability":"available for order","product_retailer_item_id":"EL\/Z6V2\/WDX\/Ex-1G","product_condition":"new","geo.placename":"Miklav\u017e na Dravskem polju","geo.region":"Slovenia"},"brands":[{"id":42,"name":"Jola","slug":"jola"}],"_links":{"self":[{"href":"https:\/\/www.arhivelpro.dev-acenta.si\/en\/wp-json\/wp\/v2\/product\/48338"}],"collection":[{"href":"https:\/\/www.arhivelpro.dev-acenta.si\/en\/wp-json\/wp\/v2\/product"}],"about":[{"href":"https:\/\/www.arhivelpro.dev-acenta.si\/en\/wp-json\/wp\/v2\/types\/product"}],"wp:featuredmedia":[{"embeddable":true,"href":"https:\/\/www.arhivelpro.dev-acenta.si\/en\/wp-json\/wp\/v2\/media\/61771"}],"wp:attachment":[{"href":"https:\/\/www.arhivelpro.dev-acenta.si\/en\/wp-json\/wp\/v2\/media?parent=48338"}],"wp:term":[{"taxonomy":"pwb-brand","embeddable":true,"href":"https:\/\/www.arhivelpro.dev-acenta.si\/en\/wp-json\/wp\/v2\/pwb-brand?post=48338"},{"taxonomy":"product_cat","embeddable":true,"href":"https:\/\/www.arhivelpro.dev-acenta.si\/en\/wp-json\/wp\/v2\/product_cat?post=48338"},{"taxonomy":"product_tag","embeddable":true,"href":"https:\/\/www.arhivelpro.dev-acenta.si\/en\/wp-json\/wp\/v2\/product_tag?post=48338"}],"curies":[{"name":"wp","href":"https:\/\/api.w.org\/{rel}","templated":true}]}}