{"id":48330,"date":"2020-02-06T14:43:34","date_gmt":"2020-02-06T13:43:34","guid":{"rendered":"https:\/\/www.elpro.si\/izdelek\/el-z6v2-sz-0-ex-0g-jola-bar-electrode-in-ex-version\/"},"modified":"2022-07-16T17:49:13","modified_gmt":"2022-07-16T15:49:13","slug":"el-z6v2-sz-0-ex-0g-burning-electrode-jolk-in-ex-version","status":"publish","type":"product","link":"https:\/\/www.arhivelpro.dev-acenta.si\/en\/izdelek\/el-z6v2-sz-0-ex-0g-burning-electrode-jolk-in-ex-version\/","title":{"rendered":"EL\/Z6V2\/SZ-0\/ Ex-0G JOLA bar electrode in Ex version"},"content":{"rendered":"<p>The <strong>EL\/Z6V2\/SZ-0\/ Ex-0G JOLA bar electrode in Ex version<\/strong> is designed for the detection of leakage of electrically conductive liquid in a pipe channel, e.g. due to a burst pipe.<\/p>\n<p>The Ex conductive bar electrodes are designed to signal the presence of a conductive liquid caused by, for example, burst pipes, via a connected Ex conductive relay.<\/p>\n<p>Ex conductive bar electrodes must only be used in normally dry environments. They can be installed from the top or the side. In both cases, it is important to ensure that the tips of the poles are just above the ground and can be controlled.<\/p>\n<p>If two non-insulated surfaces of the sensor rod of the conductive Ex rod electrode come into contact with an electrically conductive liquid (e.g. water, acid, etc.), an electrical contact is established and an alarm signal is triggered via the connected conductive relay of the Ex electrode.<\/p>\n<p><strong>Before use, we recommend viewing the attached pdf documents under the Documentation tab.<\/strong><\/p>\n<h2>Features EL\/Z6V2\/SZ-0\/ Ex-0G<\/h2>\n<ul>\n<li>design: 1 control electrode and 1 earth electrode<\/li>\n<li>Sensitive element: 2 electrode rods of 316 Ti stainless steel, each 4 mm diameter, covered with PVDF shrink tubing up to max. Lengths 300 mm<\/li>\n<li>Length: if required, max. 2,500 mm<\/li>\n<li>Threaded spigot: 316 Ti stainless steel, G1<\/li>\n<li>electrical connection: 316 Ti stainless steel connection head with brass cable entry, with 2 x 0,75 PTFE free connection cable, 2 m long<\/li>\n<li>Protection class: IP68<\/li>\n<li>mounting orientation: vertical or horizontal<\/li>\n<li>temperature range: -20 \u00b0C to +60 \u00b0C (higher temperatures on request)<\/li>\n<li>cable break monitoring: with built-in Z6V2 cable break monitoring unit<\/li>\n<li>length of connecting cable: see technical data sheet<\/li>\n<\/ul>\n<p>For more information, please see the attached pdf documents under the Documentation tab.<\/p>\n<h2>Examples of use<\/h2>\n<ul>\n<li>Using an Ex bar electrode to detect a conductive fluid leak in the outer pipe of a two-pipe system<\/li>\n<li>Using an Ex bar electrode to detect a leak of conductive liquid at the lowest point (groove in the figure) of the collecting chamber<\/li>\n<\/ul>\n<p><a href=\"https:\/\/www.elpro.si\/wp-content\/uploads\/2020\/02\/LECKSTAR-EX_uporaba1.png\"><img loading=\"lazy\" decoding=\"async\" class=\"alignnone size-full wp-image-14682\" src=\"https:\/\/www.elpro.si\/wp-content\/uploads\/2020\/02\/LECKSTAR-EX_uporaba1.png\" alt=\"\" width=\"722\" height=\"889\" srcset=\"https:\/\/www.arhivelpro.dev-acenta.si\/wp-content\/uploads\/2020\/02\/LECKSTAR-EX_uporaba1.png 722w, https:\/\/www.arhivelpro.dev-acenta.si\/wp-content\/uploads\/2020\/02\/LECKSTAR-EX_uporaba1-600x739.png 600w, https:\/\/www.arhivelpro.dev-acenta.si\/wp-content\/uploads\/2020\/02\/LECKSTAR-EX_uporaba1-64x79.png 64w\" sizes=\"(max-width: 722px) 100vw, 722px\" \/><\/a><\/p>\n<p>Welcome to the article <a href=\"https:\/\/www.elpro.si\/en\/conductive-measurement-of-liquids\/\">&#8221;Conductive Measurement of Liquids&#8221;<\/a><\/p>\n","protected":false},"excerpt":{"rendered":"<ul>\n<li>design: 1 control electrode and 1 earth electrode<\/li>\n<li>Threaded spigot: 316 Ti stainless steel, G1<\/li>\n<li>Length: if required, max. 2,500 mm<\/li>\n<li>Protection class: IP68<\/li>\n<li>temperature range: -20 \u00b0C to +60 \u00b0C (higher temperatures on request)<\/li>\n<\/ul>\n","protected":false},"featured_media":61782,"template":"","meta":[],"pwb-brand":[42],"product_cat":[10247,10252,8696,10154,10209],"product_tag":[6769,8695],"class_list":{"0":"post-48330","1":"product","2":"type-product","3":"status-publish","4":"has-post-thumbnail","6":"pwb-brand-jola","7":"product_cat-jola-leckstar-conductive-leak-detectors-in-ex-version","8":"product_cat-jola-bar-electrodes-in-ex-version-en","9":"product_cat-level-gauges","10":"product_cat-jola-fluid-level-en","11":"product_cat-leakage-detectors","12":"product_tag-ex-en","13":"product_tag-level","14":"pa_dobavni_rok-okvirno-2-tedna-en","15":"pa_standardizacija-ip68-en","17":"first","18":"onbackorder","19":"taxable","20":"shipping-taxable","21":"product-type-simple","22":"add-to-wishlist-after_add_to_cart"},"yoast_head":"<!-- This site is optimized with the Yoast SEO Premium plugin v23.4 (Yoast SEO v23.4) - https:\/\/yoast.com\/wordpress\/plugins\/seo\/ -->\n<title>EL\/Z6V2\/SZ-0\/ Ex-0G JOLA bar electrode in Ex version -<\/title>\n<meta name=\"description\" content=\"The EL\/Z6V2\/SZ-0\/ Ex-0G JOLA bar electrode in Ex version is designed for the detection of leaks of electrically conductive liquid in a pipe channel.\" \/>\n<meta name=\"robots\" content=\"noindex, follow, max-snippet:-1, max-image-preview:large, max-video-preview:-1\" \/>\n<meta property=\"og:locale\" content=\"en_US\" \/>\n<meta property=\"og:type\" content=\"article\" \/>\n<meta property=\"og:title\" content=\"EL\/Z6V2\/SZ-0\/ Ex-0G JOLA bar electrode in Ex version\" \/>\n<meta property=\"og:description\" content=\"The EL\/Z6V2\/SZ-0\/ Ex-0G JOLA bar electrode in Ex version is designed for the detection of leaks of electrically conductive liquid in a pipe channel.\" \/>\n<meta property=\"og:url\" content=\"https:\/\/www.arhivelpro.dev-acenta.si\/en\/izdelek\/el-z6v2-sz-0-ex-0g-burning-electrode-jolk-in-ex-version\/\" \/>\n<meta property=\"article:publisher\" content=\"https:\/\/www.facebook.com\/elprolepenik\/\" \/>\n<meta property=\"article:modified_time\" content=\"2022-07-16T15:49:13+00:00\" \/>\n<meta property=\"og:image\" content=\"https:\/\/www.arhivelpro.dev-acenta.si\/wp-content\/uploads\/2020\/02\/lektroda-JOLA-v-Ex-izvedbi.jpg\" \/>\n\t<meta property=\"og:image:width\" content=\"485\" \/>\n\t<meta property=\"og:image:height\" content=\"618\" \/>\n\t<meta property=\"og:image:type\" content=\"image\/jpeg\" \/>\n<meta name=\"twitter:card\" content=\"summary_large_image\" \/>\n<meta name=\"twitter:label1\" content=\"Price\" \/>\n\t<meta name=\"twitter:data1\" content=\"\" \/>\n\t<meta name=\"twitter:label2\" content=\"Availability\" \/>\n\t<meta name=\"twitter:data2\" content=\"On backorder\" \/>\n<script type=\"application\/ld+json\" class=\"yoast-schema-graph\">{\"@context\":\"https:\/\/schema.org\",\"@graph\":[{\"@type\":\"WebPage\",\"@id\":\"https:\/\/www.arhivelpro.dev-acenta.si\/en\/izdelek\/el-z6v2-sz-0-ex-0g-burning-electrode-jolk-in-ex-version\/\",\"url\":\"https:\/\/www.arhivelpro.dev-acenta.si\/en\/izdelek\/el-z6v2-sz-0-ex-0g-burning-electrode-jolk-in-ex-version\/\",\"name\":\"EL\/Z6V2\/SZ-0\/ Ex-0G JOLA bar electrode in Ex version -\",\"isPartOf\":{\"@id\":\"https:\/\/www.arhivelpro.dev-acenta.si\/en\/#website\"},\"primaryImageOfPage\":{\"@id\":\"https:\/\/www.arhivelpro.dev-acenta.si\/en\/izdelek\/el-z6v2-sz-0-ex-0g-burning-electrode-jolk-in-ex-version\/#primaryimage\"},\"image\":{\"@id\":\"https:\/\/www.arhivelpro.dev-acenta.si\/en\/izdelek\/el-z6v2-sz-0-ex-0g-burning-electrode-jolk-in-ex-version\/#primaryimage\"},\"thumbnailUrl\":\"https:\/\/www.arhivelpro.dev-acenta.si\/wp-content\/uploads\/2020\/02\/lektroda-JOLA-v-Ex-izvedbi.jpg\",\"datePublished\":\"2020-02-06T13:43:34+00:00\",\"dateModified\":\"2022-07-16T15:49:13+00:00\",\"description\":\"The EL\/Z6V2\/SZ-0\/ Ex-0G JOLA bar electrode in Ex version is designed for the detection of leaks of electrically conductive liquid in a pipe channel.\",\"breadcrumb\":{\"@id\":\"https:\/\/www.arhivelpro.dev-acenta.si\/en\/izdelek\/el-z6v2-sz-0-ex-0g-burning-electrode-jolk-in-ex-version\/#breadcrumb\"},\"inLanguage\":\"en-US\",\"potentialAction\":[{\"@type\":\"ReadAction\",\"target\":[\"https:\/\/www.arhivelpro.dev-acenta.si\/en\/izdelek\/el-z6v2-sz-0-ex-0g-burning-electrode-jolk-in-ex-version\/\"]}]},{\"@type\":\"ImageObject\",\"inLanguage\":\"en-US\",\"@id\":\"https:\/\/www.arhivelpro.dev-acenta.si\/en\/izdelek\/el-z6v2-sz-0-ex-0g-burning-electrode-jolk-in-ex-version\/#primaryimage\",\"url\":\"https:\/\/www.arhivelpro.dev-acenta.si\/wp-content\/uploads\/2020\/02\/lektroda-JOLA-v-Ex-izvedbi.jpg\",\"contentUrl\":\"https:\/\/www.arhivelpro.dev-acenta.si\/wp-content\/uploads\/2020\/02\/lektroda-JOLA-v-Ex-izvedbi.jpg\",\"width\":485,\"height\":618,\"caption\":\"EL_Z6V2_SZ-0_Ex-0G, EL-Z6V2-SZ-0-Ex-0G, EL Z6V2 SZ-0 Ex-0G, pali\u010dna elektroda, pali\u010dne elektrode, prevodna elektroda, nadziranje uhajanj, pu\u0161\u010danje vode, pu\u0161\u010danje teko\u010dine,uhajanju, teko\u010dina, elektrode, signalizirajo, prekinitve kabla, PP, lita smola, povezava\"},{\"@type\":\"BreadcrumbList\",\"@id\":\"https:\/\/www.arhivelpro.dev-acenta.si\/en\/izdelek\/el-z6v2-sz-0-ex-0g-burning-electrode-jolk-in-ex-version\/#breadcrumb\",\"itemListElement\":[{\"@type\":\"ListItem\",\"position\":1,\"name\":\"Elpro\",\"item\":\"https:\/\/www.arhivelpro.dev-acenta.si\/en\/\"},{\"@type\":\"ListItem\",\"position\":2,\"name\":\"Products\",\"item\":\"https:\/\/www.arhivelpro.dev-acenta.si\/en\/products\/\"},{\"@type\":\"ListItem\",\"position\":3,\"name\":\"Level gauges\",\"item\":\"https:\/\/www.arhivelpro.dev-acenta.si\/en\/product-category\/level-gauges\/\"},{\"@type\":\"ListItem\",\"position\":4,\"name\":\"EL\/Z6V2\/SZ-0\/ Ex-0G JOLA bar electrode in Ex version\"}]},{\"@type\":\"WebSite\",\"@id\":\"https:\/\/www.arhivelpro.dev-acenta.si\/en\/#website\",\"url\":\"https:\/\/www.arhivelpro.dev-acenta.si\/en\/\",\"name\":\"\",\"description\":\"ELPRO \u2013 Elpro Lepenik proizvodnja temperaturnih tipal in merilno regulacijska tehnika\",\"publisher\":{\"@id\":\"https:\/\/www.arhivelpro.dev-acenta.si\/en\/#organization\"},\"potentialAction\":[{\"@type\":\"SearchAction\",\"target\":{\"@type\":\"EntryPoint\",\"urlTemplate\":\"https:\/\/www.arhivelpro.dev-acenta.si\/en\/?s={search_term_string}\"},\"query-input\":{\"@type\":\"PropertyValueSpecification\",\"valueRequired\":true,\"valueName\":\"search_term_string\"}}],\"inLanguage\":\"en-US\"},{\"@type\":[\"Organization\",\"Place\"],\"@id\":\"https:\/\/www.arhivelpro.dev-acenta.si\/en\/#organization\",\"name\":\"ELPRO\",\"url\":\"https:\/\/www.arhivelpro.dev-acenta.si\/en\/\",\"logo\":{\"@id\":\"https:\/\/www.arhivelpro.dev-acenta.si\/en\/izdelek\/el-z6v2-sz-0-ex-0g-burning-electrode-jolk-in-ex-version\/#local-main-organization-logo\"},\"image\":{\"@id\":\"https:\/\/www.arhivelpro.dev-acenta.si\/en\/izdelek\/el-z6v2-sz-0-ex-0g-burning-electrode-jolk-in-ex-version\/#local-main-organization-logo\"},\"sameAs\":[\"https:\/\/www.facebook.com\/elprolepenik\/\",\"https:\/\/www.linkedin.com\/company\/elpro-lepenik\/about\/\"],\"address\":{\"@id\":\"https:\/\/www.arhivelpro.dev-acenta.si\/en\/izdelek\/el-z6v2-sz-0-ex-0g-burning-electrode-jolk-in-ex-version\/#local-main-place-address\"},\"telephone\":[\"02 62 96 720\",\"041 626 771\"],\"openingHoursSpecification\":[{\"@type\":\"OpeningHoursSpecification\",\"dayOfWeek\":[\"Monday\",\"Tuesday\",\"Wednesday\",\"Thursday\",\"Friday\"],\"opens\":\"07:00\",\"closes\":\"16:00\"},{\"@type\":\"OpeningHoursSpecification\",\"dayOfWeek\":[\"Saturday\",\"Sunday\"],\"opens\":\"00:00\",\"closes\":\"00:00\"}],\"email\":\"info@elpro.si\",\"vatID\":\"41479220\",\"taxID\":\"SI41479220\"},{\"@type\":\"PostalAddress\",\"@id\":\"https:\/\/www.arhivelpro.dev-acenta.si\/en\/izdelek\/el-z6v2-sz-0-ex-0g-burning-electrode-jolk-in-ex-version\/#local-main-place-address\",\"streetAddress\":\"ELPRO LEPENIK & CO. d.o.o., Ob gozdu 7c, Rogoza\",\"addressLocality\":\"Miklav\u017e na Dravskem polju\",\"postalCode\":\"2204\",\"addressRegion\":\"Podravska\",\"addressCountry\":\"SI\"},{\"@type\":\"ImageObject\",\"inLanguage\":\"en-US\",\"@id\":\"https:\/\/www.arhivelpro.dev-acenta.si\/en\/izdelek\/el-z6v2-sz-0-ex-0g-burning-electrode-jolk-in-ex-version\/#local-main-organization-logo\",\"url\":\"https:\/\/www.arhivelpro.dev-acenta.si\/wp-content\/uploads\/2020\/02\/LOGO-Header.svg\",\"contentUrl\":\"https:\/\/www.arhivelpro.dev-acenta.si\/wp-content\/uploads\/2020\/02\/LOGO-Header.svg\",\"caption\":\"ELPRO\"}]}<\/script>\n<meta property=\"product:price:amount\" content=\"0.00\" \/>\n<meta property=\"product:price:currency\" content=\"EUR\" \/>\n<meta property=\"og:availability\" content=\"backorder\" \/>\n<meta property=\"product:availability\" content=\"available for order\" \/>\n<meta property=\"product:retailer_item_id\" content=\"EL\/Z6V2\/SZ-0\/ Ex-0G\" \/>\n<meta property=\"product:condition\" content=\"new\" \/>\n<meta name=\"geo.placename\" content=\"Miklav\u017e na Dravskem polju\" \/>\n<meta name=\"geo.region\" content=\"Slovenia\" \/>\n<!-- \/ Yoast SEO Premium plugin. -->","yoast_head_json":{"title":"EL\/Z6V2\/SZ-0\/ Ex-0G JOLA bar electrode in Ex version -","description":"The EL\/Z6V2\/SZ-0\/ Ex-0G JOLA bar electrode in Ex version is designed for the detection of leaks of electrically conductive liquid in a pipe channel.","robots":{"index":"noindex","follow":"follow","max-snippet":"max-snippet:-1","max-image-preview":"max-image-preview:large","max-video-preview":"max-video-preview:-1"},"og_locale":"en_US","og_type":"article","og_title":"EL\/Z6V2\/SZ-0\/ Ex-0G JOLA bar electrode in Ex version","og_description":"The EL\/Z6V2\/SZ-0\/ Ex-0G JOLA bar electrode in Ex version is designed for the detection of leaks of electrically conductive liquid in a pipe channel.","og_url":"https:\/\/www.arhivelpro.dev-acenta.si\/en\/izdelek\/el-z6v2-sz-0-ex-0g-burning-electrode-jolk-in-ex-version\/","article_publisher":"https:\/\/www.facebook.com\/elprolepenik\/","article_modified_time":"2022-07-16T15:49:13+00:00","og_image":[{"width":485,"height":618,"url":"https:\/\/www.arhivelpro.dev-acenta.si\/wp-content\/uploads\/2020\/02\/lektroda-JOLA-v-Ex-izvedbi.jpg","type":"image\/jpeg"}],"twitter_card":"summary_large_image","twitter_misc":{"Price":"","Availability":"On backorder"},"schema":{"@context":"https:\/\/schema.org","@graph":[{"@type":"WebPage","@id":"https:\/\/www.arhivelpro.dev-acenta.si\/en\/izdelek\/el-z6v2-sz-0-ex-0g-burning-electrode-jolk-in-ex-version\/","url":"https:\/\/www.arhivelpro.dev-acenta.si\/en\/izdelek\/el-z6v2-sz-0-ex-0g-burning-electrode-jolk-in-ex-version\/","name":"EL\/Z6V2\/SZ-0\/ Ex-0G JOLA bar electrode in Ex version -","isPartOf":{"@id":"https:\/\/www.arhivelpro.dev-acenta.si\/en\/#website"},"primaryImageOfPage":{"@id":"https:\/\/www.arhivelpro.dev-acenta.si\/en\/izdelek\/el-z6v2-sz-0-ex-0g-burning-electrode-jolk-in-ex-version\/#primaryimage"},"image":{"@id":"https:\/\/www.arhivelpro.dev-acenta.si\/en\/izdelek\/el-z6v2-sz-0-ex-0g-burning-electrode-jolk-in-ex-version\/#primaryimage"},"thumbnailUrl":"https:\/\/www.arhivelpro.dev-acenta.si\/wp-content\/uploads\/2020\/02\/lektroda-JOLA-v-Ex-izvedbi.jpg","datePublished":"2020-02-06T13:43:34+00:00","dateModified":"2022-07-16T15:49:13+00:00","description":"The EL\/Z6V2\/SZ-0\/ Ex-0G JOLA bar electrode in Ex version is designed for the detection of leaks of electrically conductive liquid in a pipe channel.","breadcrumb":{"@id":"https:\/\/www.arhivelpro.dev-acenta.si\/en\/izdelek\/el-z6v2-sz-0-ex-0g-burning-electrode-jolk-in-ex-version\/#breadcrumb"},"inLanguage":"en-US","potentialAction":[{"@type":"ReadAction","target":["https:\/\/www.arhivelpro.dev-acenta.si\/en\/izdelek\/el-z6v2-sz-0-ex-0g-burning-electrode-jolk-in-ex-version\/"]}]},{"@type":"ImageObject","inLanguage":"en-US","@id":"https:\/\/www.arhivelpro.dev-acenta.si\/en\/izdelek\/el-z6v2-sz-0-ex-0g-burning-electrode-jolk-in-ex-version\/#primaryimage","url":"https:\/\/www.arhivelpro.dev-acenta.si\/wp-content\/uploads\/2020\/02\/lektroda-JOLA-v-Ex-izvedbi.jpg","contentUrl":"https:\/\/www.arhivelpro.dev-acenta.si\/wp-content\/uploads\/2020\/02\/lektroda-JOLA-v-Ex-izvedbi.jpg","width":485,"height":618,"caption":"EL_Z6V2_SZ-0_Ex-0G, EL-Z6V2-SZ-0-Ex-0G, EL Z6V2 SZ-0 Ex-0G, pali\u010dna elektroda, pali\u010dne elektrode, prevodna elektroda, nadziranje uhajanj, pu\u0161\u010danje vode, pu\u0161\u010danje teko\u010dine,uhajanju, teko\u010dina, elektrode, signalizirajo, prekinitve kabla, PP, lita smola, povezava"},{"@type":"BreadcrumbList","@id":"https:\/\/www.arhivelpro.dev-acenta.si\/en\/izdelek\/el-z6v2-sz-0-ex-0g-burning-electrode-jolk-in-ex-version\/#breadcrumb","itemListElement":[{"@type":"ListItem","position":1,"name":"Elpro","item":"https:\/\/www.arhivelpro.dev-acenta.si\/en\/"},{"@type":"ListItem","position":2,"name":"Products","item":"https:\/\/www.arhivelpro.dev-acenta.si\/en\/products\/"},{"@type":"ListItem","position":3,"name":"Level gauges","item":"https:\/\/www.arhivelpro.dev-acenta.si\/en\/product-category\/level-gauges\/"},{"@type":"ListItem","position":4,"name":"EL\/Z6V2\/SZ-0\/ Ex-0G JOLA bar electrode in Ex version"}]},{"@type":"WebSite","@id":"https:\/\/www.arhivelpro.dev-acenta.si\/en\/#website","url":"https:\/\/www.arhivelpro.dev-acenta.si\/en\/","name":"","description":"ELPRO \u2013 Elpro Lepenik proizvodnja temperaturnih tipal in merilno regulacijska tehnika","publisher":{"@id":"https:\/\/www.arhivelpro.dev-acenta.si\/en\/#organization"},"potentialAction":[{"@type":"SearchAction","target":{"@type":"EntryPoint","urlTemplate":"https:\/\/www.arhivelpro.dev-acenta.si\/en\/?s={search_term_string}"},"query-input":{"@type":"PropertyValueSpecification","valueRequired":true,"valueName":"search_term_string"}}],"inLanguage":"en-US"},{"@type":["Organization","Place"],"@id":"https:\/\/www.arhivelpro.dev-acenta.si\/en\/#organization","name":"ELPRO","url":"https:\/\/www.arhivelpro.dev-acenta.si\/en\/","logo":{"@id":"https:\/\/www.arhivelpro.dev-acenta.si\/en\/izdelek\/el-z6v2-sz-0-ex-0g-burning-electrode-jolk-in-ex-version\/#local-main-organization-logo"},"image":{"@id":"https:\/\/www.arhivelpro.dev-acenta.si\/en\/izdelek\/el-z6v2-sz-0-ex-0g-burning-electrode-jolk-in-ex-version\/#local-main-organization-logo"},"sameAs":["https:\/\/www.facebook.com\/elprolepenik\/","https:\/\/www.linkedin.com\/company\/elpro-lepenik\/about\/"],"address":{"@id":"https:\/\/www.arhivelpro.dev-acenta.si\/en\/izdelek\/el-z6v2-sz-0-ex-0g-burning-electrode-jolk-in-ex-version\/#local-main-place-address"},"telephone":["02 62 96 720","041 626 771"],"openingHoursSpecification":[{"@type":"OpeningHoursSpecification","dayOfWeek":["Monday","Tuesday","Wednesday","Thursday","Friday"],"opens":"07:00","closes":"16:00"},{"@type":"OpeningHoursSpecification","dayOfWeek":["Saturday","Sunday"],"opens":"00:00","closes":"00:00"}],"email":"info@elpro.si","vatID":"41479220","taxID":"SI41479220"},{"@type":"PostalAddress","@id":"https:\/\/www.arhivelpro.dev-acenta.si\/en\/izdelek\/el-z6v2-sz-0-ex-0g-burning-electrode-jolk-in-ex-version\/#local-main-place-address","streetAddress":"ELPRO LEPENIK & CO. d.o.o., Ob gozdu 7c, Rogoza","addressLocality":"Miklav\u017e na Dravskem polju","postalCode":"2204","addressRegion":"Podravska","addressCountry":"SI"},{"@type":"ImageObject","inLanguage":"en-US","@id":"https:\/\/www.arhivelpro.dev-acenta.si\/en\/izdelek\/el-z6v2-sz-0-ex-0g-burning-electrode-jolk-in-ex-version\/#local-main-organization-logo","url":"https:\/\/www.arhivelpro.dev-acenta.si\/wp-content\/uploads\/2020\/02\/LOGO-Header.svg","contentUrl":"https:\/\/www.arhivelpro.dev-acenta.si\/wp-content\/uploads\/2020\/02\/LOGO-Header.svg","caption":"ELPRO"}]},"product_price_amount":"0.00","product_price_currency":"EUR","og_availability":"backorder","product_availability":"available for order","product_retailer_item_id":"EL\/Z6V2\/SZ-0\/ Ex-0G","product_condition":"new","geo.placename":"Miklav\u017e na Dravskem polju","geo.region":"Slovenia"},"brands":[{"id":42,"name":"Jola","slug":"jola"}],"_links":{"self":[{"href":"https:\/\/www.arhivelpro.dev-acenta.si\/en\/wp-json\/wp\/v2\/product\/48330"}],"collection":[{"href":"https:\/\/www.arhivelpro.dev-acenta.si\/en\/wp-json\/wp\/v2\/product"}],"about":[{"href":"https:\/\/www.arhivelpro.dev-acenta.si\/en\/wp-json\/wp\/v2\/types\/product"}],"wp:featuredmedia":[{"embeddable":true,"href":"https:\/\/www.arhivelpro.dev-acenta.si\/en\/wp-json\/wp\/v2\/media\/61782"}],"wp:attachment":[{"href":"https:\/\/www.arhivelpro.dev-acenta.si\/en\/wp-json\/wp\/v2\/media?parent=48330"}],"wp:term":[{"taxonomy":"pwb-brand","embeddable":true,"href":"https:\/\/www.arhivelpro.dev-acenta.si\/en\/wp-json\/wp\/v2\/pwb-brand?post=48330"},{"taxonomy":"product_cat","embeddable":true,"href":"https:\/\/www.arhivelpro.dev-acenta.si\/en\/wp-json\/wp\/v2\/product_cat?post=48330"},{"taxonomy":"product_tag","embeddable":true,"href":"https:\/\/www.arhivelpro.dev-acenta.si\/en\/wp-json\/wp\/v2\/product_tag?post=48330"}],"curies":[{"name":"wp","href":"https:\/\/api.w.org\/{rel}","templated":true}]}}