{"id":48184,"date":"2020-02-06T14:42:54","date_gmt":"2020-02-06T13:42:54","guid":{"rendered":"https:\/\/www.elpro.si\/izdelek\/bimetal-thermometer-for-wood-burning-stove-l600mm\/"},"modified":"2022-07-16T15:20:51","modified_gmt":"2022-07-16T13:20:51","slug":"thermometer-bimetallic-for-crust-oven-l600mm","status":"publish","type":"product","link":"https:\/\/www.arhivelpro.dev-acenta.si\/en\/izdelek\/thermometer-bimetallic-for-crust-oven-l600mm\/","title":{"rendered":"Bimetal thermometer for wood-burning stove L=600mm"},"content":{"rendered":"<ul>\n<li>measuring range : 0 &#8230; 500 \u00b0C<\/li>\n<li>Process connection: rear centre<\/li>\n<li>Protection tube: fi 8 mm<\/li>\n<li>housing diameter: fi 100 mm<\/li>\n<li>Installation length: l = 600 mm<\/li>\n<li>Material: CrNi (stainless steel)<\/li>\n<\/ul>\n","protected":false},"excerpt":{"rendered":"<p>*Image is symbolic<\/p>\n<ul>\n<li>A simple solution for measuring the temperature in your wood-burning stove.<\/li>\n<li>no further settings are needed.<\/li>\n<li>Probe length L = 600 mm<\/li>\n<\/ul>\n","protected":false},"featured_media":7402,"template":"","meta":[],"pwb-brand":[1391],"product_cat":[9641],"product_tag":[1608],"class_list":{"0":"post-48184","1":"product","2":"type-product","3":"status-publish","4":"has-post-thumbnail","6":"pwb-brand-wika","7":"product_cat-bread-oven-solutions","8":"product_tag-temperature","10":"first","11":"onbackorder","12":"taxable","13":"shipping-taxable","14":"product-type-simple","15":"add-to-wishlist-after_add_to_cart"},"yoast_head":"<!-- This site is optimized with the Yoast SEO Premium plugin v23.4 (Yoast SEO v23.4) - https:\/\/yoast.com\/wordpress\/plugins\/seo\/ -->\n<title>Bimetal thermometer for wood-burning stove L=600mm -<\/title>\n<meta name=\"robots\" content=\"noindex, follow, max-snippet:-1, max-image-preview:large, max-video-preview:-1\" \/>\n<meta property=\"og:locale\" content=\"en_US\" \/>\n<meta property=\"og:type\" content=\"article\" \/>\n<meta property=\"og:title\" content=\"Bimetal thermometer for wood-burning stove L=600mm\" \/>\n<meta property=\"og:description\" content=\"*Image is symbolic  A simple solution for measuring the temperature in your wood-burning stove.  no further settings are needed.  Probe length L = 600 mm\" \/>\n<meta property=\"og:url\" content=\"https:\/\/www.arhivelpro.dev-acenta.si\/en\/izdelek\/thermometer-bimetallic-for-crust-oven-l600mm\/\" \/>\n<meta property=\"article:publisher\" content=\"https:\/\/www.facebook.com\/elprolepenik\/\" \/>\n<meta property=\"article:modified_time\" content=\"2022-07-16T13:20:51+00:00\" \/>\n<meta property=\"og:image\" content=\"https:\/\/www.arhivelpro.dev-acenta.si\/wp-content\/uploads\/2020\/02\/termometer_bimetalni_za_kru_no_pe_ter-100-a52-cb-600-0-500_c_ter-100-a52-cb-900-0-500_c_1_2.jpg\" \/>\n\t<meta property=\"og:image:width\" content=\"1080\" \/>\n\t<meta property=\"og:image:height\" content=\"1080\" \/>\n\t<meta property=\"og:image:type\" content=\"image\/jpeg\" \/>\n<meta name=\"twitter:card\" content=\"summary_large_image\" \/>\n<meta name=\"twitter:label1\" content=\"Price\" \/>\n\t<meta name=\"twitter:data1\" content=\"\" \/>\n\t<meta name=\"twitter:label2\" content=\"Availability\" \/>\n\t<meta name=\"twitter:data2\" content=\"On backorder\" \/>\n<script type=\"application\/ld+json\" class=\"yoast-schema-graph\">{\"@context\":\"https:\/\/schema.org\",\"@graph\":[{\"@type\":\"WebPage\",\"@id\":\"https:\/\/www.arhivelpro.dev-acenta.si\/en\/izdelek\/thermometer-bimetallic-for-crust-oven-l600mm\/\",\"url\":\"https:\/\/www.arhivelpro.dev-acenta.si\/en\/izdelek\/thermometer-bimetallic-for-crust-oven-l600mm\/\",\"name\":\"Bimetal thermometer for wood-burning stove L=600mm -\",\"isPartOf\":{\"@id\":\"https:\/\/www.arhivelpro.dev-acenta.si\/en\/#website\"},\"primaryImageOfPage\":{\"@id\":\"https:\/\/www.arhivelpro.dev-acenta.si\/en\/izdelek\/thermometer-bimetallic-for-crust-oven-l600mm\/#primaryimage\"},\"image\":{\"@id\":\"https:\/\/www.arhivelpro.dev-acenta.si\/en\/izdelek\/thermometer-bimetallic-for-crust-oven-l600mm\/#primaryimage\"},\"thumbnailUrl\":\"https:\/\/www.arhivelpro.dev-acenta.si\/wp-content\/uploads\/2020\/02\/termometer_bimetalni_za_kru_no_pe_ter-100-a52-cb-600-0-500_c_ter-100-a52-cb-900-0-500_c_1_2.jpg\",\"datePublished\":\"2020-02-06T13:42:54+00:00\",\"dateModified\":\"2022-07-16T13:20:51+00:00\",\"breadcrumb\":{\"@id\":\"https:\/\/www.arhivelpro.dev-acenta.si\/en\/izdelek\/thermometer-bimetallic-for-crust-oven-l600mm\/#breadcrumb\"},\"inLanguage\":\"en-US\",\"potentialAction\":[{\"@type\":\"ReadAction\",\"target\":[\"https:\/\/www.arhivelpro.dev-acenta.si\/en\/izdelek\/thermometer-bimetallic-for-crust-oven-l600mm\/\"]}]},{\"@type\":\"ImageObject\",\"inLanguage\":\"en-US\",\"@id\":\"https:\/\/www.arhivelpro.dev-acenta.si\/en\/izdelek\/thermometer-bimetallic-for-crust-oven-l600mm\/#primaryimage\",\"url\":\"https:\/\/www.arhivelpro.dev-acenta.si\/wp-content\/uploads\/2020\/02\/termometer_bimetalni_za_kru_no_pe_ter-100-a52-cb-600-0-500_c_ter-100-a52-cb-900-0-500_c_1_2.jpg\",\"contentUrl\":\"https:\/\/www.arhivelpro.dev-acenta.si\/wp-content\/uploads\/2020\/02\/termometer_bimetalni_za_kru_no_pe_ter-100-a52-cb-600-0-500_c_ter-100-a52-cb-900-0-500_c_1_2.jpg\",\"width\":1080,\"height\":1080,\"caption\":\"bimetalni termometer, bimetalna sonda, profesionalni termometer za kru\u0161no pe\u010d, industrijski bimetalni termometer, bimetalni termometer, elektri\u010dni termometer, termometer za kru\u0161ne pe\u010di, temperaturno tipalo za kru\u0161ne pe\u010di, temperaturno tipalo, temperaturna sonda za kru\u0161ne pe\u010di, termometer z napajanjem,\"},{\"@type\":\"BreadcrumbList\",\"@id\":\"https:\/\/www.arhivelpro.dev-acenta.si\/en\/izdelek\/thermometer-bimetallic-for-crust-oven-l600mm\/#breadcrumb\",\"itemListElement\":[{\"@type\":\"ListItem\",\"position\":1,\"name\":\"Elpro\",\"item\":\"https:\/\/www.arhivelpro.dev-acenta.si\/en\/\"},{\"@type\":\"ListItem\",\"position\":2,\"name\":\"Products\",\"item\":\"https:\/\/www.arhivelpro.dev-acenta.si\/en\/products\/\"},{\"@type\":\"ListItem\",\"position\":3,\"name\":\"Uncategorized\",\"item\":\"https:\/\/www.arhivelpro.dev-acenta.si\/en\/product-category\/uncategorized\/\"},{\"@type\":\"ListItem\",\"position\":4,\"name\":\"Bread oven solutions\",\"item\":\"https:\/\/www.arhivelpro.dev-acenta.si\/en\/product-category\/uncategorized\/bread-oven-solutions\/\"},{\"@type\":\"ListItem\",\"position\":5,\"name\":\"Bimetal thermometer for wood-burning stove L=600mm\"}]},{\"@type\":\"WebSite\",\"@id\":\"https:\/\/www.arhivelpro.dev-acenta.si\/en\/#website\",\"url\":\"https:\/\/www.arhivelpro.dev-acenta.si\/en\/\",\"name\":\"\",\"description\":\"ELPRO \u2013 Elpro Lepenik proizvodnja temperaturnih tipal in merilno regulacijska tehnika\",\"publisher\":{\"@id\":\"https:\/\/www.arhivelpro.dev-acenta.si\/en\/#organization\"},\"potentialAction\":[{\"@type\":\"SearchAction\",\"target\":{\"@type\":\"EntryPoint\",\"urlTemplate\":\"https:\/\/www.arhivelpro.dev-acenta.si\/en\/?s={search_term_string}\"},\"query-input\":{\"@type\":\"PropertyValueSpecification\",\"valueRequired\":true,\"valueName\":\"search_term_string\"}}],\"inLanguage\":\"en-US\"},{\"@type\":[\"Organization\",\"Place\"],\"@id\":\"https:\/\/www.arhivelpro.dev-acenta.si\/en\/#organization\",\"name\":\"ELPRO\",\"url\":\"https:\/\/www.arhivelpro.dev-acenta.si\/en\/\",\"logo\":{\"@id\":\"https:\/\/www.arhivelpro.dev-acenta.si\/en\/izdelek\/thermometer-bimetallic-for-crust-oven-l600mm\/#local-main-organization-logo\"},\"image\":{\"@id\":\"https:\/\/www.arhivelpro.dev-acenta.si\/en\/izdelek\/thermometer-bimetallic-for-crust-oven-l600mm\/#local-main-organization-logo\"},\"sameAs\":[\"https:\/\/www.facebook.com\/elprolepenik\/\",\"https:\/\/www.linkedin.com\/company\/elpro-lepenik\/about\/\"],\"address\":{\"@id\":\"https:\/\/www.arhivelpro.dev-acenta.si\/en\/izdelek\/thermometer-bimetallic-for-crust-oven-l600mm\/#local-main-place-address\"},\"telephone\":[\"02 62 96 720\",\"041 626 771\"],\"openingHoursSpecification\":[{\"@type\":\"OpeningHoursSpecification\",\"dayOfWeek\":[\"Monday\",\"Tuesday\",\"Wednesday\",\"Thursday\",\"Friday\"],\"opens\":\"07:00\",\"closes\":\"16:00\"},{\"@type\":\"OpeningHoursSpecification\",\"dayOfWeek\":[\"Saturday\",\"Sunday\"],\"opens\":\"00:00\",\"closes\":\"00:00\"}],\"email\":\"info@elpro.si\",\"vatID\":\"41479220\",\"taxID\":\"SI41479220\"},{\"@type\":\"PostalAddress\",\"@id\":\"https:\/\/www.arhivelpro.dev-acenta.si\/en\/izdelek\/thermometer-bimetallic-for-crust-oven-l600mm\/#local-main-place-address\",\"streetAddress\":\"ELPRO LEPENIK & CO. d.o.o., Ob gozdu 7c, Rogoza\",\"addressLocality\":\"Miklav\u017e na Dravskem polju\",\"postalCode\":\"2204\",\"addressRegion\":\"Podravska\",\"addressCountry\":\"SI\"},{\"@type\":\"ImageObject\",\"inLanguage\":\"en-US\",\"@id\":\"https:\/\/www.arhivelpro.dev-acenta.si\/en\/izdelek\/thermometer-bimetallic-for-crust-oven-l600mm\/#local-main-organization-logo\",\"url\":\"https:\/\/www.arhivelpro.dev-acenta.si\/wp-content\/uploads\/2020\/02\/LOGO-Header.svg\",\"contentUrl\":\"https:\/\/www.arhivelpro.dev-acenta.si\/wp-content\/uploads\/2020\/02\/LOGO-Header.svg\",\"caption\":\"ELPRO\"}]}<\/script>\n<meta property=\"product:price:amount\" content=\"0.00\" \/>\n<meta property=\"product:price:currency\" content=\"EUR\" \/>\n<meta property=\"og:availability\" content=\"backorder\" \/>\n<meta property=\"product:availability\" content=\"available for order\" \/>\n<meta property=\"product:retailer_item_id\" content=\"TER-100-A52-CB-600-0\/500\u00b0C\" \/>\n<meta property=\"product:condition\" content=\"new\" \/>\n<meta name=\"geo.placename\" content=\"Miklav\u017e na Dravskem polju\" \/>\n<meta name=\"geo.region\" content=\"Slovenia\" \/>\n<!-- \/ Yoast SEO Premium plugin. -->","yoast_head_json":{"title":"Bimetal thermometer for wood-burning stove L=600mm -","robots":{"index":"noindex","follow":"follow","max-snippet":"max-snippet:-1","max-image-preview":"max-image-preview:large","max-video-preview":"max-video-preview:-1"},"og_locale":"en_US","og_type":"article","og_title":"Bimetal thermometer for wood-burning stove L=600mm","og_description":"*Image is symbolic  A simple solution for measuring the temperature in your wood-burning stove.  no further settings are needed.  Probe length L = 600 mm","og_url":"https:\/\/www.arhivelpro.dev-acenta.si\/en\/izdelek\/thermometer-bimetallic-for-crust-oven-l600mm\/","article_publisher":"https:\/\/www.facebook.com\/elprolepenik\/","article_modified_time":"2022-07-16T13:20:51+00:00","og_image":[{"width":1080,"height":1080,"url":"https:\/\/www.arhivelpro.dev-acenta.si\/wp-content\/uploads\/2020\/02\/termometer_bimetalni_za_kru_no_pe_ter-100-a52-cb-600-0-500_c_ter-100-a52-cb-900-0-500_c_1_2.jpg","type":"image\/jpeg"}],"twitter_card":"summary_large_image","twitter_misc":{"Price":"","Availability":"On backorder"},"schema":{"@context":"https:\/\/schema.org","@graph":[{"@type":"WebPage","@id":"https:\/\/www.arhivelpro.dev-acenta.si\/en\/izdelek\/thermometer-bimetallic-for-crust-oven-l600mm\/","url":"https:\/\/www.arhivelpro.dev-acenta.si\/en\/izdelek\/thermometer-bimetallic-for-crust-oven-l600mm\/","name":"Bimetal thermometer for wood-burning stove L=600mm -","isPartOf":{"@id":"https:\/\/www.arhivelpro.dev-acenta.si\/en\/#website"},"primaryImageOfPage":{"@id":"https:\/\/www.arhivelpro.dev-acenta.si\/en\/izdelek\/thermometer-bimetallic-for-crust-oven-l600mm\/#primaryimage"},"image":{"@id":"https:\/\/www.arhivelpro.dev-acenta.si\/en\/izdelek\/thermometer-bimetallic-for-crust-oven-l600mm\/#primaryimage"},"thumbnailUrl":"https:\/\/www.arhivelpro.dev-acenta.si\/wp-content\/uploads\/2020\/02\/termometer_bimetalni_za_kru_no_pe_ter-100-a52-cb-600-0-500_c_ter-100-a52-cb-900-0-500_c_1_2.jpg","datePublished":"2020-02-06T13:42:54+00:00","dateModified":"2022-07-16T13:20:51+00:00","breadcrumb":{"@id":"https:\/\/www.arhivelpro.dev-acenta.si\/en\/izdelek\/thermometer-bimetallic-for-crust-oven-l600mm\/#breadcrumb"},"inLanguage":"en-US","potentialAction":[{"@type":"ReadAction","target":["https:\/\/www.arhivelpro.dev-acenta.si\/en\/izdelek\/thermometer-bimetallic-for-crust-oven-l600mm\/"]}]},{"@type":"ImageObject","inLanguage":"en-US","@id":"https:\/\/www.arhivelpro.dev-acenta.si\/en\/izdelek\/thermometer-bimetallic-for-crust-oven-l600mm\/#primaryimage","url":"https:\/\/www.arhivelpro.dev-acenta.si\/wp-content\/uploads\/2020\/02\/termometer_bimetalni_za_kru_no_pe_ter-100-a52-cb-600-0-500_c_ter-100-a52-cb-900-0-500_c_1_2.jpg","contentUrl":"https:\/\/www.arhivelpro.dev-acenta.si\/wp-content\/uploads\/2020\/02\/termometer_bimetalni_za_kru_no_pe_ter-100-a52-cb-600-0-500_c_ter-100-a52-cb-900-0-500_c_1_2.jpg","width":1080,"height":1080,"caption":"bimetalni termometer, bimetalna sonda, profesionalni termometer za kru\u0161no pe\u010d, industrijski bimetalni termometer, bimetalni termometer, elektri\u010dni termometer, termometer za kru\u0161ne pe\u010di, temperaturno tipalo za kru\u0161ne pe\u010di, temperaturno tipalo, temperaturna sonda za kru\u0161ne pe\u010di, termometer z napajanjem,"},{"@type":"BreadcrumbList","@id":"https:\/\/www.arhivelpro.dev-acenta.si\/en\/izdelek\/thermometer-bimetallic-for-crust-oven-l600mm\/#breadcrumb","itemListElement":[{"@type":"ListItem","position":1,"name":"Elpro","item":"https:\/\/www.arhivelpro.dev-acenta.si\/en\/"},{"@type":"ListItem","position":2,"name":"Products","item":"https:\/\/www.arhivelpro.dev-acenta.si\/en\/products\/"},{"@type":"ListItem","position":3,"name":"Uncategorized","item":"https:\/\/www.arhivelpro.dev-acenta.si\/en\/product-category\/uncategorized\/"},{"@type":"ListItem","position":4,"name":"Bread oven solutions","item":"https:\/\/www.arhivelpro.dev-acenta.si\/en\/product-category\/uncategorized\/bread-oven-solutions\/"},{"@type":"ListItem","position":5,"name":"Bimetal thermometer for wood-burning stove L=600mm"}]},{"@type":"WebSite","@id":"https:\/\/www.arhivelpro.dev-acenta.si\/en\/#website","url":"https:\/\/www.arhivelpro.dev-acenta.si\/en\/","name":"","description":"ELPRO \u2013 Elpro Lepenik proizvodnja temperaturnih tipal in merilno regulacijska tehnika","publisher":{"@id":"https:\/\/www.arhivelpro.dev-acenta.si\/en\/#organization"},"potentialAction":[{"@type":"SearchAction","target":{"@type":"EntryPoint","urlTemplate":"https:\/\/www.arhivelpro.dev-acenta.si\/en\/?s={search_term_string}"},"query-input":{"@type":"PropertyValueSpecification","valueRequired":true,"valueName":"search_term_string"}}],"inLanguage":"en-US"},{"@type":["Organization","Place"],"@id":"https:\/\/www.arhivelpro.dev-acenta.si\/en\/#organization","name":"ELPRO","url":"https:\/\/www.arhivelpro.dev-acenta.si\/en\/","logo":{"@id":"https:\/\/www.arhivelpro.dev-acenta.si\/en\/izdelek\/thermometer-bimetallic-for-crust-oven-l600mm\/#local-main-organization-logo"},"image":{"@id":"https:\/\/www.arhivelpro.dev-acenta.si\/en\/izdelek\/thermometer-bimetallic-for-crust-oven-l600mm\/#local-main-organization-logo"},"sameAs":["https:\/\/www.facebook.com\/elprolepenik\/","https:\/\/www.linkedin.com\/company\/elpro-lepenik\/about\/"],"address":{"@id":"https:\/\/www.arhivelpro.dev-acenta.si\/en\/izdelek\/thermometer-bimetallic-for-crust-oven-l600mm\/#local-main-place-address"},"telephone":["02 62 96 720","041 626 771"],"openingHoursSpecification":[{"@type":"OpeningHoursSpecification","dayOfWeek":["Monday","Tuesday","Wednesday","Thursday","Friday"],"opens":"07:00","closes":"16:00"},{"@type":"OpeningHoursSpecification","dayOfWeek":["Saturday","Sunday"],"opens":"00:00","closes":"00:00"}],"email":"info@elpro.si","vatID":"41479220","taxID":"SI41479220"},{"@type":"PostalAddress","@id":"https:\/\/www.arhivelpro.dev-acenta.si\/en\/izdelek\/thermometer-bimetallic-for-crust-oven-l600mm\/#local-main-place-address","streetAddress":"ELPRO LEPENIK & CO. d.o.o., Ob gozdu 7c, Rogoza","addressLocality":"Miklav\u017e na Dravskem polju","postalCode":"2204","addressRegion":"Podravska","addressCountry":"SI"},{"@type":"ImageObject","inLanguage":"en-US","@id":"https:\/\/www.arhivelpro.dev-acenta.si\/en\/izdelek\/thermometer-bimetallic-for-crust-oven-l600mm\/#local-main-organization-logo","url":"https:\/\/www.arhivelpro.dev-acenta.si\/wp-content\/uploads\/2020\/02\/LOGO-Header.svg","contentUrl":"https:\/\/www.arhivelpro.dev-acenta.si\/wp-content\/uploads\/2020\/02\/LOGO-Header.svg","caption":"ELPRO"}]},"product_price_amount":"0.00","product_price_currency":"EUR","og_availability":"backorder","product_availability":"available for order","product_retailer_item_id":"TER-100-A52-CB-600-0\/500\u00b0C","product_condition":"new","geo.placename":"Miklav\u017e na Dravskem polju","geo.region":"Slovenia"},"brands":[{"id":1391,"name":"Wika","slug":"wika"}],"_links":{"self":[{"href":"https:\/\/www.arhivelpro.dev-acenta.si\/en\/wp-json\/wp\/v2\/product\/48184"}],"collection":[{"href":"https:\/\/www.arhivelpro.dev-acenta.si\/en\/wp-json\/wp\/v2\/product"}],"about":[{"href":"https:\/\/www.arhivelpro.dev-acenta.si\/en\/wp-json\/wp\/v2\/types\/product"}],"wp:featuredmedia":[{"embeddable":true,"href":"https:\/\/www.arhivelpro.dev-acenta.si\/en\/wp-json\/wp\/v2\/media\/7402"}],"wp:attachment":[{"href":"https:\/\/www.arhivelpro.dev-acenta.si\/en\/wp-json\/wp\/v2\/media?parent=48184"}],"wp:term":[{"taxonomy":"pwb-brand","embeddable":true,"href":"https:\/\/www.arhivelpro.dev-acenta.si\/en\/wp-json\/wp\/v2\/pwb-brand?post=48184"},{"taxonomy":"product_cat","embeddable":true,"href":"https:\/\/www.arhivelpro.dev-acenta.si\/en\/wp-json\/wp\/v2\/product_cat?post=48184"},{"taxonomy":"product_tag","embeddable":true,"href":"https:\/\/www.arhivelpro.dev-acenta.si\/en\/wp-json\/wp\/v2\/product_tag?post=48184"}],"curies":[{"name":"wp","href":"https:\/\/api.w.org\/{rel}","templated":true}]}}