{"id":48101,"date":"2020-02-06T14:42:28","date_gmt":"2020-02-06T13:42:28","guid":{"rendered":"https:\/\/www.elpro.si\/izdelek\/tsr-3-p-p-p-level-dip-switch-with-pp-jola-rod\/"},"modified":"2022-07-16T12:47:53","modified_gmt":"2022-07-16T10:47:53","slug":"tsr-3-p-p-level-immersion-switch-with-socket-from-pp-jool","status":"publish","type":"product","link":"https:\/\/www.arhivelpro.dev-acenta.si\/en\/izdelek\/tsr-3-p-p-level-immersion-switch-with-socket-from-pp-jool\/","title":{"rendered":"TSR\/3\/P\/P\/P level dip switch with PP JOLA rod"},"content":{"rendered":"<p>The <strong>TSR\/3\/P\/P\/P level dip switch with PP JOLA rod<\/strong> is used for automatic level control, level indication, limit\/point level detection, as a protection against emptying or as a protection against overfilling of liquids in swimming pools. The level switch is designed for vertical installation.<\/p>\n<h2>Design and operating principle<\/h2>\n<p>TSR dip switches have a tube with reed contacts built in. The float is equipped with a permanent magnet. It moves freely up and down the pipe, activating the reed contacts as it ascends and descends. Note that the reed contacts are not locked, but switch only as long as the magnetic field is applied to them. When the float crosses an up or down contact, the contacts return to their original position. Reed contacts can also be restrained by the use of collars that restrict the movement of the float.<\/p>\n<h2>TSR\/3\/P\/P\/P properties<\/h2>\n<ul>\n<li>material of the level bar: PP<\/li>\n<li>diameter of the level bar : 14 mm<\/li>\n<li>length of level bar: up to 1,000 mm if desired<\/li>\n<li>threaded socket: G1, G2 on request<\/li>\n<li>float: PP, 53 mm \u00d8 x 50 mm<\/li>\n<li>for liquids with a density \u2265 0.8 g\/cm\u00b3<\/li>\n<li>IP degree of protection: IP65<\/li>\n<li>junction box: PP, 120 x 80 x 55 mm<\/li>\n<li>mounting: vertical<\/li>\n<li>Temperature range: depending on the length of the level bar (see technical data sheet)<\/li>\n<li>Compressive strength: max. 2 bar at +20 \u00b0C<\/li>\n<li>contacts NO, NC or OC max. 4<\/li>\n<\/ul>\n<p>More technical information can be found under the Documentation tab in the attached pdf documents.<\/p>\n<h2>Examples of TSR\/3\/P\/P applications<\/h2>\n<p><strong>Automatic tank emptying<\/strong><\/p>\n<ul>\n<li>The float rises to the highest level with the fluid and triggers the NO contact, which sets the pump in motion via a sequential cycle. The fluid is pumped out. When the minimum level is reached, the NC contact at the bottom is activated, breaking the series circuit and ending the pump operation.<\/li>\n<\/ul>\n<p><strong>Automatic tank filling<\/strong><\/p>\n<ul>\n<li>The float drops the liquid to the lowest level and triggers the NO contact, which sets the pump in motion via a sequential circuit. The fluid is then pumped inside. When the maximum level is reached, the upper NC contact is activated, breaking the sequential circuit and ending the pump operation.<\/li>\n<\/ul>\n<h2>Examples of standard use<\/h2>\n<p><strong>with 1 float and 1 collar fitted over the upper contact<\/strong><\/p>\n<ul>\n<li>It is advisable to fit an additional collar over the top contact. This allows the contacts to be switched after a circuit failure and avoids the rising fluid leaving the float outside the magnet&#8217;s area of influence on the contact. The length of the switch hose shall be such that when the float reaches the lower contact it rests on the retaining washer. The recommended distance between the bottom contact and the end of the switch corresponds to the minimum distance specified in the technical data of each TSR model.<\/li>\n<\/ul>\n<p><strong>with 2 or more floats and appropriate collars<\/strong><\/p>\n<ul>\n<li>To ensure that you do not retain only the upper and lower contacts after switching on, several floats can be used together with appropriate collars. Please respect the minimum contact spacing for these applications.<\/li>\n<\/ul>\n<p>&nbsp;<\/p>\n","protected":false},"excerpt":{"rendered":"<ul>\n<li>Switching voltage: between 24 V and 250 V AC\/DC<\/li>\n<li>Switching current: between 100 mA and 2 A (0.4 A) AC<\/li>\n<li>Switching power: max. 100 VA<\/li>\n<\/ul>\n","protected":false},"featured_media":58868,"template":"","meta":[],"pwb-brand":[42],"product_cat":[8696,10154,10156,10178,10183],"product_tag":[8695],"class_list":{"0":"post-48101","1":"product","2":"type-product","3":"status-publish","4":"has-post-thumbnail","6":"pwb-brand-jola","7":"product_cat-level-gauges","8":"product_cat-jola-fluid-level-en","9":"product_cat-level-control","10":"product_cat-level-immersion-probes-with-contacts","11":"product_cat-jola-tsr-series-level-immersion-switches-with-change-over-contact","12":"product_tag-level","13":"pa_dobavni_rok-okvirno-2-tedna-en","14":"pa_standardizacija-ip65-en","16":"first","17":"onbackorder","18":"taxable","19":"shipping-taxable","20":"product-type-simple","21":"add-to-wishlist-after_add_to_cart"},"yoast_head":"<!-- This site is optimized with the Yoast SEO Premium plugin v23.4 (Yoast SEO v23.4) - https:\/\/yoast.com\/wordpress\/plugins\/seo\/ -->\n<title>TSR\/3\/P\/P\/P level dip switch with PP JOLA rod -<\/title>\n<meta name=\"description\" content=\"The TSR\/3\/P\/P\/P level dip switch with PP JOLA rod is used for automatic level control of liquids in swimming pools. rod diameter 14 mm PP\" \/>\n<meta name=\"robots\" content=\"noindex, follow, max-snippet:-1, max-image-preview:large, max-video-preview:-1\" \/>\n<meta property=\"og:locale\" content=\"en_US\" \/>\n<meta property=\"og:type\" content=\"article\" \/>\n<meta property=\"og:title\" content=\"TSR\/3\/P\/P\/P level dip switch with PP JOLA rod\" \/>\n<meta property=\"og:description\" content=\"The TSR\/3\/P\/P\/P level dip switch with PP JOLA rod is used for automatic level control of liquids in swimming pools. rod diameter 14 mm PP\" \/>\n<meta property=\"og:url\" content=\"https:\/\/www.arhivelpro.dev-acenta.si\/en\/izdelek\/tsr-3-p-p-level-immersion-switch-with-socket-from-pp-jool\/\" \/>\n<meta property=\"article:publisher\" content=\"https:\/\/www.facebook.com\/elprolepenik\/\" \/>\n<meta property=\"article:modified_time\" content=\"2022-07-16T10:47:53+00:00\" \/>\n<meta property=\"og:image\" content=\"https:\/\/www.arhivelpro.dev-acenta.si\/wp-content\/uploads\/2020\/02\/TSR-3-P-P.png\" \/>\n\t<meta property=\"og:image:width\" content=\"974\" \/>\n\t<meta property=\"og:image:height\" content=\"1037\" \/>\n\t<meta property=\"og:image:type\" content=\"image\/png\" \/>\n<meta name=\"twitter:card\" content=\"summary_large_image\" \/>\n<meta name=\"twitter:label1\" content=\"Price\" \/>\n\t<meta name=\"twitter:data1\" content=\"\" \/>\n\t<meta name=\"twitter:label2\" content=\"Availability\" \/>\n\t<meta name=\"twitter:data2\" content=\"On backorder\" \/>\n<script type=\"application\/ld+json\" class=\"yoast-schema-graph\">{\"@context\":\"https:\/\/schema.org\",\"@graph\":[{\"@type\":\"WebPage\",\"@id\":\"https:\/\/www.arhivelpro.dev-acenta.si\/en\/izdelek\/tsr-3-p-p-level-immersion-switch-with-socket-from-pp-jool\/\",\"url\":\"https:\/\/www.arhivelpro.dev-acenta.si\/en\/izdelek\/tsr-3-p-p-level-immersion-switch-with-socket-from-pp-jool\/\",\"name\":\"TSR\/3\/P\/P\/P level dip switch with PP JOLA rod -\",\"isPartOf\":{\"@id\":\"https:\/\/www.arhivelpro.dev-acenta.si\/en\/#website\"},\"primaryImageOfPage\":{\"@id\":\"https:\/\/www.arhivelpro.dev-acenta.si\/en\/izdelek\/tsr-3-p-p-level-immersion-switch-with-socket-from-pp-jool\/#primaryimage\"},\"image\":{\"@id\":\"https:\/\/www.arhivelpro.dev-acenta.si\/en\/izdelek\/tsr-3-p-p-level-immersion-switch-with-socket-from-pp-jool\/#primaryimage\"},\"thumbnailUrl\":\"https:\/\/www.arhivelpro.dev-acenta.si\/wp-content\/uploads\/2020\/02\/TSR-3-P-P.png\",\"datePublished\":\"2020-02-06T13:42:28+00:00\",\"dateModified\":\"2022-07-16T10:47:53+00:00\",\"description\":\"The TSR\/3\/P\/P\/P level dip switch with PP JOLA rod is used for automatic level control of liquids in swimming pools. rod diameter 14 mm PP\",\"breadcrumb\":{\"@id\":\"https:\/\/www.arhivelpro.dev-acenta.si\/en\/izdelek\/tsr-3-p-p-level-immersion-switch-with-socket-from-pp-jool\/#breadcrumb\"},\"inLanguage\":\"en-US\",\"potentialAction\":[{\"@type\":\"ReadAction\",\"target\":[\"https:\/\/www.arhivelpro.dev-acenta.si\/en\/izdelek\/tsr-3-p-p-level-immersion-switch-with-socket-from-pp-jool\/\"]}]},{\"@type\":\"ImageObject\",\"inLanguage\":\"en-US\",\"@id\":\"https:\/\/www.arhivelpro.dev-acenta.si\/en\/izdelek\/tsr-3-p-p-level-immersion-switch-with-socket-from-pp-jool\/#primaryimage\",\"url\":\"https:\/\/www.arhivelpro.dev-acenta.si\/wp-content\/uploads\/2020\/02\/TSR-3-P-P.png\",\"contentUrl\":\"https:\/\/www.arhivelpro.dev-acenta.si\/wp-content\/uploads\/2020\/02\/TSR-3-P-P.png\",\"width\":974,\"height\":1037,\"caption\":\"se uporablja za avtomatski nadzor nivoja, indikacijo ravni, zaznavanje mejne\/to\u010dkovne ravni, kot za\u0161\u010dita pred spraznitvijo ali kot za\u0161\u010dita pred prepolnjevanjem teko\u010din v bazenih.\"},{\"@type\":\"BreadcrumbList\",\"@id\":\"https:\/\/www.arhivelpro.dev-acenta.si\/en\/izdelek\/tsr-3-p-p-level-immersion-switch-with-socket-from-pp-jool\/#breadcrumb\",\"itemListElement\":[{\"@type\":\"ListItem\",\"position\":1,\"name\":\"Elpro\",\"item\":\"https:\/\/www.arhivelpro.dev-acenta.si\/en\/\"},{\"@type\":\"ListItem\",\"position\":2,\"name\":\"Products\",\"item\":\"https:\/\/www.arhivelpro.dev-acenta.si\/en\/products\/\"},{\"@type\":\"ListItem\",\"position\":3,\"name\":\"Level gauges\",\"item\":\"https:\/\/www.arhivelpro.dev-acenta.si\/en\/product-category\/level-gauges\/\"},{\"@type\":\"ListItem\",\"position\":4,\"name\":\"TSR\/3\/P\/P\/P level dip switch with PP JOLA rod\"}]},{\"@type\":\"WebSite\",\"@id\":\"https:\/\/www.arhivelpro.dev-acenta.si\/en\/#website\",\"url\":\"https:\/\/www.arhivelpro.dev-acenta.si\/en\/\",\"name\":\"\",\"description\":\"ELPRO \u2013 Elpro Lepenik proizvodnja temperaturnih tipal in merilno regulacijska tehnika\",\"publisher\":{\"@id\":\"https:\/\/www.arhivelpro.dev-acenta.si\/en\/#organization\"},\"potentialAction\":[{\"@type\":\"SearchAction\",\"target\":{\"@type\":\"EntryPoint\",\"urlTemplate\":\"https:\/\/www.arhivelpro.dev-acenta.si\/en\/?s={search_term_string}\"},\"query-input\":{\"@type\":\"PropertyValueSpecification\",\"valueRequired\":true,\"valueName\":\"search_term_string\"}}],\"inLanguage\":\"en-US\"},{\"@type\":[\"Organization\",\"Place\"],\"@id\":\"https:\/\/www.arhivelpro.dev-acenta.si\/en\/#organization\",\"name\":\"ELPRO\",\"url\":\"https:\/\/www.arhivelpro.dev-acenta.si\/en\/\",\"logo\":{\"@id\":\"https:\/\/www.arhivelpro.dev-acenta.si\/en\/izdelek\/tsr-3-p-p-level-immersion-switch-with-socket-from-pp-jool\/#local-main-organization-logo\"},\"image\":{\"@id\":\"https:\/\/www.arhivelpro.dev-acenta.si\/en\/izdelek\/tsr-3-p-p-level-immersion-switch-with-socket-from-pp-jool\/#local-main-organization-logo\"},\"sameAs\":[\"https:\/\/www.facebook.com\/elprolepenik\/\",\"https:\/\/www.linkedin.com\/company\/elpro-lepenik\/about\/\"],\"address\":{\"@id\":\"https:\/\/www.arhivelpro.dev-acenta.si\/en\/izdelek\/tsr-3-p-p-level-immersion-switch-with-socket-from-pp-jool\/#local-main-place-address\"},\"telephone\":[\"02 62 96 720\",\"041 626 771\"],\"openingHoursSpecification\":[{\"@type\":\"OpeningHoursSpecification\",\"dayOfWeek\":[\"Monday\",\"Tuesday\",\"Wednesday\",\"Thursday\",\"Friday\"],\"opens\":\"07:00\",\"closes\":\"16:00\"},{\"@type\":\"OpeningHoursSpecification\",\"dayOfWeek\":[\"Saturday\",\"Sunday\"],\"opens\":\"00:00\",\"closes\":\"00:00\"}],\"email\":\"info@elpro.si\",\"vatID\":\"41479220\",\"taxID\":\"SI41479220\"},{\"@type\":\"PostalAddress\",\"@id\":\"https:\/\/www.arhivelpro.dev-acenta.si\/en\/izdelek\/tsr-3-p-p-level-immersion-switch-with-socket-from-pp-jool\/#local-main-place-address\",\"streetAddress\":\"ELPRO LEPENIK & CO. d.o.o., Ob gozdu 7c, Rogoza\",\"addressLocality\":\"Miklav\u017e na Dravskem polju\",\"postalCode\":\"2204\",\"addressRegion\":\"Podravska\",\"addressCountry\":\"SI\"},{\"@type\":\"ImageObject\",\"inLanguage\":\"en-US\",\"@id\":\"https:\/\/www.arhivelpro.dev-acenta.si\/en\/izdelek\/tsr-3-p-p-level-immersion-switch-with-socket-from-pp-jool\/#local-main-organization-logo\",\"url\":\"https:\/\/www.arhivelpro.dev-acenta.si\/wp-content\/uploads\/2020\/02\/LOGO-Header.svg\",\"contentUrl\":\"https:\/\/www.arhivelpro.dev-acenta.si\/wp-content\/uploads\/2020\/02\/LOGO-Header.svg\",\"caption\":\"ELPRO\"}]}<\/script>\n<meta property=\"product:price:amount\" content=\"0.00\" \/>\n<meta property=\"product:price:currency\" content=\"EUR\" \/>\n<meta property=\"og:availability\" content=\"backorder\" \/>\n<meta property=\"product:availability\" content=\"available for order\" \/>\n<meta property=\"product:retailer_item_id\" content=\"TSR\/3\/P\/P\" \/>\n<meta property=\"product:condition\" content=\"new\" \/>\n<meta name=\"geo.placename\" content=\"Miklav\u017e na Dravskem polju\" \/>\n<meta name=\"geo.region\" content=\"Slovenia\" \/>\n<!-- \/ Yoast SEO Premium plugin. -->","yoast_head_json":{"title":"TSR\/3\/P\/P\/P level dip switch with PP JOLA rod -","description":"The TSR\/3\/P\/P\/P level dip switch with PP JOLA rod is used for automatic level control of liquids in swimming pools. rod diameter 14 mm PP","robots":{"index":"noindex","follow":"follow","max-snippet":"max-snippet:-1","max-image-preview":"max-image-preview:large","max-video-preview":"max-video-preview:-1"},"og_locale":"en_US","og_type":"article","og_title":"TSR\/3\/P\/P\/P level dip switch with PP JOLA rod","og_description":"The TSR\/3\/P\/P\/P level dip switch with PP JOLA rod is used for automatic level control of liquids in swimming pools. rod diameter 14 mm PP","og_url":"https:\/\/www.arhivelpro.dev-acenta.si\/en\/izdelek\/tsr-3-p-p-level-immersion-switch-with-socket-from-pp-jool\/","article_publisher":"https:\/\/www.facebook.com\/elprolepenik\/","article_modified_time":"2022-07-16T10:47:53+00:00","og_image":[{"width":974,"height":1037,"url":"https:\/\/www.arhivelpro.dev-acenta.si\/wp-content\/uploads\/2020\/02\/TSR-3-P-P.png","type":"image\/png"}],"twitter_card":"summary_large_image","twitter_misc":{"Price":"","Availability":"On backorder"},"schema":{"@context":"https:\/\/schema.org","@graph":[{"@type":"WebPage","@id":"https:\/\/www.arhivelpro.dev-acenta.si\/en\/izdelek\/tsr-3-p-p-level-immersion-switch-with-socket-from-pp-jool\/","url":"https:\/\/www.arhivelpro.dev-acenta.si\/en\/izdelek\/tsr-3-p-p-level-immersion-switch-with-socket-from-pp-jool\/","name":"TSR\/3\/P\/P\/P level dip switch with PP JOLA rod -","isPartOf":{"@id":"https:\/\/www.arhivelpro.dev-acenta.si\/en\/#website"},"primaryImageOfPage":{"@id":"https:\/\/www.arhivelpro.dev-acenta.si\/en\/izdelek\/tsr-3-p-p-level-immersion-switch-with-socket-from-pp-jool\/#primaryimage"},"image":{"@id":"https:\/\/www.arhivelpro.dev-acenta.si\/en\/izdelek\/tsr-3-p-p-level-immersion-switch-with-socket-from-pp-jool\/#primaryimage"},"thumbnailUrl":"https:\/\/www.arhivelpro.dev-acenta.si\/wp-content\/uploads\/2020\/02\/TSR-3-P-P.png","datePublished":"2020-02-06T13:42:28+00:00","dateModified":"2022-07-16T10:47:53+00:00","description":"The TSR\/3\/P\/P\/P level dip switch with PP JOLA rod is used for automatic level control of liquids in swimming pools. rod diameter 14 mm PP","breadcrumb":{"@id":"https:\/\/www.arhivelpro.dev-acenta.si\/en\/izdelek\/tsr-3-p-p-level-immersion-switch-with-socket-from-pp-jool\/#breadcrumb"},"inLanguage":"en-US","potentialAction":[{"@type":"ReadAction","target":["https:\/\/www.arhivelpro.dev-acenta.si\/en\/izdelek\/tsr-3-p-p-level-immersion-switch-with-socket-from-pp-jool\/"]}]},{"@type":"ImageObject","inLanguage":"en-US","@id":"https:\/\/www.arhivelpro.dev-acenta.si\/en\/izdelek\/tsr-3-p-p-level-immersion-switch-with-socket-from-pp-jool\/#primaryimage","url":"https:\/\/www.arhivelpro.dev-acenta.si\/wp-content\/uploads\/2020\/02\/TSR-3-P-P.png","contentUrl":"https:\/\/www.arhivelpro.dev-acenta.si\/wp-content\/uploads\/2020\/02\/TSR-3-P-P.png","width":974,"height":1037,"caption":"se uporablja za avtomatski nadzor nivoja, indikacijo ravni, zaznavanje mejne\/to\u010dkovne ravni, kot za\u0161\u010dita pred spraznitvijo ali kot za\u0161\u010dita pred prepolnjevanjem teko\u010din v bazenih."},{"@type":"BreadcrumbList","@id":"https:\/\/www.arhivelpro.dev-acenta.si\/en\/izdelek\/tsr-3-p-p-level-immersion-switch-with-socket-from-pp-jool\/#breadcrumb","itemListElement":[{"@type":"ListItem","position":1,"name":"Elpro","item":"https:\/\/www.arhivelpro.dev-acenta.si\/en\/"},{"@type":"ListItem","position":2,"name":"Products","item":"https:\/\/www.arhivelpro.dev-acenta.si\/en\/products\/"},{"@type":"ListItem","position":3,"name":"Level gauges","item":"https:\/\/www.arhivelpro.dev-acenta.si\/en\/product-category\/level-gauges\/"},{"@type":"ListItem","position":4,"name":"TSR\/3\/P\/P\/P level dip switch with PP JOLA rod"}]},{"@type":"WebSite","@id":"https:\/\/www.arhivelpro.dev-acenta.si\/en\/#website","url":"https:\/\/www.arhivelpro.dev-acenta.si\/en\/","name":"","description":"ELPRO \u2013 Elpro Lepenik proizvodnja temperaturnih tipal in merilno regulacijska tehnika","publisher":{"@id":"https:\/\/www.arhivelpro.dev-acenta.si\/en\/#organization"},"potentialAction":[{"@type":"SearchAction","target":{"@type":"EntryPoint","urlTemplate":"https:\/\/www.arhivelpro.dev-acenta.si\/en\/?s={search_term_string}"},"query-input":{"@type":"PropertyValueSpecification","valueRequired":true,"valueName":"search_term_string"}}],"inLanguage":"en-US"},{"@type":["Organization","Place"],"@id":"https:\/\/www.arhivelpro.dev-acenta.si\/en\/#organization","name":"ELPRO","url":"https:\/\/www.arhivelpro.dev-acenta.si\/en\/","logo":{"@id":"https:\/\/www.arhivelpro.dev-acenta.si\/en\/izdelek\/tsr-3-p-p-level-immersion-switch-with-socket-from-pp-jool\/#local-main-organization-logo"},"image":{"@id":"https:\/\/www.arhivelpro.dev-acenta.si\/en\/izdelek\/tsr-3-p-p-level-immersion-switch-with-socket-from-pp-jool\/#local-main-organization-logo"},"sameAs":["https:\/\/www.facebook.com\/elprolepenik\/","https:\/\/www.linkedin.com\/company\/elpro-lepenik\/about\/"],"address":{"@id":"https:\/\/www.arhivelpro.dev-acenta.si\/en\/izdelek\/tsr-3-p-p-level-immersion-switch-with-socket-from-pp-jool\/#local-main-place-address"},"telephone":["02 62 96 720","041 626 771"],"openingHoursSpecification":[{"@type":"OpeningHoursSpecification","dayOfWeek":["Monday","Tuesday","Wednesday","Thursday","Friday"],"opens":"07:00","closes":"16:00"},{"@type":"OpeningHoursSpecification","dayOfWeek":["Saturday","Sunday"],"opens":"00:00","closes":"00:00"}],"email":"info@elpro.si","vatID":"41479220","taxID":"SI41479220"},{"@type":"PostalAddress","@id":"https:\/\/www.arhivelpro.dev-acenta.si\/en\/izdelek\/tsr-3-p-p-level-immersion-switch-with-socket-from-pp-jool\/#local-main-place-address","streetAddress":"ELPRO LEPENIK & CO. d.o.o., Ob gozdu 7c, Rogoza","addressLocality":"Miklav\u017e na Dravskem polju","postalCode":"2204","addressRegion":"Podravska","addressCountry":"SI"},{"@type":"ImageObject","inLanguage":"en-US","@id":"https:\/\/www.arhivelpro.dev-acenta.si\/en\/izdelek\/tsr-3-p-p-level-immersion-switch-with-socket-from-pp-jool\/#local-main-organization-logo","url":"https:\/\/www.arhivelpro.dev-acenta.si\/wp-content\/uploads\/2020\/02\/LOGO-Header.svg","contentUrl":"https:\/\/www.arhivelpro.dev-acenta.si\/wp-content\/uploads\/2020\/02\/LOGO-Header.svg","caption":"ELPRO"}]},"product_price_amount":"0.00","product_price_currency":"EUR","og_availability":"backorder","product_availability":"available for order","product_retailer_item_id":"TSR\/3\/P\/P","product_condition":"new","geo.placename":"Miklav\u017e na Dravskem polju","geo.region":"Slovenia"},"brands":[{"id":42,"name":"Jola","slug":"jola"}],"_links":{"self":[{"href":"https:\/\/www.arhivelpro.dev-acenta.si\/en\/wp-json\/wp\/v2\/product\/48101"}],"collection":[{"href":"https:\/\/www.arhivelpro.dev-acenta.si\/en\/wp-json\/wp\/v2\/product"}],"about":[{"href":"https:\/\/www.arhivelpro.dev-acenta.si\/en\/wp-json\/wp\/v2\/types\/product"}],"wp:featuredmedia":[{"embeddable":true,"href":"https:\/\/www.arhivelpro.dev-acenta.si\/en\/wp-json\/wp\/v2\/media\/58868"}],"wp:attachment":[{"href":"https:\/\/www.arhivelpro.dev-acenta.si\/en\/wp-json\/wp\/v2\/media?parent=48101"}],"wp:term":[{"taxonomy":"pwb-brand","embeddable":true,"href":"https:\/\/www.arhivelpro.dev-acenta.si\/en\/wp-json\/wp\/v2\/pwb-brand?post=48101"},{"taxonomy":"product_cat","embeddable":true,"href":"https:\/\/www.arhivelpro.dev-acenta.si\/en\/wp-json\/wp\/v2\/product_cat?post=48101"},{"taxonomy":"product_tag","embeddable":true,"href":"https:\/\/www.arhivelpro.dev-acenta.si\/en\/wp-json\/wp\/v2\/product_tag?post=48101"}],"curies":[{"name":"wp","href":"https:\/\/api.w.org\/{rel}","templated":true}]}}