{"id":47533,"date":"2020-07-10T09:24:31","date_gmt":"2020-07-10T07:24:31","guid":{"rendered":"https:\/\/www.elpro.si\/izdelek\/protective-covers-for-rotronic-relative-humidity-sensors\/"},"modified":"2022-07-15T19:13:42","modified_gmt":"2022-07-15T17:13:42","slug":"sensitive-for-tips-for-relative-respiratory-tractability-rotronic","status":"publish","type":"product","link":"https:\/\/www.arhivelpro.dev-acenta.si\/en\/izdelek\/sensitive-for-tips-for-relative-respiratory-tractability-rotronic\/","title":{"rendered":"Protective covers for ROTRONIC relative humidity sensors"},"content":{"rendered":"<p><strong>ROTRONIC relative humidity sensor protective covers protect the <\/strong>sensors\/connectors from water and chemical substances such as H2O2 during cleaning cycles<\/p>\n<p>&nbsp;<\/p>\n<h2>Variants of models<\/h2>\n<ul>\n<li>Protection E2\/E3 (protects connectors)<\/li>\n<li>Protection filter ( protects sensors)<\/li>\n<li>HC2 Protection (protects the entire HC2 sensor)<\/li>\n<\/ul>\n","protected":false},"excerpt":{"rendered":"<ul>\n<li>sensor\/connector protection<\/li>\n<li>Protection E2\/E3 (protects connectors)<\/li>\n<li>Protection filter ( protects sensors)<\/li>\n<li>HC2 Protection (protects the entire HC2 sensor)<\/li>\n<\/ul>\n<p>&nbsp;<\/p>\n","protected":false},"featured_media":9220,"template":"","meta":[],"pwb-brand":[1359],"product_cat":[1613,1614,1615,6348,6358],"product_tag":[1608,1611,1647,6639],"class_list":{"0":"post-47533","1":"product","2":"type-product","3":"status-publish","4":"has-post-thumbnail","6":"pwb-brand-rotronic","7":"product_cat-moisture-gauders","8":"product_cat-rotronic-humidity-temperature-co2-differencial-pressure-water-activity-dew-point-o2-monitoring","9":"product_cat-rotronic-humidity-water-activity-dew-point-monitoring-calibration","10":"product_cat-accessories-rotronic-connection-mounting-equipment","11":"product_cat-accessories-rotronic-connection-mounting-equipment-en","12":"product_tag-temperature","13":"product_tag-humidity","14":"product_tag-portable","15":"product_tag-regulation-automation","16":"pa_dobavni_rok-okvirno-2-tedna-en","18":"first","19":"onbackorder","20":"taxable","21":"shipping-taxable","22":"product-type-simple","23":"add-to-wishlist-after_add_to_cart"},"yoast_head":"<!-- This site is optimized with the Yoast SEO Premium plugin v23.4 (Yoast SEO v23.4) - https:\/\/yoast.com\/wordpress\/plugins\/seo\/ -->\n<title>Protective covers for ROTRONIC relative humidity sensors -<\/title>\n<meta name=\"description\" content=\"Protective covers protect the relative humidity sensors from damage that can be caused by water and chemical substances during cleaning cycles.\" \/>\n<meta name=\"robots\" content=\"noindex, follow, max-snippet:-1, max-image-preview:large, max-video-preview:-1\" \/>\n<meta property=\"og:locale\" content=\"en_US\" \/>\n<meta property=\"og:type\" content=\"article\" \/>\n<meta property=\"og:title\" content=\"Protective covers for ROTRONIC relative humidity sensors\" \/>\n<meta property=\"og:description\" content=\"Protective covers protect the relative humidity sensors from damage that can be caused by water and chemical substances during cleaning cycles.\" \/>\n<meta property=\"og:url\" content=\"https:\/\/www.arhivelpro.dev-acenta.si\/en\/izdelek\/sensitive-for-tips-for-relative-respiratory-tractability-rotronic\/\" \/>\n<meta property=\"article:publisher\" content=\"https:\/\/www.facebook.com\/elprolepenik\/\" \/>\n<meta property=\"article:modified_time\" content=\"2022-07-15T17:13:42+00:00\" \/>\n<meta property=\"og:image\" content=\"https:\/\/www.arhivelpro.dev-acenta.si\/wp-content\/uploads\/2020\/07\/Za\u0161\u010ditni-pokrovi-za-tipala-relativne-vla\u017enosti.jpg\" \/>\n\t<meta property=\"og:image:width\" content=\"544\" \/>\n\t<meta property=\"og:image:height\" content=\"575\" \/>\n\t<meta property=\"og:image:type\" content=\"image\/jpeg\" \/>\n<meta name=\"twitter:card\" content=\"summary_large_image\" \/>\n<meta name=\"twitter:label1\" content=\"Price\" \/>\n\t<meta name=\"twitter:data1\" content=\"\" \/>\n\t<meta name=\"twitter:label2\" content=\"Availability\" \/>\n\t<meta name=\"twitter:data2\" content=\"On backorder\" \/>\n<script type=\"application\/ld+json\" class=\"yoast-schema-graph\">{\"@context\":\"https:\/\/schema.org\",\"@graph\":[{\"@type\":\"WebPage\",\"@id\":\"https:\/\/www.arhivelpro.dev-acenta.si\/en\/izdelek\/sensitive-for-tips-for-relative-respiratory-tractability-rotronic\/\",\"url\":\"https:\/\/www.arhivelpro.dev-acenta.si\/en\/izdelek\/sensitive-for-tips-for-relative-respiratory-tractability-rotronic\/\",\"name\":\"Protective covers for ROTRONIC relative humidity sensors -\",\"isPartOf\":{\"@id\":\"https:\/\/www.arhivelpro.dev-acenta.si\/en\/#website\"},\"primaryImageOfPage\":{\"@id\":\"https:\/\/www.arhivelpro.dev-acenta.si\/en\/izdelek\/sensitive-for-tips-for-relative-respiratory-tractability-rotronic\/#primaryimage\"},\"image\":{\"@id\":\"https:\/\/www.arhivelpro.dev-acenta.si\/en\/izdelek\/sensitive-for-tips-for-relative-respiratory-tractability-rotronic\/#primaryimage\"},\"thumbnailUrl\":\"https:\/\/www.arhivelpro.dev-acenta.si\/wp-content\/uploads\/2020\/07\/Za\u0161\u010ditni-pokrovi-za-tipala-relativne-vla\u017enosti.jpg\",\"datePublished\":\"2020-07-10T07:24:31+00:00\",\"dateModified\":\"2022-07-15T17:13:42+00:00\",\"description\":\"Protective covers protect the relative humidity sensors from damage that can be caused by water and chemical substances during cleaning cycles.\",\"breadcrumb\":{\"@id\":\"https:\/\/www.arhivelpro.dev-acenta.si\/en\/izdelek\/sensitive-for-tips-for-relative-respiratory-tractability-rotronic\/#breadcrumb\"},\"inLanguage\":\"en-US\",\"potentialAction\":[{\"@type\":\"ReadAction\",\"target\":[\"https:\/\/www.arhivelpro.dev-acenta.si\/en\/izdelek\/sensitive-for-tips-for-relative-respiratory-tractability-rotronic\/\"]}]},{\"@type\":\"ImageObject\",\"inLanguage\":\"en-US\",\"@id\":\"https:\/\/www.arhivelpro.dev-acenta.si\/en\/izdelek\/sensitive-for-tips-for-relative-respiratory-tractability-rotronic\/#primaryimage\",\"url\":\"https:\/\/www.arhivelpro.dev-acenta.si\/wp-content\/uploads\/2020\/07\/Za\u0161\u010ditni-pokrovi-za-tipala-relativne-vla\u017enosti.jpg\",\"contentUrl\":\"https:\/\/www.arhivelpro.dev-acenta.si\/wp-content\/uploads\/2020\/07\/Za\u0161\u010ditni-pokrovi-za-tipala-relativne-vla\u017enosti.jpg\",\"width\":544,\"height\":575,\"caption\":\"Protective covers for relative humidity sensors, protective covers\"},{\"@type\":\"BreadcrumbList\",\"@id\":\"https:\/\/www.arhivelpro.dev-acenta.si\/en\/izdelek\/sensitive-for-tips-for-relative-respiratory-tractability-rotronic\/#breadcrumb\",\"itemListElement\":[{\"@type\":\"ListItem\",\"position\":1,\"name\":\"Elpro\",\"item\":\"https:\/\/www.arhivelpro.dev-acenta.si\/en\/\"},{\"@type\":\"ListItem\",\"position\":2,\"name\":\"Products\",\"item\":\"https:\/\/www.arhivelpro.dev-acenta.si\/en\/products\/\"},{\"@type\":\"ListItem\",\"position\":3,\"name\":\"ROTRONIC humidity, temperature, CO2, differencial pressure, water activity, dew point, O2, monitoring\",\"item\":\"https:\/\/www.arhivelpro.dev-acenta.si\/en\/product-category\/rotronic-humidity-temperature-co2-differencial-pressure-water-activity-dew-point-o2-monitoring\/\"},{\"@type\":\"ListItem\",\"position\":4,\"name\":\"Protective covers for ROTRONIC relative humidity sensors\"}]},{\"@type\":\"WebSite\",\"@id\":\"https:\/\/www.arhivelpro.dev-acenta.si\/en\/#website\",\"url\":\"https:\/\/www.arhivelpro.dev-acenta.si\/en\/\",\"name\":\"\",\"description\":\"ELPRO \u2013 Elpro Lepenik proizvodnja temperaturnih tipal in merilno regulacijska tehnika\",\"publisher\":{\"@id\":\"https:\/\/www.arhivelpro.dev-acenta.si\/en\/#organization\"},\"potentialAction\":[{\"@type\":\"SearchAction\",\"target\":{\"@type\":\"EntryPoint\",\"urlTemplate\":\"https:\/\/www.arhivelpro.dev-acenta.si\/en\/?s={search_term_string}\"},\"query-input\":{\"@type\":\"PropertyValueSpecification\",\"valueRequired\":true,\"valueName\":\"search_term_string\"}}],\"inLanguage\":\"en-US\"},{\"@type\":[\"Organization\",\"Place\"],\"@id\":\"https:\/\/www.arhivelpro.dev-acenta.si\/en\/#organization\",\"name\":\"ELPRO\",\"url\":\"https:\/\/www.arhivelpro.dev-acenta.si\/en\/\",\"logo\":{\"@id\":\"https:\/\/www.arhivelpro.dev-acenta.si\/en\/izdelek\/sensitive-for-tips-for-relative-respiratory-tractability-rotronic\/#local-main-organization-logo\"},\"image\":{\"@id\":\"https:\/\/www.arhivelpro.dev-acenta.si\/en\/izdelek\/sensitive-for-tips-for-relative-respiratory-tractability-rotronic\/#local-main-organization-logo\"},\"sameAs\":[\"https:\/\/www.facebook.com\/elprolepenik\/\",\"https:\/\/www.linkedin.com\/company\/elpro-lepenik\/about\/\"],\"address\":{\"@id\":\"https:\/\/www.arhivelpro.dev-acenta.si\/en\/izdelek\/sensitive-for-tips-for-relative-respiratory-tractability-rotronic\/#local-main-place-address\"},\"telephone\":[\"02 62 96 720\",\"041 626 771\"],\"openingHoursSpecification\":[{\"@type\":\"OpeningHoursSpecification\",\"dayOfWeek\":[\"Monday\",\"Tuesday\",\"Wednesday\",\"Thursday\",\"Friday\"],\"opens\":\"07:00\",\"closes\":\"16:00\"},{\"@type\":\"OpeningHoursSpecification\",\"dayOfWeek\":[\"Saturday\",\"Sunday\"],\"opens\":\"00:00\",\"closes\":\"00:00\"}],\"email\":\"info@elpro.si\",\"vatID\":\"41479220\",\"taxID\":\"SI41479220\"},{\"@type\":\"PostalAddress\",\"@id\":\"https:\/\/www.arhivelpro.dev-acenta.si\/en\/izdelek\/sensitive-for-tips-for-relative-respiratory-tractability-rotronic\/#local-main-place-address\",\"streetAddress\":\"ELPRO LEPENIK & CO. d.o.o., Ob gozdu 7c, Rogoza\",\"addressLocality\":\"Miklav\u017e na Dravskem polju\",\"postalCode\":\"2204\",\"addressRegion\":\"Podravska\",\"addressCountry\":\"SI\"},{\"@type\":\"ImageObject\",\"inLanguage\":\"en-US\",\"@id\":\"https:\/\/www.arhivelpro.dev-acenta.si\/en\/izdelek\/sensitive-for-tips-for-relative-respiratory-tractability-rotronic\/#local-main-organization-logo\",\"url\":\"https:\/\/www.arhivelpro.dev-acenta.si\/wp-content\/uploads\/2020\/02\/LOGO-Header.svg\",\"contentUrl\":\"https:\/\/www.arhivelpro.dev-acenta.si\/wp-content\/uploads\/2020\/02\/LOGO-Header.svg\",\"caption\":\"ELPRO\"}]}<\/script>\n<meta property=\"product:price:amount\" content=\"0.00\" \/>\n<meta property=\"product:price:currency\" content=\"EUR\" \/>\n<meta property=\"og:availability\" content=\"backorder\" \/>\n<meta property=\"product:availability\" content=\"available for order\" \/>\n<meta property=\"product:retailer_item_id\" content=\"Za\u0161\u010ditne kapice\" \/>\n<meta property=\"product:condition\" content=\"new\" \/>\n<meta name=\"geo.placename\" content=\"Miklav\u017e na Dravskem polju\" \/>\n<meta name=\"geo.region\" content=\"Slovenia\" \/>\n<!-- \/ Yoast SEO Premium plugin. -->","yoast_head_json":{"title":"Protective covers for ROTRONIC relative humidity sensors -","description":"Protective covers protect the relative humidity sensors from damage that can be caused by water and chemical substances during cleaning cycles.","robots":{"index":"noindex","follow":"follow","max-snippet":"max-snippet:-1","max-image-preview":"max-image-preview:large","max-video-preview":"max-video-preview:-1"},"og_locale":"en_US","og_type":"article","og_title":"Protective covers for ROTRONIC relative humidity sensors","og_description":"Protective covers protect the relative humidity sensors from damage that can be caused by water and chemical substances during cleaning cycles.","og_url":"https:\/\/www.arhivelpro.dev-acenta.si\/en\/izdelek\/sensitive-for-tips-for-relative-respiratory-tractability-rotronic\/","article_publisher":"https:\/\/www.facebook.com\/elprolepenik\/","article_modified_time":"2022-07-15T17:13:42+00:00","og_image":[{"width":544,"height":575,"url":"https:\/\/www.arhivelpro.dev-acenta.si\/wp-content\/uploads\/2020\/07\/Za\u0161\u010ditni-pokrovi-za-tipala-relativne-vla\u017enosti.jpg","type":"image\/jpeg"}],"twitter_card":"summary_large_image","twitter_misc":{"Price":"","Availability":"On backorder"},"schema":{"@context":"https:\/\/schema.org","@graph":[{"@type":"WebPage","@id":"https:\/\/www.arhivelpro.dev-acenta.si\/en\/izdelek\/sensitive-for-tips-for-relative-respiratory-tractability-rotronic\/","url":"https:\/\/www.arhivelpro.dev-acenta.si\/en\/izdelek\/sensitive-for-tips-for-relative-respiratory-tractability-rotronic\/","name":"Protective covers for ROTRONIC relative humidity sensors -","isPartOf":{"@id":"https:\/\/www.arhivelpro.dev-acenta.si\/en\/#website"},"primaryImageOfPage":{"@id":"https:\/\/www.arhivelpro.dev-acenta.si\/en\/izdelek\/sensitive-for-tips-for-relative-respiratory-tractability-rotronic\/#primaryimage"},"image":{"@id":"https:\/\/www.arhivelpro.dev-acenta.si\/en\/izdelek\/sensitive-for-tips-for-relative-respiratory-tractability-rotronic\/#primaryimage"},"thumbnailUrl":"https:\/\/www.arhivelpro.dev-acenta.si\/wp-content\/uploads\/2020\/07\/Za\u0161\u010ditni-pokrovi-za-tipala-relativne-vla\u017enosti.jpg","datePublished":"2020-07-10T07:24:31+00:00","dateModified":"2022-07-15T17:13:42+00:00","description":"Protective covers protect the relative humidity sensors from damage that can be caused by water and chemical substances during cleaning cycles.","breadcrumb":{"@id":"https:\/\/www.arhivelpro.dev-acenta.si\/en\/izdelek\/sensitive-for-tips-for-relative-respiratory-tractability-rotronic\/#breadcrumb"},"inLanguage":"en-US","potentialAction":[{"@type":"ReadAction","target":["https:\/\/www.arhivelpro.dev-acenta.si\/en\/izdelek\/sensitive-for-tips-for-relative-respiratory-tractability-rotronic\/"]}]},{"@type":"ImageObject","inLanguage":"en-US","@id":"https:\/\/www.arhivelpro.dev-acenta.si\/en\/izdelek\/sensitive-for-tips-for-relative-respiratory-tractability-rotronic\/#primaryimage","url":"https:\/\/www.arhivelpro.dev-acenta.si\/wp-content\/uploads\/2020\/07\/Za\u0161\u010ditni-pokrovi-za-tipala-relativne-vla\u017enosti.jpg","contentUrl":"https:\/\/www.arhivelpro.dev-acenta.si\/wp-content\/uploads\/2020\/07\/Za\u0161\u010ditni-pokrovi-za-tipala-relativne-vla\u017enosti.jpg","width":544,"height":575,"caption":"Protective covers for relative humidity sensors, protective covers"},{"@type":"BreadcrumbList","@id":"https:\/\/www.arhivelpro.dev-acenta.si\/en\/izdelek\/sensitive-for-tips-for-relative-respiratory-tractability-rotronic\/#breadcrumb","itemListElement":[{"@type":"ListItem","position":1,"name":"Elpro","item":"https:\/\/www.arhivelpro.dev-acenta.si\/en\/"},{"@type":"ListItem","position":2,"name":"Products","item":"https:\/\/www.arhivelpro.dev-acenta.si\/en\/products\/"},{"@type":"ListItem","position":3,"name":"ROTRONIC humidity, temperature, CO2, differencial pressure, water activity, dew point, O2, monitoring","item":"https:\/\/www.arhivelpro.dev-acenta.si\/en\/product-category\/rotronic-humidity-temperature-co2-differencial-pressure-water-activity-dew-point-o2-monitoring\/"},{"@type":"ListItem","position":4,"name":"Protective covers for ROTRONIC relative humidity sensors"}]},{"@type":"WebSite","@id":"https:\/\/www.arhivelpro.dev-acenta.si\/en\/#website","url":"https:\/\/www.arhivelpro.dev-acenta.si\/en\/","name":"","description":"ELPRO \u2013 Elpro Lepenik proizvodnja temperaturnih tipal in merilno regulacijska tehnika","publisher":{"@id":"https:\/\/www.arhivelpro.dev-acenta.si\/en\/#organization"},"potentialAction":[{"@type":"SearchAction","target":{"@type":"EntryPoint","urlTemplate":"https:\/\/www.arhivelpro.dev-acenta.si\/en\/?s={search_term_string}"},"query-input":{"@type":"PropertyValueSpecification","valueRequired":true,"valueName":"search_term_string"}}],"inLanguage":"en-US"},{"@type":["Organization","Place"],"@id":"https:\/\/www.arhivelpro.dev-acenta.si\/en\/#organization","name":"ELPRO","url":"https:\/\/www.arhivelpro.dev-acenta.si\/en\/","logo":{"@id":"https:\/\/www.arhivelpro.dev-acenta.si\/en\/izdelek\/sensitive-for-tips-for-relative-respiratory-tractability-rotronic\/#local-main-organization-logo"},"image":{"@id":"https:\/\/www.arhivelpro.dev-acenta.si\/en\/izdelek\/sensitive-for-tips-for-relative-respiratory-tractability-rotronic\/#local-main-organization-logo"},"sameAs":["https:\/\/www.facebook.com\/elprolepenik\/","https:\/\/www.linkedin.com\/company\/elpro-lepenik\/about\/"],"address":{"@id":"https:\/\/www.arhivelpro.dev-acenta.si\/en\/izdelek\/sensitive-for-tips-for-relative-respiratory-tractability-rotronic\/#local-main-place-address"},"telephone":["02 62 96 720","041 626 771"],"openingHoursSpecification":[{"@type":"OpeningHoursSpecification","dayOfWeek":["Monday","Tuesday","Wednesday","Thursday","Friday"],"opens":"07:00","closes":"16:00"},{"@type":"OpeningHoursSpecification","dayOfWeek":["Saturday","Sunday"],"opens":"00:00","closes":"00:00"}],"email":"info@elpro.si","vatID":"41479220","taxID":"SI41479220"},{"@type":"PostalAddress","@id":"https:\/\/www.arhivelpro.dev-acenta.si\/en\/izdelek\/sensitive-for-tips-for-relative-respiratory-tractability-rotronic\/#local-main-place-address","streetAddress":"ELPRO LEPENIK & CO. d.o.o., Ob gozdu 7c, Rogoza","addressLocality":"Miklav\u017e na Dravskem polju","postalCode":"2204","addressRegion":"Podravska","addressCountry":"SI"},{"@type":"ImageObject","inLanguage":"en-US","@id":"https:\/\/www.arhivelpro.dev-acenta.si\/en\/izdelek\/sensitive-for-tips-for-relative-respiratory-tractability-rotronic\/#local-main-organization-logo","url":"https:\/\/www.arhivelpro.dev-acenta.si\/wp-content\/uploads\/2020\/02\/LOGO-Header.svg","contentUrl":"https:\/\/www.arhivelpro.dev-acenta.si\/wp-content\/uploads\/2020\/02\/LOGO-Header.svg","caption":"ELPRO"}]},"product_price_amount":"0.00","product_price_currency":"EUR","og_availability":"backorder","product_availability":"available for order","product_retailer_item_id":"Za\u0161\u010ditne kapice","product_condition":"new","geo.placename":"Miklav\u017e na Dravskem polju","geo.region":"Slovenia"},"brands":[{"id":1359,"name":"Rotronic","slug":"rotronic"}],"_links":{"self":[{"href":"https:\/\/www.arhivelpro.dev-acenta.si\/en\/wp-json\/wp\/v2\/product\/47533"}],"collection":[{"href":"https:\/\/www.arhivelpro.dev-acenta.si\/en\/wp-json\/wp\/v2\/product"}],"about":[{"href":"https:\/\/www.arhivelpro.dev-acenta.si\/en\/wp-json\/wp\/v2\/types\/product"}],"wp:featuredmedia":[{"embeddable":true,"href":"https:\/\/www.arhivelpro.dev-acenta.si\/en\/wp-json\/wp\/v2\/media\/9220"}],"wp:attachment":[{"href":"https:\/\/www.arhivelpro.dev-acenta.si\/en\/wp-json\/wp\/v2\/media?parent=47533"}],"wp:term":[{"taxonomy":"pwb-brand","embeddable":true,"href":"https:\/\/www.arhivelpro.dev-acenta.si\/en\/wp-json\/wp\/v2\/pwb-brand?post=47533"},{"taxonomy":"product_cat","embeddable":true,"href":"https:\/\/www.arhivelpro.dev-acenta.si\/en\/wp-json\/wp\/v2\/product_cat?post=47533"},{"taxonomy":"product_tag","embeddable":true,"href":"https:\/\/www.arhivelpro.dev-acenta.si\/en\/wp-json\/wp\/v2\/product_tag?post=47533"}],"curies":[{"name":"wp","href":"https:\/\/api.w.org\/{rel}","templated":true}]}}