{"id":47294,"date":"2020-02-06T14:39:00","date_gmt":"2020-02-06T13:39:00","guid":{"rendered":"https:\/\/www.elpro.si\/izdelek\/ebi-25-tx-data-logger-for-temperature-lower-and-higher-t-ebro\/"},"modified":"2023-10-25T09:19:36","modified_gmt":"2023-10-25T07:19:36","slug":"ebi-25-tx","status":"publish","type":"product","link":"https:\/\/www.arhivelpro.dev-acenta.si\/en\/izdelek\/ebi-25-tx\/","title":{"rendered":"EBI 25-TX wireless data logger EBRO"},"content":{"rendered":"<p>The <strong>EBI 25-TX wireless data logger<\/strong> is ideal for monitoring high and low temperatures during transport and storage of various products. Wireless connectivity ensures fast and accurate monitoring without the need for cables. Temperature monitoring with this data logger allows you to constantly monitor the temperature and prevent loss of goods.<\/p>\n<p>Using the EBI 25-TX, users can act quickly to prevent damage or loss of goods before it is too late. Automatic documentation provides an accurate record of temperature measurements that can be checked by the user at any time. In addition, the user can access the data from anywhere in the world, providing flexibility and control over transport and storage.<\/p>\n<p>It is easy to use and the battery can be replaced by the user, allowing long periods of use without interruption. With this wireless data logger, users can ensure that their products are stored at the optimal temperature to preserve quality and extend shelf life.<\/p>\n<p>&nbsp;<\/p>\n<h3><strong>Who is the EBI 25-TX suitable for?<\/strong><\/h3>\n<ul>\n<li>Companies that need accurate temperature monitoring during transport and storage.<\/li>\n<li>Manufacturers who transport or store sensitive goods that require precisely controlled temperatures.<\/li>\n<li>Distributors who deliver food, medicines or other products that require appropriate transport conditions.<\/li>\n<li>Warehousemen who store sensitive goods that require precisely controlled temperatures.<\/li>\n<li>People who need a wireless data logger that can measure both high and low temperatures and provide global access to the measurement data.<\/li>\n<\/ul>\n<p>&nbsp;<\/p>\n<h2><strong>Main features<\/strong><\/h2>\n<ul>\n<li>measuring range : -200 &#8230; +199.9 \u00b0C<\/li>\n<li>data memory: 288 measurements<\/li>\n<li>Sensor: Pt1000, fi: 5 mm, l: 50 mm, PTFE cable (3 m)<\/li>\n<li>accuracy:\n<ul>\n<li>\u00b12 \u00b0C (-200 \u00b0C &#8230; -100 \u00b0C)<\/li>\n<li>\u00b10.5 \u00b0C (-100 \u00b0C &#8230; -20 \u00b0C and +60 \u00b0C &#8230; +199.9 \u00b0C)<\/li>\n<li>\u00b10.4 \u00b0C (-20 \u00b0C &#8230; +60 \u00b0C)<\/li>\n<\/ul>\n<\/li>\n<li>resolution: 0.1 \u00b0C<\/li>\n<li>Sample interval: 1 min &#8230; 24 h<\/li>\n<li>Radio frequency: 868 MHz in the EU<\/li>\n<li>battery: lithium, 3.6 V, replaceable<\/li>\n<li>Dimensions: 135 mm x 48 mm x 27 mm, without probe<\/li>\n<li>weight: approx. 117 g<\/li>\n<li>Protection class: IP67<\/li>\n<li>factory calibration certificate<\/li>\n<li>storage temperature: -70 \u00b0C &#8230; +85 \u00b0C<\/li>\n<li>operating temperature: -30 \u00b0C &#8230; + 60 \u00b0C<\/li>\n<\/ul>\n<p>&nbsp;<\/p>\n<h4><strong>Software:<\/strong><\/h4>\n<ul>\n<li><a href=\"https:\/\/www.elpro.si\/izdelek\/winlog-web-program-za-ebro-loggerje\/\" target=\"_blank\" rel=\"noopener\">Winlog.web<\/a><\/li>\n<li><a href=\"https:\/\/www.elpro.si\/izdelek\/winlog-wave-program-za-ebro-loggerje\/\" target=\"_blank\" rel=\"noopener\">Winlog.wave<\/a><\/li>\n<\/ul>\n<p>&nbsp;<\/p>\n<h4>Presentation video:<\/h4>\n<p><iframe loading=\"lazy\" title=\"ebro EBI 25 Wireless Data Logger System\" width=\"500\" height=\"281\" src=\"https:\/\/www.youtube.com\/embed\/XVq_vCZPi1o?feature=oembed\" frameborder=\"0\" allow=\"accelerometer; autoplay; clipboard-write; encrypted-media; gyroscope; picture-in-picture; web-share\" referrerpolicy=\"strict-origin-when-cross-origin\" allowfullscreen><\/iframe><\/p>\n<p>&nbsp;<\/p>\n<h4>Articles:<\/h4>\n<p>You are invited to take a look at the articles:<\/p>\n<ul>\n<li><a href=\"https:\/\/www.elpro.si\/merjenje-temperature-v-hladilniku-s-cepivi-zdravili\/\" target=\"_blank\" rel=\"noopener noreferrer\">Measuring the temperature in a refrigerator with vaccines, medicines&#8221;,<\/a><\/li>\n<li><a href=\"https:\/\/www.elpro.si\/spremljanje-temperature-med-prevozom-cepiv\/\" target=\"_blank\" rel=\"noopener\">Temperature monitoring during transport of vaccines<\/a><\/li>\n<li><a href=\"https:\/\/www.elpro.si\/merjenje-temperature-v-prostoru-brez-nihanj-zaradi-odpiranja-vrat\/\" target=\"_blank\" rel=\"noopener\">Room temperature measurement (external influences)<\/a><\/li>\n<li><a href=\"https:\/\/www.elpro.si\/merjenje-temperature-in-vlage-v-prostoru\/\" target=\"_blank\" rel=\"noopener\">Measuring room temperature and humidity<\/a><\/li>\n<li><a href=\"https:\/\/www.elpro.si\/katero-spominsko-enoto-izbrati\/\" target=\"_blank\" rel=\"noopener\">How to choose between the EBI 3\u00d70 and EBI 20 loggers<\/a><\/li>\n<li><a href=\"https:\/\/www.elpro.si\/loggerji-ebro\/\" target=\"_blank\" rel=\"noopener\">Loggers &#8211; process monitoring (cold chain, HACCP, transport, storage, process control&#8230;)<\/a><\/li>\n<li><a href=\"https:\/\/www.elpro.si\/mapiranje-skladisc-in-komor-elpro-praksa\/\" target=\"_blank\" rel=\"noopener\">Mapping storage and chambers &#8211; ELPRO practice<\/a><\/li>\n<li><a href=\"https:\/\/www.elpro.si\/procesni-monitoring-rutinske-kontrole-validacije\/\" target=\"_blank\" rel=\"noopener\">Process monitoring, routine controls and validations<\/a><\/li>\n<li><a href=\"https:\/\/www.elpro.si\/loggerji-ebro\/\" target=\"_blank\" rel=\"noopener\">Quality of EBRO loggers<\/a><\/li>\n<\/ul>\n<p>&nbsp;<\/p>\n<p><em>Other designations: EBI-25, EBI25, EBI_25, EBI.25, EBI-25TX, EBI25TX, EBI_25TX, EBI.25TX, EBI-25-TX<\/em><\/p>\n<p><!-- TEMPERATURA - merilno obmo\u010dje: -200 &hellip; +199,9 &deg;C - to\u010dnost: &plusmn; 2 &deg;C (-200 &hellip; -100 &deg;C); &plusmn; 0,5 &deg;C&nbsp; (-100 &hellip; -20 &deg;C in +60 &deg;C ... +199,9 &deg;C), &plusmn; 0,2 &deg;C&nbsp; (-20 &hellip; +60 &deg;C) - senzor: Pt1000 - sonda TPX 25-3: fi 5 mm, L = 50 mm, s 3m PTFE kabla Tehni\u010dni podatki: - resolucija temperatura: 0.1 &deg;C - spomin: 288 merjenih vrednosti (za\u010dasni spomin v loggerju) - merilni interval: 1 min do 24 ur - radijska frekvenca: 868 MHz - baterija: 3,6V litijeva, uporabni&scaron;ko zamenljiva - temperatura hrambe: -40 &deg;C &hellip; +85 &deg;C - delovna temperatura: -30 &deg;C &hellip; +60 &deg;C - merilni na\u010din: neskon\u010dna meritev - material ohi&scaron;ja: ABS - te\u017ea: pribli\u017eno 65 g ZAHTEVE ZA DELOVANJE SISTEMA EBI-25: - PC: procesor hitrosti min 1 GHz, delovni spomin 2 GB, 4 GB prostora na hard disku, USB, internet (Mozilla Firefox 3.0 ali Microsoft Internet Explorer 7), elektronska po&scaron;ta, Windows 7 ali 8 - 24 urno delovanje PC-ja, priporo\u010den UPS - NOVO: pri uporabi programa Winlog.web, je na voljo brezpla\u010dna aplikacija za pametne telefone in tablice &ndash; Winlog.mobile \/\/--><\/p>\n","protected":false},"excerpt":{"rendered":"<ul>\n<li>external temperature sensor<\/li>\n<li>measuring range: -200 &#8230; +199.9 \u00b0C<\/li>\n<li>accuracy:\n<ul>\n<li>\u00b12 \u00b0C (-200 \u00b0C &#8230; -100 \u00b0C)<\/li>\n<li>\u00b10.5 \u00b0C (-100 \u00b0C &#8230; -20 \u00b0C and +60 \u00b0C &#8230; +199.9 \u00b0C)<\/li>\n<li>\u00b10.4 \u00b0C (-20 \u00b0C &#8230; +60 \u00b0C)<\/li>\n<\/ul>\n<\/li>\n<li>memory: 288 points (wireless monitoring)<\/li>\n<li>compliant with EN 12830<\/li>\n<\/ul>\n","protected":false},"featured_media":81660,"template":"","meta":[],"pwb-brand":[32],"product_cat":[8884,8893,8599,8902,8601,8903,8602,8906,8603,8907,8604,8908,8605,8920,8606,8954,8664,8967,8708,8999,8712,9006,8724,9356,8755,9357,8759,9652,8876],"product_tag":[1608,1647,1648],"class_list":{"0":"post-47294","1":"product","2":"type-product","3":"status-publish","4":"has-post-thumbnail","6":"pwb-brand-ebro","7":"product_cat-pharmacy","8":"product_cat-technology-data-loggers","9":"product_cat-other-industry","10":"product_cat-medicines-labouratories","11":"product_cat-breakdown-by-sector","12":"product_cat-blood-blood-banks","13":"product_cat-production","14":"product_cat-research","15":"product_cat-maintenance","16":"product_cat-laboratories","17":"product_cat-vehicles-transport","18":"product_cat-medical-devices","19":"product_cat-cooling-freezing-air","20":"product_cat-breakdown-by-standard-directive","21":"product_cat-ebro-xylem-temperature-humidity-ph-conductivity-monitoring","22":"product_cat-storage-warehouses","23":"product_cat-data-loggers-vsi","24":"product_cat-food-food","25":"product_cat-data-loggers-memory-units","26":"product_cat-catering-restaurants","27":"product_cat-thermometers-dataloggers-ex","28":"product_cat-transport-en","29":"product_cat-dataloggers-en","30":"product_cat-cold-chain-and-process-monitoring-en","31":"product_cat-data-loggers-wireless-wifi-radio","32":"product_cat-biotechnology","33":"product_cat-web-wireless-wifi-radio-lot","34":"product_cat-sist-iso-12830","35":"product_cat-medicine","36":"product_tag-temperature","37":"product_tag-portable","38":"product_tag-monitoring-en","39":"pa_dimenzija-135-x-48-x-27-mm-en","40":"pa_izvedba-industrial","41":"pa_izvedba-with-process-connection","42":"pa_merilno-obmocje-200-200-c-en","43":"pa_standardizacija-en-12830","44":"pa_standardizacija-ip67-en","45":"pa_uporaba-food","46":"pa_uporaba-food-processing-industry","47":"pa_uporaba-industrial-applications","48":"pa_uporaba-pharmacy","49":"pa_vrsta-senzorja-pt1000-en","50":"pa_zapisovalnik-podatkov-yes","52":"first","53":"onbackorder","54":"taxable","55":"shipping-taxable","56":"purchasable","57":"product-type-simple","58":"add-to-wishlist-after_add_to_cart"},"yoast_head":"<!-- This site is optimized with the Yoast SEO Premium plugin v23.4 (Yoast SEO v23.4) - https:\/\/yoast.com\/wordpress\/plugins\/seo\/ -->\n<title>EBI 25-TX wireless data logger EBRO -<\/title>\n<meta name=\"description\" content=\"EBI 25-TX is a wireless data logger with external sensor for T: -200 ... +200 \u00b0C - wireless temperature monitoring, wireless operation with EBI IF 400 interfaces\" \/>\n<meta name=\"robots\" content=\"noindex, follow, max-snippet:-1, max-image-preview:large, max-video-preview:-1\" \/>\n<meta property=\"og:locale\" content=\"en_US\" \/>\n<meta property=\"og:type\" content=\"article\" \/>\n<meta property=\"og:title\" content=\"EBI 25-TX wireless data logger EBRO\" \/>\n<meta property=\"og:description\" content=\"EBI 25-TX is a wireless data logger with external sensor for T: -200 ... +200 \u00b0C - wireless temperature monitoring, wireless operation with EBI IF 400 interfaces\" \/>\n<meta property=\"og:url\" content=\"https:\/\/www.arhivelpro.dev-acenta.si\/en\/izdelek\/ebi-25-tx\/\" \/>\n<meta property=\"article:publisher\" content=\"https:\/\/www.facebook.com\/elprolepenik\/\" \/>\n<meta property=\"article:modified_time\" content=\"2023-10-25T07:19:36+00:00\" \/>\n<meta property=\"og:image\" content=\"https:\/\/www.arhivelpro.dev-acenta.si\/wp-content\/uploads\/2020\/02\/CESTITKE-OB-DNEVU-MUCENIKOV-37.png\" \/>\n\t<meta property=\"og:image:width\" content=\"940\" \/>\n\t<meta property=\"og:image:height\" content=\"788\" \/>\n\t<meta property=\"og:image:type\" content=\"image\/png\" \/>\n<meta name=\"twitter:card\" content=\"summary_large_image\" \/>\n<meta name=\"twitter:label1\" content=\"Price\" \/>\n\t<meta name=\"twitter:data1\" content=\"&euro;681.98\" \/>\n\t<meta name=\"twitter:label2\" content=\"Availability\" \/>\n\t<meta name=\"twitter:data2\" content=\"On backorder\" \/>\n<script type=\"application\/ld+json\" class=\"yoast-schema-graph\">{\"@context\":\"https:\/\/schema.org\",\"@graph\":[{\"@type\":\"WebPage\",\"@id\":\"https:\/\/www.arhivelpro.dev-acenta.si\/en\/izdelek\/ebi-25-tx\/\",\"url\":\"https:\/\/www.arhivelpro.dev-acenta.si\/en\/izdelek\/ebi-25-tx\/\",\"name\":\"EBI 25-TX wireless data logger EBRO -\",\"isPartOf\":{\"@id\":\"https:\/\/www.arhivelpro.dev-acenta.si\/en\/#website\"},\"primaryImageOfPage\":{\"@id\":\"https:\/\/www.arhivelpro.dev-acenta.si\/en\/izdelek\/ebi-25-tx\/#primaryimage\"},\"image\":{\"@id\":\"https:\/\/www.arhivelpro.dev-acenta.si\/en\/izdelek\/ebi-25-tx\/#primaryimage\"},\"thumbnailUrl\":\"https:\/\/www.arhivelpro.dev-acenta.si\/wp-content\/uploads\/2020\/02\/CESTITKE-OB-DNEVU-MUCENIKOV-37.png\",\"datePublished\":\"2020-02-06T13:39:00+00:00\",\"dateModified\":\"2023-10-25T07:19:36+00:00\",\"description\":\"EBI 25-TX is a wireless data logger with external sensor for T: -200 ... +200 \u00b0C - wireless temperature monitoring, wireless operation with EBI IF 400 interfaces\",\"breadcrumb\":{\"@id\":\"https:\/\/www.arhivelpro.dev-acenta.si\/en\/izdelek\/ebi-25-tx\/#breadcrumb\"},\"inLanguage\":\"en-US\",\"potentialAction\":[{\"@type\":\"ReadAction\",\"target\":[\"https:\/\/www.arhivelpro.dev-acenta.si\/en\/izdelek\/ebi-25-tx\/\"]}]},{\"@type\":\"ImageObject\",\"inLanguage\":\"en-US\",\"@id\":\"https:\/\/www.arhivelpro.dev-acenta.si\/en\/izdelek\/ebi-25-tx\/#primaryimage\",\"url\":\"https:\/\/www.arhivelpro.dev-acenta.si\/wp-content\/uploads\/2020\/02\/CESTITKE-OB-DNEVU-MUCENIKOV-37.png\",\"contentUrl\":\"https:\/\/www.arhivelpro.dev-acenta.si\/wp-content\/uploads\/2020\/02\/CESTITKE-OB-DNEVU-MUCENIKOV-37.png\",\"width\":940,\"height\":788,\"caption\":\"EBI-25-TX, EBI 25, EBI-25 TX, EBI25TX, spominska enota, loger, lo\u0111er, termometer s spominom, termometer za hladilnik cepiva, termometer za hladilnik zdravila, termometer za temperaturo v skladi\u0161\u010du, logger za prostor, wifi loger, pametni logger, termometer wifi, logger za nizke temperature, loger za visoke temperature\"},{\"@type\":\"BreadcrumbList\",\"@id\":\"https:\/\/www.arhivelpro.dev-acenta.si\/en\/izdelek\/ebi-25-tx\/#breadcrumb\",\"itemListElement\":[{\"@type\":\"ListItem\",\"position\":1,\"name\":\"Elpro\",\"item\":\"https:\/\/www.arhivelpro.dev-acenta.si\/en\/\"},{\"@type\":\"ListItem\",\"position\":2,\"name\":\"Products\",\"item\":\"https:\/\/www.arhivelpro.dev-acenta.si\/en\/products\/\"},{\"@type\":\"ListItem\",\"position\":3,\"name\":\"Thermometers, dataloggers, Ex\",\"item\":\"https:\/\/www.arhivelpro.dev-acenta.si\/en\/product-category\/thermometers-dataloggers-ex\/\"},{\"@type\":\"ListItem\",\"position\":4,\"name\":\"EBI 25-TX wireless data logger EBRO\"}]},{\"@type\":\"WebSite\",\"@id\":\"https:\/\/www.arhivelpro.dev-acenta.si\/en\/#website\",\"url\":\"https:\/\/www.arhivelpro.dev-acenta.si\/en\/\",\"name\":\"\",\"description\":\"ELPRO \u2013 Elpro Lepenik proizvodnja temperaturnih tipal in merilno regulacijska tehnika\",\"publisher\":{\"@id\":\"https:\/\/www.arhivelpro.dev-acenta.si\/en\/#organization\"},\"potentialAction\":[{\"@type\":\"SearchAction\",\"target\":{\"@type\":\"EntryPoint\",\"urlTemplate\":\"https:\/\/www.arhivelpro.dev-acenta.si\/en\/?s={search_term_string}\"},\"query-input\":{\"@type\":\"PropertyValueSpecification\",\"valueRequired\":true,\"valueName\":\"search_term_string\"}}],\"inLanguage\":\"en-US\"},{\"@type\":[\"Organization\",\"Place\"],\"@id\":\"https:\/\/www.arhivelpro.dev-acenta.si\/en\/#organization\",\"name\":\"ELPRO\",\"url\":\"https:\/\/www.arhivelpro.dev-acenta.si\/en\/\",\"logo\":{\"@id\":\"https:\/\/www.arhivelpro.dev-acenta.si\/en\/izdelek\/ebi-25-tx\/#local-main-organization-logo\"},\"image\":{\"@id\":\"https:\/\/www.arhivelpro.dev-acenta.si\/en\/izdelek\/ebi-25-tx\/#local-main-organization-logo\"},\"sameAs\":[\"https:\/\/www.facebook.com\/elprolepenik\/\",\"https:\/\/www.linkedin.com\/company\/elpro-lepenik\/about\/\"],\"address\":{\"@id\":\"https:\/\/www.arhivelpro.dev-acenta.si\/en\/izdelek\/ebi-25-tx\/#local-main-place-address\"},\"telephone\":[\"02 62 96 720\",\"041 626 771\"],\"openingHoursSpecification\":[{\"@type\":\"OpeningHoursSpecification\",\"dayOfWeek\":[\"Monday\",\"Tuesday\",\"Wednesday\",\"Thursday\",\"Friday\"],\"opens\":\"07:00\",\"closes\":\"16:00\"},{\"@type\":\"OpeningHoursSpecification\",\"dayOfWeek\":[\"Saturday\",\"Sunday\"],\"opens\":\"00:00\",\"closes\":\"00:00\"}],\"email\":\"info@elpro.si\",\"vatID\":\"41479220\",\"taxID\":\"SI41479220\"},{\"@type\":\"PostalAddress\",\"@id\":\"https:\/\/www.arhivelpro.dev-acenta.si\/en\/izdelek\/ebi-25-tx\/#local-main-place-address\",\"streetAddress\":\"ELPRO LEPENIK & CO. d.o.o., Ob gozdu 7c, Rogoza\",\"addressLocality\":\"Miklav\u017e na Dravskem polju\",\"postalCode\":\"2204\",\"addressRegion\":\"Podravska\",\"addressCountry\":\"SI\"},{\"@type\":\"ImageObject\",\"inLanguage\":\"en-US\",\"@id\":\"https:\/\/www.arhivelpro.dev-acenta.si\/en\/izdelek\/ebi-25-tx\/#local-main-organization-logo\",\"url\":\"https:\/\/www.arhivelpro.dev-acenta.si\/wp-content\/uploads\/2020\/02\/LOGO-Header.svg\",\"contentUrl\":\"https:\/\/www.arhivelpro.dev-acenta.si\/wp-content\/uploads\/2020\/02\/LOGO-Header.svg\",\"caption\":\"ELPRO\"}]}<\/script>\n<meta property=\"product:price:amount\" content=\"681.98\" \/>\n<meta property=\"product:price:currency\" content=\"EUR\" \/>\n<meta property=\"og:availability\" content=\"backorder\" \/>\n<meta property=\"product:availability\" content=\"available for order\" \/>\n<meta property=\"product:retailer_item_id\" content=\"EBI 25-TX\" \/>\n<meta property=\"product:condition\" content=\"new\" \/>\n<meta name=\"geo.placename\" content=\"Miklav\u017e na Dravskem polju\" \/>\n<meta name=\"geo.region\" content=\"Slovenia\" \/>\n<!-- \/ Yoast SEO Premium plugin. -->","yoast_head_json":{"title":"EBI 25-TX wireless data logger EBRO -","description":"EBI 25-TX is a wireless data logger with external sensor for T: -200 ... +200 \u00b0C - wireless temperature monitoring, wireless operation with EBI IF 400 interfaces","robots":{"index":"noindex","follow":"follow","max-snippet":"max-snippet:-1","max-image-preview":"max-image-preview:large","max-video-preview":"max-video-preview:-1"},"og_locale":"en_US","og_type":"article","og_title":"EBI 25-TX wireless data logger EBRO","og_description":"EBI 25-TX is a wireless data logger with external sensor for T: -200 ... +200 \u00b0C - wireless temperature monitoring, wireless operation with EBI IF 400 interfaces","og_url":"https:\/\/www.arhivelpro.dev-acenta.si\/en\/izdelek\/ebi-25-tx\/","article_publisher":"https:\/\/www.facebook.com\/elprolepenik\/","article_modified_time":"2023-10-25T07:19:36+00:00","og_image":[{"width":940,"height":788,"url":"https:\/\/www.arhivelpro.dev-acenta.si\/wp-content\/uploads\/2020\/02\/CESTITKE-OB-DNEVU-MUCENIKOV-37.png","type":"image\/png"}],"twitter_card":"summary_large_image","twitter_misc":{"Price":"&euro;681.98","Availability":"On backorder"},"schema":{"@context":"https:\/\/schema.org","@graph":[{"@type":"WebPage","@id":"https:\/\/www.arhivelpro.dev-acenta.si\/en\/izdelek\/ebi-25-tx\/","url":"https:\/\/www.arhivelpro.dev-acenta.si\/en\/izdelek\/ebi-25-tx\/","name":"EBI 25-TX wireless data logger EBRO -","isPartOf":{"@id":"https:\/\/www.arhivelpro.dev-acenta.si\/en\/#website"},"primaryImageOfPage":{"@id":"https:\/\/www.arhivelpro.dev-acenta.si\/en\/izdelek\/ebi-25-tx\/#primaryimage"},"image":{"@id":"https:\/\/www.arhivelpro.dev-acenta.si\/en\/izdelek\/ebi-25-tx\/#primaryimage"},"thumbnailUrl":"https:\/\/www.arhivelpro.dev-acenta.si\/wp-content\/uploads\/2020\/02\/CESTITKE-OB-DNEVU-MUCENIKOV-37.png","datePublished":"2020-02-06T13:39:00+00:00","dateModified":"2023-10-25T07:19:36+00:00","description":"EBI 25-TX is a wireless data logger with external sensor for T: -200 ... +200 \u00b0C - wireless temperature monitoring, wireless operation with EBI IF 400 interfaces","breadcrumb":{"@id":"https:\/\/www.arhivelpro.dev-acenta.si\/en\/izdelek\/ebi-25-tx\/#breadcrumb"},"inLanguage":"en-US","potentialAction":[{"@type":"ReadAction","target":["https:\/\/www.arhivelpro.dev-acenta.si\/en\/izdelek\/ebi-25-tx\/"]}]},{"@type":"ImageObject","inLanguage":"en-US","@id":"https:\/\/www.arhivelpro.dev-acenta.si\/en\/izdelek\/ebi-25-tx\/#primaryimage","url":"https:\/\/www.arhivelpro.dev-acenta.si\/wp-content\/uploads\/2020\/02\/CESTITKE-OB-DNEVU-MUCENIKOV-37.png","contentUrl":"https:\/\/www.arhivelpro.dev-acenta.si\/wp-content\/uploads\/2020\/02\/CESTITKE-OB-DNEVU-MUCENIKOV-37.png","width":940,"height":788,"caption":"EBI-25-TX, EBI 25, EBI-25 TX, EBI25TX, spominska enota, loger, lo\u0111er, termometer s spominom, termometer za hladilnik cepiva, termometer za hladilnik zdravila, termometer za temperaturo v skladi\u0161\u010du, logger za prostor, wifi loger, pametni logger, termometer wifi, logger za nizke temperature, loger za visoke temperature"},{"@type":"BreadcrumbList","@id":"https:\/\/www.arhivelpro.dev-acenta.si\/en\/izdelek\/ebi-25-tx\/#breadcrumb","itemListElement":[{"@type":"ListItem","position":1,"name":"Elpro","item":"https:\/\/www.arhivelpro.dev-acenta.si\/en\/"},{"@type":"ListItem","position":2,"name":"Products","item":"https:\/\/www.arhivelpro.dev-acenta.si\/en\/products\/"},{"@type":"ListItem","position":3,"name":"Thermometers, dataloggers, Ex","item":"https:\/\/www.arhivelpro.dev-acenta.si\/en\/product-category\/thermometers-dataloggers-ex\/"},{"@type":"ListItem","position":4,"name":"EBI 25-TX wireless data logger EBRO"}]},{"@type":"WebSite","@id":"https:\/\/www.arhivelpro.dev-acenta.si\/en\/#website","url":"https:\/\/www.arhivelpro.dev-acenta.si\/en\/","name":"","description":"ELPRO \u2013 Elpro Lepenik proizvodnja temperaturnih tipal in merilno regulacijska tehnika","publisher":{"@id":"https:\/\/www.arhivelpro.dev-acenta.si\/en\/#organization"},"potentialAction":[{"@type":"SearchAction","target":{"@type":"EntryPoint","urlTemplate":"https:\/\/www.arhivelpro.dev-acenta.si\/en\/?s={search_term_string}"},"query-input":{"@type":"PropertyValueSpecification","valueRequired":true,"valueName":"search_term_string"}}],"inLanguage":"en-US"},{"@type":["Organization","Place"],"@id":"https:\/\/www.arhivelpro.dev-acenta.si\/en\/#organization","name":"ELPRO","url":"https:\/\/www.arhivelpro.dev-acenta.si\/en\/","logo":{"@id":"https:\/\/www.arhivelpro.dev-acenta.si\/en\/izdelek\/ebi-25-tx\/#local-main-organization-logo"},"image":{"@id":"https:\/\/www.arhivelpro.dev-acenta.si\/en\/izdelek\/ebi-25-tx\/#local-main-organization-logo"},"sameAs":["https:\/\/www.facebook.com\/elprolepenik\/","https:\/\/www.linkedin.com\/company\/elpro-lepenik\/about\/"],"address":{"@id":"https:\/\/www.arhivelpro.dev-acenta.si\/en\/izdelek\/ebi-25-tx\/#local-main-place-address"},"telephone":["02 62 96 720","041 626 771"],"openingHoursSpecification":[{"@type":"OpeningHoursSpecification","dayOfWeek":["Monday","Tuesday","Wednesday","Thursday","Friday"],"opens":"07:00","closes":"16:00"},{"@type":"OpeningHoursSpecification","dayOfWeek":["Saturday","Sunday"],"opens":"00:00","closes":"00:00"}],"email":"info@elpro.si","vatID":"41479220","taxID":"SI41479220"},{"@type":"PostalAddress","@id":"https:\/\/www.arhivelpro.dev-acenta.si\/en\/izdelek\/ebi-25-tx\/#local-main-place-address","streetAddress":"ELPRO LEPENIK & CO. d.o.o., Ob gozdu 7c, Rogoza","addressLocality":"Miklav\u017e na Dravskem polju","postalCode":"2204","addressRegion":"Podravska","addressCountry":"SI"},{"@type":"ImageObject","inLanguage":"en-US","@id":"https:\/\/www.arhivelpro.dev-acenta.si\/en\/izdelek\/ebi-25-tx\/#local-main-organization-logo","url":"https:\/\/www.arhivelpro.dev-acenta.si\/wp-content\/uploads\/2020\/02\/LOGO-Header.svg","contentUrl":"https:\/\/www.arhivelpro.dev-acenta.si\/wp-content\/uploads\/2020\/02\/LOGO-Header.svg","caption":"ELPRO"}]},"product_price_amount":"681.98","product_price_currency":"EUR","og_availability":"backorder","product_availability":"available for order","product_retailer_item_id":"EBI 25-TX","product_condition":"new","geo.placename":"Miklav\u017e na Dravskem polju","geo.region":"Slovenia"},"brands":[{"id":32,"name":"Ebro","slug":"ebro"}],"_links":{"self":[{"href":"https:\/\/www.arhivelpro.dev-acenta.si\/en\/wp-json\/wp\/v2\/product\/47294"}],"collection":[{"href":"https:\/\/www.arhivelpro.dev-acenta.si\/en\/wp-json\/wp\/v2\/product"}],"about":[{"href":"https:\/\/www.arhivelpro.dev-acenta.si\/en\/wp-json\/wp\/v2\/types\/product"}],"wp:featuredmedia":[{"embeddable":true,"href":"https:\/\/www.arhivelpro.dev-acenta.si\/en\/wp-json\/wp\/v2\/media\/81660"}],"wp:attachment":[{"href":"https:\/\/www.arhivelpro.dev-acenta.si\/en\/wp-json\/wp\/v2\/media?parent=47294"}],"wp:term":[{"taxonomy":"pwb-brand","embeddable":true,"href":"https:\/\/www.arhivelpro.dev-acenta.si\/en\/wp-json\/wp\/v2\/pwb-brand?post=47294"},{"taxonomy":"product_cat","embeddable":true,"href":"https:\/\/www.arhivelpro.dev-acenta.si\/en\/wp-json\/wp\/v2\/product_cat?post=47294"},{"taxonomy":"product_tag","embeddable":true,"href":"https:\/\/www.arhivelpro.dev-acenta.si\/en\/wp-json\/wp\/v2\/product_tag?post=47294"}],"curies":[{"name":"wp","href":"https:\/\/api.w.org\/{rel}","templated":true}]}}