{"id":47152,"date":"2020-02-06T14:36:48","date_gmt":"2020-02-06T13:36:48","guid":{"rendered":"https:\/\/www.elpro.si\/izdelek\/pyrominiusb-miniature-infrared-ir-temperature-sensor-calex\/"},"modified":"2022-07-15T11:16:44","modified_gmt":"2022-07-15T09:16:44","slug":"pyrominiusb-miniature-infrared-and-temperature-sensor-calex","status":"publish","type":"product","link":"https:\/\/www.arhivelpro.dev-acenta.si\/en\/izdelek\/pyrominiusb-miniature-infrared-and-temperature-sensor-calex\/","title":{"rendered":"PyroMiniUSB miniature infrared (IR) temperature sensor CALEX"},"content":{"rendered":"<p><strong>PyroMiniUSB<\/strong> is a <strong>miniature infrared sensor that measures the temperature of solids or liquids contactlessly<\/strong>. It can measure non-metallic surfaces between -20 \u00b0C and 1000 \u00b0C, with a response time of only 125 ms. It is suitable for measuring materials such as paper, plastic, rubber, food and organic materials and even painted metals and the dirtiest, rusty or greasy surfaces can be measured accurately, safely and cleanly.<\/p>\n<p>A choice of optics is available for measuring small or large targets at distances from a few millimetres to tens of metres. It has a robust stainless steel housing, IP65-rated and built to withstand ambient temperatures up to 75\u00b0C. PyroMiniUSB is ideal for teaching scientific concepts such as emissivity, reflectivity, thermal conductivity, energy transfer, insulation and internal energy.<\/p>\n<p>&nbsp;<\/p>\n<h2>Benefits<\/h2>\n<ul>\n<li>Set includes USB cable and free software for logging and configuring data<\/li>\n<li>Modbus protocol<\/li>\n<li>IP65 protection<\/li>\n<li>adjustable emission: 0.20-1.00<\/li>\n<\/ul>\n<p>&nbsp;<\/p>\n<h2>PyroMiniUSB features<\/h2>\n<ul>\n<li>measuring range: -20 &#8230; +1000 \u00b0C<\/li>\n<li>not intended for measuring body temperature<\/li>\n<li>accuracy: \u00b11 % of reading or \u00b11 \u00b0C, whichever is greater<\/li>\n<li>repeatability: \u00b10.5 % of reading or \u00b10.5 \u00b0C, whichever is greater<\/li>\n<li>t90 response time: 125 ms<\/li>\n<li>spectral range: 8-14 \u03bcm<\/li>\n<li>Power supply voltage: 5 V DC (provided by USB)<\/li>\n<li>maximum supply current: 50 mA<\/li>\n<li>material: construction stainless steel<\/li>\n<li>Dimensions: fi 18 mm x 45 mm<\/li>\n<li>cable length: 1.5 m<\/li>\n<li>weight: 85 g<\/li>\n<li>Relative humidity: 95 % maximum non-condensing<\/li>\n<li>ambient temperature: 0 &#8230; 75 \u00b0C<\/li>\n<li>Standards:RoHS, EN61326-1, EN61326-2-3, CE<\/li>\n<\/ul>\n<p>Fully configurable with the included USB cable using the Modbus protocol and the free <a href=\"http:\/\/www.calex.co.uk\/software\/\" target=\"_blank\" rel=\"noopener noreferrer\">CalexConfig_FullInstaller<\/a> and <a href=\"http:\/\/www.calex.co.uk\/calex-downloads\/\" target=\"_blank\" rel=\"noopener noreferrer\">CalexSoft<\/a> software.<\/p>\n<p>&nbsp;<\/p>\n<h2>Examples of use<\/h2>\n<h4><strong>In the laboratories<\/strong><\/h4>\n<p>With the precision and robustness of our industrial sensors and the convenience of the plug-and-play USB function, PyroMiniUSB is the ideal temperature sensor for testing and experimentation.<\/p>\n<h4><strong>For education<\/strong><\/h4>\n<p>PyroMiniUSB is ideal for teaching scientific concepts such as emissivity, reflectivity, thermal conductivity, energy transfer, insulation and internal energy.<\/p>\n<h4><strong>Calibration check<\/strong><\/h4>\n<p>In combination with the PyroMiniUSB blackbody calibration source, it makes an ideal reference sensor. Keep it in the calibration room and check the performance of other sensors. Calex can provide calibration certificates for traceability.<\/p>\n<p>&nbsp;<\/p>\n<p><strong><em>You can find much more useful information in the Documentation tab.<\/em><\/strong><\/p>\n","protected":false},"excerpt":{"rendered":"<ul>\n<li>Process connector: M16<\/li>\n<li>operating temperature range: -20 &#8230; +1000 \u00b0C<\/li>\n<li>accuracy: \u00b11 % of reading or \u00b11 \u00b0C, whichever is greater<\/li>\n<li>repeatability: \u00b10,5 % of the reading or \u00b10,5 \u00b0C, whichever is the greater<\/li>\n<li>t90 response time: 125 ms<\/li>\n<li>spectral range: 8-14 \u03bcm<\/li>\n<li>Power supply voltage: 5 V DC (provided by USB)<\/li>\n<li>maximum supply current: 50 mA<\/li>\n<li>Dimensions: fi 18 mm x 45 mm<\/li>\n<li>cable length: 1.5 m<\/li>\n<li>weight: 85 g<\/li>\n<li>Relative humidity: 95 % maximum non-condensing<\/li>\n<li>ambient temperature: 0 &#8230; 75 \u00b0C<\/li>\n<li>Standards:RoHS, EN61326-1, EN61326-2-3, CE<\/li>\n<\/ul>\n<p><!-- &nbsp; - temperaturno obmo\u010dje: -20&deg;C ... +1000 &deg;C - komunikacija: USB - to\u010dnost: &plusmn;1% prebrane vrednosti - ponovljivost meritve: &plusmn;0,5 % - emisijski faktor: 0.2 do 1.0 - spektralni razpon: 8 ... 14 &micro;m - napajalna napetost: 5 V DC - ohi&scaron;je: nerjave\u010de jeklo - dimenzije: 18mm &Oslash; x 45 mm - procesni priklju\u010dek: M16 - stopnja IP za&scaron;\u010dite: IP 65 \/\/--><\/p>\n","protected":false},"featured_media":22540,"template":"","meta":[],"pwb-brand":[38],"product_cat":[8565,8712,8714,8717,9694],"product_tag":[1608,1648,6639],"class_list":{"0":"post-47152","1":"product","2":"type-product","3":"status-publish","4":"has-post-thumbnail","6":"pwb-brand-calex","7":"product_cat-infrared-ir-meters","8":"product_cat-thermometers-dataloggers-ex","9":"product_cat-thermometers","10":"product_cat-digital-thermometers","11":"product_cat-calex-fixed-infrared-ir-temperature-meters","12":"product_tag-temperature","13":"product_tag-monitoring-en","14":"product_tag-regulation-automation","15":"pa_izhod-komunikacija-usb-en","16":"pa_izvedba-industrial","17":"pa_merilno-obmocje-20-1000-c-en","18":"pa_merjene-velicine-temperature","19":"pa_napajanje-5-v-dc-en-2","20":"pa_napajanje-50-ma-en","21":"pa_podrocje-calibration","22":"pa_podrocje-laboratory","23":"pa_podrocje-science","24":"pa_standardizacija-ce-en","25":"pa_standardizacija-en61326-1","26":"pa_standardizacija-en61326-2-3","27":"pa_standardizacija-ip65-en","28":"pa_standardizacija-rohs-en","29":"pa_zapisovalnik-podatkov-no","31":"first","32":"onbackorder","33":"taxable","34":"shipping-taxable","35":"product-type-simple","36":"add-to-wishlist-after_add_to_cart"},"yoast_head":"<!-- This site is optimized with the Yoast SEO Premium plugin v23.4 (Yoast SEO v23.4) - https:\/\/yoast.com\/wordpress\/plugins\/seo\/ -->\n<title>PyroMiniUSB miniature infrared (IR) temperature sensor CALEX -<\/title>\n<meta name=\"description\" content=\"PyroMiniUSB IR sensor, measures the temperature of solid, liquid substances. 125 ms response time, withstands ambient temperatures up to 75 \u00b0C.\" \/>\n<meta name=\"robots\" content=\"noindex, follow, max-snippet:-1, max-image-preview:large, max-video-preview:-1\" \/>\n<meta property=\"og:locale\" content=\"en_US\" \/>\n<meta property=\"og:type\" content=\"article\" \/>\n<meta property=\"og:title\" content=\"PyroMiniUSB miniature infrared (IR) temperature sensor CALEX\" \/>\n<meta property=\"og:description\" content=\"PyroMiniUSB IR sensor, measures the temperature of solid, liquid substances. 125 ms response time, withstands ambient temperatures up to 75 \u00b0C.\" \/>\n<meta property=\"og:url\" content=\"https:\/\/www.arhivelpro.dev-acenta.si\/en\/izdelek\/pyrominiusb-miniature-infrared-and-temperature-sensor-calex\/\" \/>\n<meta property=\"article:publisher\" content=\"https:\/\/www.facebook.com\/elprolepenik\/\" \/>\n<meta property=\"article:modified_time\" content=\"2022-07-15T09:16:44+00:00\" \/>\n<meta property=\"og:image\" content=\"https:\/\/www.arhivelpro.dev-acenta.si\/wp-content\/uploads\/2020\/02\/PYROMINI-USB.jpg\" \/>\n\t<meta property=\"og:image:width\" content=\"499\" \/>\n\t<meta property=\"og:image:height\" content=\"409\" \/>\n\t<meta property=\"og:image:type\" content=\"image\/jpeg\" \/>\n<meta name=\"twitter:card\" content=\"summary_large_image\" \/>\n<meta name=\"twitter:label1\" content=\"Price\" \/>\n\t<meta name=\"twitter:data1\" content=\"\" \/>\n\t<meta name=\"twitter:label2\" content=\"Availability\" \/>\n\t<meta name=\"twitter:data2\" content=\"On backorder\" \/>\n<script type=\"application\/ld+json\" class=\"yoast-schema-graph\">{\"@context\":\"https:\/\/schema.org\",\"@graph\":[{\"@type\":\"WebPage\",\"@id\":\"https:\/\/www.arhivelpro.dev-acenta.si\/en\/izdelek\/pyrominiusb-miniature-infrared-and-temperature-sensor-calex\/\",\"url\":\"https:\/\/www.arhivelpro.dev-acenta.si\/en\/izdelek\/pyrominiusb-miniature-infrared-and-temperature-sensor-calex\/\",\"name\":\"PyroMiniUSB miniature infrared (IR) temperature sensor CALEX -\",\"isPartOf\":{\"@id\":\"https:\/\/www.arhivelpro.dev-acenta.si\/en\/#website\"},\"primaryImageOfPage\":{\"@id\":\"https:\/\/www.arhivelpro.dev-acenta.si\/en\/izdelek\/pyrominiusb-miniature-infrared-and-temperature-sensor-calex\/#primaryimage\"},\"image\":{\"@id\":\"https:\/\/www.arhivelpro.dev-acenta.si\/en\/izdelek\/pyrominiusb-miniature-infrared-and-temperature-sensor-calex\/#primaryimage\"},\"thumbnailUrl\":\"https:\/\/www.arhivelpro.dev-acenta.si\/wp-content\/uploads\/2020\/02\/PYROMINI-USB.jpg\",\"datePublished\":\"2020-02-06T13:36:48+00:00\",\"dateModified\":\"2022-07-15T09:16:44+00:00\",\"description\":\"PyroMiniUSB IR sensor, measures the temperature of solid, liquid substances. 125 ms response time, withstands ambient temperatures up to 75 \u00b0C.\",\"breadcrumb\":{\"@id\":\"https:\/\/www.arhivelpro.dev-acenta.si\/en\/izdelek\/pyrominiusb-miniature-infrared-and-temperature-sensor-calex\/#breadcrumb\"},\"inLanguage\":\"en-US\",\"potentialAction\":[{\"@type\":\"ReadAction\",\"target\":[\"https:\/\/www.arhivelpro.dev-acenta.si\/en\/izdelek\/pyrominiusb-miniature-infrared-and-temperature-sensor-calex\/\"]}]},{\"@type\":\"ImageObject\",\"inLanguage\":\"en-US\",\"@id\":\"https:\/\/www.arhivelpro.dev-acenta.si\/en\/izdelek\/pyrominiusb-miniature-infrared-and-temperature-sensor-calex\/#primaryimage\",\"url\":\"https:\/\/www.arhivelpro.dev-acenta.si\/wp-content\/uploads\/2020\/02\/PYROMINI-USB.jpg\",\"contentUrl\":\"https:\/\/www.arhivelpro.dev-acenta.si\/wp-content\/uploads\/2020\/02\/PYROMINI-USB.jpg\",\"width\":499,\"height\":409,\"caption\":\"PyroMiniUSB, IR sensor, temperature sensor, sensor with converter, miniature sensor, IR sensor, detector\"},{\"@type\":\"BreadcrumbList\",\"@id\":\"https:\/\/www.arhivelpro.dev-acenta.si\/en\/izdelek\/pyrominiusb-miniature-infrared-and-temperature-sensor-calex\/#breadcrumb\",\"itemListElement\":[{\"@type\":\"ListItem\",\"position\":1,\"name\":\"Elpro\",\"item\":\"https:\/\/www.arhivelpro.dev-acenta.si\/en\/\"},{\"@type\":\"ListItem\",\"position\":2,\"name\":\"Products\",\"item\":\"https:\/\/www.arhivelpro.dev-acenta.si\/en\/products\/\"},{\"@type\":\"ListItem\",\"position\":3,\"name\":\"Infrared (IR) meters\",\"item\":\"https:\/\/www.arhivelpro.dev-acenta.si\/en\/product-category\/infrared-ir-meters\/\"},{\"@type\":\"ListItem\",\"position\":4,\"name\":\"PyroMiniUSB miniature infrared (IR) temperature sensor CALEX\"}]},{\"@type\":\"WebSite\",\"@id\":\"https:\/\/www.arhivelpro.dev-acenta.si\/en\/#website\",\"url\":\"https:\/\/www.arhivelpro.dev-acenta.si\/en\/\",\"name\":\"\",\"description\":\"ELPRO \u2013 Elpro Lepenik proizvodnja temperaturnih tipal in merilno regulacijska tehnika\",\"publisher\":{\"@id\":\"https:\/\/www.arhivelpro.dev-acenta.si\/en\/#organization\"},\"potentialAction\":[{\"@type\":\"SearchAction\",\"target\":{\"@type\":\"EntryPoint\",\"urlTemplate\":\"https:\/\/www.arhivelpro.dev-acenta.si\/en\/?s={search_term_string}\"},\"query-input\":{\"@type\":\"PropertyValueSpecification\",\"valueRequired\":true,\"valueName\":\"search_term_string\"}}],\"inLanguage\":\"en-US\"},{\"@type\":[\"Organization\",\"Place\"],\"@id\":\"https:\/\/www.arhivelpro.dev-acenta.si\/en\/#organization\",\"name\":\"ELPRO\",\"url\":\"https:\/\/www.arhivelpro.dev-acenta.si\/en\/\",\"logo\":{\"@id\":\"https:\/\/www.arhivelpro.dev-acenta.si\/en\/izdelek\/pyrominiusb-miniature-infrared-and-temperature-sensor-calex\/#local-main-organization-logo\"},\"image\":{\"@id\":\"https:\/\/www.arhivelpro.dev-acenta.si\/en\/izdelek\/pyrominiusb-miniature-infrared-and-temperature-sensor-calex\/#local-main-organization-logo\"},\"sameAs\":[\"https:\/\/www.facebook.com\/elprolepenik\/\",\"https:\/\/www.linkedin.com\/company\/elpro-lepenik\/about\/\"],\"address\":{\"@id\":\"https:\/\/www.arhivelpro.dev-acenta.si\/en\/izdelek\/pyrominiusb-miniature-infrared-and-temperature-sensor-calex\/#local-main-place-address\"},\"telephone\":[\"02 62 96 720\",\"041 626 771\"],\"openingHoursSpecification\":[{\"@type\":\"OpeningHoursSpecification\",\"dayOfWeek\":[\"Monday\",\"Tuesday\",\"Wednesday\",\"Thursday\",\"Friday\"],\"opens\":\"07:00\",\"closes\":\"16:00\"},{\"@type\":\"OpeningHoursSpecification\",\"dayOfWeek\":[\"Saturday\",\"Sunday\"],\"opens\":\"00:00\",\"closes\":\"00:00\"}],\"email\":\"info@elpro.si\",\"vatID\":\"41479220\",\"taxID\":\"SI41479220\"},{\"@type\":\"PostalAddress\",\"@id\":\"https:\/\/www.arhivelpro.dev-acenta.si\/en\/izdelek\/pyrominiusb-miniature-infrared-and-temperature-sensor-calex\/#local-main-place-address\",\"streetAddress\":\"ELPRO LEPENIK & CO. d.o.o., Ob gozdu 7c, Rogoza\",\"addressLocality\":\"Miklav\u017e na Dravskem polju\",\"postalCode\":\"2204\",\"addressRegion\":\"Podravska\",\"addressCountry\":\"SI\"},{\"@type\":\"ImageObject\",\"inLanguage\":\"en-US\",\"@id\":\"https:\/\/www.arhivelpro.dev-acenta.si\/en\/izdelek\/pyrominiusb-miniature-infrared-and-temperature-sensor-calex\/#local-main-organization-logo\",\"url\":\"https:\/\/www.arhivelpro.dev-acenta.si\/wp-content\/uploads\/2020\/02\/LOGO-Header.svg\",\"contentUrl\":\"https:\/\/www.arhivelpro.dev-acenta.si\/wp-content\/uploads\/2020\/02\/LOGO-Header.svg\",\"caption\":\"ELPRO\"}]}<\/script>\n<meta property=\"product:price:amount\" content=\"0.00\" \/>\n<meta property=\"product:price:currency\" content=\"EUR\" \/>\n<meta property=\"og:availability\" content=\"backorder\" \/>\n<meta property=\"product:availability\" content=\"available for order\" \/>\n<meta property=\"product:retailer_item_id\" content=\"PyroMiniUSB\" \/>\n<meta property=\"product:condition\" content=\"new\" \/>\n<meta name=\"geo.placename\" content=\"Miklav\u017e na Dravskem polju\" \/>\n<meta name=\"geo.region\" content=\"Slovenia\" \/>\n<!-- \/ Yoast SEO Premium plugin. -->","yoast_head_json":{"title":"PyroMiniUSB miniature infrared (IR) temperature sensor CALEX -","description":"PyroMiniUSB IR sensor, measures the temperature of solid, liquid substances. 125 ms response time, withstands ambient temperatures up to 75 \u00b0C.","robots":{"index":"noindex","follow":"follow","max-snippet":"max-snippet:-1","max-image-preview":"max-image-preview:large","max-video-preview":"max-video-preview:-1"},"og_locale":"en_US","og_type":"article","og_title":"PyroMiniUSB miniature infrared (IR) temperature sensor CALEX","og_description":"PyroMiniUSB IR sensor, measures the temperature of solid, liquid substances. 125 ms response time, withstands ambient temperatures up to 75 \u00b0C.","og_url":"https:\/\/www.arhivelpro.dev-acenta.si\/en\/izdelek\/pyrominiusb-miniature-infrared-and-temperature-sensor-calex\/","article_publisher":"https:\/\/www.facebook.com\/elprolepenik\/","article_modified_time":"2022-07-15T09:16:44+00:00","og_image":[{"width":499,"height":409,"url":"https:\/\/www.arhivelpro.dev-acenta.si\/wp-content\/uploads\/2020\/02\/PYROMINI-USB.jpg","type":"image\/jpeg"}],"twitter_card":"summary_large_image","twitter_misc":{"Price":"","Availability":"On backorder"},"schema":{"@context":"https:\/\/schema.org","@graph":[{"@type":"WebPage","@id":"https:\/\/www.arhivelpro.dev-acenta.si\/en\/izdelek\/pyrominiusb-miniature-infrared-and-temperature-sensor-calex\/","url":"https:\/\/www.arhivelpro.dev-acenta.si\/en\/izdelek\/pyrominiusb-miniature-infrared-and-temperature-sensor-calex\/","name":"PyroMiniUSB miniature infrared (IR) temperature sensor CALEX -","isPartOf":{"@id":"https:\/\/www.arhivelpro.dev-acenta.si\/en\/#website"},"primaryImageOfPage":{"@id":"https:\/\/www.arhivelpro.dev-acenta.si\/en\/izdelek\/pyrominiusb-miniature-infrared-and-temperature-sensor-calex\/#primaryimage"},"image":{"@id":"https:\/\/www.arhivelpro.dev-acenta.si\/en\/izdelek\/pyrominiusb-miniature-infrared-and-temperature-sensor-calex\/#primaryimage"},"thumbnailUrl":"https:\/\/www.arhivelpro.dev-acenta.si\/wp-content\/uploads\/2020\/02\/PYROMINI-USB.jpg","datePublished":"2020-02-06T13:36:48+00:00","dateModified":"2022-07-15T09:16:44+00:00","description":"PyroMiniUSB IR sensor, measures the temperature of solid, liquid substances. 125 ms response time, withstands ambient temperatures up to 75 \u00b0C.","breadcrumb":{"@id":"https:\/\/www.arhivelpro.dev-acenta.si\/en\/izdelek\/pyrominiusb-miniature-infrared-and-temperature-sensor-calex\/#breadcrumb"},"inLanguage":"en-US","potentialAction":[{"@type":"ReadAction","target":["https:\/\/www.arhivelpro.dev-acenta.si\/en\/izdelek\/pyrominiusb-miniature-infrared-and-temperature-sensor-calex\/"]}]},{"@type":"ImageObject","inLanguage":"en-US","@id":"https:\/\/www.arhivelpro.dev-acenta.si\/en\/izdelek\/pyrominiusb-miniature-infrared-and-temperature-sensor-calex\/#primaryimage","url":"https:\/\/www.arhivelpro.dev-acenta.si\/wp-content\/uploads\/2020\/02\/PYROMINI-USB.jpg","contentUrl":"https:\/\/www.arhivelpro.dev-acenta.si\/wp-content\/uploads\/2020\/02\/PYROMINI-USB.jpg","width":499,"height":409,"caption":"PyroMiniUSB, IR sensor, temperature sensor, sensor with converter, miniature sensor, IR sensor, detector"},{"@type":"BreadcrumbList","@id":"https:\/\/www.arhivelpro.dev-acenta.si\/en\/izdelek\/pyrominiusb-miniature-infrared-and-temperature-sensor-calex\/#breadcrumb","itemListElement":[{"@type":"ListItem","position":1,"name":"Elpro","item":"https:\/\/www.arhivelpro.dev-acenta.si\/en\/"},{"@type":"ListItem","position":2,"name":"Products","item":"https:\/\/www.arhivelpro.dev-acenta.si\/en\/products\/"},{"@type":"ListItem","position":3,"name":"Infrared (IR) meters","item":"https:\/\/www.arhivelpro.dev-acenta.si\/en\/product-category\/infrared-ir-meters\/"},{"@type":"ListItem","position":4,"name":"PyroMiniUSB miniature infrared (IR) temperature sensor CALEX"}]},{"@type":"WebSite","@id":"https:\/\/www.arhivelpro.dev-acenta.si\/en\/#website","url":"https:\/\/www.arhivelpro.dev-acenta.si\/en\/","name":"","description":"ELPRO \u2013 Elpro Lepenik proizvodnja temperaturnih tipal in merilno regulacijska tehnika","publisher":{"@id":"https:\/\/www.arhivelpro.dev-acenta.si\/en\/#organization"},"potentialAction":[{"@type":"SearchAction","target":{"@type":"EntryPoint","urlTemplate":"https:\/\/www.arhivelpro.dev-acenta.si\/en\/?s={search_term_string}"},"query-input":{"@type":"PropertyValueSpecification","valueRequired":true,"valueName":"search_term_string"}}],"inLanguage":"en-US"},{"@type":["Organization","Place"],"@id":"https:\/\/www.arhivelpro.dev-acenta.si\/en\/#organization","name":"ELPRO","url":"https:\/\/www.arhivelpro.dev-acenta.si\/en\/","logo":{"@id":"https:\/\/www.arhivelpro.dev-acenta.si\/en\/izdelek\/pyrominiusb-miniature-infrared-and-temperature-sensor-calex\/#local-main-organization-logo"},"image":{"@id":"https:\/\/www.arhivelpro.dev-acenta.si\/en\/izdelek\/pyrominiusb-miniature-infrared-and-temperature-sensor-calex\/#local-main-organization-logo"},"sameAs":["https:\/\/www.facebook.com\/elprolepenik\/","https:\/\/www.linkedin.com\/company\/elpro-lepenik\/about\/"],"address":{"@id":"https:\/\/www.arhivelpro.dev-acenta.si\/en\/izdelek\/pyrominiusb-miniature-infrared-and-temperature-sensor-calex\/#local-main-place-address"},"telephone":["02 62 96 720","041 626 771"],"openingHoursSpecification":[{"@type":"OpeningHoursSpecification","dayOfWeek":["Monday","Tuesday","Wednesday","Thursday","Friday"],"opens":"07:00","closes":"16:00"},{"@type":"OpeningHoursSpecification","dayOfWeek":["Saturday","Sunday"],"opens":"00:00","closes":"00:00"}],"email":"info@elpro.si","vatID":"41479220","taxID":"SI41479220"},{"@type":"PostalAddress","@id":"https:\/\/www.arhivelpro.dev-acenta.si\/en\/izdelek\/pyrominiusb-miniature-infrared-and-temperature-sensor-calex\/#local-main-place-address","streetAddress":"ELPRO LEPENIK & CO. d.o.o., Ob gozdu 7c, Rogoza","addressLocality":"Miklav\u017e na Dravskem polju","postalCode":"2204","addressRegion":"Podravska","addressCountry":"SI"},{"@type":"ImageObject","inLanguage":"en-US","@id":"https:\/\/www.arhivelpro.dev-acenta.si\/en\/izdelek\/pyrominiusb-miniature-infrared-and-temperature-sensor-calex\/#local-main-organization-logo","url":"https:\/\/www.arhivelpro.dev-acenta.si\/wp-content\/uploads\/2020\/02\/LOGO-Header.svg","contentUrl":"https:\/\/www.arhivelpro.dev-acenta.si\/wp-content\/uploads\/2020\/02\/LOGO-Header.svg","caption":"ELPRO"}]},"product_price_amount":"0.00","product_price_currency":"EUR","og_availability":"backorder","product_availability":"available for order","product_retailer_item_id":"PyroMiniUSB","product_condition":"new","geo.placename":"Miklav\u017e na Dravskem polju","geo.region":"Slovenia"},"brands":[{"id":38,"name":"Calex","slug":"calex"}],"_links":{"self":[{"href":"https:\/\/www.arhivelpro.dev-acenta.si\/en\/wp-json\/wp\/v2\/product\/47152"}],"collection":[{"href":"https:\/\/www.arhivelpro.dev-acenta.si\/en\/wp-json\/wp\/v2\/product"}],"about":[{"href":"https:\/\/www.arhivelpro.dev-acenta.si\/en\/wp-json\/wp\/v2\/types\/product"}],"wp:featuredmedia":[{"embeddable":true,"href":"https:\/\/www.arhivelpro.dev-acenta.si\/en\/wp-json\/wp\/v2\/media\/22540"}],"wp:attachment":[{"href":"https:\/\/www.arhivelpro.dev-acenta.si\/en\/wp-json\/wp\/v2\/media?parent=47152"}],"wp:term":[{"taxonomy":"pwb-brand","embeddable":true,"href":"https:\/\/www.arhivelpro.dev-acenta.si\/en\/wp-json\/wp\/v2\/pwb-brand?post=47152"},{"taxonomy":"product_cat","embeddable":true,"href":"https:\/\/www.arhivelpro.dev-acenta.si\/en\/wp-json\/wp\/v2\/product_cat?post=47152"},{"taxonomy":"product_tag","embeddable":true,"href":"https:\/\/www.arhivelpro.dev-acenta.si\/en\/wp-json\/wp\/v2\/product_tag?post=47152"}],"curies":[{"name":"wp","href":"https:\/\/api.w.org\/{rel}","templated":true}]}}