{"id":47146,"date":"2020-02-06T14:36:49","date_gmt":"2020-02-06T13:36:49","guid":{"rendered":"https:\/\/www.elpro.si\/izdelek\/pyroepsilon-infrared-ir-temperature-gauge-calex\/"},"modified":"2022-07-15T11:16:16","modified_gmt":"2022-07-15T09:16:16","slug":"pyroepsilon-infrared-and-temperature-calex-meter","status":"publish","type":"product","link":"https:\/\/www.arhivelpro.dev-acenta.si\/en\/izdelek\/pyroepsilon-infrared-and-temperature-calex-meter\/","title":{"rendered":"PyroEpsilon infrared (IR) temperature gauge CALEX"},"content":{"rendered":"<p><strong>PyroEpsilon<\/strong> is a simple infrared temperature sensor with adjustable emission power. Ideally, the target should be partially reflective. Easy to use and indispensable for checking the temperature of various media, surfaces in production or general use. It is most commonly used in the food industry to measure the temperature of equipment, in the paper industry, in the electrical industry, to measure the outer layer of heaters, tanks and pipes.<\/p>\n<p>The emissivity setting is adjustable via a 2-wire 4 &#8230; 20 mA input and can be continuously adjusted by a variable 4 &#8230; 20 mA source. For manual adjustment of emissivity, the PyroTune emission controller is available (optional). The sensor is also compatible with PLC outputs or controllers that can provide a 4 &#8230; 20 mA signal. If no 4 &#8230; 20 mA input is available, the emissivity setting is reset to 0.95 so that the sensor will only be suitable for measuring non-reflective non-metallic materials or painted metal.<\/p>\n<p><strong> <\/strong><\/p>\n<h2>Benefits<\/h2>\n<ul>\n<li>choice of precision optics for large or small targets<\/li>\n<li>fast response with high stability<\/li>\n<li>quick and easy installation<\/li>\n<li>adjustable emission for all models: 0.20-1.00<\/li>\n<li>Stainless steel housing, IP65 mounted<\/li>\n<\/ul>\n<p>&nbsp;<\/p>\n<h2> <strong>PyroEpsilon<\/strong> features<\/h2>\n<ul>\n<li>the measuring area:<\/li>\n<\/ul>\n<p>LT = -20 &#8230; +100 \u00b0C<\/p>\n<p>MT = 0 &#8230; 250 \u00b0C<\/p>\n<p>HT = 0 &#8230; 500 \u00b0C<\/p>\n<ul>\n<li>2-wire output 4 &#8230; 20 mA<\/li>\n<li>not intended for measuring body temperature<\/li>\n<li>accuracy: \u00b11 % of reading or \u00b11 \u00b0C, whichever is greater<\/li>\n<li>repeatability: \u00b1 0.5 % of reading or \u00b1 0.5 \u00b0C, whichever is greater<\/li>\n<li>t90 response time: 240 ms<\/li>\n<li>spectral range: 8-14 \u03bcm<\/li>\n<li>supply voltage: 6-28 V DC<\/li>\n<li>material: construction stainless steel<\/li>\n<li>dimensions: fi 18 x 103 mm<\/li>\n<li>Cable length: 1 m (longer lengths can be ordered)<\/li>\n<li>weight: 95 g<\/li>\n<li>relative humidity: up to 95% non-condensing<\/li>\n<li>EMC, CE standards<\/li>\n<\/ul>\n<p>&nbsp;<\/p>\n<h2> <strong>PyroEpsilon<\/strong> use cases<\/h2>\n<h4><strong>Food industry<\/strong><\/h4>\n<p>Temperature measurement of food production equipment, including baking trays and plastic moulds. Surface temperature of PTFE-coated cylinders.<\/p>\n<p>&nbsp;<\/p>\n<h4><strong>Paper industry<\/strong><\/h4>\n<p>Use for measuring the temperature of glossy paper.<\/p>\n<p>&nbsp;<\/p>\n<h4><strong>Plastics industry<\/strong><\/h4>\n<p>Thermoforming temperatures, pre-inflation temperature of plastic bottle tubes.<\/p>\n<p>&nbsp;<\/p>\n<h4><strong>Electricity industry<\/strong><\/h4>\n<p>Measuring the temperature of painted surfaces in switchgear cabinets and generator enclosures.<\/p>\n<p>&nbsp;<\/p>\n<h4><strong>For coating pipes<\/strong><\/h4>\n<p>Measuring the temperature of the pipe during coating, where the emissivity of the surface increases during the process.<\/p>\n<p>&nbsp;<\/p>\n<h4><strong>For monitoring<\/strong><\/h4>\n<p>For example, painted bearing housings, drive shafts, cylinders and gearboxes. Measuring the turbine casing temperature. Monitoring the temperature of the external surface of boilers and pipes.<\/p>\n<p>&nbsp;<\/p>\n<p><strong><em>You can find much more useful information in the Documentation tab.<\/em><\/strong><\/p>\n","protected":false},"excerpt":{"rendered":"<ul>\n<li>operating temperature range: -20 &#8230; +500 \u00b0C<\/li>\n<li>ambient temperature: 0 &#8230; 70 \u00b0C<\/li>\n<li>accuracy: \u00b11 % of reading or \u00b11 \u00b0C, whichever is greater<\/li>\n<li>repeatability: \u00b10.5 % of reading or \u00b10.5 \u00b0C, whichever is greater<\/li>\n<li>t90 response time: 240 ms<\/li>\n<li>spectral range: 8-14 \u03bcm<\/li>\n<li>maximum impedance 900 \u03a9 (output loop)<\/li>\n<li>input impedance 50 \u03a9 (input loop)<\/li>\n<li>maximum current draw 20 mA<\/li>\n<li>dimensions: fi 18 x 103 mm<\/li>\n<li>EMC, CE standards<\/li>\n<\/ul>\n<p><!-- &nbsp; &nbsp; &nbsp; - temperaturno obmo\u010dje: -20&deg;C ... 500&deg;C - dvo\u017ei\u010dni 4-20mA izhod za merjenje temperature - dol\u017eina kabla 1 m, ve\u010dje dol\u017eine po naro\u010dilu - ohi&scaron;je iz nerjave\u010dega jekla 316 - stopnja IP za&scaron;\u010dite: IP65 - emisivnost nastavljiva preko lo\u010denega 4-20mA vhoda - velika izbira dodatkov - to\u010dnost: &plusmn;1 % brane vrednosti - temperatura delovnega okolja: 0&deg;C ... 70&deg;C - dol\u017eina kabla: 1 m, ostale dol\u017eine po naro\u010dilu - dimenzije: 18 mm &Oslash; x 103 mm \/\/--><\/p>\n","protected":false},"featured_media":13029,"template":"","meta":[],"pwb-brand":[38],"product_cat":[8565,8712,8714,8717,9694],"product_tag":[1608,1648,6639],"class_list":{"0":"post-47146","1":"product","2":"type-product","3":"status-publish","4":"has-post-thumbnail","6":"pwb-brand-calex","7":"product_cat-infrared-ir-meters","8":"product_cat-thermometers-dataloggers-ex","9":"product_cat-thermometers","10":"product_cat-digital-thermometers","11":"product_cat-calex-fixed-infrared-ir-temperature-meters","12":"product_tag-temperature","13":"product_tag-monitoring-en","14":"product_tag-regulation-automation","15":"pa_dobavni_rok-okvirno-2-tedna-en","16":"pa_izhod-komunikacija-4-20-ma-en","17":"pa_izvedba-industrial","18":"pa_merilno-obmocje-20-500-c-en","19":"pa_merjene-velicine-temperature","20":"pa_napajanje-6-28-v-dc-en","21":"pa_podrocje-electricity-industry","22":"pa_podrocje-food-industry","23":"pa_podrocje-industry","24":"pa_podrocje-monitoring-en","25":"pa_podrocje-paper-industry","26":"pa_podrocje-plastics-industry","27":"pa_standardizacija-ce-en","28":"pa_standardizacija-emc-en","29":"pa_standardizacija-ip65-en","30":"pa_zapisovalnik-podatkov-no","32":"first","33":"onbackorder","34":"taxable","35":"shipping-taxable","36":"product-type-simple","37":"add-to-wishlist-after_add_to_cart"},"yoast_head":"<!-- This site is optimized with the Yoast SEO Premium plugin v23.4 (Yoast SEO v23.4) - https:\/\/yoast.com\/wordpress\/plugins\/seo\/ -->\n<title>PyroEpsilon infrared (IR) temperature gauge CALEX -<\/title>\n<meta name=\"description\" content=\"PyroEpsilon IR sensor for non-contact measurement -20 ... +500 \u00b0C. Adjustable emission power. For the food, paper, electrical industries.\" \/>\n<meta name=\"robots\" content=\"noindex, follow, max-snippet:-1, max-image-preview:large, max-video-preview:-1\" \/>\n<meta property=\"og:locale\" content=\"en_US\" \/>\n<meta property=\"og:type\" content=\"article\" \/>\n<meta property=\"og:title\" content=\"PyroEpsilon infrared (IR) temperature gauge CALEX\" \/>\n<meta property=\"og:description\" content=\"PyroEpsilon IR sensor for non-contact measurement -20 ... +500 \u00b0C. Adjustable emission power. For the food, paper, electrical industries.\" \/>\n<meta property=\"og:url\" content=\"https:\/\/www.arhivelpro.dev-acenta.si\/en\/izdelek\/pyroepsilon-infrared-and-temperature-calex-meter\/\" \/>\n<meta property=\"article:publisher\" content=\"https:\/\/www.facebook.com\/elprolepenik\/\" \/>\n<meta property=\"article:modified_time\" content=\"2022-07-15T09:16:16+00:00\" \/>\n<meta property=\"og:image\" content=\"https:\/\/www.arhivelpro.dev-acenta.si\/wp-content\/uploads\/2020\/02\/PyroEpsilon-1.jpg\" \/>\n\t<meta property=\"og:image:width\" content=\"750\" \/>\n\t<meta property=\"og:image:height\" content=\"750\" \/>\n\t<meta property=\"og:image:type\" content=\"image\/jpeg\" \/>\n<meta name=\"twitter:card\" content=\"summary_large_image\" \/>\n<meta name=\"twitter:label1\" content=\"Price\" \/>\n\t<meta name=\"twitter:data1\" content=\"\" \/>\n\t<meta name=\"twitter:label2\" content=\"Availability\" \/>\n\t<meta name=\"twitter:data2\" content=\"On backorder\" \/>\n<script type=\"application\/ld+json\" class=\"yoast-schema-graph\">{\"@context\":\"https:\/\/schema.org\",\"@graph\":[{\"@type\":\"WebPage\",\"@id\":\"https:\/\/www.arhivelpro.dev-acenta.si\/en\/izdelek\/pyroepsilon-infrared-and-temperature-calex-meter\/\",\"url\":\"https:\/\/www.arhivelpro.dev-acenta.si\/en\/izdelek\/pyroepsilon-infrared-and-temperature-calex-meter\/\",\"name\":\"PyroEpsilon infrared (IR) temperature gauge CALEX -\",\"isPartOf\":{\"@id\":\"https:\/\/www.arhivelpro.dev-acenta.si\/en\/#website\"},\"primaryImageOfPage\":{\"@id\":\"https:\/\/www.arhivelpro.dev-acenta.si\/en\/izdelek\/pyroepsilon-infrared-and-temperature-calex-meter\/#primaryimage\"},\"image\":{\"@id\":\"https:\/\/www.arhivelpro.dev-acenta.si\/en\/izdelek\/pyroepsilon-infrared-and-temperature-calex-meter\/#primaryimage\"},\"thumbnailUrl\":\"https:\/\/www.arhivelpro.dev-acenta.si\/wp-content\/uploads\/2020\/02\/PyroEpsilon-1.jpg\",\"datePublished\":\"2020-02-06T13:36:49+00:00\",\"dateModified\":\"2022-07-15T09:16:16+00:00\",\"description\":\"PyroEpsilon IR sensor for non-contact measurement -20 ... +500 \u00b0C. Adjustable emission power. For the food, paper, electrical industries.\",\"breadcrumb\":{\"@id\":\"https:\/\/www.arhivelpro.dev-acenta.si\/en\/izdelek\/pyroepsilon-infrared-and-temperature-calex-meter\/#breadcrumb\"},\"inLanguage\":\"en-US\",\"potentialAction\":[{\"@type\":\"ReadAction\",\"target\":[\"https:\/\/www.arhivelpro.dev-acenta.si\/en\/izdelek\/pyroepsilon-infrared-and-temperature-calex-meter\/\"]}]},{\"@type\":\"ImageObject\",\"inLanguage\":\"en-US\",\"@id\":\"https:\/\/www.arhivelpro.dev-acenta.si\/en\/izdelek\/pyroepsilon-infrared-and-temperature-calex-meter\/#primaryimage\",\"url\":\"https:\/\/www.arhivelpro.dev-acenta.si\/wp-content\/uploads\/2020\/02\/PyroEpsilon-1.jpg\",\"contentUrl\":\"https:\/\/www.arhivelpro.dev-acenta.si\/wp-content\/uploads\/2020\/02\/PyroEpsilon-1.jpg\",\"width\":750,\"height\":750,\"caption\":\"IR sensor, infrared sensor, thermometer, non-contact thermometer, CALEX thermometer, PyroEpsilon, radiation thermometer, PLC outputs, IP65, PTFE, monitoring\"},{\"@type\":\"BreadcrumbList\",\"@id\":\"https:\/\/www.arhivelpro.dev-acenta.si\/en\/izdelek\/pyroepsilon-infrared-and-temperature-calex-meter\/#breadcrumb\",\"itemListElement\":[{\"@type\":\"ListItem\",\"position\":1,\"name\":\"Elpro\",\"item\":\"https:\/\/www.arhivelpro.dev-acenta.si\/en\/\"},{\"@type\":\"ListItem\",\"position\":2,\"name\":\"Products\",\"item\":\"https:\/\/www.arhivelpro.dev-acenta.si\/en\/products\/\"},{\"@type\":\"ListItem\",\"position\":3,\"name\":\"Infrared (IR) meters\",\"item\":\"https:\/\/www.arhivelpro.dev-acenta.si\/en\/product-category\/infrared-ir-meters\/\"},{\"@type\":\"ListItem\",\"position\":4,\"name\":\"PyroEpsilon infrared (IR) temperature gauge CALEX\"}]},{\"@type\":\"WebSite\",\"@id\":\"https:\/\/www.arhivelpro.dev-acenta.si\/en\/#website\",\"url\":\"https:\/\/www.arhivelpro.dev-acenta.si\/en\/\",\"name\":\"\",\"description\":\"ELPRO \u2013 Elpro Lepenik proizvodnja temperaturnih tipal in merilno regulacijska tehnika\",\"publisher\":{\"@id\":\"https:\/\/www.arhivelpro.dev-acenta.si\/en\/#organization\"},\"potentialAction\":[{\"@type\":\"SearchAction\",\"target\":{\"@type\":\"EntryPoint\",\"urlTemplate\":\"https:\/\/www.arhivelpro.dev-acenta.si\/en\/?s={search_term_string}\"},\"query-input\":{\"@type\":\"PropertyValueSpecification\",\"valueRequired\":true,\"valueName\":\"search_term_string\"}}],\"inLanguage\":\"en-US\"},{\"@type\":[\"Organization\",\"Place\"],\"@id\":\"https:\/\/www.arhivelpro.dev-acenta.si\/en\/#organization\",\"name\":\"ELPRO\",\"url\":\"https:\/\/www.arhivelpro.dev-acenta.si\/en\/\",\"logo\":{\"@id\":\"https:\/\/www.arhivelpro.dev-acenta.si\/en\/izdelek\/pyroepsilon-infrared-and-temperature-calex-meter\/#local-main-organization-logo\"},\"image\":{\"@id\":\"https:\/\/www.arhivelpro.dev-acenta.si\/en\/izdelek\/pyroepsilon-infrared-and-temperature-calex-meter\/#local-main-organization-logo\"},\"sameAs\":[\"https:\/\/www.facebook.com\/elprolepenik\/\",\"https:\/\/www.linkedin.com\/company\/elpro-lepenik\/about\/\"],\"address\":{\"@id\":\"https:\/\/www.arhivelpro.dev-acenta.si\/en\/izdelek\/pyroepsilon-infrared-and-temperature-calex-meter\/#local-main-place-address\"},\"telephone\":[\"02 62 96 720\",\"041 626 771\"],\"openingHoursSpecification\":[{\"@type\":\"OpeningHoursSpecification\",\"dayOfWeek\":[\"Monday\",\"Tuesday\",\"Wednesday\",\"Thursday\",\"Friday\"],\"opens\":\"07:00\",\"closes\":\"16:00\"},{\"@type\":\"OpeningHoursSpecification\",\"dayOfWeek\":[\"Saturday\",\"Sunday\"],\"opens\":\"00:00\",\"closes\":\"00:00\"}],\"email\":\"info@elpro.si\",\"vatID\":\"41479220\",\"taxID\":\"SI41479220\"},{\"@type\":\"PostalAddress\",\"@id\":\"https:\/\/www.arhivelpro.dev-acenta.si\/en\/izdelek\/pyroepsilon-infrared-and-temperature-calex-meter\/#local-main-place-address\",\"streetAddress\":\"ELPRO LEPENIK & CO. d.o.o., Ob gozdu 7c, Rogoza\",\"addressLocality\":\"Miklav\u017e na Dravskem polju\",\"postalCode\":\"2204\",\"addressRegion\":\"Podravska\",\"addressCountry\":\"SI\"},{\"@type\":\"ImageObject\",\"inLanguage\":\"en-US\",\"@id\":\"https:\/\/www.arhivelpro.dev-acenta.si\/en\/izdelek\/pyroepsilon-infrared-and-temperature-calex-meter\/#local-main-organization-logo\",\"url\":\"https:\/\/www.arhivelpro.dev-acenta.si\/wp-content\/uploads\/2020\/02\/LOGO-Header.svg\",\"contentUrl\":\"https:\/\/www.arhivelpro.dev-acenta.si\/wp-content\/uploads\/2020\/02\/LOGO-Header.svg\",\"caption\":\"ELPRO\"}]}<\/script>\n<meta property=\"product:price:amount\" content=\"0.00\" \/>\n<meta property=\"product:price:currency\" content=\"EUR\" \/>\n<meta property=\"og:availability\" content=\"backorder\" \/>\n<meta property=\"product:availability\" content=\"available for order\" \/>\n<meta property=\"product:retailer_item_id\" content=\"PyroEpsilon\" \/>\n<meta property=\"product:condition\" content=\"new\" \/>\n<meta name=\"geo.placename\" content=\"Miklav\u017e na Dravskem polju\" \/>\n<meta name=\"geo.region\" content=\"Slovenia\" \/>\n<!-- \/ Yoast SEO Premium plugin. -->","yoast_head_json":{"title":"PyroEpsilon infrared (IR) temperature gauge CALEX -","description":"PyroEpsilon IR sensor for non-contact measurement -20 ... +500 \u00b0C. Adjustable emission power. For the food, paper, electrical industries.","robots":{"index":"noindex","follow":"follow","max-snippet":"max-snippet:-1","max-image-preview":"max-image-preview:large","max-video-preview":"max-video-preview:-1"},"og_locale":"en_US","og_type":"article","og_title":"PyroEpsilon infrared (IR) temperature gauge CALEX","og_description":"PyroEpsilon IR sensor for non-contact measurement -20 ... +500 \u00b0C. Adjustable emission power. For the food, paper, electrical industries.","og_url":"https:\/\/www.arhivelpro.dev-acenta.si\/en\/izdelek\/pyroepsilon-infrared-and-temperature-calex-meter\/","article_publisher":"https:\/\/www.facebook.com\/elprolepenik\/","article_modified_time":"2022-07-15T09:16:16+00:00","og_image":[{"width":750,"height":750,"url":"https:\/\/www.arhivelpro.dev-acenta.si\/wp-content\/uploads\/2020\/02\/PyroEpsilon-1.jpg","type":"image\/jpeg"}],"twitter_card":"summary_large_image","twitter_misc":{"Price":"","Availability":"On backorder"},"schema":{"@context":"https:\/\/schema.org","@graph":[{"@type":"WebPage","@id":"https:\/\/www.arhivelpro.dev-acenta.si\/en\/izdelek\/pyroepsilon-infrared-and-temperature-calex-meter\/","url":"https:\/\/www.arhivelpro.dev-acenta.si\/en\/izdelek\/pyroepsilon-infrared-and-temperature-calex-meter\/","name":"PyroEpsilon infrared (IR) temperature gauge CALEX -","isPartOf":{"@id":"https:\/\/www.arhivelpro.dev-acenta.si\/en\/#website"},"primaryImageOfPage":{"@id":"https:\/\/www.arhivelpro.dev-acenta.si\/en\/izdelek\/pyroepsilon-infrared-and-temperature-calex-meter\/#primaryimage"},"image":{"@id":"https:\/\/www.arhivelpro.dev-acenta.si\/en\/izdelek\/pyroepsilon-infrared-and-temperature-calex-meter\/#primaryimage"},"thumbnailUrl":"https:\/\/www.arhivelpro.dev-acenta.si\/wp-content\/uploads\/2020\/02\/PyroEpsilon-1.jpg","datePublished":"2020-02-06T13:36:49+00:00","dateModified":"2022-07-15T09:16:16+00:00","description":"PyroEpsilon IR sensor for non-contact measurement -20 ... +500 \u00b0C. Adjustable emission power. For the food, paper, electrical industries.","breadcrumb":{"@id":"https:\/\/www.arhivelpro.dev-acenta.si\/en\/izdelek\/pyroepsilon-infrared-and-temperature-calex-meter\/#breadcrumb"},"inLanguage":"en-US","potentialAction":[{"@type":"ReadAction","target":["https:\/\/www.arhivelpro.dev-acenta.si\/en\/izdelek\/pyroepsilon-infrared-and-temperature-calex-meter\/"]}]},{"@type":"ImageObject","inLanguage":"en-US","@id":"https:\/\/www.arhivelpro.dev-acenta.si\/en\/izdelek\/pyroepsilon-infrared-and-temperature-calex-meter\/#primaryimage","url":"https:\/\/www.arhivelpro.dev-acenta.si\/wp-content\/uploads\/2020\/02\/PyroEpsilon-1.jpg","contentUrl":"https:\/\/www.arhivelpro.dev-acenta.si\/wp-content\/uploads\/2020\/02\/PyroEpsilon-1.jpg","width":750,"height":750,"caption":"IR sensor, infrared sensor, thermometer, non-contact thermometer, CALEX thermometer, PyroEpsilon, radiation thermometer, PLC outputs, IP65, PTFE, monitoring"},{"@type":"BreadcrumbList","@id":"https:\/\/www.arhivelpro.dev-acenta.si\/en\/izdelek\/pyroepsilon-infrared-and-temperature-calex-meter\/#breadcrumb","itemListElement":[{"@type":"ListItem","position":1,"name":"Elpro","item":"https:\/\/www.arhivelpro.dev-acenta.si\/en\/"},{"@type":"ListItem","position":2,"name":"Products","item":"https:\/\/www.arhivelpro.dev-acenta.si\/en\/products\/"},{"@type":"ListItem","position":3,"name":"Infrared (IR) meters","item":"https:\/\/www.arhivelpro.dev-acenta.si\/en\/product-category\/infrared-ir-meters\/"},{"@type":"ListItem","position":4,"name":"PyroEpsilon infrared (IR) temperature gauge CALEX"}]},{"@type":"WebSite","@id":"https:\/\/www.arhivelpro.dev-acenta.si\/en\/#website","url":"https:\/\/www.arhivelpro.dev-acenta.si\/en\/","name":"","description":"ELPRO \u2013 Elpro Lepenik proizvodnja temperaturnih tipal in merilno regulacijska tehnika","publisher":{"@id":"https:\/\/www.arhivelpro.dev-acenta.si\/en\/#organization"},"potentialAction":[{"@type":"SearchAction","target":{"@type":"EntryPoint","urlTemplate":"https:\/\/www.arhivelpro.dev-acenta.si\/en\/?s={search_term_string}"},"query-input":{"@type":"PropertyValueSpecification","valueRequired":true,"valueName":"search_term_string"}}],"inLanguage":"en-US"},{"@type":["Organization","Place"],"@id":"https:\/\/www.arhivelpro.dev-acenta.si\/en\/#organization","name":"ELPRO","url":"https:\/\/www.arhivelpro.dev-acenta.si\/en\/","logo":{"@id":"https:\/\/www.arhivelpro.dev-acenta.si\/en\/izdelek\/pyroepsilon-infrared-and-temperature-calex-meter\/#local-main-organization-logo"},"image":{"@id":"https:\/\/www.arhivelpro.dev-acenta.si\/en\/izdelek\/pyroepsilon-infrared-and-temperature-calex-meter\/#local-main-organization-logo"},"sameAs":["https:\/\/www.facebook.com\/elprolepenik\/","https:\/\/www.linkedin.com\/company\/elpro-lepenik\/about\/"],"address":{"@id":"https:\/\/www.arhivelpro.dev-acenta.si\/en\/izdelek\/pyroepsilon-infrared-and-temperature-calex-meter\/#local-main-place-address"},"telephone":["02 62 96 720","041 626 771"],"openingHoursSpecification":[{"@type":"OpeningHoursSpecification","dayOfWeek":["Monday","Tuesday","Wednesday","Thursday","Friday"],"opens":"07:00","closes":"16:00"},{"@type":"OpeningHoursSpecification","dayOfWeek":["Saturday","Sunday"],"opens":"00:00","closes":"00:00"}],"email":"info@elpro.si","vatID":"41479220","taxID":"SI41479220"},{"@type":"PostalAddress","@id":"https:\/\/www.arhivelpro.dev-acenta.si\/en\/izdelek\/pyroepsilon-infrared-and-temperature-calex-meter\/#local-main-place-address","streetAddress":"ELPRO LEPENIK & CO. d.o.o., Ob gozdu 7c, Rogoza","addressLocality":"Miklav\u017e na Dravskem polju","postalCode":"2204","addressRegion":"Podravska","addressCountry":"SI"},{"@type":"ImageObject","inLanguage":"en-US","@id":"https:\/\/www.arhivelpro.dev-acenta.si\/en\/izdelek\/pyroepsilon-infrared-and-temperature-calex-meter\/#local-main-organization-logo","url":"https:\/\/www.arhivelpro.dev-acenta.si\/wp-content\/uploads\/2020\/02\/LOGO-Header.svg","contentUrl":"https:\/\/www.arhivelpro.dev-acenta.si\/wp-content\/uploads\/2020\/02\/LOGO-Header.svg","caption":"ELPRO"}]},"product_price_amount":"0.00","product_price_currency":"EUR","og_availability":"backorder","product_availability":"available for order","product_retailer_item_id":"PyroEpsilon","product_condition":"new","geo.placename":"Miklav\u017e na Dravskem polju","geo.region":"Slovenia"},"brands":[{"id":38,"name":"Calex","slug":"calex"}],"_links":{"self":[{"href":"https:\/\/www.arhivelpro.dev-acenta.si\/en\/wp-json\/wp\/v2\/product\/47146"}],"collection":[{"href":"https:\/\/www.arhivelpro.dev-acenta.si\/en\/wp-json\/wp\/v2\/product"}],"about":[{"href":"https:\/\/www.arhivelpro.dev-acenta.si\/en\/wp-json\/wp\/v2\/types\/product"}],"wp:featuredmedia":[{"embeddable":true,"href":"https:\/\/www.arhivelpro.dev-acenta.si\/en\/wp-json\/wp\/v2\/media\/13029"}],"wp:attachment":[{"href":"https:\/\/www.arhivelpro.dev-acenta.si\/en\/wp-json\/wp\/v2\/media?parent=47146"}],"wp:term":[{"taxonomy":"pwb-brand","embeddable":true,"href":"https:\/\/www.arhivelpro.dev-acenta.si\/en\/wp-json\/wp\/v2\/pwb-brand?post=47146"},{"taxonomy":"product_cat","embeddable":true,"href":"https:\/\/www.arhivelpro.dev-acenta.si\/en\/wp-json\/wp\/v2\/product_cat?post=47146"},{"taxonomy":"product_tag","embeddable":true,"href":"https:\/\/www.arhivelpro.dev-acenta.si\/en\/wp-json\/wp\/v2\/product_tag?post=47146"}],"curies":[{"name":"wp","href":"https:\/\/api.w.org\/{rel}","templated":true}]}}