{"id":47129,"date":"2020-02-06T14:36:48","date_gmt":"2020-02-06T13:36:48","guid":{"rendered":"https:\/\/www.elpro.si\/izdelek\/pyrominibus-miniature-infrared-ir-temperature-sensor-calex\/"},"modified":"2022-07-15T11:15:41","modified_gmt":"2022-07-15T09:15:41","slug":"pyrominibus-miniatural-infrared-and-temperature-sensor-calex","status":"publish","type":"product","link":"https:\/\/www.arhivelpro.dev-acenta.si\/en\/izdelek\/pyrominibus-miniatural-infrared-and-temperature-sensor-calex\/","title":{"rendered":"PyroMiniBus miniature infrared (IR) temperature sensor CALEX"},"content":{"rendered":"<p>The CALEX <strong>PyroMiniBus<\/strong> miniature infrared (IR) temperature sensor is suitable for measuring temperatures in the measuring range -20 \u00b0C to 1000 \u00b0C, with ambient temperatures up to 120 \u00b0C. The sensors have RS485 Modbus communication, allowing them to connect directly to Modbus hardware.<\/p>\n<p>They are IP65 rated, made of 316 stainless steel and fully tested to industry EMC standards. They can be used to measure the temperature of food, paper, plastics, asphalt, paint, loose and organic materials, as well as the dirtiest, rusty or greasy surfaces. The sensors measure just 45 mm, so they can fit into even the smallest space.<\/p>\n<p>&nbsp;<\/p>\n<h2>Benefits<\/h2>\n<ul>\n<li>RS485 Modbus for multi-channel installations (connect up to 247 sensors)<\/li>\n<li>measuring range: -20 &#8230; +1000 \u00b0C<\/li>\n<li>ambient temperature: 0 &#8230; 120 \u00b0C<\/li>\n<li>Ideal for continuous temperature monitoring in multiple locations<\/li>\n<li>adjustable emission: 0.20 to 1.00<\/li>\n<li>IP 65 protection<\/li>\n<\/ul>\n<p>&nbsp;<\/p>\n<h2>PyroMiniBus features<\/h2>\n<ul>\n<li>compatible with RS485 Modbus Master devices or PM180 touch screen (optional)<\/li>\n<li>not intended for measuring body temperature<\/li>\n<li>accuracy: \u00b11 % of reading or \u00b11 \u00b0C, whichever is greater<\/li>\n<li>repeatability: \u00b10.5 % of reading or \u00b10.5 \u00b0C, whichever is greater<\/li>\n<li>t90 response time: 125 ms (90% response)<\/li>\n<li>spectral range: 8-14 \u00b5m<\/li>\n<li>supply voltage: 24 V DC (min. 6 V DC\/max. 28 V DC)<\/li>\n<li>supply current: maximum 50 mA<\/li>\n<li>material: stainless steel<\/li>\n<li>dimensions: 18 x 45 mm<\/li>\n<li>cable length: 1 m<\/li>\n<li>weight: 85 g<\/li>\n<li>Standards: EN61326-1, EN61326-2-3, RoHS<\/li>\n<\/ul>\n<p>&nbsp;<\/p>\n<h3><strong>6-channel PM180 touchscreen terminal (optional)<\/strong><\/h3>\n<ul>\n<li>configuration, display, data logging and alarms<\/li>\n<li>Connect up to 6 sensors<\/li>\n<li>acts as Modbus Master and Slave<\/li>\n<li>recording large amounts of data on a MicroSD card<\/li>\n<li>bright touchscreen with backlight<\/li>\n<li>analogue and relay outputs via optional ICPDAS Module M-7061 and M-7024<\/li>\n<li>two-channel temperature graph<\/li>\n<li>Languages: english, chinese, japanese<\/li>\n<\/ul>\n<p>&nbsp;<\/p>\n<h2>Examples of use<\/h2>\n<h4><strong>Drying ovens<\/strong><\/h4>\n<p>The epoxy-impregnated glass fibres are cured in the oven to increase their strength. PyroMiniBus sensors are installed in the oven at temperatures up to 120 \u00b0C to create a temperature profile at multiple points across the entire surface to be treated and report the measured temperature to the heating system, which controls the oven&#8217;s hot air blowers. The industry includes boat building and aerospace.<\/p>\n<h4><strong>Industrial bakery<\/strong><\/h4>\n<p>Check the temperature profile of the bakery products at several points along the conveyor oven.<\/p>\n<h4><strong>Corrugated board production<\/strong><\/h4>\n<p>Monitor temperature along the entire carton, with local displays for each part of the production line and centralised control in the control room. The sensors can withstand 120 \u00b0C and can be used in high-temperature areas such as single panels without the need for cooling.<\/p>\n<h4><strong>Automobilism  <\/strong><\/h4>\n<p>A large PyroMiniBus sensor system can monitor the paint curing process at multiple points. Monitor temperatures around the whole vehicle in the test chambers.<\/p>\n<h4><strong>Monitoring the situation<\/strong><\/h4>\n<p>The sensor network can monitor all bearing temperatures on the machine, on the spill table or in the whole factory. PyroMiniBus is ideal for measuring the temperature of all painted metal surfaces.<\/p>\n<h4><strong>Infrared curing<\/strong><\/h4>\n<p>A set of sensors mounted on the infrared lamp plate ensures a uniform temperature profile along the hardened part. Surface coatings, paints and epoxies, among others, are ideal target materials.<\/p>\n<h4><strong>Filling a gas cylinder<\/strong><\/h4>\n<p>Control temperatures to improve the repeatability of the filled volume and improve filling efficiency. It is easy to monitor the temperature of each cylinder on the filling machine without having to manually move the contact probes.<\/p>\n<p>&nbsp;<\/p>\n<p>For installation instructions, accessories and to order, please follow <a href=\"https:\/\/www.calex.co.uk\/product\/temperature-measurement\/infrared-temperature-sensors\/pyrominibus\/\" target=\"_blank\" rel=\"noopener noreferrer\">this link<\/a>.<\/p>\n<p><strong><em>You can find much more useful information in the Documentation tab. Please refer to the technical documentation for options, add-ons and accessories.<\/em><\/strong><\/p>\n","protected":false},"excerpt":{"rendered":"<ul>\n<li>IP65 (NEMA 4)<\/li>\n<li>accuracy: \u00b11 % of reading or \u00b11 \u00b0C, whichever is greater<\/li>\n<li>repeatability: \u00b10,5 % of the reading or \u00b10,5 \u00b0C, whichever is the greater<\/li>\n<li>t90 response time: 125 ms<\/li>\n<li>spectral range: 8-14 \u00b5m<\/li>\n<li>supply voltage: 24 V DC (min. 6 V DC\/max. 28 V DC)<\/li>\n<li>dimensions: 18 x 45 mm<\/li>\n<li>cable length: 1 m<\/li>\n<li>weight: 85 g<\/li>\n<li>EN61326-1, EN61326-2-3, RoHS standards<\/li>\n<li>operating temperature range: -20 &#8230; +1000 \u00b0C<\/li>\n<\/ul>\n<p><!-- &nbsp; &nbsp; - temperaturno obmo\u010dje: -20&deg;C ... +1000 &deg;C - komunikacija: RS485 - to\u010dnost: &plusmn;1% prebrane vrednosti - ponovljivost meritve: &plusmn;0,5 % - emisijski faktor: 0.2 do 1.0 - spektralni razpon: 8 ... 14 &micro;m - napajalna napetost: 6 ... 28 V DC - ohi&scaron;je: nerjave\u010de jeklo - dimenzije: 18mm &Oslash; x 45 mm - procesni priklju\u010dek: M16 - stopnja IP za&scaron;\u010dite: IP 65 - odzivni \u010das 240 ms - te\u017ea: 250 g \/\/--><\/p>\n","protected":false},"featured_media":22564,"template":"","meta":[],"pwb-brand":[38],"product_cat":[8565,8712,8714,8717,9694,9706],"product_tag":[1608,1648,6639],"class_list":{"0":"post-47129","1":"product","2":"type-product","3":"status-publish","4":"has-post-thumbnail","6":"pwb-brand-calex","7":"product_cat-infrared-ir-meters","8":"product_cat-thermometers-dataloggers-ex","9":"product_cat-thermometers","10":"product_cat-digital-thermometers","11":"product_cat-calex-fixed-infrared-ir-temperature-meters","12":"product_cat-calex-temperature-measuring-systems","13":"product_tag-temperature","14":"product_tag-monitoring-en","15":"product_tag-regulation-automation","16":"pa_izhod-komunikacija-rs232c-modbus-rtu-en","17":"pa_izvedba-industrial","18":"pa_merilno-obmocje-20-1000-c-en","19":"pa_merjene-velicine-temperature","20":"pa_napajanje-24-v-dc","21":"pa_podrocje-automotive-industry","22":"pa_podrocje-industry","23":"pa_podrocje-steel-industry","24":"pa_standardizacija-en61326-1","25":"pa_standardizacija-en61326-2-3","26":"pa_standardizacija-ip65-en","27":"pa_standardizacija-rohs-en","28":"pa_uporaba-bakeries","29":"pa_uporaba-drying-ovens","30":"pa_uporaba-filling-gas-cylinders","31":"pa_uporaba-temperature-monitoring","32":"pa_zapisovalnik-podatkov-no","34":"first","35":"onbackorder","36":"taxable","37":"shipping-taxable","38":"product-type-simple","39":"add-to-wishlist-after_add_to_cart"},"yoast_head":"<!-- This site is optimized with the Yoast SEO Premium plugin v23.4 (Yoast SEO v23.4) - https:\/\/yoast.com\/wordpress\/plugins\/seo\/ -->\n<title>PyroMiniBus miniature infrared (IR) temperature sensor CALEX -<\/title>\n<meta name=\"description\" content=\"The PyroMiniBus IR sensor operates at ambient temperatures up to 120 \u00b0C. RS485, IP65 protection, compact only 45 mm. -20 ... 1000 \u00b0C.\" \/>\n<meta name=\"robots\" content=\"noindex, follow, max-snippet:-1, max-image-preview:large, max-video-preview:-1\" \/>\n<meta property=\"og:locale\" content=\"en_US\" \/>\n<meta property=\"og:type\" content=\"article\" \/>\n<meta property=\"og:title\" content=\"PyroMiniBus miniature infrared (IR) temperature sensor CALEX\" \/>\n<meta property=\"og:description\" content=\"The PyroMiniBus IR sensor operates at ambient temperatures up to 120 \u00b0C. RS485, IP65 protection, compact only 45 mm. -20 ... 1000 \u00b0C.\" \/>\n<meta property=\"og:url\" content=\"https:\/\/www.arhivelpro.dev-acenta.si\/en\/izdelek\/pyrominibus-miniatural-infrared-and-temperature-sensor-calex\/\" \/>\n<meta property=\"article:publisher\" content=\"https:\/\/www.facebook.com\/elprolepenik\/\" \/>\n<meta property=\"article:modified_time\" content=\"2022-07-15T09:15:41+00:00\" \/>\n<meta property=\"og:image\" content=\"https:\/\/www.arhivelpro.dev-acenta.si\/wp-content\/uploads\/2020\/02\/pyrominibus-3.jpg\" \/>\n\t<meta property=\"og:image:width\" content=\"511\" \/>\n\t<meta property=\"og:image:height\" content=\"363\" \/>\n\t<meta property=\"og:image:type\" content=\"image\/jpeg\" \/>\n<meta name=\"twitter:card\" content=\"summary_large_image\" \/>\n<meta name=\"twitter:label1\" content=\"Price\" \/>\n\t<meta name=\"twitter:data1\" content=\"\" \/>\n\t<meta name=\"twitter:label2\" content=\"Availability\" \/>\n\t<meta name=\"twitter:data2\" content=\"On backorder\" \/>\n<script type=\"application\/ld+json\" class=\"yoast-schema-graph\">{\"@context\":\"https:\/\/schema.org\",\"@graph\":[{\"@type\":\"WebPage\",\"@id\":\"https:\/\/www.arhivelpro.dev-acenta.si\/en\/izdelek\/pyrominibus-miniatural-infrared-and-temperature-sensor-calex\/\",\"url\":\"https:\/\/www.arhivelpro.dev-acenta.si\/en\/izdelek\/pyrominibus-miniatural-infrared-and-temperature-sensor-calex\/\",\"name\":\"PyroMiniBus miniature infrared (IR) temperature sensor CALEX -\",\"isPartOf\":{\"@id\":\"https:\/\/www.arhivelpro.dev-acenta.si\/en\/#website\"},\"primaryImageOfPage\":{\"@id\":\"https:\/\/www.arhivelpro.dev-acenta.si\/en\/izdelek\/pyrominibus-miniatural-infrared-and-temperature-sensor-calex\/#primaryimage\"},\"image\":{\"@id\":\"https:\/\/www.arhivelpro.dev-acenta.si\/en\/izdelek\/pyrominibus-miniatural-infrared-and-temperature-sensor-calex\/#primaryimage\"},\"thumbnailUrl\":\"https:\/\/www.arhivelpro.dev-acenta.si\/wp-content\/uploads\/2020\/02\/pyrominibus-3.jpg\",\"datePublished\":\"2020-02-06T13:36:48+00:00\",\"dateModified\":\"2022-07-15T09:15:41+00:00\",\"description\":\"The PyroMiniBus IR sensor operates at ambient temperatures up to 120 \u00b0C. RS485, IP65 protection, compact only 45 mm. -20 ... 1000 \u00b0C.\",\"breadcrumb\":{\"@id\":\"https:\/\/www.arhivelpro.dev-acenta.si\/en\/izdelek\/pyrominibus-miniatural-infrared-and-temperature-sensor-calex\/#breadcrumb\"},\"inLanguage\":\"en-US\",\"potentialAction\":[{\"@type\":\"ReadAction\",\"target\":[\"https:\/\/www.arhivelpro.dev-acenta.si\/en\/izdelek\/pyrominibus-miniatural-infrared-and-temperature-sensor-calex\/\"]}]},{\"@type\":\"ImageObject\",\"inLanguage\":\"en-US\",\"@id\":\"https:\/\/www.arhivelpro.dev-acenta.si\/en\/izdelek\/pyrominibus-miniatural-infrared-and-temperature-sensor-calex\/#primaryimage\",\"url\":\"https:\/\/www.arhivelpro.dev-acenta.si\/wp-content\/uploads\/2020\/02\/pyrominibus-3.jpg\",\"contentUrl\":\"https:\/\/www.arhivelpro.dev-acenta.si\/wp-content\/uploads\/2020\/02\/pyrominibus-3.jpg\",\"width\":511,\"height\":363,\"caption\":\"PyroMiniBus, IR sensor, temperature sensor, transducer sensor, miniature sensor, IR sensor, detector, radiation thermometer, EMC, Modbus, 6-channel touch terminal, drying ovens, industrial bakery, automotive, condition monitoring, gas cylinder filling\"},{\"@type\":\"BreadcrumbList\",\"@id\":\"https:\/\/www.arhivelpro.dev-acenta.si\/en\/izdelek\/pyrominibus-miniatural-infrared-and-temperature-sensor-calex\/#breadcrumb\",\"itemListElement\":[{\"@type\":\"ListItem\",\"position\":1,\"name\":\"Elpro\",\"item\":\"https:\/\/www.arhivelpro.dev-acenta.si\/en\/\"},{\"@type\":\"ListItem\",\"position\":2,\"name\":\"Products\",\"item\":\"https:\/\/www.arhivelpro.dev-acenta.si\/en\/products\/\"},{\"@type\":\"ListItem\",\"position\":3,\"name\":\"Infrared (IR) meters\",\"item\":\"https:\/\/www.arhivelpro.dev-acenta.si\/en\/product-category\/infrared-ir-meters\/\"},{\"@type\":\"ListItem\",\"position\":4,\"name\":\"PyroMiniBus miniature infrared (IR) temperature sensor CALEX\"}]},{\"@type\":\"WebSite\",\"@id\":\"https:\/\/www.arhivelpro.dev-acenta.si\/en\/#website\",\"url\":\"https:\/\/www.arhivelpro.dev-acenta.si\/en\/\",\"name\":\"\",\"description\":\"ELPRO \u2013 Elpro Lepenik proizvodnja temperaturnih tipal in merilno regulacijska tehnika\",\"publisher\":{\"@id\":\"https:\/\/www.arhivelpro.dev-acenta.si\/en\/#organization\"},\"potentialAction\":[{\"@type\":\"SearchAction\",\"target\":{\"@type\":\"EntryPoint\",\"urlTemplate\":\"https:\/\/www.arhivelpro.dev-acenta.si\/en\/?s={search_term_string}\"},\"query-input\":{\"@type\":\"PropertyValueSpecification\",\"valueRequired\":true,\"valueName\":\"search_term_string\"}}],\"inLanguage\":\"en-US\"},{\"@type\":[\"Organization\",\"Place\"],\"@id\":\"https:\/\/www.arhivelpro.dev-acenta.si\/en\/#organization\",\"name\":\"ELPRO\",\"url\":\"https:\/\/www.arhivelpro.dev-acenta.si\/en\/\",\"logo\":{\"@id\":\"https:\/\/www.arhivelpro.dev-acenta.si\/en\/izdelek\/pyrominibus-miniatural-infrared-and-temperature-sensor-calex\/#local-main-organization-logo\"},\"image\":{\"@id\":\"https:\/\/www.arhivelpro.dev-acenta.si\/en\/izdelek\/pyrominibus-miniatural-infrared-and-temperature-sensor-calex\/#local-main-organization-logo\"},\"sameAs\":[\"https:\/\/www.facebook.com\/elprolepenik\/\",\"https:\/\/www.linkedin.com\/company\/elpro-lepenik\/about\/\"],\"address\":{\"@id\":\"https:\/\/www.arhivelpro.dev-acenta.si\/en\/izdelek\/pyrominibus-miniatural-infrared-and-temperature-sensor-calex\/#local-main-place-address\"},\"telephone\":[\"02 62 96 720\",\"041 626 771\"],\"openingHoursSpecification\":[{\"@type\":\"OpeningHoursSpecification\",\"dayOfWeek\":[\"Monday\",\"Tuesday\",\"Wednesday\",\"Thursday\",\"Friday\"],\"opens\":\"07:00\",\"closes\":\"16:00\"},{\"@type\":\"OpeningHoursSpecification\",\"dayOfWeek\":[\"Saturday\",\"Sunday\"],\"opens\":\"00:00\",\"closes\":\"00:00\"}],\"email\":\"info@elpro.si\",\"vatID\":\"41479220\",\"taxID\":\"SI41479220\"},{\"@type\":\"PostalAddress\",\"@id\":\"https:\/\/www.arhivelpro.dev-acenta.si\/en\/izdelek\/pyrominibus-miniatural-infrared-and-temperature-sensor-calex\/#local-main-place-address\",\"streetAddress\":\"ELPRO LEPENIK & CO. d.o.o., Ob gozdu 7c, Rogoza\",\"addressLocality\":\"Miklav\u017e na Dravskem polju\",\"postalCode\":\"2204\",\"addressRegion\":\"Podravska\",\"addressCountry\":\"SI\"},{\"@type\":\"ImageObject\",\"inLanguage\":\"en-US\",\"@id\":\"https:\/\/www.arhivelpro.dev-acenta.si\/en\/izdelek\/pyrominibus-miniatural-infrared-and-temperature-sensor-calex\/#local-main-organization-logo\",\"url\":\"https:\/\/www.arhivelpro.dev-acenta.si\/wp-content\/uploads\/2020\/02\/LOGO-Header.svg\",\"contentUrl\":\"https:\/\/www.arhivelpro.dev-acenta.si\/wp-content\/uploads\/2020\/02\/LOGO-Header.svg\",\"caption\":\"ELPRO\"}]}<\/script>\n<meta property=\"product:price:amount\" content=\"0.00\" \/>\n<meta property=\"product:price:currency\" content=\"EUR\" \/>\n<meta property=\"og:availability\" content=\"backorder\" \/>\n<meta property=\"product:availability\" content=\"available for order\" \/>\n<meta property=\"product:retailer_item_id\" content=\"PyroMiniBus\" \/>\n<meta property=\"product:condition\" content=\"new\" \/>\n<meta name=\"geo.placename\" content=\"Miklav\u017e na Dravskem polju\" \/>\n<meta name=\"geo.region\" content=\"Slovenia\" \/>\n<!-- \/ Yoast SEO Premium plugin. -->","yoast_head_json":{"title":"PyroMiniBus miniature infrared (IR) temperature sensor CALEX -","description":"The PyroMiniBus IR sensor operates at ambient temperatures up to 120 \u00b0C. RS485, IP65 protection, compact only 45 mm. -20 ... 1000 \u00b0C.","robots":{"index":"noindex","follow":"follow","max-snippet":"max-snippet:-1","max-image-preview":"max-image-preview:large","max-video-preview":"max-video-preview:-1"},"og_locale":"en_US","og_type":"article","og_title":"PyroMiniBus miniature infrared (IR) temperature sensor CALEX","og_description":"The PyroMiniBus IR sensor operates at ambient temperatures up to 120 \u00b0C. RS485, IP65 protection, compact only 45 mm. -20 ... 1000 \u00b0C.","og_url":"https:\/\/www.arhivelpro.dev-acenta.si\/en\/izdelek\/pyrominibus-miniatural-infrared-and-temperature-sensor-calex\/","article_publisher":"https:\/\/www.facebook.com\/elprolepenik\/","article_modified_time":"2022-07-15T09:15:41+00:00","og_image":[{"width":511,"height":363,"url":"https:\/\/www.arhivelpro.dev-acenta.si\/wp-content\/uploads\/2020\/02\/pyrominibus-3.jpg","type":"image\/jpeg"}],"twitter_card":"summary_large_image","twitter_misc":{"Price":"","Availability":"On backorder"},"schema":{"@context":"https:\/\/schema.org","@graph":[{"@type":"WebPage","@id":"https:\/\/www.arhivelpro.dev-acenta.si\/en\/izdelek\/pyrominibus-miniatural-infrared-and-temperature-sensor-calex\/","url":"https:\/\/www.arhivelpro.dev-acenta.si\/en\/izdelek\/pyrominibus-miniatural-infrared-and-temperature-sensor-calex\/","name":"PyroMiniBus miniature infrared (IR) temperature sensor CALEX -","isPartOf":{"@id":"https:\/\/www.arhivelpro.dev-acenta.si\/en\/#website"},"primaryImageOfPage":{"@id":"https:\/\/www.arhivelpro.dev-acenta.si\/en\/izdelek\/pyrominibus-miniatural-infrared-and-temperature-sensor-calex\/#primaryimage"},"image":{"@id":"https:\/\/www.arhivelpro.dev-acenta.si\/en\/izdelek\/pyrominibus-miniatural-infrared-and-temperature-sensor-calex\/#primaryimage"},"thumbnailUrl":"https:\/\/www.arhivelpro.dev-acenta.si\/wp-content\/uploads\/2020\/02\/pyrominibus-3.jpg","datePublished":"2020-02-06T13:36:48+00:00","dateModified":"2022-07-15T09:15:41+00:00","description":"The PyroMiniBus IR sensor operates at ambient temperatures up to 120 \u00b0C. RS485, IP65 protection, compact only 45 mm. -20 ... 1000 \u00b0C.","breadcrumb":{"@id":"https:\/\/www.arhivelpro.dev-acenta.si\/en\/izdelek\/pyrominibus-miniatural-infrared-and-temperature-sensor-calex\/#breadcrumb"},"inLanguage":"en-US","potentialAction":[{"@type":"ReadAction","target":["https:\/\/www.arhivelpro.dev-acenta.si\/en\/izdelek\/pyrominibus-miniatural-infrared-and-temperature-sensor-calex\/"]}]},{"@type":"ImageObject","inLanguage":"en-US","@id":"https:\/\/www.arhivelpro.dev-acenta.si\/en\/izdelek\/pyrominibus-miniatural-infrared-and-temperature-sensor-calex\/#primaryimage","url":"https:\/\/www.arhivelpro.dev-acenta.si\/wp-content\/uploads\/2020\/02\/pyrominibus-3.jpg","contentUrl":"https:\/\/www.arhivelpro.dev-acenta.si\/wp-content\/uploads\/2020\/02\/pyrominibus-3.jpg","width":511,"height":363,"caption":"PyroMiniBus, IR sensor, temperature sensor, transducer sensor, miniature sensor, IR sensor, detector, radiation thermometer, EMC, Modbus, 6-channel touch terminal, drying ovens, industrial bakery, automotive, condition monitoring, gas cylinder filling"},{"@type":"BreadcrumbList","@id":"https:\/\/www.arhivelpro.dev-acenta.si\/en\/izdelek\/pyrominibus-miniatural-infrared-and-temperature-sensor-calex\/#breadcrumb","itemListElement":[{"@type":"ListItem","position":1,"name":"Elpro","item":"https:\/\/www.arhivelpro.dev-acenta.si\/en\/"},{"@type":"ListItem","position":2,"name":"Products","item":"https:\/\/www.arhivelpro.dev-acenta.si\/en\/products\/"},{"@type":"ListItem","position":3,"name":"Infrared (IR) meters","item":"https:\/\/www.arhivelpro.dev-acenta.si\/en\/product-category\/infrared-ir-meters\/"},{"@type":"ListItem","position":4,"name":"PyroMiniBus miniature infrared (IR) temperature sensor CALEX"}]},{"@type":"WebSite","@id":"https:\/\/www.arhivelpro.dev-acenta.si\/en\/#website","url":"https:\/\/www.arhivelpro.dev-acenta.si\/en\/","name":"","description":"ELPRO \u2013 Elpro Lepenik proizvodnja temperaturnih tipal in merilno regulacijska tehnika","publisher":{"@id":"https:\/\/www.arhivelpro.dev-acenta.si\/en\/#organization"},"potentialAction":[{"@type":"SearchAction","target":{"@type":"EntryPoint","urlTemplate":"https:\/\/www.arhivelpro.dev-acenta.si\/en\/?s={search_term_string}"},"query-input":{"@type":"PropertyValueSpecification","valueRequired":true,"valueName":"search_term_string"}}],"inLanguage":"en-US"},{"@type":["Organization","Place"],"@id":"https:\/\/www.arhivelpro.dev-acenta.si\/en\/#organization","name":"ELPRO","url":"https:\/\/www.arhivelpro.dev-acenta.si\/en\/","logo":{"@id":"https:\/\/www.arhivelpro.dev-acenta.si\/en\/izdelek\/pyrominibus-miniatural-infrared-and-temperature-sensor-calex\/#local-main-organization-logo"},"image":{"@id":"https:\/\/www.arhivelpro.dev-acenta.si\/en\/izdelek\/pyrominibus-miniatural-infrared-and-temperature-sensor-calex\/#local-main-organization-logo"},"sameAs":["https:\/\/www.facebook.com\/elprolepenik\/","https:\/\/www.linkedin.com\/company\/elpro-lepenik\/about\/"],"address":{"@id":"https:\/\/www.arhivelpro.dev-acenta.si\/en\/izdelek\/pyrominibus-miniatural-infrared-and-temperature-sensor-calex\/#local-main-place-address"},"telephone":["02 62 96 720","041 626 771"],"openingHoursSpecification":[{"@type":"OpeningHoursSpecification","dayOfWeek":["Monday","Tuesday","Wednesday","Thursday","Friday"],"opens":"07:00","closes":"16:00"},{"@type":"OpeningHoursSpecification","dayOfWeek":["Saturday","Sunday"],"opens":"00:00","closes":"00:00"}],"email":"info@elpro.si","vatID":"41479220","taxID":"SI41479220"},{"@type":"PostalAddress","@id":"https:\/\/www.arhivelpro.dev-acenta.si\/en\/izdelek\/pyrominibus-miniatural-infrared-and-temperature-sensor-calex\/#local-main-place-address","streetAddress":"ELPRO LEPENIK & CO. d.o.o., Ob gozdu 7c, Rogoza","addressLocality":"Miklav\u017e na Dravskem polju","postalCode":"2204","addressRegion":"Podravska","addressCountry":"SI"},{"@type":"ImageObject","inLanguage":"en-US","@id":"https:\/\/www.arhivelpro.dev-acenta.si\/en\/izdelek\/pyrominibus-miniatural-infrared-and-temperature-sensor-calex\/#local-main-organization-logo","url":"https:\/\/www.arhivelpro.dev-acenta.si\/wp-content\/uploads\/2020\/02\/LOGO-Header.svg","contentUrl":"https:\/\/www.arhivelpro.dev-acenta.si\/wp-content\/uploads\/2020\/02\/LOGO-Header.svg","caption":"ELPRO"}]},"product_price_amount":"0.00","product_price_currency":"EUR","og_availability":"backorder","product_availability":"available for order","product_retailer_item_id":"PyroMiniBus","product_condition":"new","geo.placename":"Miklav\u017e na Dravskem polju","geo.region":"Slovenia"},"brands":[{"id":38,"name":"Calex","slug":"calex"}],"_links":{"self":[{"href":"https:\/\/www.arhivelpro.dev-acenta.si\/en\/wp-json\/wp\/v2\/product\/47129"}],"collection":[{"href":"https:\/\/www.arhivelpro.dev-acenta.si\/en\/wp-json\/wp\/v2\/product"}],"about":[{"href":"https:\/\/www.arhivelpro.dev-acenta.si\/en\/wp-json\/wp\/v2\/types\/product"}],"wp:featuredmedia":[{"embeddable":true,"href":"https:\/\/www.arhivelpro.dev-acenta.si\/en\/wp-json\/wp\/v2\/media\/22564"}],"wp:attachment":[{"href":"https:\/\/www.arhivelpro.dev-acenta.si\/en\/wp-json\/wp\/v2\/media?parent=47129"}],"wp:term":[{"taxonomy":"pwb-brand","embeddable":true,"href":"https:\/\/www.arhivelpro.dev-acenta.si\/en\/wp-json\/wp\/v2\/pwb-brand?post=47129"},{"taxonomy":"product_cat","embeddable":true,"href":"https:\/\/www.arhivelpro.dev-acenta.si\/en\/wp-json\/wp\/v2\/product_cat?post=47129"},{"taxonomy":"product_tag","embeddable":true,"href":"https:\/\/www.arhivelpro.dev-acenta.si\/en\/wp-json\/wp\/v2\/product_tag?post=47129"}],"curies":[{"name":"wp","href":"https:\/\/api.w.org\/{rel}","templated":true}]}}