{"id":47119,"date":"2020-02-06T14:36:48","date_gmt":"2020-02-06T13:36:48","guid":{"rendered":"https:\/\/www.elpro.si\/izdelek\/pyromini-miniature-infrared-ir-temperature-sensor-with-or-without-display-calex\/"},"modified":"2022-07-15T11:15:07","modified_gmt":"2022-07-15T09:15:07","slug":"pyromini-miniatural-infrared-and-temperature-sensor-with-or-without-calex","status":"publish","type":"product","link":"https:\/\/www.arhivelpro.dev-acenta.si\/en\/izdelek\/pyromini-miniatural-infrared-and-temperature-sensor-with-or-without-calex\/","title":{"rendered":"PyroMini miniature infrared (IR) temperature sensor, with or without display CALEX"},"content":{"rendered":"<p><strong>PyroMini<\/strong> miniature infrared (IR) temperature sensor with transducer and touch screen (optional). The optional touchscreen makes it easier to operate the sensor. It allows you to store or record data (data logger), which can be transferred to a MicroSD memory card (optional).<\/p>\n<p>PryoMini has a 4 &#8230; 20 mA current link output and an RS485 Modbus output. The PyroMini infrared sensor is most commonly used in industrial processes as well as in general industries such as food, paper, plastics, paints, adhesives and steel.<\/p>\n<p>&nbsp;<\/p>\n<h2>Models<\/h2>\n<ul>\n<li><strong>PyroMini: general use (8-14 \u00b5m)<\/strong><\/li>\n<\/ul>\n<p>The sensor head can withstand high ambient temperatures, up to 120 \u00b0C, or up to 180 \u00b0C without cooling. Measuring range -20 \u00b0C to 1000 \u00b0C.<\/p>\n<p>Designed for non-reflective surfaces (paper, plastics, food, painted surfaces, coated metals and many others). Resistant to interference from movement of the sensor head cable. For this reason, these models are ideal for fitting to robotic arms.<\/p>\n<p>&nbsp;<\/p>\n<ul>\n<li><strong>PyroMini 2.2: short wavelength models (2.0-2.6 \u00b5m) for high temperature measurements<\/strong><\/li>\n<\/ul>\n<p id=\"tw-target-text\" class=\"tw-data-text tw-text-large XcVN5d tw-ta\" dir=\"ltr\" data-placeholder=\"Prevod\"><span lang=\"sl\">Short-wavelength measurement for increased accuracy of reflected light on surfaces such as steel cylinders and many other metal surfaces where temperatures range between 100 \u00b0C and 2000 \u00b0C.  <\/span><\/p>\n<p class=\"tw-data-text tw-text-large XcVN5d tw-ta\" dir=\"ltr\" data-placeholder=\"Prevod\"><span lang=\"sl\">Choice of optics, including narrow options for long distance measurement of very hot objects.<\/span><\/p>\n<p>&nbsp;<\/p>\n<h2>Benefits<\/h2>\n<ul>\n<li>miniature sensor head: fi 18 mm x 45 mm<\/li>\n<li>adjustable electronic module<\/li>\n<li>adjustable emission for all models: from 0.20 to 1.00<\/li>\n<li>touchscreen display (optional) for temperature display, configuration and data logging<\/li>\n<li>the display turns bright red in alarm mode for maximum visibility<\/li>\n<\/ul>\n<h3><\/h3>\n<h2>PyroMini features<\/h2>\n<ul>\n<li>4 &#8230; 20 mA continuous current output<\/li>\n<li>RS485 Modbus output (247 sensors can be connected to one Modbus network)<\/li>\n<li>data logging on MicroSD card (optional)<\/li>\n<li>two single-pole switched alarm relay outputs, 24 V DC 1 A load rating, fully adjustable via display; for CRT and BRT models<\/li>\n<li>maximum, minimum, average and instantaneous readings, HOLD peek values, reflex energy compensation<\/li>\n<li>Accuracy: \u00b11 \u00b0C or 1 % of the PyroMini reading; \u00b12 \u00b0C or 1 % of the PyroMini 2.2 reading; whichever is greater<\/li>\n<li>repeatability: \u00b10.5 \u00b0C or 0.5 %, whichever is the greater<\/li>\n<li>t90 response time: 240 ms<\/li>\n<li>supply voltage: 24 V DC \u00b15 %<\/li>\n<li>electronic module size 98 x 64 x 36 mm<\/li>\n<li>cable length 1 m (standard), up to 30 m (optional)<\/li>\n<li>weight 390 g<\/li>\n<li>not intended for measuring body temperature<\/li>\n<li>Standards EN61326-1, EN61326-2-3, CE, RoHs compliant<\/li>\n<\/ul>\n<p>&nbsp;<\/p>\n<p>The set includes: a miniature sensor head and a separate electronic module. Please refer to the technical documentation for options, add-ons and accessories.<\/p>\n<p>The <a href=\"http:\/\/www.calex.co.uk\/software\/\" target=\"_blank\" rel=\"noopener noreferrer\">CalexConfig_FullInstaller<\/a> software is also available. For installation instructions, accessories and to order, please <a href=\"https:\/\/www.calex.co.uk\/product\/temperature-measurement\/infrared-temperature-sensors\/pyromini\/\" target=\"_blank\" rel=\"noopener noreferrer\">follow this link<\/a>.<\/p>\n<p><strong><em>You can find much more useful information in the Documentation tab.<\/em><\/strong><\/p>\n<p>&nbsp;<\/p>\n<p>To help you use the PyroMini temperature sensor, the following videos are available:<\/p>\n<p><strong>Basic features:<\/strong><\/p>\n<p><iframe loading=\"lazy\" title=\"PyroMini Infrared Temperature Sensor - 1. Basic Features\" width=\"500\" height=\"281\" src=\"https:\/\/www.youtube.com\/embed\/6lEtl0t7deA?feature=oembed\" frameborder=\"0\" allow=\"accelerometer; autoplay; clipboard-write; encrypted-media; gyroscope; picture-in-picture; web-share\" referrerpolicy=\"strict-origin-when-cross-origin\" allowfullscreen><\/iframe><\/p>\n<p><strong>Configuration:<\/strong><\/p>\n<p><iframe loading=\"lazy\" title=\"PyroMini Infrared Temperature Sensor - 2. Configuration\" width=\"500\" height=\"281\" src=\"https:\/\/www.youtube.com\/embed\/FgzCou-MNts?feature=oembed\" frameborder=\"0\" allow=\"accelerometer; autoplay; clipboard-write; encrypted-media; gyroscope; picture-in-picture; web-share\" referrerpolicy=\"strict-origin-when-cross-origin\" allowfullscreen><\/iframe><\/p>\n<p><strong>Data storage on MicroSD card:<\/strong><\/p>\n<p><iframe loading=\"lazy\" title=\"PyroMini Infrared Temperature Sensor: 3. Data Logging to MicroSD Card\" width=\"500\" height=\"281\" src=\"https:\/\/www.youtube.com\/embed\/3XjmFNXu_gY?feature=oembed\" frameborder=\"0\" allow=\"accelerometer; autoplay; clipboard-write; encrypted-media; gyroscope; picture-in-picture; web-share\" referrerpolicy=\"strict-origin-when-cross-origin\" allowfullscreen><\/iframe><\/p>\n<p><strong>Alarms:<\/strong><\/p>\n<p><iframe loading=\"lazy\" title=\"PyroMini Infrared Temperature Sensor: 4. Alarms\" width=\"500\" height=\"281\" src=\"https:\/\/www.youtube.com\/embed\/zo8DJ0EvW7M?feature=oembed\" frameborder=\"0\" allow=\"accelerometer; autoplay; clipboard-write; encrypted-media; gyroscope; picture-in-picture; web-share\" referrerpolicy=\"strict-origin-when-cross-origin\" allowfullscreen><\/iframe><\/p>\n<div id=\"inquiry\" class=\"col-sm-6 pt-5\"><\/div>\n<h2>Examples of <strong>PyroMini<\/strong> use<\/h2>\n<h4><strong>Food industry<\/strong><\/h4>\n<div>The top or bottom treatment makes PyroMini ideal for measuring the temperature of food in containers where mixing machines interrupt the sensor&#8217;s view of the food surface, and for measuring the temperature of food products on conveyor belts to ignore the conveyor belt temperature readings. Writing data to the MicroSD card means that PyroMini can be used to meet HACCP requirements.<\/div>\n<div><\/div>\n<div>Hot stainless steel surfaces above 100 \u00b0C can be measured quickly and accurately with PyroMini 2.2. Applications include burner control in transport ovens and dryers.<\/div>\n<div><\/div>\n<h4><strong>Paper industry<\/strong><\/h4>\n<div>Models with a high temperature sensor head (up to 180 \u00b0C ambient) can be used in hot environments for corrugated board production and paper drying.<\/div>\n<div><\/div>\n<div>Dryer drum surface temperatures above 100 \u00b0C (e.g. for corrugated board) can be measured directly with the PyroMini 2.2. See also <a href=\"https:\/\/www.elpro.si\/izdelek\/infrardeci-ir-temperaturni-senzor-calex-pyrousb-2-2-z-moznostjo-konfiguriranja-preko-pc-s-tokovnim-izhodom\/\" target=\"_blank\" rel=\"noopener noreferrer\">PyroUSB 2.2<\/a> for temperatures below 100 \u00b0C (for thinner paper grades).<\/div>\n<div><\/div>\n<h4><strong>Plastics industry<\/strong><\/h4>\n<div>In thermoforming, the 180 \u00b0C sensing head is ideal for measuring the preheating temperature of a plastic sheet where the ambient temperature is high, without the need for cooling.<\/div>\n<div><\/div>\n<h4><strong>Paints and adhesives industry<\/strong><\/h4>\n<div>The high-temperature sensor head can be installed in ovens for drying up to 180 \u00b0C without cooling. It is also ideal for use with infrared heaters.<\/div>\n<div><\/div>\n<h4><strong>Steel industry<\/strong><\/h4>\n<div>Sensors with a short wavelength of 2.2 \u03bcm are more suitable for measuring the surface temperature of steel than the generic 8 to 14 \u03bcm models.<\/div>\n","protected":false},"excerpt":{"rendered":"<ul>\n<li>operating temperature range: -20 &#8230; 2000 \u00b0C<\/li>\n<li>miniature sensor head, IP65 (NEMA 4)<\/li>\n<li>adjustable electronic module, IP65 (NEMA 4)<\/li>\n<li>Accuracy: \u00b11 \u00b0C or 1 % of the PyroMini reading;<\/li>\n<li>Accuracy: \u00b12 \u00b0C or 1 % of the PyroMini 2.2 reading<\/li>\n<li>emission setting: from 0.20 to 1.00<\/li>\n<li>t90 response time: 240 ms<\/li>\n<li>supply voltage: 24 V DC \u00b15 %<\/li>\n<li>cable length 1 m (standard), up to 30 m (optional)<\/li>\n<li>Standards EN61326-1, EN61326-2-3, CE, RoHs compliant<\/li>\n<\/ul>\n<p><!-- &nbsp; &nbsp; &nbsp; &nbsp; - temperaturno obmo\u010dje: -20&deg;C ... +1000&deg;C - izhod: 4 ... 20 mA, RS485 Modbus - to\u010dnost: &plusmn;1 &deg;C - ponovljivost: &plusmn;0.5 &deg;C - emisijski faktor: 0.20 ... 1.00 - odzivni \u010das: 240 ms - spektralni razpon: 8 ... 14 &micro;m - maksimalni tok: 100 mA - alarmni releji: 2 x alarmni rele - ohi&scaron;je: nerjave\u010de jeklo - mere ohi&scaron;ja: 18 mm &Oslash; x45 mm Informacije o snemalniku (DataLogger) - interval shranjevanja: 1 ... 86,400 sekund - MicroSD kartica: maksimalna kapaciteta 2GB (ni priklo\u017eena) - format datoteke: .csv \/\/--><\/p>\n","protected":false},"featured_media":12923,"template":"","meta":[],"pwb-brand":[38],"product_cat":[8565,8712,8714,8717,9694],"product_tag":[1608,1648,6639],"class_list":{"0":"post-47119","1":"product","2":"type-product","3":"status-publish","4":"has-post-thumbnail","6":"pwb-brand-calex","7":"product_cat-infrared-ir-meters","8":"product_cat-thermometers-dataloggers-ex","9":"product_cat-thermometers","10":"product_cat-digital-thermometers","11":"product_cat-calex-fixed-infrared-ir-temperature-meters","12":"product_tag-temperature","13":"product_tag-monitoring-en","14":"product_tag-regulation-automation","15":"pa_dobavni_rok-approximately-2-3-weeks","16":"pa_izhod-komunikacija-4-20-ma-en","17":"pa_izhod-komunikacija-rs485-modbus-en","18":"pa_izvedba-industrial","19":"pa_merilno-obmocje-20-2000-c-en","20":"pa_merjene-velicine-temperature","21":"pa_napajanje-24-v-dc","22":"pa_podrocje-food-industry","23":"pa_podrocje-industry","24":"pa_podrocje-paper-industry","25":"pa_podrocje-plastics-industry","26":"pa_podrocje-steel-industry","27":"pa_standardizacija-ce-en","28":"pa_standardizacija-en61326-1","29":"pa_standardizacija-en61326-2-3","30":"pa_standardizacija-ip65-en","31":"pa_standardizacija-rohs-en","33":"first","34":"onbackorder","35":"featured","36":"taxable","37":"shipping-taxable","38":"product-type-simple","39":"add-to-wishlist-after_add_to_cart"},"yoast_head":"<!-- This site is optimized with the Yoast SEO Premium plugin v23.4 (Yoast SEO v23.4) - https:\/\/yoast.com\/wordpress\/plugins\/seo\/ -->\n<title>PyroMini miniature infrared (IR) temperature sensor, with or without display CALEX -<\/title>\n<meta name=\"description\" content=\"PyroMini IR temperature sensor for general purpose and high temperature applications. -20 ... +2000 \u00b0C. 4-20 mA. RS485 Modbus.\" \/>\n<meta name=\"robots\" content=\"noindex, follow, max-snippet:-1, max-image-preview:large, max-video-preview:-1\" \/>\n<meta property=\"og:locale\" content=\"en_US\" \/>\n<meta property=\"og:type\" content=\"article\" \/>\n<meta property=\"og:title\" content=\"PyroMini miniature infrared (IR) temperature sensor, with or without display CALEX\" \/>\n<meta property=\"og:description\" content=\"PyroMini IR temperature sensor for general purpose and high temperature applications. -20 ... +2000 \u00b0C. 4-20 mA. RS485 Modbus.\" \/>\n<meta property=\"og:url\" content=\"https:\/\/www.arhivelpro.dev-acenta.si\/en\/izdelek\/pyromini-miniatural-infrared-and-temperature-sensor-with-or-without-calex\/\" \/>\n<meta property=\"article:publisher\" content=\"https:\/\/www.facebook.com\/elprolepenik\/\" \/>\n<meta property=\"article:modified_time\" content=\"2022-07-15T09:15:07+00:00\" \/>\n<meta property=\"og:image\" content=\"https:\/\/www.arhivelpro.dev-acenta.si\/wp-content\/uploads\/2020\/02\/PyroMini.png\" \/>\n\t<meta property=\"og:image:width\" content=\"750\" \/>\n\t<meta property=\"og:image:height\" content=\"750\" \/>\n\t<meta property=\"og:image:type\" content=\"image\/png\" \/>\n<meta name=\"twitter:card\" content=\"summary_large_image\" \/>\n<meta name=\"twitter:label1\" content=\"Price\" \/>\n\t<meta name=\"twitter:data1\" content=\"\" \/>\n\t<meta name=\"twitter:label2\" content=\"Availability\" \/>\n\t<meta name=\"twitter:data2\" content=\"On backorder\" \/>\n<script type=\"application\/ld+json\" class=\"yoast-schema-graph\">{\"@context\":\"https:\/\/schema.org\",\"@graph\":[{\"@type\":\"WebPage\",\"@id\":\"https:\/\/www.arhivelpro.dev-acenta.si\/en\/izdelek\/pyromini-miniatural-infrared-and-temperature-sensor-with-or-without-calex\/\",\"url\":\"https:\/\/www.arhivelpro.dev-acenta.si\/en\/izdelek\/pyromini-miniatural-infrared-and-temperature-sensor-with-or-without-calex\/\",\"name\":\"PyroMini miniature infrared (IR) temperature sensor, with or without display CALEX -\",\"isPartOf\":{\"@id\":\"https:\/\/www.arhivelpro.dev-acenta.si\/en\/#website\"},\"primaryImageOfPage\":{\"@id\":\"https:\/\/www.arhivelpro.dev-acenta.si\/en\/izdelek\/pyromini-miniatural-infrared-and-temperature-sensor-with-or-without-calex\/#primaryimage\"},\"image\":{\"@id\":\"https:\/\/www.arhivelpro.dev-acenta.si\/en\/izdelek\/pyromini-miniatural-infrared-and-temperature-sensor-with-or-without-calex\/#primaryimage\"},\"thumbnailUrl\":\"https:\/\/www.arhivelpro.dev-acenta.si\/wp-content\/uploads\/2020\/02\/PyroMini.png\",\"datePublished\":\"2020-02-06T13:36:48+00:00\",\"dateModified\":\"2022-07-15T09:15:07+00:00\",\"description\":\"PyroMini IR temperature sensor for general purpose and high temperature applications. -20 ... +2000 \u00b0C. 4-20 mA. RS485 Modbus.\",\"breadcrumb\":{\"@id\":\"https:\/\/www.arhivelpro.dev-acenta.si\/en\/izdelek\/pyromini-miniatural-infrared-and-temperature-sensor-with-or-without-calex\/#breadcrumb\"},\"inLanguage\":\"en-US\",\"potentialAction\":[{\"@type\":\"ReadAction\",\"target\":[\"https:\/\/www.arhivelpro.dev-acenta.si\/en\/izdelek\/pyromini-miniatural-infrared-and-temperature-sensor-with-or-without-calex\/\"]}]},{\"@type\":\"ImageObject\",\"inLanguage\":\"en-US\",\"@id\":\"https:\/\/www.arhivelpro.dev-acenta.si\/en\/izdelek\/pyromini-miniatural-infrared-and-temperature-sensor-with-or-without-calex\/#primaryimage\",\"url\":\"https:\/\/www.arhivelpro.dev-acenta.si\/wp-content\/uploads\/2020\/02\/PyroMini.png\",\"contentUrl\":\"https:\/\/www.arhivelpro.dev-acenta.si\/wp-content\/uploads\/2020\/02\/PyroMini.png\",\"width\":750,\"height\":750,\"caption\":\"PyroMini, PyroMIni 2.2, IR sensor, temperature sensor, sensor with transducer, miniature sensor, IR sensor, detector, radiation thermometer\"},{\"@type\":\"BreadcrumbList\",\"@id\":\"https:\/\/www.arhivelpro.dev-acenta.si\/en\/izdelek\/pyromini-miniatural-infrared-and-temperature-sensor-with-or-without-calex\/#breadcrumb\",\"itemListElement\":[{\"@type\":\"ListItem\",\"position\":1,\"name\":\"Elpro\",\"item\":\"https:\/\/www.arhivelpro.dev-acenta.si\/en\/\"},{\"@type\":\"ListItem\",\"position\":2,\"name\":\"Products\",\"item\":\"https:\/\/www.arhivelpro.dev-acenta.si\/en\/products\/\"},{\"@type\":\"ListItem\",\"position\":3,\"name\":\"Infrared (IR) meters\",\"item\":\"https:\/\/www.arhivelpro.dev-acenta.si\/en\/product-category\/infrared-ir-meters\/\"},{\"@type\":\"ListItem\",\"position\":4,\"name\":\"PyroMini miniature infrared (IR) temperature sensor, with or without display CALEX\"}]},{\"@type\":\"WebSite\",\"@id\":\"https:\/\/www.arhivelpro.dev-acenta.si\/en\/#website\",\"url\":\"https:\/\/www.arhivelpro.dev-acenta.si\/en\/\",\"name\":\"\",\"description\":\"ELPRO \u2013 Elpro Lepenik proizvodnja temperaturnih tipal in merilno regulacijska tehnika\",\"publisher\":{\"@id\":\"https:\/\/www.arhivelpro.dev-acenta.si\/en\/#organization\"},\"potentialAction\":[{\"@type\":\"SearchAction\",\"target\":{\"@type\":\"EntryPoint\",\"urlTemplate\":\"https:\/\/www.arhivelpro.dev-acenta.si\/en\/?s={search_term_string}\"},\"query-input\":{\"@type\":\"PropertyValueSpecification\",\"valueRequired\":true,\"valueName\":\"search_term_string\"}}],\"inLanguage\":\"en-US\"},{\"@type\":[\"Organization\",\"Place\"],\"@id\":\"https:\/\/www.arhivelpro.dev-acenta.si\/en\/#organization\",\"name\":\"ELPRO\",\"url\":\"https:\/\/www.arhivelpro.dev-acenta.si\/en\/\",\"logo\":{\"@id\":\"https:\/\/www.arhivelpro.dev-acenta.si\/en\/izdelek\/pyromini-miniatural-infrared-and-temperature-sensor-with-or-without-calex\/#local-main-organization-logo\"},\"image\":{\"@id\":\"https:\/\/www.arhivelpro.dev-acenta.si\/en\/izdelek\/pyromini-miniatural-infrared-and-temperature-sensor-with-or-without-calex\/#local-main-organization-logo\"},\"sameAs\":[\"https:\/\/www.facebook.com\/elprolepenik\/\",\"https:\/\/www.linkedin.com\/company\/elpro-lepenik\/about\/\"],\"address\":{\"@id\":\"https:\/\/www.arhivelpro.dev-acenta.si\/en\/izdelek\/pyromini-miniatural-infrared-and-temperature-sensor-with-or-without-calex\/#local-main-place-address\"},\"telephone\":[\"02 62 96 720\",\"041 626 771\"],\"openingHoursSpecification\":[{\"@type\":\"OpeningHoursSpecification\",\"dayOfWeek\":[\"Monday\",\"Tuesday\",\"Wednesday\",\"Thursday\",\"Friday\"],\"opens\":\"07:00\",\"closes\":\"16:00\"},{\"@type\":\"OpeningHoursSpecification\",\"dayOfWeek\":[\"Saturday\",\"Sunday\"],\"opens\":\"00:00\",\"closes\":\"00:00\"}],\"email\":\"info@elpro.si\",\"vatID\":\"41479220\",\"taxID\":\"SI41479220\"},{\"@type\":\"PostalAddress\",\"@id\":\"https:\/\/www.arhivelpro.dev-acenta.si\/en\/izdelek\/pyromini-miniatural-infrared-and-temperature-sensor-with-or-without-calex\/#local-main-place-address\",\"streetAddress\":\"ELPRO LEPENIK & CO. d.o.o., Ob gozdu 7c, Rogoza\",\"addressLocality\":\"Miklav\u017e na Dravskem polju\",\"postalCode\":\"2204\",\"addressRegion\":\"Podravska\",\"addressCountry\":\"SI\"},{\"@type\":\"ImageObject\",\"inLanguage\":\"en-US\",\"@id\":\"https:\/\/www.arhivelpro.dev-acenta.si\/en\/izdelek\/pyromini-miniatural-infrared-and-temperature-sensor-with-or-without-calex\/#local-main-organization-logo\",\"url\":\"https:\/\/www.arhivelpro.dev-acenta.si\/wp-content\/uploads\/2020\/02\/LOGO-Header.svg\",\"contentUrl\":\"https:\/\/www.arhivelpro.dev-acenta.si\/wp-content\/uploads\/2020\/02\/LOGO-Header.svg\",\"caption\":\"ELPRO\"}]}<\/script>\n<meta property=\"product:price:amount\" content=\"0.00\" \/>\n<meta property=\"product:price:currency\" content=\"EUR\" \/>\n<meta property=\"og:availability\" content=\"backorder\" \/>\n<meta property=\"product:availability\" content=\"available for order\" \/>\n<meta property=\"product:retailer_item_id\" content=\"PyroMini\/PyroMini 2.2\" \/>\n<meta property=\"product:condition\" content=\"new\" \/>\n<meta name=\"geo.placename\" content=\"Miklav\u017e na Dravskem polju\" \/>\n<meta name=\"geo.region\" content=\"Slovenia\" \/>\n<!-- \/ Yoast SEO Premium plugin. -->","yoast_head_json":{"title":"PyroMini miniature infrared (IR) temperature sensor, with or without display CALEX -","description":"PyroMini IR temperature sensor for general purpose and high temperature applications. -20 ... +2000 \u00b0C. 4-20 mA. RS485 Modbus.","robots":{"index":"noindex","follow":"follow","max-snippet":"max-snippet:-1","max-image-preview":"max-image-preview:large","max-video-preview":"max-video-preview:-1"},"og_locale":"en_US","og_type":"article","og_title":"PyroMini miniature infrared (IR) temperature sensor, with or without display CALEX","og_description":"PyroMini IR temperature sensor for general purpose and high temperature applications. -20 ... +2000 \u00b0C. 4-20 mA. RS485 Modbus.","og_url":"https:\/\/www.arhivelpro.dev-acenta.si\/en\/izdelek\/pyromini-miniatural-infrared-and-temperature-sensor-with-or-without-calex\/","article_publisher":"https:\/\/www.facebook.com\/elprolepenik\/","article_modified_time":"2022-07-15T09:15:07+00:00","og_image":[{"width":750,"height":750,"url":"https:\/\/www.arhivelpro.dev-acenta.si\/wp-content\/uploads\/2020\/02\/PyroMini.png","type":"image\/png"}],"twitter_card":"summary_large_image","twitter_misc":{"Price":"","Availability":"On backorder"},"schema":{"@context":"https:\/\/schema.org","@graph":[{"@type":"WebPage","@id":"https:\/\/www.arhivelpro.dev-acenta.si\/en\/izdelek\/pyromini-miniatural-infrared-and-temperature-sensor-with-or-without-calex\/","url":"https:\/\/www.arhivelpro.dev-acenta.si\/en\/izdelek\/pyromini-miniatural-infrared-and-temperature-sensor-with-or-without-calex\/","name":"PyroMini miniature infrared (IR) temperature sensor, with or without display CALEX -","isPartOf":{"@id":"https:\/\/www.arhivelpro.dev-acenta.si\/en\/#website"},"primaryImageOfPage":{"@id":"https:\/\/www.arhivelpro.dev-acenta.si\/en\/izdelek\/pyromini-miniatural-infrared-and-temperature-sensor-with-or-without-calex\/#primaryimage"},"image":{"@id":"https:\/\/www.arhivelpro.dev-acenta.si\/en\/izdelek\/pyromini-miniatural-infrared-and-temperature-sensor-with-or-without-calex\/#primaryimage"},"thumbnailUrl":"https:\/\/www.arhivelpro.dev-acenta.si\/wp-content\/uploads\/2020\/02\/PyroMini.png","datePublished":"2020-02-06T13:36:48+00:00","dateModified":"2022-07-15T09:15:07+00:00","description":"PyroMini IR temperature sensor for general purpose and high temperature applications. -20 ... +2000 \u00b0C. 4-20 mA. RS485 Modbus.","breadcrumb":{"@id":"https:\/\/www.arhivelpro.dev-acenta.si\/en\/izdelek\/pyromini-miniatural-infrared-and-temperature-sensor-with-or-without-calex\/#breadcrumb"},"inLanguage":"en-US","potentialAction":[{"@type":"ReadAction","target":["https:\/\/www.arhivelpro.dev-acenta.si\/en\/izdelek\/pyromini-miniatural-infrared-and-temperature-sensor-with-or-without-calex\/"]}]},{"@type":"ImageObject","inLanguage":"en-US","@id":"https:\/\/www.arhivelpro.dev-acenta.si\/en\/izdelek\/pyromini-miniatural-infrared-and-temperature-sensor-with-or-without-calex\/#primaryimage","url":"https:\/\/www.arhivelpro.dev-acenta.si\/wp-content\/uploads\/2020\/02\/PyroMini.png","contentUrl":"https:\/\/www.arhivelpro.dev-acenta.si\/wp-content\/uploads\/2020\/02\/PyroMini.png","width":750,"height":750,"caption":"PyroMini, PyroMIni 2.2, IR sensor, temperature sensor, sensor with transducer, miniature sensor, IR sensor, detector, radiation thermometer"},{"@type":"BreadcrumbList","@id":"https:\/\/www.arhivelpro.dev-acenta.si\/en\/izdelek\/pyromini-miniatural-infrared-and-temperature-sensor-with-or-without-calex\/#breadcrumb","itemListElement":[{"@type":"ListItem","position":1,"name":"Elpro","item":"https:\/\/www.arhivelpro.dev-acenta.si\/en\/"},{"@type":"ListItem","position":2,"name":"Products","item":"https:\/\/www.arhivelpro.dev-acenta.si\/en\/products\/"},{"@type":"ListItem","position":3,"name":"Infrared (IR) meters","item":"https:\/\/www.arhivelpro.dev-acenta.si\/en\/product-category\/infrared-ir-meters\/"},{"@type":"ListItem","position":4,"name":"PyroMini miniature infrared (IR) temperature sensor, with or without display CALEX"}]},{"@type":"WebSite","@id":"https:\/\/www.arhivelpro.dev-acenta.si\/en\/#website","url":"https:\/\/www.arhivelpro.dev-acenta.si\/en\/","name":"","description":"ELPRO \u2013 Elpro Lepenik proizvodnja temperaturnih tipal in merilno regulacijska tehnika","publisher":{"@id":"https:\/\/www.arhivelpro.dev-acenta.si\/en\/#organization"},"potentialAction":[{"@type":"SearchAction","target":{"@type":"EntryPoint","urlTemplate":"https:\/\/www.arhivelpro.dev-acenta.si\/en\/?s={search_term_string}"},"query-input":{"@type":"PropertyValueSpecification","valueRequired":true,"valueName":"search_term_string"}}],"inLanguage":"en-US"},{"@type":["Organization","Place"],"@id":"https:\/\/www.arhivelpro.dev-acenta.si\/en\/#organization","name":"ELPRO","url":"https:\/\/www.arhivelpro.dev-acenta.si\/en\/","logo":{"@id":"https:\/\/www.arhivelpro.dev-acenta.si\/en\/izdelek\/pyromini-miniatural-infrared-and-temperature-sensor-with-or-without-calex\/#local-main-organization-logo"},"image":{"@id":"https:\/\/www.arhivelpro.dev-acenta.si\/en\/izdelek\/pyromini-miniatural-infrared-and-temperature-sensor-with-or-without-calex\/#local-main-organization-logo"},"sameAs":["https:\/\/www.facebook.com\/elprolepenik\/","https:\/\/www.linkedin.com\/company\/elpro-lepenik\/about\/"],"address":{"@id":"https:\/\/www.arhivelpro.dev-acenta.si\/en\/izdelek\/pyromini-miniatural-infrared-and-temperature-sensor-with-or-without-calex\/#local-main-place-address"},"telephone":["02 62 96 720","041 626 771"],"openingHoursSpecification":[{"@type":"OpeningHoursSpecification","dayOfWeek":["Monday","Tuesday","Wednesday","Thursday","Friday"],"opens":"07:00","closes":"16:00"},{"@type":"OpeningHoursSpecification","dayOfWeek":["Saturday","Sunday"],"opens":"00:00","closes":"00:00"}],"email":"info@elpro.si","vatID":"41479220","taxID":"SI41479220"},{"@type":"PostalAddress","@id":"https:\/\/www.arhivelpro.dev-acenta.si\/en\/izdelek\/pyromini-miniatural-infrared-and-temperature-sensor-with-or-without-calex\/#local-main-place-address","streetAddress":"ELPRO LEPENIK & CO. d.o.o., Ob gozdu 7c, Rogoza","addressLocality":"Miklav\u017e na Dravskem polju","postalCode":"2204","addressRegion":"Podravska","addressCountry":"SI"},{"@type":"ImageObject","inLanguage":"en-US","@id":"https:\/\/www.arhivelpro.dev-acenta.si\/en\/izdelek\/pyromini-miniatural-infrared-and-temperature-sensor-with-or-without-calex\/#local-main-organization-logo","url":"https:\/\/www.arhivelpro.dev-acenta.si\/wp-content\/uploads\/2020\/02\/LOGO-Header.svg","contentUrl":"https:\/\/www.arhivelpro.dev-acenta.si\/wp-content\/uploads\/2020\/02\/LOGO-Header.svg","caption":"ELPRO"}]},"product_price_amount":"0.00","product_price_currency":"EUR","og_availability":"backorder","product_availability":"available for order","product_retailer_item_id":"PyroMini\/PyroMini 2.2","product_condition":"new","geo.placename":"Miklav\u017e na Dravskem polju","geo.region":"Slovenia"},"brands":[{"id":38,"name":"Calex","slug":"calex"}],"_links":{"self":[{"href":"https:\/\/www.arhivelpro.dev-acenta.si\/en\/wp-json\/wp\/v2\/product\/47119"}],"collection":[{"href":"https:\/\/www.arhivelpro.dev-acenta.si\/en\/wp-json\/wp\/v2\/product"}],"about":[{"href":"https:\/\/www.arhivelpro.dev-acenta.si\/en\/wp-json\/wp\/v2\/types\/product"}],"wp:featuredmedia":[{"embeddable":true,"href":"https:\/\/www.arhivelpro.dev-acenta.si\/en\/wp-json\/wp\/v2\/media\/12923"}],"wp:attachment":[{"href":"https:\/\/www.arhivelpro.dev-acenta.si\/en\/wp-json\/wp\/v2\/media?parent=47119"}],"wp:term":[{"taxonomy":"pwb-brand","embeddable":true,"href":"https:\/\/www.arhivelpro.dev-acenta.si\/en\/wp-json\/wp\/v2\/pwb-brand?post=47119"},{"taxonomy":"product_cat","embeddable":true,"href":"https:\/\/www.arhivelpro.dev-acenta.si\/en\/wp-json\/wp\/v2\/product_cat?post=47119"},{"taxonomy":"product_tag","embeddable":true,"href":"https:\/\/www.arhivelpro.dev-acenta.si\/en\/wp-json\/wp\/v2\/product_tag?post=47119"}],"curies":[{"name":"wp","href":"https:\/\/api.w.org\/{rel}","templated":true}]}}