{"id":46048,"date":"2020-02-06T14:45:07","date_gmt":"2020-02-06T13:45:07","guid":{"rendered":"https:\/\/www.elpro.si\/izdelek\/el-pro-set1-basic-set-for-temperature-measurements-in-plastic-injection-moulding\/"},"modified":"2022-12-16T00:00:07","modified_gmt":"2022-12-15T23:00:07","slug":"el-pro-set1-basic-set-for-temperature-measurements-in-injection-moulding-plastics","status":"publish","type":"product","link":"https:\/\/www.arhivelpro.dev-acenta.si\/en\/izdelek\/el-pro-set1-basic-set-for-temperature-measurements-in-injection-moulding-plastics\/","title":{"rendered":"EL-PRO-SET1 basic set for temperature measurements in plastic injection moulding"},"content":{"rendered":"<p>The <strong>EL-PRO-SET1<\/strong> <strong>surface and general temperature<\/strong> measurement set is recommended in production processes for fast, reliable and stable surface and media temperature measurements.<\/p>\n<p>In particular, surface temperatures need to be <strong>point-located, fast, repeatable and reliable so that<\/strong> <strong>processes can be checked, calibrated or regulated accordingly<\/strong>.<\/p>\n<p>The kit enables efficient control of heaters and temperature sensors, tool temperatures, material temperatures.<\/p>\n<p><strong> <\/strong><\/p>\n<h2><strong>Complete <\/strong><strong>EL-PRO-SET1<\/strong><strong> consists of<\/strong><\/h2>\n<p>1 x <a href=\"https:\/\/www.elpro.si\/izdelek\/tfn-520-smp-tehnoloski-prenosni-termometer-za-priklop-termoelementov\/\" target=\"_blank\" rel=\"noopener noreferrer\">TFN 520-SMP<\/a> thermometer <a href=\"https:\/\/www.elpro.si\/en\/izdelek\/ag-142-sensitive-ovoy-for-thermometers-ebro\/\" target=\"_blank\" rel=\"noopener noreferrer\">with protective silicone sleeve AG 142<\/a><br \/>\n1 x temperature sensor &#8211; thermocouple up to 1,100 \u00b0C; fi 1.5 mm, l = 100, 150 or 200 mm (select length L when ordering)<br \/>\n1 x <a href=\"https:\/\/www.elpro.si\/en\/izdelek\/tt-pov-tck4-2x100r400x1000ss-termoelement-za-povrsinsko-merjenje-temperature-glava-fi-4-2-mm\/\" target=\"_blank\" rel=\"noopener noreferrer\">temperature sensor TT-POV-TCK4.2x100R400x1000SS &#8211;<\/a><a href=\"https:\/\/www.elpro.si\/en\/izdelek\/tt-pov-tck4-2x100r400x1000ss-termoelement-za-povrsinsko-merjenje-temperature-glava-fi-4-2-mm\/\" target=\"_blank\" rel=\"noopener noreferrer\"> special thermocouple for surface temperature measurement <\/a><br \/>\n1 x <a href=\"https:\/\/www.elpro.si\/en\/izdelek\/ag-130-sensitive-hook-for-thermometers-ebro\/\" target=\"_blank\" rel=\"noopener noreferrer\">aluminium case AG 130<\/a><\/p>\n<p>&nbsp;<\/p>\n<h2>Frequent additional options (extra charge)<\/h2>\n<ul>\n<li>calibration of the thermometer or the complete set in an accredited temperature laboratory: the <a href=\"https:\/\/www.elpro.si\/en\/accredited-laboratory\/\" target=\"_blank\" rel=\"noopener noreferrer\">ELPRO Calibration Laboratory<\/a><\/li>\n<li>choice of sensor &#8211; more about sensors <a href=\"https:\/\/www.elpro.si\/kategorija-izdelka\/temperaturna-tipala-elpro\/\" target=\"_blank\" rel=\"noopener noreferrer\">HERE<\/a><\/li>\n<\/ul>\n<p>&nbsp;<\/p>\n<p><strong><em>Do not leave temperature control, a major factor in energy efficiency and a critical quality control point for plastic products, to chance or inaccurate measurements.<\/em><\/strong><\/p>\n<p><em>Contact us at <strong><br \/>\n  <a href=\"mailto:info@elpro.si\">info@elpro.si<\/a><br \/>\n<\/strong> or call us on <strong><br \/>\n  <a href=\"tel:+38626296720\">+386 (0)2 62 96 720<\/a><br \/>\n<\/strong> &#8211; We will come and show you the kit and let you test it.<\/em><\/p>\n<h3><\/h3>\n<h3>We invite you to read<\/h3>\n<p class=\"text-center\" style=\"text-align: left\"><a href=\"https:\/\/www.elpro.si\/en\/plastics-kit-temperature-measurements-in-the-production-of-plastic-products\/\" target=\"_blank\" rel=\"noopener\"><strong><em>Plastic measuring kit for the production of plastic products<\/em><\/strong><\/a><\/p>\n<p>&nbsp;<\/p>\n<p>Formerly known as: EL-PLAST<\/p>\n<p><em>Other designations: ELPRO-SET1, ELPRO_SET1, ELPRO SET1<\/em><\/p>\n","protected":false},"excerpt":{"rendered":"<p>Media measurements: -50 &#8230; +1.050 \u00b0C<\/p>\n<p>surface measurements: -50 &#8230; +400 \u00b0C<\/p>\n<p>&nbsp;<\/p>\n","protected":false},"featured_media":61491,"template":"","meta":[],"pwb-brand":[1365],"product_cat":[8606,1570,8598,8599,8601,8602,8603,8604,8605],"product_tag":[1608,1647],"class_list":{"0":"post-46048","1":"product","2":"type-product","3":"status-publish","4":"has-post-thumbnail","6":"pwb-brand-elpro-lepenik-proizvodnja-temperaturnih-tipal","7":"product_cat-ebro-xylem-temperature-humidity-ph-conductivity-monitoring","8":"product_cat-uncategorized","9":"product_cat-professional-kits-for-surface-and-media-temperature-measurements","10":"product_cat-other-industry","11":"product_cat-breakdown-by-sector","12":"product_cat-production","13":"product_cat-maintenance","14":"product_cat-vehicles-transport","15":"product_cat-cooling-freezing-air","16":"product_tag-temperature","17":"product_tag-portable","18":"pa_dobavni_rok-3-working-days-or-urgent","19":"pa_funkcija-monitoring-en","20":"pa_funkcija-temperature-measurement","21":"pa_izvedba-precision-reference","22":"pa_merjene-velicine-temperature","23":"pa_podrocje-furnaces","24":"pa_uporaba-industrial-applications","25":"pa_vrsta-senzorja-tc-en","27":"first","28":"onbackorder","29":"taxable","30":"shipping-taxable","31":"product-type-simple","32":"add-to-wishlist-after_add_to_cart"},"yoast_head":"<!-- This site is optimized with the Yoast SEO Premium plugin v23.4 (Yoast SEO v23.4) - https:\/\/yoast.com\/wordpress\/plugins\/seo\/ -->\n<title>EL-PRO-SET1 basic set for temperature measurements in plastic injection moulding -<\/title>\n<meta name=\"description\" content=\"EL-PRO-SET1 surface and general T measurement kit for production processes: fast, reliable, stable T measurements of surfaces, media.\" \/>\n<meta name=\"robots\" content=\"noindex, follow, max-snippet:-1, max-image-preview:large, max-video-preview:-1\" \/>\n<meta property=\"og:locale\" content=\"en_US\" \/>\n<meta property=\"og:type\" content=\"article\" \/>\n<meta property=\"og:title\" content=\"EL-PRO-SET1 basic set for temperature measurements in plastic injection moulding\" \/>\n<meta property=\"og:description\" content=\"EL-PRO-SET1 surface and general T measurement kit for production processes: fast, reliable, stable T measurements of surfaces, media.\" \/>\n<meta property=\"og:url\" content=\"https:\/\/www.arhivelpro.dev-acenta.si\/en\/izdelek\/el-pro-set1-basic-set-for-temperature-measurements-in-injection-moulding-plastics\/\" \/>\n<meta property=\"article:publisher\" content=\"https:\/\/www.facebook.com\/elprolepenik\/\" \/>\n<meta property=\"article:modified_time\" content=\"2022-12-15T23:00:07+00:00\" \/>\n<meta property=\"og:image\" content=\"https:\/\/www.arhivelpro.dev-acenta.si\/wp-content\/uploads\/2020\/02\/EL-PRO-SET1-.jpg\" \/>\n\t<meta property=\"og:image:width\" content=\"529\" \/>\n\t<meta property=\"og:image:height\" content=\"418\" \/>\n\t<meta property=\"og:image:type\" content=\"image\/jpeg\" \/>\n<meta name=\"twitter:card\" content=\"summary_large_image\" \/>\n<meta name=\"twitter:label1\" content=\"Price\" \/>\n\t<meta name=\"twitter:data1\" content=\"\" \/>\n\t<meta name=\"twitter:label2\" content=\"Availability\" \/>\n\t<meta name=\"twitter:data2\" content=\"On backorder\" \/>\n<script type=\"application\/ld+json\" class=\"yoast-schema-graph\">{\"@context\":\"https:\/\/schema.org\",\"@graph\":[{\"@type\":\"WebPage\",\"@id\":\"https:\/\/www.arhivelpro.dev-acenta.si\/en\/izdelek\/el-pro-set1-basic-set-for-temperature-measurements-in-injection-moulding-plastics\/\",\"url\":\"https:\/\/www.arhivelpro.dev-acenta.si\/en\/izdelek\/el-pro-set1-basic-set-for-temperature-measurements-in-injection-moulding-plastics\/\",\"name\":\"EL-PRO-SET1 basic set for temperature measurements in plastic injection moulding -\",\"isPartOf\":{\"@id\":\"https:\/\/www.arhivelpro.dev-acenta.si\/en\/#website\"},\"primaryImageOfPage\":{\"@id\":\"https:\/\/www.arhivelpro.dev-acenta.si\/en\/izdelek\/el-pro-set1-basic-set-for-temperature-measurements-in-injection-moulding-plastics\/#primaryimage\"},\"image\":{\"@id\":\"https:\/\/www.arhivelpro.dev-acenta.si\/en\/izdelek\/el-pro-set1-basic-set-for-temperature-measurements-in-injection-moulding-plastics\/#primaryimage\"},\"thumbnailUrl\":\"https:\/\/www.arhivelpro.dev-acenta.si\/wp-content\/uploads\/2020\/02\/EL-PRO-SET1-.jpg\",\"datePublished\":\"2020-02-06T13:45:07+00:00\",\"dateModified\":\"2022-12-15T23:00:07+00:00\",\"description\":\"EL-PRO-SET1 surface and general T measurement kit for production processes: fast, reliable, stable T measurements of surfaces, media.\",\"breadcrumb\":{\"@id\":\"https:\/\/www.arhivelpro.dev-acenta.si\/en\/izdelek\/el-pro-set1-basic-set-for-temperature-measurements-in-injection-moulding-plastics\/#breadcrumb\"},\"inLanguage\":\"en-US\",\"potentialAction\":[{\"@type\":\"ReadAction\",\"target\":[\"https:\/\/www.arhivelpro.dev-acenta.si\/en\/izdelek\/el-pro-set1-basic-set-for-temperature-measurements-in-injection-moulding-plastics\/\"]}]},{\"@type\":\"ImageObject\",\"inLanguage\":\"en-US\",\"@id\":\"https:\/\/www.arhivelpro.dev-acenta.si\/en\/izdelek\/el-pro-set1-basic-set-for-temperature-measurements-in-injection-moulding-plastics\/#primaryimage\",\"url\":\"https:\/\/www.arhivelpro.dev-acenta.si\/wp-content\/uploads\/2020\/02\/EL-PRO-SET1-.jpg\",\"contentUrl\":\"https:\/\/www.arhivelpro.dev-acenta.si\/wp-content\/uploads\/2020\/02\/EL-PRO-SET1-.jpg\",\"width\":529,\"height\":418,\"caption\":\"plasti\u010darski komplet, ELPRO-SET1, ELPRO_SET1, ELPRO SET1, EL-PLAST, temperature orodij, temperature gravur, temperature trnov, brizganje plastike, povr\u0161inska temperatura, povr\u0161inske meritve temperatur, temperature grelcev, temperatura teko\u010de plastike, kontrola grelcev, kalibracija strojev za plastiko, kontrola orodij, kalibracija, kalibracija termometra\"},{\"@type\":\"BreadcrumbList\",\"@id\":\"https:\/\/www.arhivelpro.dev-acenta.si\/en\/izdelek\/el-pro-set1-basic-set-for-temperature-measurements-in-injection-moulding-plastics\/#breadcrumb\",\"itemListElement\":[{\"@type\":\"ListItem\",\"position\":1,\"name\":\"Elpro\",\"item\":\"https:\/\/www.arhivelpro.dev-acenta.si\/en\/\"},{\"@type\":\"ListItem\",\"position\":2,\"name\":\"Products\",\"item\":\"https:\/\/www.arhivelpro.dev-acenta.si\/en\/products\/\"},{\"@type\":\"ListItem\",\"position\":3,\"name\":\"Uncategorized\",\"item\":\"https:\/\/www.arhivelpro.dev-acenta.si\/en\/product-category\/uncategorized\/\"},{\"@type\":\"ListItem\",\"position\":4,\"name\":\"EL-PRO-SET1 basic set for temperature measurements in plastic injection moulding\"}]},{\"@type\":\"WebSite\",\"@id\":\"https:\/\/www.arhivelpro.dev-acenta.si\/en\/#website\",\"url\":\"https:\/\/www.arhivelpro.dev-acenta.si\/en\/\",\"name\":\"\",\"description\":\"ELPRO \u2013 Elpro Lepenik proizvodnja temperaturnih tipal in merilno regulacijska tehnika\",\"publisher\":{\"@id\":\"https:\/\/www.arhivelpro.dev-acenta.si\/en\/#organization\"},\"potentialAction\":[{\"@type\":\"SearchAction\",\"target\":{\"@type\":\"EntryPoint\",\"urlTemplate\":\"https:\/\/www.arhivelpro.dev-acenta.si\/en\/?s={search_term_string}\"},\"query-input\":{\"@type\":\"PropertyValueSpecification\",\"valueRequired\":true,\"valueName\":\"search_term_string\"}}],\"inLanguage\":\"en-US\"},{\"@type\":[\"Organization\",\"Place\"],\"@id\":\"https:\/\/www.arhivelpro.dev-acenta.si\/en\/#organization\",\"name\":\"ELPRO\",\"url\":\"https:\/\/www.arhivelpro.dev-acenta.si\/en\/\",\"logo\":{\"@id\":\"https:\/\/www.arhivelpro.dev-acenta.si\/en\/izdelek\/el-pro-set1-basic-set-for-temperature-measurements-in-injection-moulding-plastics\/#local-main-organization-logo\"},\"image\":{\"@id\":\"https:\/\/www.arhivelpro.dev-acenta.si\/en\/izdelek\/el-pro-set1-basic-set-for-temperature-measurements-in-injection-moulding-plastics\/#local-main-organization-logo\"},\"sameAs\":[\"https:\/\/www.facebook.com\/elprolepenik\/\",\"https:\/\/www.linkedin.com\/company\/elpro-lepenik\/about\/\"],\"address\":{\"@id\":\"https:\/\/www.arhivelpro.dev-acenta.si\/en\/izdelek\/el-pro-set1-basic-set-for-temperature-measurements-in-injection-moulding-plastics\/#local-main-place-address\"},\"telephone\":[\"02 62 96 720\",\"041 626 771\"],\"openingHoursSpecification\":[{\"@type\":\"OpeningHoursSpecification\",\"dayOfWeek\":[\"Monday\",\"Tuesday\",\"Wednesday\",\"Thursday\",\"Friday\"],\"opens\":\"07:00\",\"closes\":\"16:00\"},{\"@type\":\"OpeningHoursSpecification\",\"dayOfWeek\":[\"Saturday\",\"Sunday\"],\"opens\":\"00:00\",\"closes\":\"00:00\"}],\"email\":\"info@elpro.si\",\"vatID\":\"41479220\",\"taxID\":\"SI41479220\"},{\"@type\":\"PostalAddress\",\"@id\":\"https:\/\/www.arhivelpro.dev-acenta.si\/en\/izdelek\/el-pro-set1-basic-set-for-temperature-measurements-in-injection-moulding-plastics\/#local-main-place-address\",\"streetAddress\":\"ELPRO LEPENIK & CO. d.o.o., Ob gozdu 7c, Rogoza\",\"addressLocality\":\"Miklav\u017e na Dravskem polju\",\"postalCode\":\"2204\",\"addressRegion\":\"Podravska\",\"addressCountry\":\"SI\"},{\"@type\":\"ImageObject\",\"inLanguage\":\"en-US\",\"@id\":\"https:\/\/www.arhivelpro.dev-acenta.si\/en\/izdelek\/el-pro-set1-basic-set-for-temperature-measurements-in-injection-moulding-plastics\/#local-main-organization-logo\",\"url\":\"https:\/\/www.arhivelpro.dev-acenta.si\/wp-content\/uploads\/2020\/02\/LOGO-Header.svg\",\"contentUrl\":\"https:\/\/www.arhivelpro.dev-acenta.si\/wp-content\/uploads\/2020\/02\/LOGO-Header.svg\",\"caption\":\"ELPRO\"}]}<\/script>\n<meta property=\"product:price:amount\" content=\"0.00\" \/>\n<meta property=\"product:price:currency\" content=\"EUR\" \/>\n<meta property=\"og:availability\" content=\"backorder\" \/>\n<meta property=\"product:availability\" content=\"available for order\" \/>\n<meta property=\"product:retailer_item_id\" content=\"EL-PRO-SET1 osnovni set\" \/>\n<meta property=\"product:condition\" content=\"new\" \/>\n<meta name=\"geo.placename\" content=\"Miklav\u017e na Dravskem polju\" \/>\n<meta name=\"geo.region\" content=\"Slovenia\" \/>\n<!-- \/ Yoast SEO Premium plugin. -->","yoast_head_json":{"title":"EL-PRO-SET1 basic set for temperature measurements in plastic injection moulding -","description":"EL-PRO-SET1 surface and general T measurement kit for production processes: fast, reliable, stable T measurements of surfaces, media.","robots":{"index":"noindex","follow":"follow","max-snippet":"max-snippet:-1","max-image-preview":"max-image-preview:large","max-video-preview":"max-video-preview:-1"},"og_locale":"en_US","og_type":"article","og_title":"EL-PRO-SET1 basic set for temperature measurements in plastic injection moulding","og_description":"EL-PRO-SET1 surface and general T measurement kit for production processes: fast, reliable, stable T measurements of surfaces, media.","og_url":"https:\/\/www.arhivelpro.dev-acenta.si\/en\/izdelek\/el-pro-set1-basic-set-for-temperature-measurements-in-injection-moulding-plastics\/","article_publisher":"https:\/\/www.facebook.com\/elprolepenik\/","article_modified_time":"2022-12-15T23:00:07+00:00","og_image":[{"width":529,"height":418,"url":"https:\/\/www.arhivelpro.dev-acenta.si\/wp-content\/uploads\/2020\/02\/EL-PRO-SET1-.jpg","type":"image\/jpeg"}],"twitter_card":"summary_large_image","twitter_misc":{"Price":"","Availability":"On backorder"},"schema":{"@context":"https:\/\/schema.org","@graph":[{"@type":"WebPage","@id":"https:\/\/www.arhivelpro.dev-acenta.si\/en\/izdelek\/el-pro-set1-basic-set-for-temperature-measurements-in-injection-moulding-plastics\/","url":"https:\/\/www.arhivelpro.dev-acenta.si\/en\/izdelek\/el-pro-set1-basic-set-for-temperature-measurements-in-injection-moulding-plastics\/","name":"EL-PRO-SET1 basic set for temperature measurements in plastic injection moulding -","isPartOf":{"@id":"https:\/\/www.arhivelpro.dev-acenta.si\/en\/#website"},"primaryImageOfPage":{"@id":"https:\/\/www.arhivelpro.dev-acenta.si\/en\/izdelek\/el-pro-set1-basic-set-for-temperature-measurements-in-injection-moulding-plastics\/#primaryimage"},"image":{"@id":"https:\/\/www.arhivelpro.dev-acenta.si\/en\/izdelek\/el-pro-set1-basic-set-for-temperature-measurements-in-injection-moulding-plastics\/#primaryimage"},"thumbnailUrl":"https:\/\/www.arhivelpro.dev-acenta.si\/wp-content\/uploads\/2020\/02\/EL-PRO-SET1-.jpg","datePublished":"2020-02-06T13:45:07+00:00","dateModified":"2022-12-15T23:00:07+00:00","description":"EL-PRO-SET1 surface and general T measurement kit for production processes: fast, reliable, stable T measurements of surfaces, media.","breadcrumb":{"@id":"https:\/\/www.arhivelpro.dev-acenta.si\/en\/izdelek\/el-pro-set1-basic-set-for-temperature-measurements-in-injection-moulding-plastics\/#breadcrumb"},"inLanguage":"en-US","potentialAction":[{"@type":"ReadAction","target":["https:\/\/www.arhivelpro.dev-acenta.si\/en\/izdelek\/el-pro-set1-basic-set-for-temperature-measurements-in-injection-moulding-plastics\/"]}]},{"@type":"ImageObject","inLanguage":"en-US","@id":"https:\/\/www.arhivelpro.dev-acenta.si\/en\/izdelek\/el-pro-set1-basic-set-for-temperature-measurements-in-injection-moulding-plastics\/#primaryimage","url":"https:\/\/www.arhivelpro.dev-acenta.si\/wp-content\/uploads\/2020\/02\/EL-PRO-SET1-.jpg","contentUrl":"https:\/\/www.arhivelpro.dev-acenta.si\/wp-content\/uploads\/2020\/02\/EL-PRO-SET1-.jpg","width":529,"height":418,"caption":"plasti\u010darski komplet, ELPRO-SET1, ELPRO_SET1, ELPRO SET1, EL-PLAST, temperature orodij, temperature gravur, temperature trnov, brizganje plastike, povr\u0161inska temperatura, povr\u0161inske meritve temperatur, temperature grelcev, temperatura teko\u010de plastike, kontrola grelcev, kalibracija strojev za plastiko, kontrola orodij, kalibracija, kalibracija termometra"},{"@type":"BreadcrumbList","@id":"https:\/\/www.arhivelpro.dev-acenta.si\/en\/izdelek\/el-pro-set1-basic-set-for-temperature-measurements-in-injection-moulding-plastics\/#breadcrumb","itemListElement":[{"@type":"ListItem","position":1,"name":"Elpro","item":"https:\/\/www.arhivelpro.dev-acenta.si\/en\/"},{"@type":"ListItem","position":2,"name":"Products","item":"https:\/\/www.arhivelpro.dev-acenta.si\/en\/products\/"},{"@type":"ListItem","position":3,"name":"Uncategorized","item":"https:\/\/www.arhivelpro.dev-acenta.si\/en\/product-category\/uncategorized\/"},{"@type":"ListItem","position":4,"name":"EL-PRO-SET1 basic set for temperature measurements in plastic injection moulding"}]},{"@type":"WebSite","@id":"https:\/\/www.arhivelpro.dev-acenta.si\/en\/#website","url":"https:\/\/www.arhivelpro.dev-acenta.si\/en\/","name":"","description":"ELPRO \u2013 Elpro Lepenik proizvodnja temperaturnih tipal in merilno regulacijska tehnika","publisher":{"@id":"https:\/\/www.arhivelpro.dev-acenta.si\/en\/#organization"},"potentialAction":[{"@type":"SearchAction","target":{"@type":"EntryPoint","urlTemplate":"https:\/\/www.arhivelpro.dev-acenta.si\/en\/?s={search_term_string}"},"query-input":{"@type":"PropertyValueSpecification","valueRequired":true,"valueName":"search_term_string"}}],"inLanguage":"en-US"},{"@type":["Organization","Place"],"@id":"https:\/\/www.arhivelpro.dev-acenta.si\/en\/#organization","name":"ELPRO","url":"https:\/\/www.arhivelpro.dev-acenta.si\/en\/","logo":{"@id":"https:\/\/www.arhivelpro.dev-acenta.si\/en\/izdelek\/el-pro-set1-basic-set-for-temperature-measurements-in-injection-moulding-plastics\/#local-main-organization-logo"},"image":{"@id":"https:\/\/www.arhivelpro.dev-acenta.si\/en\/izdelek\/el-pro-set1-basic-set-for-temperature-measurements-in-injection-moulding-plastics\/#local-main-organization-logo"},"sameAs":["https:\/\/www.facebook.com\/elprolepenik\/","https:\/\/www.linkedin.com\/company\/elpro-lepenik\/about\/"],"address":{"@id":"https:\/\/www.arhivelpro.dev-acenta.si\/en\/izdelek\/el-pro-set1-basic-set-for-temperature-measurements-in-injection-moulding-plastics\/#local-main-place-address"},"telephone":["02 62 96 720","041 626 771"],"openingHoursSpecification":[{"@type":"OpeningHoursSpecification","dayOfWeek":["Monday","Tuesday","Wednesday","Thursday","Friday"],"opens":"07:00","closes":"16:00"},{"@type":"OpeningHoursSpecification","dayOfWeek":["Saturday","Sunday"],"opens":"00:00","closes":"00:00"}],"email":"info@elpro.si","vatID":"41479220","taxID":"SI41479220"},{"@type":"PostalAddress","@id":"https:\/\/www.arhivelpro.dev-acenta.si\/en\/izdelek\/el-pro-set1-basic-set-for-temperature-measurements-in-injection-moulding-plastics\/#local-main-place-address","streetAddress":"ELPRO LEPENIK & CO. d.o.o., Ob gozdu 7c, Rogoza","addressLocality":"Miklav\u017e na Dravskem polju","postalCode":"2204","addressRegion":"Podravska","addressCountry":"SI"},{"@type":"ImageObject","inLanguage":"en-US","@id":"https:\/\/www.arhivelpro.dev-acenta.si\/en\/izdelek\/el-pro-set1-basic-set-for-temperature-measurements-in-injection-moulding-plastics\/#local-main-organization-logo","url":"https:\/\/www.arhivelpro.dev-acenta.si\/wp-content\/uploads\/2020\/02\/LOGO-Header.svg","contentUrl":"https:\/\/www.arhivelpro.dev-acenta.si\/wp-content\/uploads\/2020\/02\/LOGO-Header.svg","caption":"ELPRO"}]},"product_price_amount":"0.00","product_price_currency":"EUR","og_availability":"backorder","product_availability":"available for order","product_retailer_item_id":"EL-PRO-SET1 osnovni set","product_condition":"new","geo.placename":"Miklav\u017e na Dravskem polju","geo.region":"Slovenia"},"brands":[{"id":1365,"name":"ELPRO LEPENIK proizvodnja temperaturnih tipal","slug":"elpro-lepenik-proizvodnja-temperaturnih-tipal"}],"_links":{"self":[{"href":"https:\/\/www.arhivelpro.dev-acenta.si\/en\/wp-json\/wp\/v2\/product\/46048"}],"collection":[{"href":"https:\/\/www.arhivelpro.dev-acenta.si\/en\/wp-json\/wp\/v2\/product"}],"about":[{"href":"https:\/\/www.arhivelpro.dev-acenta.si\/en\/wp-json\/wp\/v2\/types\/product"}],"wp:featuredmedia":[{"embeddable":true,"href":"https:\/\/www.arhivelpro.dev-acenta.si\/en\/wp-json\/wp\/v2\/media\/61491"}],"wp:attachment":[{"href":"https:\/\/www.arhivelpro.dev-acenta.si\/en\/wp-json\/wp\/v2\/media?parent=46048"}],"wp:term":[{"taxonomy":"pwb-brand","embeddable":true,"href":"https:\/\/www.arhivelpro.dev-acenta.si\/en\/wp-json\/wp\/v2\/pwb-brand?post=46048"},{"taxonomy":"product_cat","embeddable":true,"href":"https:\/\/www.arhivelpro.dev-acenta.si\/en\/wp-json\/wp\/v2\/product_cat?post=46048"},{"taxonomy":"product_tag","embeddable":true,"href":"https:\/\/www.arhivelpro.dev-acenta.si\/en\/wp-json\/wp\/v2\/product_tag?post=46048"}],"curies":[{"name":"wp","href":"https:\/\/api.w.org\/{rel}","templated":true}]}}