{"id":44065,"date":"2020-02-06T14:36:01","date_gmt":"2020-02-06T13:36:01","guid":{"rendered":"https:\/\/www.elpro.si\/izdelek\/filter-plate-ecom-d-ecom-en3-ecom-j2kn-ecom\/"},"modified":"2022-07-14T08:57:50","modified_gmt":"2022-07-14T06:57:50","slug":"filter-plate-ecom-d-ecom-en3-ecom-j2kn-ecom","status":"publish","type":"product","link":"https:\/\/www.arhivelpro.dev-acenta.si\/en\/izdelek\/filter-plate-ecom-d-ecom-en3-ecom-j2kn-ecom\/","title":{"rendered":"Filter plate (ecom-D, ecom-EN3, ecom-J2KN) Ecom"},"content":{"rendered":"<p>The <strong>filter plate serves as additional protection against soot, dirt<\/strong>, etc. (solid fuels) &#8211; for connection to ecom-D, ecom-EN3 and ecom-J2KN analysers.<\/p>\n<ul>\n<li>Click <a href=\"https:\/\/www.elpro.si\/kategorija-izdelka\/analizatorji-dimnih-plinov-kamere-in-ostala-oprema\/analizatorji-dimnih-plinov-ecom\/analizatorji-dimnih-plinov-vsi-modeli\/\" target=\"_blank\" rel=\"noopener\">HERE<\/a> to see the analysers.<\/li>\n<\/ul>\n<p>&nbsp;<\/p>\n<p>It contains cartridges filled with cotton wool, silica gel and activated carbon and a condensation cup.<\/p>\n<p><span style=\"color: #ffffff\">107386<\/span><\/p>\n","protected":false},"excerpt":{"rendered":"<p>The filter plate serves as additional protection against soot, dirt, etc. (solid fuels) &#8211; for connection to ecom-D, ecom-EN3 and ecom-J2KN analysers.<\/p>\n","protected":false},"featured_media":10871,"template":"","meta":[],"pwb-brand":[48],"product_cat":[8568,8570,8592,8593],"product_tag":[6478],"class_list":{"0":"post-44065","1":"product","2":"type-product","3":"status-publish","4":"has-post-thumbnail","6":"pwb-brand-ecom","7":"product_cat-flue-gas-analysers-video-inspection-cameras-equipment-for-chimney-sweeps","8":"product_cat-flue-gas-analysers","9":"product_cat-accessories-for-analysers","10":"product_cat-filtration-technique","11":"product_tag-gas-analysis","13":"first","14":"onbackorder","15":"taxable","16":"shipping-taxable","17":"product-type-simple","18":"add-to-wishlist-after_add_to_cart"},"yoast_head":"<!-- This site is optimized with the Yoast SEO Premium plugin v23.4 (Yoast SEO v23.4) - https:\/\/yoast.com\/wordpress\/plugins\/seo\/ -->\n<title>Filter plate (ecom-D, ecom-EN3, ecom-J2KN) Ecom -<\/title>\n<meta name=\"description\" content=\"The filter plate serves as additional protection against soot\/dirt - for connection to ecom-EN3 and ecom-J2KN analysers.\" \/>\n<meta name=\"robots\" content=\"noindex, follow, max-snippet:-1, max-image-preview:large, max-video-preview:-1\" \/>\n<meta property=\"og:locale\" content=\"en_US\" \/>\n<meta property=\"og:type\" content=\"article\" \/>\n<meta property=\"og:title\" content=\"Filter plate (ecom-D, ecom-EN3, ecom-J2KN) Ecom\" \/>\n<meta property=\"og:description\" content=\"The filter plate serves as additional protection against soot\/dirt - for connection to ecom-EN3 and ecom-J2KN analysers.\" \/>\n<meta property=\"og:url\" content=\"https:\/\/www.arhivelpro.dev-acenta.si\/en\/izdelek\/filter-plate-ecom-d-ecom-en3-ecom-j2kn-ecom\/\" \/>\n<meta property=\"article:publisher\" content=\"https:\/\/www.facebook.com\/elprolepenik\/\" \/>\n<meta property=\"article:modified_time\" content=\"2022-07-14T06:57:50+00:00\" \/>\n<meta property=\"og:image\" content=\"https:\/\/www.arhivelpro.dev-acenta.si\/wp-content\/uploads\/2020\/02\/im_filtrirna-plosca.jpg\" \/>\n\t<meta property=\"og:image:width\" content=\"2000\" \/>\n\t<meta property=\"og:image:height\" content=\"2000\" \/>\n\t<meta property=\"og:image:type\" content=\"image\/jpeg\" \/>\n<meta name=\"twitter:card\" content=\"summary_large_image\" \/>\n<meta name=\"twitter:label1\" content=\"Price\" \/>\n\t<meta name=\"twitter:data1\" content=\"\" \/>\n\t<meta name=\"twitter:label2\" content=\"Availability\" \/>\n\t<meta name=\"twitter:data2\" content=\"On backorder\" \/>\n<script type=\"application\/ld+json\" class=\"yoast-schema-graph\">{\"@context\":\"https:\/\/schema.org\",\"@graph\":[{\"@type\":\"WebPage\",\"@id\":\"https:\/\/www.arhivelpro.dev-acenta.si\/en\/izdelek\/filter-plate-ecom-d-ecom-en3-ecom-j2kn-ecom\/\",\"url\":\"https:\/\/www.arhivelpro.dev-acenta.si\/en\/izdelek\/filter-plate-ecom-d-ecom-en3-ecom-j2kn-ecom\/\",\"name\":\"Filter plate (ecom-D, ecom-EN3, ecom-J2KN) Ecom -\",\"isPartOf\":{\"@id\":\"https:\/\/www.arhivelpro.dev-acenta.si\/en\/#website\"},\"primaryImageOfPage\":{\"@id\":\"https:\/\/www.arhivelpro.dev-acenta.si\/en\/izdelek\/filter-plate-ecom-d-ecom-en3-ecom-j2kn-ecom\/#primaryimage\"},\"image\":{\"@id\":\"https:\/\/www.arhivelpro.dev-acenta.si\/en\/izdelek\/filter-plate-ecom-d-ecom-en3-ecom-j2kn-ecom\/#primaryimage\"},\"thumbnailUrl\":\"https:\/\/www.arhivelpro.dev-acenta.si\/wp-content\/uploads\/2020\/02\/im_filtrirna-plosca.jpg\",\"datePublished\":\"2020-02-06T13:36:01+00:00\",\"dateModified\":\"2022-07-14T06:57:50+00:00\",\"description\":\"The filter plate serves as additional protection against soot\/dirt - for connection to ecom-EN3 and ecom-J2KN analysers.\",\"breadcrumb\":{\"@id\":\"https:\/\/www.arhivelpro.dev-acenta.si\/en\/izdelek\/filter-plate-ecom-d-ecom-en3-ecom-j2kn-ecom\/#breadcrumb\"},\"inLanguage\":\"en-US\",\"potentialAction\":[{\"@type\":\"ReadAction\",\"target\":[\"https:\/\/www.arhivelpro.dev-acenta.si\/en\/izdelek\/filter-plate-ecom-d-ecom-en3-ecom-j2kn-ecom\/\"]}]},{\"@type\":\"ImageObject\",\"inLanguage\":\"en-US\",\"@id\":\"https:\/\/www.arhivelpro.dev-acenta.si\/en\/izdelek\/filter-plate-ecom-d-ecom-en3-ecom-j2kn-ecom\/#primaryimage\",\"url\":\"https:\/\/www.arhivelpro.dev-acenta.si\/wp-content\/uploads\/2020\/02\/im_filtrirna-plosca.jpg\",\"contentUrl\":\"https:\/\/www.arhivelpro.dev-acenta.si\/wp-content\/uploads\/2020\/02\/im_filtrirna-plosca.jpg\",\"width\":2000,\"height\":2000,\"caption\":\"plate, filter plate, filter plate, additional protection plate, protection, connection for analysers, sooting\"},{\"@type\":\"BreadcrumbList\",\"@id\":\"https:\/\/www.arhivelpro.dev-acenta.si\/en\/izdelek\/filter-plate-ecom-d-ecom-en3-ecom-j2kn-ecom\/#breadcrumb\",\"itemListElement\":[{\"@type\":\"ListItem\",\"position\":1,\"name\":\"Elpro\",\"item\":\"https:\/\/www.arhivelpro.dev-acenta.si\/en\/\"},{\"@type\":\"ListItem\",\"position\":2,\"name\":\"Products\",\"item\":\"https:\/\/www.arhivelpro.dev-acenta.si\/en\/products\/\"},{\"@type\":\"ListItem\",\"position\":3,\"name\":\"Flue gas analysers, video inspection cameras, equipment for chimney sweeps\",\"item\":\"https:\/\/www.arhivelpro.dev-acenta.si\/en\/product-category\/flue-gas-analysers-video-inspection-cameras-equipment-for-chimney-sweeps\/\"},{\"@type\":\"ListItem\",\"position\":4,\"name\":\"Flue gas analysers\",\"item\":\"https:\/\/www.arhivelpro.dev-acenta.si\/en\/product-category\/flue-gas-analysers-video-inspection-cameras-equipment-for-chimney-sweeps\/flue-gas-analysers\/\"},{\"@type\":\"ListItem\",\"position\":5,\"name\":\"Accessories for analysers\",\"item\":\"https:\/\/www.arhivelpro.dev-acenta.si\/en\/product-category\/flue-gas-analysers-video-inspection-cameras-equipment-for-chimney-sweeps\/flue-gas-analysers\/accessories-for-analysers\/\"},{\"@type\":\"ListItem\",\"position\":6,\"name\":\"Filter plate (ecom-D, ecom-EN3, ecom-J2KN) Ecom\"}]},{\"@type\":\"WebSite\",\"@id\":\"https:\/\/www.arhivelpro.dev-acenta.si\/en\/#website\",\"url\":\"https:\/\/www.arhivelpro.dev-acenta.si\/en\/\",\"name\":\"\",\"description\":\"ELPRO \u2013 Elpro Lepenik proizvodnja temperaturnih tipal in merilno regulacijska tehnika\",\"publisher\":{\"@id\":\"https:\/\/www.arhivelpro.dev-acenta.si\/en\/#organization\"},\"potentialAction\":[{\"@type\":\"SearchAction\",\"target\":{\"@type\":\"EntryPoint\",\"urlTemplate\":\"https:\/\/www.arhivelpro.dev-acenta.si\/en\/?s={search_term_string}\"},\"query-input\":{\"@type\":\"PropertyValueSpecification\",\"valueRequired\":true,\"valueName\":\"search_term_string\"}}],\"inLanguage\":\"en-US\"},{\"@type\":[\"Organization\",\"Place\"],\"@id\":\"https:\/\/www.arhivelpro.dev-acenta.si\/en\/#organization\",\"name\":\"ELPRO\",\"url\":\"https:\/\/www.arhivelpro.dev-acenta.si\/en\/\",\"logo\":{\"@id\":\"https:\/\/www.arhivelpro.dev-acenta.si\/en\/izdelek\/filter-plate-ecom-d-ecom-en3-ecom-j2kn-ecom\/#local-main-organization-logo\"},\"image\":{\"@id\":\"https:\/\/www.arhivelpro.dev-acenta.si\/en\/izdelek\/filter-plate-ecom-d-ecom-en3-ecom-j2kn-ecom\/#local-main-organization-logo\"},\"sameAs\":[\"https:\/\/www.facebook.com\/elprolepenik\/\",\"https:\/\/www.linkedin.com\/company\/elpro-lepenik\/about\/\"],\"address\":{\"@id\":\"https:\/\/www.arhivelpro.dev-acenta.si\/en\/izdelek\/filter-plate-ecom-d-ecom-en3-ecom-j2kn-ecom\/#local-main-place-address\"},\"telephone\":[\"02 62 96 720\",\"041 626 771\"],\"openingHoursSpecification\":[{\"@type\":\"OpeningHoursSpecification\",\"dayOfWeek\":[\"Monday\",\"Tuesday\",\"Wednesday\",\"Thursday\",\"Friday\"],\"opens\":\"07:00\",\"closes\":\"16:00\"},{\"@type\":\"OpeningHoursSpecification\",\"dayOfWeek\":[\"Saturday\",\"Sunday\"],\"opens\":\"00:00\",\"closes\":\"00:00\"}],\"email\":\"info@elpro.si\",\"vatID\":\"41479220\",\"taxID\":\"SI41479220\"},{\"@type\":\"PostalAddress\",\"@id\":\"https:\/\/www.arhivelpro.dev-acenta.si\/en\/izdelek\/filter-plate-ecom-d-ecom-en3-ecom-j2kn-ecom\/#local-main-place-address\",\"streetAddress\":\"ELPRO LEPENIK & CO. d.o.o., Ob gozdu 7c, Rogoza\",\"addressLocality\":\"Miklav\u017e na Dravskem polju\",\"postalCode\":\"2204\",\"addressRegion\":\"Podravska\",\"addressCountry\":\"SI\"},{\"@type\":\"ImageObject\",\"inLanguage\":\"en-US\",\"@id\":\"https:\/\/www.arhivelpro.dev-acenta.si\/en\/izdelek\/filter-plate-ecom-d-ecom-en3-ecom-j2kn-ecom\/#local-main-organization-logo\",\"url\":\"https:\/\/www.arhivelpro.dev-acenta.si\/wp-content\/uploads\/2020\/02\/LOGO-Header.svg\",\"contentUrl\":\"https:\/\/www.arhivelpro.dev-acenta.si\/wp-content\/uploads\/2020\/02\/LOGO-Header.svg\",\"caption\":\"ELPRO\"}]}<\/script>\n<meta property=\"product:price:amount\" content=\"0.00\" \/>\n<meta property=\"product:price:currency\" content=\"EUR\" \/>\n<meta property=\"og:availability\" content=\"backorder\" \/>\n<meta property=\"product:availability\" content=\"available for order\" \/>\n<meta property=\"product:retailer_item_id\" content=\"Filtrirna plo\u0161\u010da Ecom\" \/>\n<meta property=\"product:condition\" content=\"new\" \/>\n<meta name=\"geo.placename\" content=\"Miklav\u017e na Dravskem polju\" \/>\n<meta name=\"geo.region\" content=\"Slovenia\" \/>\n<!-- \/ Yoast SEO Premium plugin. -->","yoast_head_json":{"title":"Filter plate (ecom-D, ecom-EN3, ecom-J2KN) Ecom -","description":"The filter plate serves as additional protection against soot\/dirt - for connection to ecom-EN3 and ecom-J2KN analysers.","robots":{"index":"noindex","follow":"follow","max-snippet":"max-snippet:-1","max-image-preview":"max-image-preview:large","max-video-preview":"max-video-preview:-1"},"og_locale":"en_US","og_type":"article","og_title":"Filter plate (ecom-D, ecom-EN3, ecom-J2KN) Ecom","og_description":"The filter plate serves as additional protection against soot\/dirt - for connection to ecom-EN3 and ecom-J2KN analysers.","og_url":"https:\/\/www.arhivelpro.dev-acenta.si\/en\/izdelek\/filter-plate-ecom-d-ecom-en3-ecom-j2kn-ecom\/","article_publisher":"https:\/\/www.facebook.com\/elprolepenik\/","article_modified_time":"2022-07-14T06:57:50+00:00","og_image":[{"width":2000,"height":2000,"url":"https:\/\/www.arhivelpro.dev-acenta.si\/wp-content\/uploads\/2020\/02\/im_filtrirna-plosca.jpg","type":"image\/jpeg"}],"twitter_card":"summary_large_image","twitter_misc":{"Price":"","Availability":"On backorder"},"schema":{"@context":"https:\/\/schema.org","@graph":[{"@type":"WebPage","@id":"https:\/\/www.arhivelpro.dev-acenta.si\/en\/izdelek\/filter-plate-ecom-d-ecom-en3-ecom-j2kn-ecom\/","url":"https:\/\/www.arhivelpro.dev-acenta.si\/en\/izdelek\/filter-plate-ecom-d-ecom-en3-ecom-j2kn-ecom\/","name":"Filter plate (ecom-D, ecom-EN3, ecom-J2KN) Ecom -","isPartOf":{"@id":"https:\/\/www.arhivelpro.dev-acenta.si\/en\/#website"},"primaryImageOfPage":{"@id":"https:\/\/www.arhivelpro.dev-acenta.si\/en\/izdelek\/filter-plate-ecom-d-ecom-en3-ecom-j2kn-ecom\/#primaryimage"},"image":{"@id":"https:\/\/www.arhivelpro.dev-acenta.si\/en\/izdelek\/filter-plate-ecom-d-ecom-en3-ecom-j2kn-ecom\/#primaryimage"},"thumbnailUrl":"https:\/\/www.arhivelpro.dev-acenta.si\/wp-content\/uploads\/2020\/02\/im_filtrirna-plosca.jpg","datePublished":"2020-02-06T13:36:01+00:00","dateModified":"2022-07-14T06:57:50+00:00","description":"The filter plate serves as additional protection against soot\/dirt - for connection to ecom-EN3 and ecom-J2KN analysers.","breadcrumb":{"@id":"https:\/\/www.arhivelpro.dev-acenta.si\/en\/izdelek\/filter-plate-ecom-d-ecom-en3-ecom-j2kn-ecom\/#breadcrumb"},"inLanguage":"en-US","potentialAction":[{"@type":"ReadAction","target":["https:\/\/www.arhivelpro.dev-acenta.si\/en\/izdelek\/filter-plate-ecom-d-ecom-en3-ecom-j2kn-ecom\/"]}]},{"@type":"ImageObject","inLanguage":"en-US","@id":"https:\/\/www.arhivelpro.dev-acenta.si\/en\/izdelek\/filter-plate-ecom-d-ecom-en3-ecom-j2kn-ecom\/#primaryimage","url":"https:\/\/www.arhivelpro.dev-acenta.si\/wp-content\/uploads\/2020\/02\/im_filtrirna-plosca.jpg","contentUrl":"https:\/\/www.arhivelpro.dev-acenta.si\/wp-content\/uploads\/2020\/02\/im_filtrirna-plosca.jpg","width":2000,"height":2000,"caption":"plate, filter plate, filter plate, additional protection plate, protection, connection for analysers, sooting"},{"@type":"BreadcrumbList","@id":"https:\/\/www.arhivelpro.dev-acenta.si\/en\/izdelek\/filter-plate-ecom-d-ecom-en3-ecom-j2kn-ecom\/#breadcrumb","itemListElement":[{"@type":"ListItem","position":1,"name":"Elpro","item":"https:\/\/www.arhivelpro.dev-acenta.si\/en\/"},{"@type":"ListItem","position":2,"name":"Products","item":"https:\/\/www.arhivelpro.dev-acenta.si\/en\/products\/"},{"@type":"ListItem","position":3,"name":"Flue gas analysers, video inspection cameras, equipment for chimney sweeps","item":"https:\/\/www.arhivelpro.dev-acenta.si\/en\/product-category\/flue-gas-analysers-video-inspection-cameras-equipment-for-chimney-sweeps\/"},{"@type":"ListItem","position":4,"name":"Flue gas analysers","item":"https:\/\/www.arhivelpro.dev-acenta.si\/en\/product-category\/flue-gas-analysers-video-inspection-cameras-equipment-for-chimney-sweeps\/flue-gas-analysers\/"},{"@type":"ListItem","position":5,"name":"Accessories for analysers","item":"https:\/\/www.arhivelpro.dev-acenta.si\/en\/product-category\/flue-gas-analysers-video-inspection-cameras-equipment-for-chimney-sweeps\/flue-gas-analysers\/accessories-for-analysers\/"},{"@type":"ListItem","position":6,"name":"Filter plate (ecom-D, ecom-EN3, ecom-J2KN) Ecom"}]},{"@type":"WebSite","@id":"https:\/\/www.arhivelpro.dev-acenta.si\/en\/#website","url":"https:\/\/www.arhivelpro.dev-acenta.si\/en\/","name":"","description":"ELPRO \u2013 Elpro Lepenik proizvodnja temperaturnih tipal in merilno regulacijska tehnika","publisher":{"@id":"https:\/\/www.arhivelpro.dev-acenta.si\/en\/#organization"},"potentialAction":[{"@type":"SearchAction","target":{"@type":"EntryPoint","urlTemplate":"https:\/\/www.arhivelpro.dev-acenta.si\/en\/?s={search_term_string}"},"query-input":{"@type":"PropertyValueSpecification","valueRequired":true,"valueName":"search_term_string"}}],"inLanguage":"en-US"},{"@type":["Organization","Place"],"@id":"https:\/\/www.arhivelpro.dev-acenta.si\/en\/#organization","name":"ELPRO","url":"https:\/\/www.arhivelpro.dev-acenta.si\/en\/","logo":{"@id":"https:\/\/www.arhivelpro.dev-acenta.si\/en\/izdelek\/filter-plate-ecom-d-ecom-en3-ecom-j2kn-ecom\/#local-main-organization-logo"},"image":{"@id":"https:\/\/www.arhivelpro.dev-acenta.si\/en\/izdelek\/filter-plate-ecom-d-ecom-en3-ecom-j2kn-ecom\/#local-main-organization-logo"},"sameAs":["https:\/\/www.facebook.com\/elprolepenik\/","https:\/\/www.linkedin.com\/company\/elpro-lepenik\/about\/"],"address":{"@id":"https:\/\/www.arhivelpro.dev-acenta.si\/en\/izdelek\/filter-plate-ecom-d-ecom-en3-ecom-j2kn-ecom\/#local-main-place-address"},"telephone":["02 62 96 720","041 626 771"],"openingHoursSpecification":[{"@type":"OpeningHoursSpecification","dayOfWeek":["Monday","Tuesday","Wednesday","Thursday","Friday"],"opens":"07:00","closes":"16:00"},{"@type":"OpeningHoursSpecification","dayOfWeek":["Saturday","Sunday"],"opens":"00:00","closes":"00:00"}],"email":"info@elpro.si","vatID":"41479220","taxID":"SI41479220"},{"@type":"PostalAddress","@id":"https:\/\/www.arhivelpro.dev-acenta.si\/en\/izdelek\/filter-plate-ecom-d-ecom-en3-ecom-j2kn-ecom\/#local-main-place-address","streetAddress":"ELPRO LEPENIK & CO. d.o.o., Ob gozdu 7c, Rogoza","addressLocality":"Miklav\u017e na Dravskem polju","postalCode":"2204","addressRegion":"Podravska","addressCountry":"SI"},{"@type":"ImageObject","inLanguage":"en-US","@id":"https:\/\/www.arhivelpro.dev-acenta.si\/en\/izdelek\/filter-plate-ecom-d-ecom-en3-ecom-j2kn-ecom\/#local-main-organization-logo","url":"https:\/\/www.arhivelpro.dev-acenta.si\/wp-content\/uploads\/2020\/02\/LOGO-Header.svg","contentUrl":"https:\/\/www.arhivelpro.dev-acenta.si\/wp-content\/uploads\/2020\/02\/LOGO-Header.svg","caption":"ELPRO"}]},"product_price_amount":"0.00","product_price_currency":"EUR","og_availability":"backorder","product_availability":"available for order","product_retailer_item_id":"Filtrirna plo\u0161\u010da Ecom","product_condition":"new","geo.placename":"Miklav\u017e na Dravskem polju","geo.region":"Slovenia"},"brands":[{"id":48,"name":"ECOM","slug":"ecom"}],"_links":{"self":[{"href":"https:\/\/www.arhivelpro.dev-acenta.si\/en\/wp-json\/wp\/v2\/product\/44065"}],"collection":[{"href":"https:\/\/www.arhivelpro.dev-acenta.si\/en\/wp-json\/wp\/v2\/product"}],"about":[{"href":"https:\/\/www.arhivelpro.dev-acenta.si\/en\/wp-json\/wp\/v2\/types\/product"}],"wp:featuredmedia":[{"embeddable":true,"href":"https:\/\/www.arhivelpro.dev-acenta.si\/en\/wp-json\/wp\/v2\/media\/10871"}],"wp:attachment":[{"href":"https:\/\/www.arhivelpro.dev-acenta.si\/en\/wp-json\/wp\/v2\/media?parent=44065"}],"wp:term":[{"taxonomy":"pwb-brand","embeddable":true,"href":"https:\/\/www.arhivelpro.dev-acenta.si\/en\/wp-json\/wp\/v2\/pwb-brand?post=44065"},{"taxonomy":"product_cat","embeddable":true,"href":"https:\/\/www.arhivelpro.dev-acenta.si\/en\/wp-json\/wp\/v2\/product_cat?post=44065"},{"taxonomy":"product_tag","embeddable":true,"href":"https:\/\/www.arhivelpro.dev-acenta.si\/en\/wp-json\/wp\/v2\/product_tag?post=44065"}],"curies":[{"name":"wp","href":"https:\/\/api.w.org\/{rel}","templated":true}]}}